{"id":8591,"date":"2013-06-10T09:46:55","date_gmt":"2013-06-10T07:46:55","guid":{"rendered":"https:\/\/frank-lovisolo.fr\/WordPress\/?page_id=8591"},"modified":"2024-07-23T18:59:54","modified_gmt":"2024-07-23T16:59:54","slug":"page-nature-morte-1et2","status":"publish","type":"page","link":"https:\/\/frank-lovisolo.fr\/WordPress\/page-nature-morte-1et2\/","title":{"rendered":"DVD Nature Morte ll + l"},"content":{"rendered":"<span class=\"span-reading-time rt-reading-time\" style=\"display: block;\"><span class=\"rt-label rt-prefix\">Reading Time: <\/span> <span class=\"rt-time\"> 3<\/span> <span class=\"rt-label rt-postfix\">minutes<\/span><\/span><p><img loading=\"lazy\" decoding=\"async\" class=\"wp-image-8556 aligncenter\" src=\"https:\/\/frank-lovisolo.fr\/WordPress\/wp-content\/uploads\/2013\/06\/Nature-morte-A-01-560x448.jpg\" alt=\"Nature morte A 01\" width=\"196\" height=\"157\" title=\"-\" srcset=\"https:\/\/frank-lovisolo.fr\/WordPress\/wp-content\/uploads\/2013\/06\/Nature-morte-A-01-560x448.jpg 560w, https:\/\/frank-lovisolo.fr\/WordPress\/wp-content\/uploads\/2013\/06\/Nature-morte-A-01.jpg 720w\" sizes=\"auto, (max-width: 196px) 100vw, 196px\" \/><\/p>\n<h1 style=\"text-align: center;\"><span class=\"ez-toc-section\" id=\"nature-morte-ii-i\"><\/span><strong><span style=\"text-decoration: underline; font-family: 'comic sans ms', sans-serif;\">Nature Morte II + I<\/span><\/strong><span class=\"ez-toc-section-end\"><\/span><\/h1>\n<h2 style=\"text-align: center;\"><span class=\"ez-toc-section\" id=\"deux-videos-dart-sur-un-dvd\"><\/span><span style=\"font-family: 'comic sans ms', sans-serif;\">Deux vid\u00e9os d&rsquo;Art sur un DVD<\/span><span class=\"ez-toc-section-end\"><\/span><\/h2>\n<p style=\"text-align: center;\"><span style=\"font-family: 'comic sans ms', sans-serif;\">\u00a0Two Art videos on a DVD<\/span><\/p>\n<p><a href=\"#commande\"><img loading=\"lazy\" decoding=\"async\" class=\"aligncenter\" style=\"border: 0px;\" src=\"http:\/\/frank-lovisolo.fr\/ImagesWPannexe\/NatureMorte\/achetezOFF.jpg\" alt=\"- - -\" width=\"100\" height=\"20\" name=\"Image85622\" border=\"0\" title=\"-\"><\/a><\/p>\n<table class=\" aligncenter\" border=\"0\" width=\"100%\" cellspacing=\"10\" cellpadding=\"1\" align=\"center\">\n<tbody>\n<tr>\n<td colspan=\"2\" valign=\"top\" bgcolor=\"#000000\">\n<p style=\"text-align: left;\"><span style=\"font-family: 'comic sans ms', sans-serif; color: #ffffff;\">Courbes, ombres, lignes, couleurs, les objets du quotidien furent pr\u00e9texte \u00e0 ces deux exercices plastiques.<\/span><\/p>\n<h2 style=\"text-align: left;\"><span class=\"ez-toc-section\" id=\"les-objets-dune-nature-morte\"><\/span><span style=\"text-decoration: underline;\"><strong><span style=\"font-family: 'comic sans ms', sans-serif; color: #ffffff; text-decoration: underline;\">Les objets d&rsquo;une nature mo<\/span><\/strong><strong><span style=\"font-family: 'comic sans ms', sans-serif; color: #ffffff; text-decoration: underline;\">rte<\/span><\/strong><\/span><span class=\"ez-toc-section-end\"><\/span><\/h2>\n<p style=\"text-align: justify;\"><span style=\"color: #ffffff; font-family: 'comic sans ms', sans-serif; line-height: 19px;\">La photo<\/span><span style=\"color: #ffffff; font-family: 'comic sans ms', sans-serif; line-height: 19px;\">graphie et la vid\u00e9o, son active continuation num\u00e9rique, servent un champ d&rsquo;exp\u00e9rimentation qui se r\u00e9approprie ces objets pour mieux les d\u00e9tourner et leur donner une charge spirituelle et lyrique.<\/span><\/p>\n<p style=\"text-align: justify;\"><span style=\"font-family: 'comic sans ms', sans-serif; color: #ffffff;\">Ils sont les mots d\u2019une autre po\u00e9sie et deviennent les signifiants ou les insignifiants d\u2019une r\u00e9alit\u00e9.<\/span><\/p>\n<p style=\"text-align: justify;\"><span style=\"font-family: 'comic sans ms', sans-serif; color: #ffffff;\">Leurs forces r\u00e9sident dans leurs pouvoirs d\u2019induction d\u2019une m\u00e9ditation abstraite.<\/span><\/p>\n<p style=\"text-align: justify;\"><span style=\"font-family: 'comic sans ms', sans-serif; color: #ffffff;\">Ce ne sont plus les utilitaires du quotidien, ils deviennent les indicateurs d\u2019une po\u00e9sie multidirectionnelle dans cet espace du sensible qui nous entoure.<\/span><\/p>\n<\/td>\n<\/tr>\n<tr class=\"t3\">\n<td valign=\"top\" bgcolor=\"#000000\">\n<h3 style=\"text-align: center;\"><span class=\"ez-toc-section\" id=\"-nature-morte-ii\"><\/span><span style=\"font-family: 'comic sans ms', sans-serif; color: #ffffff;\">\u00a0Nature Morte II<\/span><span class=\"ez-toc-section-end\"><\/span><\/h3>\n<\/td>\n<td valign=\"top\" bgcolor=\"#000000\">\n<h3 style=\"text-align: center;\"><span class=\"ez-toc-section\" id=\"nature-morte-i\"><\/span><span style=\"font-family: 'comic sans ms', sans-serif; color: #ffffff;\">Nature Morte I<\/span><span class=\"ez-toc-section-end\"><\/span><\/h3>\n<\/td>\n<\/tr>\n<tr>\n<td valign=\"top\" bgcolor=\"#000000\"><span class=\"t3\" style=\"color: #ffffff; font-family: 'comic sans ms', sans-serif;\"><img loading=\"lazy\" decoding=\"async\" class=\"wp-image-8477 aligncenter\" src=\"https:\/\/frank-lovisolo.fr\/WordPress\/wp-content\/uploads\/2013\/05\/Tabula-Rasa-A001.jpg\" alt=\"Tabula Rasa A001\" width=\"280\" height=\"185\" title=\"-\" srcset=\"https:\/\/frank-lovisolo.fr\/WordPress\/wp-content\/uploads\/2013\/05\/Tabula-Rasa-A001.jpg 560w, https:\/\/frank-lovisolo.fr\/WordPress\/wp-content\/uploads\/2013\/05\/Tabula-Rasa-A001-226x150.jpg 226w, https:\/\/frank-lovisolo.fr\/WordPress\/wp-content\/uploads\/2013\/05\/Tabula-Rasa-A001-150x100.jpg 150w\" sizes=\"auto, (max-width: 280px) 100vw, 280px\" \/><\/span><\/td>\n<td valign=\"top\" bgcolor=\"#000000\"><span class=\"t3\" style=\"color: #ffffff; font-family: 'comic sans ms', sans-serif;\"><a href=\"https:\/\/frank-lovisolo.fr\/WordPress\/trois-natures-mortes\/\" rel=\"attachment wp-att-8516\"><span style=\"color: #ffffff;\"><img loading=\"lazy\" decoding=\"async\" class=\"wp-image-8516 aligncenter\" src=\"https:\/\/frank-lovisolo.fr\/WordPress\/wp-content\/uploads\/2013\/06\/Nature-morte-A-10.jpg\" alt=\"Nature morte A 10\" width=\"280\" height=\"185\" title=\"-\"><\/span><\/a><\/span><\/td>\n<\/tr>\n<tr>\n<td valign=\"top\" bgcolor=\"#000000\">\n<p style=\"text-align: justify;\"><span class=\"t3\" style=\"font-family: 'comic sans ms', sans-serif; color: #ffffff;\">Dur\u00e9e : 3mn44&Prime;<\/span><\/p>\n<p style=\"text-align: justify;\"><span class=\"t3\" style=\"text-decoration: underline; color: #ffffff; font-family: 'comic sans ms', sans-serif;\">Composition :<\/span><\/p>\n<p style=\"text-align: justify;\"><span class=\"t3\" style=\"font-family: 'comic sans ms', sans-serif; color: #ffffff;\">Piano l\u00e9g\u00e8rement d\u00e9saccord\u00e9 et une guitare jou\u00e9e avec <span style=\"color: #ffffff;\">l&rsquo;archet \u00e9l\u00e9ctronique\u00a0\u00ab\u00a0Ebow\u00a0\u00bb<\/span>. Merci \u00e0 <a href=\"https:\/\/frank-lovisolo.fr\/WordPress\/sipo-matador\/\" target=\"_blank\" rel=\"noopener noreferrer\"><span style=\"color: #ffffff;\">Jay Crowford<\/span><\/a> de m&rsquo;avoir pr\u00eat\u00e9 ce pr\u00e9cieux objet!<\/span><\/p>\n<p style=\"text-align: justify;\"><span class=\"t3\" style=\"font-family: 'comic sans ms', sans-serif; color: #ffffff;\">A little out of tune piano and \u00a0a guitar played with the <span style=\"color: #ffffff;\">EBow<\/span> : a hand-held electronic bow for guitar.<\/span><\/p>\n<p style=\"text-align: justify;\"><span class=\"t3\" style=\"font-family: 'comic sans ms', sans-serif; color: #ffffff;\">Thanks to Jay Crowford, he lent me this precious object!<\/span><\/p>\n<\/td>\n<td valign=\"top\" bgcolor=\"#000000\">\n<p style=\"text-align: justify;\"><span class=\"t3\" style=\"font-family: 'comic sans ms', sans-serif; color: #ffffff;\">Dur\u00e9e : 11mn10&Prime;<\/span><\/p>\n<p style=\"text-align: justify;\"><span class=\"t3\" style=\"text-decoration: underline; color: #ffffff; font-family: 'comic sans ms', sans-serif;\">\u00a0Composition:<\/span><\/p>\n<p style=\"text-align: justify;\"><span class=\"t3\" style=\"font-family: 'comic sans ms', sans-serif; color: #ffffff;\"> C&rsquo;est une oeuvre bas\u00e9e sur l&rsquo;enregistrement de divers objet de cuisines num\u00e9riquement trait\u00e9s .<\/span><\/p>\n<p style=\"text-align: justify;\"><span class=\"t3\" style=\"font-family: 'comic sans ms', sans-serif; color: #ffffff;\">It based on various kitchens\u00a0objects sounds, recorded and\u00a0digitally processed.<\/span><\/p>\n<p style=\"text-align: justify;\">\u00a0<\/p>\n<\/td>\n<\/tr>\n<\/tbody>\n<\/table>\n<h1 style=\"text-align: center;\"><span class=\"ez-toc-section\" id=\"1200e\"><\/span><span style=\"font-family: 'comic sans ms', sans-serif;\">12,00\u20ac<\/span><span class=\"ez-toc-section-end\"><\/span><\/h1>\n<h3 style=\"text-align: center;\"><span class=\"ez-toc-section\" id=\"port-compris-free-port\"><\/span><strong style=\"font-family: 'comic sans ms', sans-serif; font-size: 13px;\">port compris \/\u00a0free port<\/strong><span class=\"ez-toc-section-end\"><\/span><\/h3>\n<p style=\"text-align: center;\"><a href=\"#commande\"><img loading=\"lazy\" decoding=\"async\" style=\"border: 0px;\" src=\"http:\/\/frank-lovisolo.fr\/ImagesWPannexe\/NatureMorte\/achetezOFF.jpg\" alt=\"- - -\" width=\"150\" height=\"40\" name=\"Image85623\" border=\"0\" title=\"-\"><\/a><\/p>\n<p style=\"text-align: center;\"><img loading=\"lazy\" decoding=\"async\" src=\"http:\/\/frank-lovisolo.fr\/ImagesWPannexe\/NatureMorte\/Presentation001.png\" alt=\"- - -\" width=\"560\" height=\"560\" title=\"-\"><\/p>\n<address style=\"text-align: center;\">\u00a0<\/address>\n<address style=\"text-align: center;\"><span style=\"font-family: 'comic sans ms', sans-serif;\"><em>DVD \u00e9tiquet\u00e9 et pr\u00e9sent\u00e9 dans un bo\u00eetier <\/em><em>transparent<\/em>\u00a0de type\u00a0\u00ab\u00a0SLIM\u00a0\u00bb \u00e0 fond noir.<\/span><\/address>\n<address style=\"text-align: center;\"><span style=\"font-family: 'comic sans ms', sans-serif;\">DVD labeled and presented in a transparent case type \u00ab\u00a0SLIM\u00a0\u00bb with black background.<\/span><\/address>\n<address style=\"text-align: center;\"><span style=\"font-family: 'comic sans ms', sans-serif;\">[ 142 x 124 x 5 mm ]<\/span><\/address>\n<address style=\"text-align: center;\">\u00a0<\/address>\n<address style=\"text-align: center;\"><img loading=\"lazy\" decoding=\"async\" class=\"alignnone aligncenter\" style=\"border: 1px solid black;\" src=\"http:\/\/frank-lovisolo.fr\/ImagesWPannexe\/NatureMorte\/presentationDVDslim.jpg\" alt=\"- - -\" width=\"323\" height=\"286\" title=\"-\">_____________________________________________________________<\/address>\n<h2 style=\"text-align: center;\"><span class=\"ez-toc-section\" id=\"passer-la-commande-%e2%80%93-order\"><\/span><span style=\"font-family: 'comic sans ms', sans-serif;\"><a id=\"commande\"><\/a>Passer la commande &#8211; Order<\/span><span class=\"ez-toc-section-end\"><\/span><\/h2>\n<h3 style=\"text-align: center;\"><span class=\"ez-toc-section\" id=\"avec-ou-sans-compte-paypal-unnecessary-paypal-account\"><\/span><span style=\"font-family: 'comic sans ms', sans-serif;\"><span class=\"m1\">Avec ou sans compte PayPal<br \/> Unnecessary Paypal account<\/span><!-- PayPal Logo --><\/span><span class=\"ez-toc-section-end\"><\/span><\/h3>\n<form action=\"https:\/\/www.paypal.com\/cgi-bin\/webscr\" method=\"post\" target=\"_top\"><span style=\"font-family: 'comic sans ms', sans-serif;\"><input name=\"cmd\" type=\"hidden\" value=\"_s-xclick\" \/><\/span><\/p>\n<table>\n<tbody>\n<tr>\n<td style=\"text-align: center;\"><span style=\"font-family: 'comic sans ms', sans-serif;\"><input alt=\"PayPal - la solution de paiement en ligne la plus simple et la plus s\u00e9curis\u00e9e !\" name=\"submit\" src=\"https:\/\/www.paypalobjects.com\/fr_FR\/FR\/i\/btn\/btn_buynowCC_LG.gif\" type=\"image\" \/><\/span><\/td>\n<\/tr>\n<\/tbody>\n<\/table>\n<p><span style=\"font-family: 'comic sans ms', sans-serif;\"> <input name=\"hosted_button_id\" type=\"hidden\" value=\"HMCW8ZHX599YE\" \/><\/span><\/p>\n<\/form>\n<p class=\"a7\" style=\"text-align: center;\"><span style=\"font-family: 'comic sans ms', sans-serif;\">\u00a0Par Ch\u00e8que ( France seulement &#8211; only \u00a0in France)<\/span><\/p>\n<p class=\"a6\" style=\"text-align: center;\"><span style=\"font-family: 'comic sans ms', sans-serif;\"><span class=\"a6\">Envoyer un ch\u00e8que et vos coordonn\u00e9es \u00e0 l&rsquo;adresse suivante<\/span>:<\/span><\/p>\n<h3 style=\"text-align: center;\"><span class=\"ez-toc-section\" id=\"frank-cesar-lovisolo\"><\/span><span style=\"font-family: 'comic sans ms', sans-serif;\"><em><strong><span class=\"a8\">Frank C\u00e9sar Lovisolo<\/span><\/strong><\/em><\/span><span class=\"ez-toc-section-end\"><\/span><\/h3>\n<h3 style=\"text-align: center;\"><span class=\"ez-toc-section\" id=\"4-place-monseigneur-deydier\"><\/span><span style=\"font-family: 'comic sans ms', sans-serif;\"><em><strong><span class=\"a8\"> 4 Place Monseigneur Deydier <\/span><\/strong><\/em><\/span><span class=\"ez-toc-section-end\"><\/span><\/h3>\n<p style=\"text-align: center;\"><span style=\"font-family: 'comic sans ms', sans-serif;\"><em><strong><span class=\"a8\">83000 TOULON<\/span><\/strong><\/em><\/span><\/p>\n<p style=\"text-align: center;\"><span style=\"font-size: 24px; color: #ffff99; background-color: #0000ff;\">\u00a0 AIDE &#8211; HELP \u00a0<\/span><\/p>\n<p style=\"text-align: center;\"><img loading=\"lazy\" decoding=\"async\" class=\"alignnone\" src=\"http:\/\/frank-lovisolo.fr\/ImagesWPannexe\/NatureMorte\/Paypal-HelpON.jpg\" alt=\"- - -\" width=\"500\" height=\"363\" title=\"-\"><\/p>\n<p>&nbsp;<\/p>\n<p><img loading=\"lazy\" decoding=\"async\" class=\"alignnone aligncenter\" src=\"http:\/\/frank-lovisolo.fr\/ImagesWPannexe\/NatureMorte\/Pr\u00e9sentationCi.jpg\" alt=\"- - -\" width=\"600\" height=\"261\" title=\"-\"><\/p>\n<div id=\"ez-toc-container\" class=\"ez-toc-v2_0_82_2 ez-toc-wrap-center counter-hierarchy ez-toc-counter ez-toc-light-blue ez-toc-container-direction\">\n<label for=\"ez-toc-cssicon-toggle-item-69dbdc6d3777b\" class=\"ez-toc-cssicon-toggle-label\"><p class=\"ez-toc-title\" style=\"cursor:inherit\">Table des mati\u00e8res<\/p>\n<span class=\"ez-toc-cssicon\"><span class=\"eztoc-hide\" style=\"display:none;\">Toggle<\/span><span class=\"ez-toc-icon-toggle-span\"><svg style=\"fill: #999;color:#999\" xmlns=\"http:\/\/www.w3.org\/2000\/svg\" class=\"list-377408\" width=\"20px\" height=\"20px\" viewBox=\"0 0 24 24\" fill=\"none\"><path d=\"M6 6H4v2h2V6zm14 0H8v2h12V6zM4 11h2v2H4v-2zm16 0H8v2h12v-2zM4 16h2v2H4v-2zm16 0H8v2h12v-2z\" fill=\"currentColor\"><\/path><\/svg><svg style=\"fill: #999;color:#999\" class=\"arrow-unsorted-368013\" xmlns=\"http:\/\/www.w3.org\/2000\/svg\" width=\"10px\" height=\"10px\" viewBox=\"0 0 24 24\" version=\"1.2\" baseProfile=\"tiny\"><path d=\"M18.2 9.3l-6.2-6.3-6.2 6.3c-.2.2-.3.4-.3.7s.1.5.3.7c.2.2.4.3.7.3h11c.3 0 .5-.1.7-.3.2-.2.3-.5.3-.7s-.1-.5-.3-.7zM5.8 14.7l6.2 6.3 6.2-6.3c.2-.2.3-.5.3-.7s-.1-.5-.3-.7c-.2-.2-.4-.3-.7-.3h-11c-.3 0-.5.1-.7.3-.2.2-.3.5-.3.7s.1.5.3.7z\"\/><\/svg><\/span><\/span><\/label><input type=\"checkbox\"  id=\"ez-toc-cssicon-toggle-item-69dbdc6d3777b\" checked \/><nav><ul class='ez-toc-list ez-toc-list-level-1 ' ><li class='ez-toc-page-1 ez-toc-heading-level-1'><a class=\"ez-toc-link ez-toc-heading-1\" href=\"https:\/\/frank-lovisolo.fr\/WordPress\/page-nature-morte-1et2\/#nature-morte-ii-i\" >Nature Morte II + I<\/a><ul class='ez-toc-list-level-2' ><li class='ez-toc-heading-level-2'><a class=\"ez-toc-link ez-toc-heading-2\" href=\"https:\/\/frank-lovisolo.fr\/WordPress\/page-nature-morte-1et2\/#deux-videos-dart-sur-un-dvd\" >Deux vid\u00e9os d&rsquo;Art sur un DVD<\/a><\/li><li class='ez-toc-page-1 ez-toc-heading-level-2'><a class=\"ez-toc-link ez-toc-heading-3\" href=\"https:\/\/frank-lovisolo.fr\/WordPress\/page-nature-morte-1et2\/#les-objets-dune-nature-morte\" >Les objets d&rsquo;une nature morte<\/a><ul class='ez-toc-list-level-3' ><li class='ez-toc-heading-level-3'><a class=\"ez-toc-link ez-toc-heading-4\" href=\"https:\/\/frank-lovisolo.fr\/WordPress\/page-nature-morte-1et2\/#-nature-morte-ii\" >\u00a0Nature Morte II<\/a><\/li><li class='ez-toc-page-1 ez-toc-heading-level-3'><a class=\"ez-toc-link ez-toc-heading-5\" href=\"https:\/\/frank-lovisolo.fr\/WordPress\/page-nature-morte-1et2\/#nature-morte-i\" >Nature Morte I<\/a><\/li><\/ul><\/li><\/ul><\/li><li class='ez-toc-page-1 ez-toc-heading-level-1'><a class=\"ez-toc-link ez-toc-heading-6\" href=\"https:\/\/frank-lovisolo.fr\/WordPress\/page-nature-morte-1et2\/#1200e\" >12,00\u20ac<\/a><ul class='ez-toc-list-level-3' ><li class='ez-toc-heading-level-3'><ul class='ez-toc-list-level-3' ><li class='ez-toc-heading-level-3'><a class=\"ez-toc-link ez-toc-heading-7\" href=\"https:\/\/frank-lovisolo.fr\/WordPress\/page-nature-morte-1et2\/#port-compris-free-port\" >port compris \/\u00a0free port<\/a><\/li><\/ul><\/li><li class='ez-toc-page-1 ez-toc-heading-level-2'><a class=\"ez-toc-link ez-toc-heading-8\" href=\"https:\/\/frank-lovisolo.fr\/WordPress\/page-nature-morte-1et2\/#passer-la-commande-%e2%80%93-order\" >Passer la commande &#8211; Order<\/a><ul class='ez-toc-list-level-3' ><li class='ez-toc-heading-level-3'><a class=\"ez-toc-link ez-toc-heading-9\" href=\"https:\/\/frank-lovisolo.fr\/WordPress\/page-nature-morte-1et2\/#avec-ou-sans-compte-paypal-unnecessary-paypal-account\" >Avec ou sans compte PayPal  Unnecessary Paypal account<\/a><\/li><li class='ez-toc-page-1 ez-toc-heading-level-3'><a class=\"ez-toc-link ez-toc-heading-10\" href=\"https:\/\/frank-lovisolo.fr\/WordPress\/page-nature-morte-1et2\/#frank-cesar-lovisolo\" >Frank C\u00e9sar Lovisolo<\/a><\/li><li class='ez-toc-page-1 ez-toc-heading-level-3'><a class=\"ez-toc-link ez-toc-heading-11\" href=\"https:\/\/frank-lovisolo.fr\/WordPress\/page-nature-morte-1et2\/#4-place-monseigneur-deydier\" >4 Place Monseigneur Deydier<\/a><\/li><\/ul><\/li><\/ul><\/li><\/ul><\/nav><\/div>\n","protected":false},"excerpt":{"rendered":"<p><span class=\"span-reading-time rt-reading-time\" style=\"display: block;\"><span class=\"rt-label rt-prefix\">Reading Time: <\/span> <span class=\"rt-time\"> 3<\/span> <span class=\"rt-label rt-postfix\">minutes<\/span><\/span>\u2026 <a class=\"continue-reading-link\" href=\"https:\/\/frank-lovisolo.fr\/WordPress\/page-nature-morte-1et2\/\">Suite &#8211; Continue reading<\/a><\/p>\n","protected":false},"author":1,"featured_media":0,"parent":0,"menu_order":10,"comment_status":"open","ping_status":"closed","template":"","meta":{"footnotes":""},"categories":[1,39,490],"tags":[984,983,982,86,979,981,980,220,1630,244,975,483,430],"class_list":["post-8591","page","type-page","status-publish","hentry","category-tous-les-articles","category-art-contemporain","category-information","tag-archet","tag-archet-electronique","tag-bow","tag-contemporary-art","tag-ebow","tag-hand-held-electronic-bow","tag-jay-crowford","tag-nature-morte","tag-photographie","tag-poesie","tag-still-life","tag-video-2","tag-video-experimentale"],"_links":{"self":[{"href":"https:\/\/frank-lovisolo.fr\/WordPress\/wp-json\/wp\/v2\/pages\/8591","targetHints":{"allow":["GET"]}}],"collection":[{"href":"https:\/\/frank-lovisolo.fr\/WordPress\/wp-json\/wp\/v2\/pages"}],"about":[{"href":"https:\/\/frank-lovisolo.fr\/WordPress\/wp-json\/wp\/v2\/types\/page"}],"author":[{"embeddable":true,"href":"https:\/\/frank-lovisolo.fr\/WordPress\/wp-json\/wp\/v2\/users\/1"}],"replies":[{"embeddable":true,"href":"https:\/\/frank-lovisolo.fr\/WordPress\/wp-json\/wp\/v2\/comments?post=8591"}],"version-history":[{"count":0,"href":"https:\/\/frank-lovisolo.fr\/WordPress\/wp-json\/wp\/v2\/pages\/8591\/revisions"}],"wp:attachment":[{"href":"https:\/\/frank-lovisolo.fr\/WordPress\/wp-json\/wp\/v2\/media?parent=8591"}],"wp:term":[{"taxonomy":"category","embeddable":true,"href":"https:\/\/frank-lovisolo.fr\/WordPress\/wp-json\/wp\/v2\/categories?post=8591"},{"taxonomy":"post_tag","embeddable":true,"href":"https:\/\/frank-lovisolo.fr\/WordPress\/wp-json\/wp\/v2\/tags?post=8591"}],"curies":[{"name":"wp","href":"https:\/\/api.w.org\/{rel}","templated":true}]}}