{"id":6631,"date":"2012-09-13T16:15:23","date_gmt":"2012-09-13T14:15:23","guid":{"rendered":"https:\/\/frank-lovisolo.fr\/WordPress\/?page_id=6631"},"modified":"2020-07-14T11:57:03","modified_gmt":"2020-07-14T09:57:03","slug":"curriculum-vitae","status":"publish","type":"page","link":"https:\/\/frank-lovisolo.fr\/WordPress\/curriculum-vitae\/","title":{"rendered":"Curriculum vitae"},"content":{"rendered":"<span class=\"span-reading-time rt-reading-time\" style=\"display: block;\"><span class=\"rt-label rt-prefix\">Reading Time: <\/span> <span class=\"rt-time\"> 4<\/span> <span class=\"rt-label rt-postfix\">minutes<\/span><\/span><p><span style=\"color: #ffffff;\">Frank LOVISOLO\u2013GUILLARD Curriculum vitae<\/span><\/p>\n\n<hr \/>\n<h4><span class=\"ez-toc-section\" id=\"frank-lovisolo%e2%80%93guillard-curriculum-vitae\"><\/span><strong class=\"alignnone\" title=\"Frank LOVISOLO\u2013GUILLARD Curriculum vitae\"><img loading=\"lazy\" decoding=\"async\" class=\"alignright wp-image-12701 size-full\" title=\"Frank LOVISOLO\u2013GUILLARD    Curriculum vitae\" src=\"https:\/\/frank-lovisolo.fr\/WordPress\/wp-content\/uploads\/2014\/07\/IMGP6480.jpg\" alt=\"Frank LOVISOLO\u2013GUILLARD    Curriculum vitae\" width=\"417\" height=\"600\" srcset=\"https:\/\/frank-lovisolo.fr\/WordPress\/wp-content\/uploads\/2014\/07\/IMGP6480.jpg 417w, https:\/\/frank-lovisolo.fr\/WordPress\/wp-content\/uploads\/2014\/07\/IMGP6480-104x150.jpg 104w\" sizes=\"auto, (max-width: 417px) 100vw, 417px\" \/>Frank LOVISOLO\u2013GUILLARD\u00a0\u00a0\u00a0<\/strong><strong> Curriculum vitae<\/strong><span class=\"ez-toc-section-end\"><\/span><\/h4>\n<address>\u00a0<\/address>\n<address>Nationalit\u00e9 fran\u00e7aise<\/address>\n<address>N\u00e9 le 17\/05\/1957 \u00e0 Toulon<\/address>\n<address>\u00a0<\/address>\n<address>249 rue Sainte Christine<\/address>\n<address>83000 Toulon<\/address>\n<address>\u00a0<\/address>\n<address>+33\u00a0630 54 90 06<\/address>\n<address>\u00a0<\/address>\n<address><a href=\"mailto:contact@frank-lovisolo.fr\" target=\"_blank\" rel=\"noopener noreferrer\">contact@frank-lovisolo.fr<\/a><\/address>\n<address><a href=\"https:\/\/frank-lovisolo.fr\/WordPress\/\" target=\"_blank\" rel=\"noopener noreferrer\">http:\/\/frank-lovisolo.fr<\/a><\/address>\n<address>\u00a0<\/address>\n<address>\u00a0<\/address>\n<address><strong>Auteur, compositeur membre de la <a href=\"https:\/\/www.sacem.fr\/\" target=\"_blank\" rel=\"noopener\">SACEM <\/a>depuis\u00a01999 <\/strong><\/address>\n<address><strong>\u00a0<\/strong><\/address>\n<address>\u00a0<\/address>\n<address>Exp\u00e9riences professionnelles<\/address>\n<address>2012<\/address>\n<address><strong>Selection AVIFF \u2013 festival de Cannes<\/strong><\/address>\n<address><strong>Selection Festival Tina B Pragues<\/strong><\/address>\n<address>Pour la r\u00e9alisation multim\u00e9dia adio, vid\u00e9o\u00a0: \u00ab\u00a0ARGONAUTS\u00a0\u00bb<\/address>\n<address>\u00a0<\/address>\n<address>2011<\/address>\n<address><strong>Emission radio radio France pr\u00e9sent\u00e9e par Yvan Amar<\/strong><\/address>\n<address>Musique sur les trente mots<\/address>\n<address>\u00a0<\/address>\n<address>Depuis 2010<\/address>\n<address><strong>Charg\u00e9 de cours \u00e0 l\u2019UFR Ing\u00e9m\u00e9dia Universit\u00e9 du Sud Toulon Var<\/strong><\/address>\n<address>Enseignement de la MAO en Licence sur les Nouvelles Technologies du Son<\/address>\n<address>Cours magistraux sur les nouvelles technologies du son<\/address>\n<address>\u00a0<\/address>\n<address>2009\u00a0 \u00e0 aujourd\u2019hui<\/address>\n<address><strong>Compositeur de musique<\/strong> <strong>pour\u00a0:<\/strong><\/address>\n<address>Musikforlaget Apollo Njalsgade 17b, 2 \u2013 2300 Copenhagen S Denmark<\/address>\n<address>La soci\u00e9t\u00e9 d\u2019\u00e9dition de musique \u00abPARSIPALA\u00bb<\/address>\n<address>\u00a0<\/address>\n<address>2006-2009<\/address>\n<address><strong>Compositions multim\u00e9dias musique et montages vid\u00e9o<\/strong><\/address>\n<address>2006 Illustration sonore d\u2019une installation d\u2019art contemporain \u00ab\u00a0Les Objet de C\u00e9zanne\u00a0\u00bb dans l\u2019atelier du peintre (centenaire de sa mort)<\/address>\n<address>2008 films Beslan et Goya<\/address>\n<address>2009 Installation d\u2019art contemporain dans le cadre du Festival de Jazz Charlie Free \u00e0 Vitrolles<\/address>\n<address>\u00a0<\/address>\n<address>1997-2007<\/address>\n<address><strong>Formateur<\/strong> <strong>dans les m\u00e9tiers du son<\/strong><\/address>\n<address>Divers \u00e9tablissements pour le BTS Audiovisuel.<\/address>\n<address>CFPMS Marseille, formation des r\u00e9gisseurs et assistants \u00ab son \u00bb.<\/address>\n<address>ANPE de N\u00eemes, les m\u00e9tiers du son dans le spectacle vivant.<\/address>\n<address>\u00a0<\/address>\n<address>1987-2000<\/address>\n<address><strong>Concepteur de mat\u00e9riel audio professionnel \u00e0 tubes \u00e9lectroniques:<\/strong><\/address>\n<address>Recherche sur la transparence et la dynamique des pr\u00e9amplificateurs \u00e0 tubes \u00e9lectroniques destin\u00e9s aux instruments \u00e9lectroacoustiques ainsi qu\u2019\u00e0 la haute-fid\u00e9lit\u00e9.<\/address>\n<address>Conception de diff\u00e9rents appareils\u00a0:<\/address>\n<address>Boitier de direct \u00e0 tubes ECC88 (en collaboration avec BBS Paris)<\/address>\n<address>Pr\u00e9amplificateur RIAA \u00e0 tubes.<\/address>\n<address>Amplificateur pour casque \u00e0 tubes.<\/address>\n<address>Amplificateur <strong>\u00ab\u00a0<\/strong>YSEULT\u00a0<strong>\u00bb<\/strong>\u00a0pour contrebasse ou instrument \u00e9lectroacoustique<\/address>\n<address>Amplificateur \u00ab\u00a0MERLIN\u00a0\u00bb pour contrebasse amplifi\u00e9e cr\u00e9\u00e9 en collaboration avec M. Barre Philips<\/address>\n<address>Boitier de direct cr\u00e9\u00e9 pour la soci\u00e9t\u00e9 Arp\u00e8ge<\/address>\n<address>\u00a0<\/address>\n<address>1984 \u00e0 nos jours<\/address>\n<address><strong>Ing\u00e9nieur et r\u00e9gisseur Son<\/strong><\/address>\n<address>Diverses manifestations\u00a0: Charlie Free jazz festival, Op\u00e9ra A\u00efda \u00e0 Doha (Qatar), jazz \u00e0 Nice, Hy\u00e8res Jazz Festival, 25e anniversaire des Emirats d\u2019Abu Dhabi, Fiesta Des Sud Marseille, Coupe du Monde Marseille, Carmen \u00e0 Cologne, Op\u00e9ra M\u00e9d\u00e9e \u00e0 N\u00eemes, La Fl\u00fbte Enchant\u00e9e: cirque Alexis Gruss Paris, Midem \u00e0 Cannes, Festival de Cannes, etc<\/address>\n<address>Depuis 2003, ing\u00e9nieur du son du Groupe Gipsy-Legend : Gipsy King &amp; Los Reyes( Antonico Reyes)<\/address>\n<address>\u00a0<\/address>\n<address>Formation<\/address>\n<address>Premier prix de Guitare classique<\/address>\n<address>\u00a0<\/address>\n<address>1976<\/address>\n<address><strong>Baccalaur\u00e9at scientifique s\u00e9rie <\/strong><strong>E<\/strong><\/address>\n<address><strong>Concours marine marchande\u00a0: El\u00e8ve officier<\/strong><\/address>\n<address>\u00a0<\/address>\n<address>Comp\u00e9tences informatiques<\/address>\n<address>Utilisation professionnelle des logiciels de son:<\/address>\n<address>Pro Tools, Cubase SX, Protool, Acid, Sound forge, Wave lab\u2026<\/address>\n<address>Autres logiciels\u00a0: photoshop et Archicad<\/address>\n<address>D\u00e9veloppement d\u2019outils personnalis\u00e9s sur Excel<\/address>\n<address><strong>\u00a0<\/strong><\/address>\n<address>Langues<\/address>\n<address>Anglais courant \u00e9crit et parl\u00e9<\/address>\n<address>Espagnol interm\u00e9diaire<\/address>\n<address>Italien interm\u00e9diaire<\/address>\n<address><strong>\u00a0<\/strong><\/address>\n<address>Centres d\u2019int\u00e9r\u00eat<\/address>\n<address>Art contemporain<\/address>\n<address>Pratique de la photographie<\/address>\n<address>Litt\u00e9rature et philosophie<\/address>\n<address>Sciences et math\u00e9matiques<\/address>\n<address>Cin\u00e9ma<\/address>\n<address>\u00a0<\/address>\n<address>__________________________________________________________________________________<\/address>\n<h4><span class=\"ez-toc-section\" id=\"translated-by-google\"><\/span><span style=\"text-decoration: underline;\">Translated By Google :<\/span><span class=\"ez-toc-section-end\"><\/span><\/h4>\n<h4><span class=\"ez-toc-section\" id=\"frank-lovisolo-%e2%80%93-guillard-curriculum-vitae\"><\/span><span lang=\"en\">Frank LOVISOLO &#8211; GUILLARD Curriculum vitae<\/span><span class=\"ez-toc-section-end\"><\/span><\/h4>\n<div>\u00a0<\/div>\n<div><span lang=\"en\">French nationality<\/span><\/div>\n<div><span lang=\"en\">Born 05 17, 1957 in Toulon<\/span><\/div>\n<div>\u00a0<\/div>\n<div><span lang=\"en\">249 rue Sainte Christine<\/span><\/div>\n<div><span lang=\"en\">83000 Toulon<\/span><\/div>\n<div>\u00a0<\/div>\n<div><span lang=\"en\">+ 33 630 54 90 06<\/span><\/div>\n<div>\u00a0<\/div>\n<address><a href=\"mailto:contact@frank-lovisolo.fr\" target=\"_blank\" rel=\"noopener noreferrer\">contact@frank-lovisolo.fr<\/a><\/address>\n<address><a href=\"https:\/\/frank-lovisolo.fr\/WordPress\/\" target=\"_blank\" rel=\"noopener noreferrer\">http:\/\/frank-lovisolo.fr<\/a><\/address>\n<div>\u00a0<\/div>\n<div>\u00a0<\/div>\n<div>\u00a0<\/div>\n<div><strong><span lang=\"en\">Songwriter, Member of the SACEM since 1999<\/span><\/strong><\/div>\n<div>\u00a0<\/div>\n<div><span lang=\"en\">Professional experiences<\/span><\/div>\n<div><span lang=\"en\">2012<\/span><\/div>\n<div><span lang=\"en\">Selection AVIFF &#8211; Cannes film festival<\/span><\/div>\n<div><span lang=\"en\">Selection Festival Tina B Prague<\/span><\/div>\n<div><span lang=\"en\">For implementing multimedia adio, video: \u00ab\u00a0ARGONAUTS\u00a0\u00bb.<\/span><\/div>\n<p>&nbsp;<\/p>\n<div><span lang=\"en\">2011<\/span><\/div>\n<div><span lang=\"en\">Show radio radio France by Yvan Amar<\/span><\/div>\n<div><span lang=\"en\">Music on the thirty words<\/span><\/div>\n<p>&nbsp;<\/p>\n<div><span lang=\"en\">Since 2010<\/span><\/div>\n<div><span lang=\"en\">Lecturer at the UFR Ingemedia University of South Toulon Var<\/span><\/div>\n<div><span lang=\"en\">Teaching of MAO in license on Technologies of sound<\/span><\/div>\n<div><span lang=\"en\">Lectures on new technologies of sound<\/span><\/div>\n<p>&nbsp;<\/p>\n<div><span lang=\"en\">2009 to present<\/span><\/div>\n<div><span lang=\"en\">Composer of music for:<\/span><\/div>\n<div><span lang=\"en\">Musikforlaget Apollo Njalsgade 17 b, 2-2300 Copenhagen S Denmark<\/span><\/div>\n<div><span lang=\"en\">The music publishing company \u00ab\u00a0PARSIPALA\u00a0\u00bb.<\/span><\/div>\n<p>&nbsp;<\/p>\n<div><span lang=\"en\">2006-2009<\/span><\/div>\n<div><span lang=\"en\">Music and video montages multimedia compositions<\/span><\/div>\n<div><span lang=\"en\">2006 Audio illustration of a \u00ab\u00a0The object of C\u00e9zanne\u00a0\u00bb contemporary art installation in the Studio of the painter (centenary of his death)<\/span><\/div>\n<div><span lang=\"en\">2008 films Beslan and Goya<\/span><\/div>\n<div><span lang=\"en\">2009 Installation of contemporary art at the Festival Jazz Charlie Free in Vitrolles<\/span><\/div>\n<p>&nbsp;<\/p>\n<div><span lang=\"en\">1997-2007<\/span><\/div>\n<div><span lang=\"en\">Trainer in the trades<\/span><\/div>\n<div><span lang=\"en\">Various institutions for the BTS audiovisual.<\/span><\/div>\n<div><span lang=\"en\">CFPMS Marseille, training of managers and assistants.<\/span><\/div>\n<div><span lang=\"en\">N\u00eemes ANPE, the trades of sound in the performing arts.<\/span><\/div>\n<p>&nbsp;<\/p>\n<div><span lang=\"en\">1987-2000<\/span><\/div>\n<div><span lang=\"en\">Designer of professional audio equipment to vacuum tubes:<\/span><\/div>\n<div><span lang=\"en\">Research on transparency and the dynamics of preamplifiers to vacuum tubes for electroacoustic instruments as well as the high-fidelity.<\/span><\/div>\n<div><span lang=\"en\">Different equipment design:<\/span><\/div>\n<div><span lang=\"en\">Case of direct ECC88 tubes (in collaboration with BBS Paris)<\/span><\/div>\n<div><span lang=\"en\">RIAA preamplifier tube.<\/span><\/div>\n<div><span lang=\"en\">Tube headphone amplifier.<\/span><\/div>\n<div><span lang=\"en\">\u00ab\u00a0Isolde\u00a0\u00bb amplifier for bass or electroacoustic instrument<\/span><\/div>\n<div><span lang=\"en\">\u00ab\u00a0MERLIN\u00a0\u00bb for amplified double bass amplifier created in collaboration with Mr. Barre Philips<\/span><\/div>\n<div><span lang=\"en\">Created for the company direct box arpeggio<\/span><\/div>\n<p>&nbsp;<\/p>\n<div><span lang=\"en\">1984 to our days<\/span><\/div>\n<div><span lang=\"en\">Engineer and stage manager sound<\/span><\/div>\n<div><span lang=\"en\">Various events: Charlie Free jazz festival, Opera Aida Doha (Qatar), jazz in Nice, Hyeres Jazz Festival, 25th anniversary of the Emirates of Abu Dhabi, Fiesta of South Marseille, Marseille World Cup of Carmen in Cologne, Opera Medea in N\u00eemes, the Flute magic: cirque Alexis Gru\u00df Paris, Midem in Cannes, Cannes Film Festival, etc<\/span><\/div>\n<div><span lang=\"en\">Since 2003, engineer of the Gipsy Legend group: Gipsy King &amp; Los Reyes (Antonico Reyes)<\/span><\/div>\n<p>&nbsp;<\/p>\n<div><span lang=\"en\">Training<\/span><\/div>\n<div><span lang=\"en\">First prize in classical guitar<\/span><\/div>\n<p>&nbsp;<\/p>\n<div><span lang=\"en\">1976<\/span><\/div>\n<div><span lang=\"en\">Bachelor of Science series E<\/span><\/div>\n<div><span lang=\"en\">Competition marine market: student officer<\/span><\/div>\n<p>&nbsp;<\/p>\n<div><span lang=\"en\">Computer skills<\/span><\/div>\n<div><span lang=\"en\">Professional use of its software:<\/span><\/div>\n<div><span lang=\"en\">Pro Tools, Cubase SX, demonstration, Acid, Sound forge, Wave lab&#8230;<\/span><\/div>\n<div><span lang=\"en\">Other software: photoshop and Archicad<\/span><\/div>\n<div><span lang=\"en\">Development of customized Excel-based tools<\/span><\/div>\n<p>&nbsp;<\/p>\n<div><span lang=\"en\">Languages<\/span><\/div>\n<div><span lang=\"en\">Current English written and spoken<\/span><\/div>\n<div><span lang=\"en\">Intermediate Spanish<\/span><\/div>\n<div><span lang=\"en\">Intermediate Italian<\/span><\/div>\n<p>&nbsp;<\/p>\n<div><span lang=\"en\">Centres of interest<\/span><\/div>\n<div><span lang=\"en\">Contemporary art<\/span><\/div>\n<div><span lang=\"en\">Practice of photography<\/span><\/div>\n<div><span lang=\"en\">Literature and philosophy<\/span><\/div>\n<div><span lang=\"en\">Science and mathematics<\/span><\/div>\n<div><span lang=\"en\">Cinema<\/span><\/div>\n<p>&nbsp;<\/p>\n<div id=\"ez-toc-container\" class=\"ez-toc-v2_0_82_2 ez-toc-wrap-center counter-hierarchy ez-toc-counter ez-toc-light-blue ez-toc-container-direction\">\n<label for=\"ez-toc-cssicon-toggle-item-69e5f5ff89fb6\" class=\"ez-toc-cssicon-toggle-label\"><p class=\"ez-toc-title\" style=\"cursor:inherit\">Table des mati\u00e8res<\/p>\n<span class=\"ez-toc-cssicon\"><span class=\"eztoc-hide\" style=\"display:none;\">Toggle<\/span><span class=\"ez-toc-icon-toggle-span\"><svg style=\"fill: #999;color:#999\" xmlns=\"http:\/\/www.w3.org\/2000\/svg\" class=\"list-377408\" width=\"20px\" height=\"20px\" viewBox=\"0 0 24 24\" fill=\"none\"><path d=\"M6 6H4v2h2V6zm14 0H8v2h12V6zM4 11h2v2H4v-2zm16 0H8v2h12v-2zM4 16h2v2H4v-2zm16 0H8v2h12v-2z\" fill=\"currentColor\"><\/path><\/svg><svg style=\"fill: #999;color:#999\" class=\"arrow-unsorted-368013\" xmlns=\"http:\/\/www.w3.org\/2000\/svg\" width=\"10px\" height=\"10px\" viewBox=\"0 0 24 24\" version=\"1.2\" baseProfile=\"tiny\"><path d=\"M18.2 9.3l-6.2-6.3-6.2 6.3c-.2.2-.3.4-.3.7s.1.5.3.7c.2.2.4.3.7.3h11c.3 0 .5-.1.7-.3.2-.2.3-.5.3-.7s-.1-.5-.3-.7zM5.8 14.7l6.2 6.3 6.2-6.3c.2-.2.3-.5.3-.7s-.1-.5-.3-.7c-.2-.2-.4-.3-.7-.3h-11c-.3 0-.5.1-.7.3-.2.2-.3.5-.3.7s.1.5.3.7z\"\/><\/svg><\/span><\/span><\/label><input type=\"checkbox\"  id=\"ez-toc-cssicon-toggle-item-69e5f5ff89fb6\" checked \/><nav><ul class='ez-toc-list ez-toc-list-level-1 ' ><li class='ez-toc-page-1 ez-toc-heading-level-4'><a class=\"ez-toc-link ez-toc-heading-1\" href=\"https:\/\/frank-lovisolo.fr\/WordPress\/curriculum-vitae\/#frank-lovisolo%e2%80%93guillard-curriculum-vitae\" >Frank LOVISOLO\u2013GUILLARD\u00a0\u00a0\u00a0 Curriculum vitae<\/a><\/li><li class='ez-toc-page-1 ez-toc-heading-level-4'><a class=\"ez-toc-link ez-toc-heading-2\" href=\"https:\/\/frank-lovisolo.fr\/WordPress\/curriculum-vitae\/#translated-by-google\" >Translated By Google :<\/a><\/li><li class='ez-toc-page-1 ez-toc-heading-level-4'><a class=\"ez-toc-link ez-toc-heading-3\" href=\"https:\/\/frank-lovisolo.fr\/WordPress\/curriculum-vitae\/#frank-lovisolo-%e2%80%93-guillard-curriculum-vitae\" >Frank LOVISOLO &#8211; GUILLARD Curriculum vitae<\/a><\/li><\/ul><\/nav><\/div>\n","protected":false},"excerpt":{"rendered":"<p><span class=\"span-reading-time rt-reading-time\" style=\"display: block;\"><span class=\"rt-label rt-prefix\">Reading Time: <\/span> <span class=\"rt-time\"> 4<\/span> <span class=\"rt-label rt-postfix\">minutes<\/span><\/span>\u2026 <a class=\"continue-reading-link\" href=\"https:\/\/frank-lovisolo.fr\/WordPress\/curriculum-vitae\/\">Suite &#8211; Continue reading<\/a><\/p>\n","protected":false},"author":1,"featured_media":0,"parent":0,"menu_order":0,"comment_status":"closed","ping_status":"closed","template":"","meta":{"footnotes":""},"categories":[1,490,353],"tags":[36,472,480,477,476,128,473,144,471,470,474,478,469,479],"class_list":["post-6631","page","type-page","status-publish","hentry","category-tous-les-articles","category-information","category-presse","tag-argonauts","tag-compositeur-de-musique","tag-compositions","tag-curriculum-vitae","tag-emission-radio","tag-festival-de-cannes","tag-festival-de-jazz","tag-goya","tag-illustration-sonore","tag-metiers-du-son","tag-nouvelles-technologies","tag-radio-france","tag-spectacle-vivant","tag-toulon"],"_links":{"self":[{"href":"https:\/\/frank-lovisolo.fr\/WordPress\/wp-json\/wp\/v2\/pages\/6631","targetHints":{"allow":["GET"]}}],"collection":[{"href":"https:\/\/frank-lovisolo.fr\/WordPress\/wp-json\/wp\/v2\/pages"}],"about":[{"href":"https:\/\/frank-lovisolo.fr\/WordPress\/wp-json\/wp\/v2\/types\/page"}],"author":[{"embeddable":true,"href":"https:\/\/frank-lovisolo.fr\/WordPress\/wp-json\/wp\/v2\/users\/1"}],"replies":[{"embeddable":true,"href":"https:\/\/frank-lovisolo.fr\/WordPress\/wp-json\/wp\/v2\/comments?post=6631"}],"version-history":[{"count":0,"href":"https:\/\/frank-lovisolo.fr\/WordPress\/wp-json\/wp\/v2\/pages\/6631\/revisions"}],"wp:attachment":[{"href":"https:\/\/frank-lovisolo.fr\/WordPress\/wp-json\/wp\/v2\/media?parent=6631"}],"wp:term":[{"taxonomy":"category","embeddable":true,"href":"https:\/\/frank-lovisolo.fr\/WordPress\/wp-json\/wp\/v2\/categories?post=6631"},{"taxonomy":"post_tag","embeddable":true,"href":"https:\/\/frank-lovisolo.fr\/WordPress\/wp-json\/wp\/v2\/tags?post=6631"}],"curies":[{"name":"wp","href":"https:\/\/api.w.org\/{rel}","templated":true}]}}