{"id":6628,"date":"2012-09-13T15:57:09","date_gmt":"2012-09-13T13:57:09","guid":{"rendered":"https:\/\/frank-lovisolo.fr\/WordPress\/?page_id=6628"},"modified":"2025-10-03T09:31:51","modified_gmt":"2025-10-03T07:31:51","slug":"frank-cesar-lovisolo-cv-bref","status":"publish","type":"page","link":"https:\/\/frank-lovisolo.fr\/WordPress\/frank-cesar-lovisolo-cv-bref\/","title":{"rendered":"Frank C\u00e9sar LOVISOLO : Curriculum Vitae en raccourci"},"content":{"rendered":"<span class=\"span-reading-time rt-reading-time\" style=\"display: block;\"><span class=\"rt-label rt-prefix\">Reading Time: <\/span> <span class=\"rt-time\"> 4<\/span> <span class=\"rt-label rt-postfix\">minutes<\/span><\/span><div><span style=\"color: #ffffff; font-size: 4px;\">Frank C\u00e9sar LOVISOLO &#8211; Frank C\u00e9sar LOVISOLO &#8211; Frank C\u00e9sar LOVISOLO &#8211; Frank C\u00e9sar LOVISOLO &#8211; Frank C\u00e9sar LOVISOLO &#8211; <\/span><\/div>\n<h2><span style=\"font-size: 20px;\"><strong><a href=\"https:\/\/frank-lovisolo.fr\/WordPress\/\" target=\"_blank\" rel=\"noopener noreferrer\"><img loading=\"lazy\" decoding=\"async\" class=\"alignleft wp-image-25884\" src=\"https:\/\/frank-lovisolo.fr\/WordPress\/wp-content\/uploads\/2018\/04\/Frank-Lovisolo-Guillard-560x693.jpg\" alt=\"Frank C\u00e9sar LOVISOLO\" width=\"250\" height=\"309\" title=\"-\" srcset=\"https:\/\/frank-lovisolo.fr\/WordPress\/wp-content\/uploads\/2018\/04\/Frank-Lovisolo-Guillard-560x693.jpg 560w, https:\/\/frank-lovisolo.fr\/WordPress\/wp-content\/uploads\/2018\/04\/Frank-Lovisolo-Guillard-121x150.jpg 121w, https:\/\/frank-lovisolo.fr\/WordPress\/wp-content\/uploads\/2018\/04\/Frank-Lovisolo-Guillard-150x186.jpg 150w, https:\/\/frank-lovisolo.fr\/WordPress\/wp-content\/uploads\/2018\/04\/Frank-Lovisolo-Guillard.jpg 614w\" sizes=\"auto, (max-width: 250px) 100vw, 250px\" \/><\/a><\/strong><\/span><\/h2>\n<div id=\"attachment_51015\" style=\"width: 198px\" class=\"wp-caption alignright\"><img loading=\"lazy\" decoding=\"async\" aria-describedby=\"caption-attachment-51015\" class=\"wp-image-51015\" src=\"https:\/\/frank-lovisolo.fr\/WordPress\/wp-content\/uploads\/2025\/10\/PourHommeV2.png\" alt=\"Frank C\u00e9sar LOVISOLO \" width=\"188\" height=\"525\" title=\"-\" srcset=\"https:\/\/frank-lovisolo.fr\/WordPress\/wp-content\/uploads\/2025\/10\/PourHommeV2.png 260w, https:\/\/frank-lovisolo.fr\/WordPress\/wp-content\/uploads\/2025\/10\/PourHommeV2-54x150.png 54w\" sizes=\"auto, (max-width: 188px) 100vw, 188px\" \/><p id=\"caption-attachment-51015\" class=\"wp-caption-text\">Psychologie<\/p><\/div>\n<h2><span style=\"font-size: 20px;\"><strong>Frank C\u00e9sar LOVISOLO<\/strong><\/span><\/h2>\n<div><span style=\"font-size: 20px;\">249 rue Sainte-Christine<\/span><\/div>\n<div><span style=\"font-size: 20px;\">83\u2009000 Toulon (France)<\/span><\/div>\n<div><span style=\"font-size: 20px;\">+33\u2009630 54 90 06<\/span><\/div>\n<div><\/div>\n<div><span style=\"font-size: 20px;\"><a href=\"mailto:contact@frank-lovisolo.fr\">contact@frank-lovisolo.fr<\/a><\/span><\/div>\n<div><span style=\"font-size: 20px;\"><u><a href=\"https:\/\/frank-lovisolo.fr\/WordPress\/\">http:\/\/frank-lovisolo.fr <\/a><\/u><\/span><\/div>\n<div><\/div>\n<div><span style=\"font-size: 20px;\">Compositeur \u2013 Artiste multim\u00e9dia \u2013 Ing\u00e9nieur du son<\/span><\/div>\n<div><span style=\"font-size: 20px;\">Nationalit\u00e9 fran\u00e7aise<\/span><\/div>\n<div><span style=\"font-size: 20px;\">N\u00e9 le 17\/05\/1957 \u00e0 Toulon<\/span><\/div>\n<div><\/div>\n<div><\/div>\n<div>\n<ul>\n<li><span style=\"font-size: 20px;\"><strong>Ing\u00e9nieur du son, actuellement <\/strong><strong>charg\u00e9 de cours \u00e0 l\u2019Universit\u00e9 de Toulon depuis 2010.<\/strong><\/span><\/li>\n<\/ul>\n<\/div>\n<div><span style=\"font-size: 20px;\">Enseigne les technologies relatives au mat\u00e9riel de diffusion et de production audio pour le studio et la sc\u00e8ne ainsi que la synth\u00e8se sonore.<\/span><\/div>\n<div><\/div>\n<div><span style=\"font-size: 20px;\">Au sein de l\u2019universit\u00e9\u00a0:<\/span><\/div>\n<div><span style=\"font-size: 20px;\">Auteur et contributeur \u00e0 l\u2019ouvrage\u00a0:<\/span><\/div>\n<div><span style=\"font-size: 20px;\"><u>\u00c0 la racine du r\u00e9cit<\/u> \u2013 sous la direction de Billel Aroufoune &#8211; Editions L&rsquo;Harmattan.<\/span><\/div>\n<div><span style=\"font-size: 20px;\"><a href=\"https:\/\/frank-lovisolo.fr\/WordPress\/a-la-racine-du-recit-billel-aroufoune\/\">https:\/\/frank-lovisolo.fr\/WordPress\/a-la-racine-du-recit-billel-aroufoune\/<\/a><\/span><\/div>\n<div><\/div>\n<div><\/div>\n<div>\n<ul>\n<li><span style=\"font-size: 20px;\"><strong>Compositeur de musiques actuelles.<\/strong><\/span><\/li>\n<\/ul>\n<\/div>\n<div><span style=\"font-size: 20px;\">Albums\u00a0:<\/span><\/div>\n<div><span style=\"font-size: 20px;\">1<a href=\"https:\/\/music.youtube.com\/playlist?list=OLAK5uy_nCKfRVpzmE4kbtxSwHmO0v8Twj5gxhbxE\" target=\"_blank\" rel=\"noopener\"> Sappho Fragments<\/a> \u2013 2 Perilous Vale \u2013 3 R\u00e9miniscences \u2013 4\u00a0Italian Colors \u2013 5 Curious Aphorisms<\/span><\/div>\n<div><span style=\"font-size: 20px;\">6 Unruliness \u2013 7 Charles B. \u2013 8 Stttrente \u2013 9 DistantWhispers\u2009\u2013\u200910 One Outside\u2009\u2013\u200911 The Den without End 12 Subliminal Messages<\/span><\/div>\n<div><span style=\"font-size: 20px;\">Voir la page\u00a0: <a href=\"https:\/\/frank-lovisolo.fr\/WordPress\/frank-lovisolo-albums-1\/\">https:\/\/frank-lovisolo.fr\/WordPress\/frank-lovisolo-albums-1\/<\/a><\/span><\/div>\n<div><\/div>\n<div><span style=\"font-size: 20px;\">Installation sonore avec Jean No\u00ebl L\u00e1szl\u00f3 au Mus\u00e9e Mus\u00e9um de Gap\u00a0:<\/span><\/div>\n<div><span style=\"font-size: 20px;\"><a href=\"https:\/\/frank-lovisolo.fr\/WordPress\/installation-sonore-laszlo-gap\/\">https:\/\/frank-lovisolo.fr\/WordPress\/installation-sonore-laszlo-gap\/<\/a><\/span><\/div>\n<div><\/div>\n<div><span style=\"font-size: 20px;\">Catalogue Sacem\u00a0: <a href=\"https:\/\/repertoire.sacem.fr\/resultats?filters=parties&amp;query=Frank%20Lovisolo-Guillard%23searchBtn\" target=\"_blank\" rel=\"noopener\">https:\/\/sacem<\/a><\/span><\/div>\n<div><\/div>\n<div>\n<ul>\n<li><span style=\"font-size: 20px;\"><strong>Photographie &amp;<\/strong> <strong>Art num\u00e9rique visuel.<\/strong><\/span><\/li>\n<\/ul>\n<\/div>\n<div><span style=\"font-size: 20px;\">Comp\u00e9tence av\u00e9r\u00e9e dans la retouche photo et la cr\u00e9ation d\u2019images.<\/span><\/div>\n<div><span style=\"font-size: 20px;\">Cr\u00e9ation d\u2019\u0153uvres d\u2019art num\u00e9riques visuelles utilisant des logiciels et des technologies avanc\u00e9es.<\/span><\/div>\n<div><\/div>\n<div><span style=\"font-size: 20px;\">Derni\u00e8re exposition\u00a0: Retrouver l\u2019Oubli \u2013 Exposition Galerie Azimut \u00e0 Aix-en-Provence<\/span><\/div>\n<div><span style=\"font-size: 20px;\"><a href=\"https:\/\/frank-lovisolo.fr\/WordPress\/galerie-azimut-aix-en-provence-fev2023\/\">https:\/\/frank-lovisolo.fr\/WordPress\/galerie-azimut-aix-en-provence-fev2023\/<\/a><\/span><\/div>\n<div><\/div>\n<div><\/div>\n<div>\n<ul>\n<li><span style=\"font-size: 20px;\"><strong>Vid\u00e9aste d\u2019art.<\/strong><\/span><\/li>\n<\/ul>\n<\/div>\n<div><span style=\"font-size: 20px;\">Conception et r\u00e9alisation de vid\u00e9os, en mettant l\u2019accent sur l\u2019\u00e9motion et l\u2019impact visuel.<\/span><\/div>\n<div><\/div>\n<div><span style=\"font-size: 20px;\">Voir\u00a0: Les Danseurs du Chemin des Dames.<\/span><\/div>\n<div><img loading=\"lazy\" decoding=\"async\" class=\"size-full wp-image-32331 alignnone\" src=\"https:\/\/frank-lovisolo.fr\/WordPress\/wp-content\/uploads\/2019\/10\/Sans-titre-1.jpg\" alt=\"- - -\" width=\"600\" height=\"66\" title=\"-\" srcset=\"https:\/\/frank-lovisolo.fr\/WordPress\/wp-content\/uploads\/2019\/10\/Sans-titre-1.jpg 600w, https:\/\/frank-lovisolo.fr\/WordPress\/wp-content\/uploads\/2019\/10\/Sans-titre-1-460x51.jpg 460w, https:\/\/frank-lovisolo.fr\/WordPress\/wp-content\/uploads\/2019\/10\/Sans-titre-1-250x28.jpg 250w, https:\/\/frank-lovisolo.fr\/WordPress\/wp-content\/uploads\/2019\/10\/Sans-titre-1-150x17.jpg 150w\" sizes=\"auto, (max-width: 600px) 100vw, 600px\" \/><\/div>\n<div><span style=\"font-size: 20px;\"><a href=\"https:\/\/frank-lovisolo.fr\/WordPress\/danseurs-chemin-des-dames-video\/\">https:\/\/frank-lovisolo.fr\/WordPress\/danseurs-chemin-des-dames-video\/<\/a><\/span><\/div>\n<p><!--nextpage--><\/p>\n<div id=\"attachment_14398\" class=\"wp-caption alignright\">\n<p>&nbsp;<\/p>\n<p class=\"wp-caption-text\">\n<\/div>\n<address><span style=\"font-size: 24px; text-decoration-line: underline;\">Exp\u00e9riences professionnelles<\/span><\/address>\n<address>\n<div>2020 :<\/div>\n<div>COVID + R\u00e9alisations de deux Vid\u00e9o pour <a href=\"https:\/\/optical-sound.bandcamp.com\/album\/micrologies-n-1\" target=\"_blank\" rel=\"noopener\">Herv\u00e9 Zenouda<\/a> : <a href=\"https:\/\/frank-lovisolo.fr\/WordPress\/helance-herve-zenouda-frank-lovisolo\/\" target=\"_blank\" rel=\"noopener\">H\u00e9lance<\/a> et <a href=\"https:\/\/frank-lovisolo.fr\/WordPress\/hypercube-herve-zenouda-frank-lovisolo\/\" target=\"_blank\" rel=\"noopener\">Hypercube<\/a><\/div>\n<div>Exposition \u00e0 la Galere de L&rsquo;ESDAC<\/div>\n<\/address>\n<address><em>2018 \u2013 2019\u00a0: <\/em><em>R\u00e9alisation des Films\u00a0:<\/em><\/p>\n<ol>\n<li><em>R\u00e9miniscences (en cours de montage)<\/em><\/li>\n<li><em>On The Drone Again<\/em><\/li>\n<li><em>Les Danseurs du Chemin des Dames, s\u00e9lectionn\u00e9 par plusieurs festivals\u00a0:<\/em><\/li>\n<\/ol>\n<p>&nbsp;<\/p>\n<p><em>Exposition du film au mus\u00e9e Jean-Aicard en f\u00e9vrier et mars 2019<\/em><\/p>\n<p><a href=\"https:\/\/frank-lovisolo.fr\/WordPress\/videos-compositions\/\">https:\/\/frank-lovisolo.fr\/WordPress\/category\/video-compositions\/<\/a><\/p>\n<p><em>\u00a0<\/em><\/p>\n<p><em>2017<\/em><\/p>\n<p><strong><em>Prix photo d\u2019architecture<\/em><\/strong><em>\u00a0au concours \u00abtoulonforever2017\u00bb<\/em><\/p>\n<p><strong><em>Book 2017<\/em><\/strong><em>\u00a0\u2013\u00a0Une interaction avec le monde<\/em><\/p>\n<\/address>\n<address>\u00a0<\/address>\n<address>2017<\/address>\n<address><strong>Prix photo d\u2019architecture<\/strong>\u00a0au concours \u00abtoulonforever2016\u00bb<\/address>\n<address><strong>Book 2017<\/strong>\u00a0\u2013\u00a0Une interaction avec le monde<\/address>\n<address>\u00a0<\/address>\n<address>2016<\/address>\n<address><strong>Prix photo d\u2019architecture<\/strong>\u00a0au concours \u00abtoulonforever2016\u00bb<\/address>\n<address><strong>Films :<\/strong>\u00a0<\/address>\n<ul>\n<li><a href=\"https:\/\/frank-lovisolo.fr\/WordPress\/trente-nuances-de-sable-video\/\">Trente et une nuances de sables<\/a><\/li>\n<li>Voyage en Cr\u00e2ne inconnu: Thanatologie Jubilatoire<\/li>\n<li><a href=\"https:\/\/frank-lovisolo.fr\/WordPress\/brutalisme-bruitalisme-video\/\">Brutalisme, Bruitalisme (Vid\u00e9o Minimaliste)<\/a><\/li>\n<li><a href=\"https:\/\/frank-lovisolo.fr\/WordPress\/video-experience-fond-noir\/\">Exp\u00e9rience sur fond Noir : Immati\u00e8re \u00e0 r\u00e9flexion<\/a><\/li>\n<li>Exp\u00e9rience sur fond Blanc : Une antimati\u00e8re \u00e0 r\u00e9flexion<\/li>\n<li><a href=\"https:\/\/frank-lovisolo.fr\/WordPress\/trente-nuances-de-sable-video\/\">Trente et une nuances de sables<\/a><\/li>\n<\/ul>\n<div>2015<\/div>\n<div><strong>Expositionx :<\/strong>\u00a0L\u2019art vid\u00e9o tangente le jazz Vitrolles Charlie Free Jazz festival\u00e0 la galerie Le 13 Bis \u2013 La Seyne sur Mer<\/div>\n<div><strong>Films<\/strong>\u00a0:<\/div>\n<ul>\n<li><a href=\"https:\/\/frank-lovisolo.fr\/WordPress\/le-cauchemar-du-mari-de-l-ama\/\">Le cauchemenar du Mari de l\u2019Ama<\/a><\/li>\n<li><a href=\"https:\/\/frank-lovisolo.fr\/WordPress\/brume\/\">Brume (<\/a><a href=\"https:\/\/frank-lovisolo.fr\/WordPress\/brume\/\">Vid\u00e9o minimaliste<\/a>)<\/li>\n<li><a href=\"https:\/\/frank-lovisolo.fr\/WordPress\/l-arrivee-venise-sequence-minimaliste\/\">L\u2019arriv\u00e9e \u00e0 Venise (S\u00e9quence minimaliste)<\/a><\/li>\n<\/ul>\n<address>2014<\/address>\n<address><strong>Selection AVIFF \u2013 festival de Cannes<\/strong><\/address>\n<address>Exposition Moulin \u00e0 Jazz Vitrolles<\/address>\n<address><strong><a href=\"https:\/\/frank-lovisolo.fr\/WordPress\/expo-mairie-dhonneur-de-toulon-aout-sept-2014\/\" target=\"_blank\" rel=\"noopener noreferrer\">Exposition Mairie d\u2019Honneur Toulon<\/a><\/strong><\/address>\n<address>Films :<\/address>\n<ul>\n<li>L\u2019atelier de M\u00e9canique<\/li>\n<li><a href=\"https:\/\/frank-lovisolo.fr\/WordPress\/trois-revelations-etiquette-bleue-video\/\">Trois R\u00e9v\u00e9lations et leur Triptyque\u00a0<\/a><\/li>\n<li><a href=\"https:\/\/frank-lovisolo.fr\/WordPress\/nature-morte-3-de-rerum-natura\/\">Nature Morte 03<\/a><\/li>\n<\/ul>\n<address>\u00a0<\/address>\n<address>2013<\/address>\n<address>Exposition Moulin \u00e0 Jazz Vitrolles<\/address>\n<address>Films :<\/address>\n<ul>\n<li>Nature Morte 02<\/li>\n<li><a href=\"https:\/\/frank-lovisolo.fr\/WordPress\/nature-morte-1\/\">Nature morte 01<\/a><\/li>\n<li><a href=\"https:\/\/frank-lovisolo.fr\/WordPress\/hubris-demesure\/\">Hubris<\/a><\/li>\n<\/ul>\n<address>\u00a0<\/address>\n<address>2012<\/address>\n<address><strong>Selection AVIFF \u2013 festival de Cannes<\/strong><\/address>\n<address><strong>Selection Festival Tina B Pragues<\/strong><\/address>\n<address>Pour la r\u00e9alisation multim\u00e9dia adio, vid\u00e9o\u00a0:\u00a0<a href=\"https:\/\/frank-lovisolo.fr\/WordPress\/argonauts-video\/\">\u00ab\u00a0ARGONAUTS\u00a0\u00bb<\/a><\/address>\n<address>\u00a0<\/address>\n<address>2011<\/address>\n<address>La Danse des mots \u2013\u00a0<a href=\"https:\/\/frank-lovisolo.fr\/WordPress\/la-danse-des-mots-yvan-amar-rfi\/\">interview d\u2019 Yvan Amar \u2013 Rfi<\/a><\/address>\n<address>Musique sur les trente mots<\/address>\n<address>\u00a0<\/address>\n<address><strong><a href=\"https:\/\/frank-lovisolo.fr\/WordPress\/\"><img loading=\"lazy\" decoding=\"async\" class=\"alignright wp-image-24379\" title=\"Frank Lovisolo-guillard\" src=\"https:\/\/frank-lovisolo.fr\/WordPress\/wp-content\/uploads\/2017\/11\/P1010004.jpg\" sizes=\"auto, (max-width: 497px) 100vw, 497px\" srcset=\"https:\/\/frank-lovisolo.fr\/WordPress\/wp-content\/uploads\/2017\/11\/P1010004.jpg 1013w, https:\/\/frank-lovisolo.fr\/WordPress\/wp-content\/uploads\/2017\/11\/P1010004-560x420.jpg 560w, https:\/\/frank-lovisolo.fr\/WordPress\/wp-content\/uploads\/2017\/11\/P1010004-768x576.jpg 768w, https:\/\/frank-lovisolo.fr\/WordPress\/wp-content\/uploads\/2017\/11\/P1010004-200x150.jpg 200w, https:\/\/frank-lovisolo.fr\/WordPress\/wp-content\/uploads\/2017\/11\/P1010004-150x113.jpg 150w\" alt=\"Frank Lovisolo-guillard\" width=\"497\" height=\"373\" \/><\/a><\/strong>Depuis 2010<\/address>\n<address><strong>Charg\u00e9 de cours \u00e0 l\u2019UFR Ing\u00e9m\u00e9dia Universit\u00e9 du Sud Toulon Var<\/strong><\/address>\n<address>Enseignement de la MAO en Licence sur les Nouvelles Technologies du Son<\/address>\n<address>Cours magistraux sur les nouvelles technologies du son<\/address>\n<address>\u00a0<\/address>\n<address>2009\u00a0 \u00e0 aujourd\u2019hui<\/address>\n<address><strong>Compositeur de musique<\/strong>\u00a0<strong>pour\u00a0:<\/strong><\/address>\n<address>Musikforlaget Apollo Njalsgade 17b, 2 \u2013 2300 Copenhagen S Denmark<\/address>\n<address>La soci\u00e9t\u00e9 d\u2019\u00e9dition de musique \u00abPARSIPALA\u00bb<\/address>\n<address>\u00a0<\/address>\n<address>2006-2009<\/address>\n<address><strong>Compositions multim\u00e9dias musique et montages vid\u00e9o<\/strong><\/address>\n<address>2006 Illustration sonore d\u2019une installation d\u2019art contemporain \u00ab\u00a0Les Objet de C\u00e9zanne\u00a0\u00bb dans l\u2019atelier du peintre (centenaire de sa mort)<\/address>\n<address>2008 films Beslan et Goya<\/address>\n<address>2009 Installation d\u2019art contemporain dans le cadre du Festival de Jazz Charlie Free \u00e0 Vitrolles<\/address>\n<address>\u00a0<\/address>\n<address>1997-2007<\/address>\n<address><strong>Formateur<\/strong>\u00a0<strong>dans les m\u00e9tiers du son<\/strong><\/address>\n<address>Divers \u00e9tablissements pour le BTS Audiovisuel.<\/address>\n<address>CFPMS Marseille, formation des r\u00e9gisseurs et assistants \u00ab son \u00bb.<\/address>\n<address>ANPE de N\u00eemes, les m\u00e9tiers du son dans le spectacle vivant.<\/address>\n<address>\u00a0<\/address>\n<address>1987-2000<\/address>\n<address><strong>Concepteur de mat\u00e9riel audio professionnel \u00e0 tubes \u00e9lectroniques:<\/strong><\/address>\n<address>Recherche sur la transparence et la dynamique des pr\u00e9amplificateurs \u00e0 tubes \u00e9lectroniquesdestin\u00e9s aux instruments \u00e9lectroacoustiques ainsi qu\u2019\u00e0 la haute-fid\u00e9lit\u00e9.<\/address>\n<address>Conception de diff\u00e9rents appareils\u00a0:<\/address>\n<address>Boitier de direct \u00e0 tubes ECC88 (en collaboration avec BBS Paris)<\/address>\n<address>Pr\u00e9amplificateur RIAA \u00e0 tubes.<\/address>\n<address>Amplificateur pour casque \u00e0 tubes.<\/address>\n<address>Amplificateur\u00a0<strong>\u00ab\u00a0<\/strong>YSEULT\u00a0<strong>\u00bb<\/strong>\u00a0pour contrebasse ou instrument \u00e9lectroacoustique<\/address>\n<address>Amplificateur \u00ab\u00a0MERLIN\u00a0\u00bb pour contrebasse amplifi\u00e9e cr\u00e9\u00e9 en collaboration avec M. Barre Philips<\/address>\n<address>Boitier de direct cr\u00e9\u00e9 pour la soci\u00e9t\u00e9 Arp\u00e8ge<\/address>\n<address>\u00a0<\/address>\n<address><a href=\"https:\/\/frank-lovisolo.fr\/WordPress\/\"><img loading=\"lazy\" decoding=\"async\" class=\"alignright wp-image-25878 size-medium\" src=\"https:\/\/frank-lovisolo.fr\/WordPress\/wp-content\/uploads\/2018\/04\/EnVrac34-N\u00b0008-560x840.jpg\" alt=\"Naples\" width=\"560\" height=\"840\" title=\"-\" srcset=\"https:\/\/frank-lovisolo.fr\/WordPress\/wp-content\/uploads\/2018\/04\/EnVrac34-N\u00b0008-560x840.jpg 560w, https:\/\/frank-lovisolo.fr\/WordPress\/wp-content\/uploads\/2018\/04\/EnVrac34-N\u00b0008-768x1153.jpg 768w, https:\/\/frank-lovisolo.fr\/WordPress\/wp-content\/uploads\/2018\/04\/EnVrac34-N\u00b0008-1024x1537.jpg 1024w, https:\/\/frank-lovisolo.fr\/WordPress\/wp-content\/uploads\/2018\/04\/EnVrac34-N\u00b0008-100x150.jpg 100w, https:\/\/frank-lovisolo.fr\/WordPress\/wp-content\/uploads\/2018\/04\/EnVrac34-N\u00b0008-150x225.jpg 150w, https:\/\/frank-lovisolo.fr\/WordPress\/wp-content\/uploads\/2018\/04\/EnVrac34-N\u00b0008.jpg 1152w\" sizes=\"auto, (max-width: 560px) 100vw, 560px\" \/><\/a>1984 \u00e0 nos jours<\/address>\n<address><strong>Ing\u00e9nieur et r\u00e9gisseur Son<\/strong><\/address>\n<address>Diverses manifestations\u00a0: Charlie Free jazz festival, Op\u00e9ra A\u00efda \u00e0 Doha (Qatar), jazz \u00e0 Nice, Hy\u00e8res Jazz Festival, 25e anniversaire des Emirats d\u2019Abu Dhabi, Fiesta Des Sud Marseille, Coupe du Monde Marseille, Carmen \u00e0 Cologne, Op\u00e9ra M\u00e9d\u00e9e \u00e0 N\u00eemes, La Fl\u00fbte Enchant\u00e9e: cirque Alexis Gruss Paris, Midem \u00e0 Cannes, Festival de Cannes, etc<\/address>\n<address>Depuis 2003, ing\u00e9nieur du son du Groupe Gipsy-Legend : Gipsy King &amp; Los Reyes( Antonico Reyes)<\/address>\n<address>\u00a0<\/address>\n<address>Formation<\/address>\n<address>Premier prix de Guitare classique<\/address>\n<address>\u00a0<\/address>\n<address>1976<\/address>\n<address><strong>Baccalaur\u00e9at scientifique s\u00e9rie\u00a0<\/strong><strong>E<\/strong><\/address>\n<address><strong>Concours marine marchande\u00a0: El\u00e8ve officier<\/strong><\/address>\n<address>\u00a0<\/address>\n<address>Comp\u00e9tences informatiques<\/address>\n<address>Utilisation professionnelle des logiciels de son:<\/address>\n<address>Pro Tools, Cubase SX, Protool, Acid, Sound forge, Wave lab\u2026<\/address>\n<address>Autres logiciels\u00a0: photoshop et Archicad<\/address>\n<address>D\u00e9veloppement d\u2019outils personnalis\u00e9s sur Excel<\/address>\n<address><strong>\u00a0<\/strong><\/address>\n<address>Langues<\/address>\n<address>Anglais courant \u00e9crit et parl\u00e9<\/address>\n<address>Espagnol interm\u00e9diaire<\/address>\n<address>Italien interm\u00e9diaire<\/address>\n<address><strong>\u00a0<\/strong><\/address>\n<address>Centres d\u2019int\u00e9r\u00eat<\/address>\n<address>Art contemporain<\/address>\n<address>Pratique de la photographie<\/address>\n<address>Litt\u00e9rature et philosophie<\/address>\n<address>Sciences et math\u00e9matiques<\/address>\n<address>Cin\u00e9ma<\/address>\n<address>\u00a0<\/address>\n<address><a href=\"https:\/\/frank-lovisolo.fr\/WordPress\/curriculum-vitae\/\" target=\"_blank\" rel=\"noopener noreferrer\">Voir plus de d\u00e9tails<\/a><\/address>\n<address>\u00a0<\/address>\n<h6><span style=\"color: #ffffff;\">\u00a0LOVISOLO Frank LOVISOLO Frank LOVISOLO Frank LOVISOLO Frank LOVISOLO Frank LOVISOLO Frank LOVISOLO Frank LOVISOLO Frank LOVISOLO<\/span><\/h6>\n<div id=\"like-post-wrapper-101681728-6628-5ae188a288ed4\" class=\"sharedaddy sd-block sd-like jetpack-likes-widget-wrapper jetpack-likes-widget-loaded\" data-src=\"https:\/\/widgets.wp.com\/likes\/#blog_id=101681728&amp;post_id=6628&amp;origin=frank-lovisolo.fr&amp;obj_id=101681728-6628-5ae188a288ed4\" data-name=\"like-post-frame-101681728-6628-5ae188a288ed4\">\n<h3 class=\"sd-title\">WordPress:\u00a0<a href=\"https:\/\/frank-lovisolo.fr\/WordPress\/\" target=\"_blank\" rel=\"noopener noreferrer\">https:\/\/frank-lovisolo.fr\/WordPress\/<\/a><\/h3>\n<\/div>\n<div><span style=\"color: #ffffff; font-size: 8px;\">Frank C\u00e9sar LOVISOLO &#8211; Frank C\u00e9sar LOVISOLO &#8211; Frank C\u00e9sar LOVISOLO &#8211; Frank C\u00e9sar LOVISOLO &#8211; Frank C\u00e9sar LOVISOLO &#8211; <\/span><\/div>\n<div id=\"ez-toc-container\" class=\"ez-toc-v2_0_82_2 ez-toc-wrap-center counter-hierarchy ez-toc-counter ez-toc-light-blue ez-toc-container-direction\">\n<label for=\"ez-toc-cssicon-toggle-item-69d4e186a44bb\" class=\"ez-toc-cssicon-toggle-label\"><p class=\"ez-toc-title\" style=\"cursor:inherit\">Table des mati\u00e8res<\/p>\n<span class=\"ez-toc-cssicon\"><span class=\"eztoc-hide\" style=\"display:none;\">Toggle<\/span><span class=\"ez-toc-icon-toggle-span\"><svg style=\"fill: #999;color:#999\" xmlns=\"http:\/\/www.w3.org\/2000\/svg\" class=\"list-377408\" width=\"20px\" height=\"20px\" viewBox=\"0 0 24 24\" fill=\"none\"><path d=\"M6 6H4v2h2V6zm14 0H8v2h12V6zM4 11h2v2H4v-2zm16 0H8v2h12v-2zM4 16h2v2H4v-2zm16 0H8v2h12v-2z\" fill=\"currentColor\"><\/path><\/svg><svg style=\"fill: #999;color:#999\" class=\"arrow-unsorted-368013\" xmlns=\"http:\/\/www.w3.org\/2000\/svg\" width=\"10px\" height=\"10px\" viewBox=\"0 0 24 24\" version=\"1.2\" baseProfile=\"tiny\"><path d=\"M18.2 9.3l-6.2-6.3-6.2 6.3c-.2.2-.3.4-.3.7s.1.5.3.7c.2.2.4.3.7.3h11c.3 0 .5-.1.7-.3.2-.2.3-.5.3-.7s-.1-.5-.3-.7zM5.8 14.7l6.2 6.3 6.2-6.3c.2-.2.3-.5.3-.7s-.1-.5-.3-.7c-.2-.2-.4-.3-.7-.3h-11c-.3 0-.5.1-.7.3-.2.2-.3.5-.3.7s.1.5.3.7z\"\/><\/svg><\/span><\/span><\/label><input type=\"checkbox\"  id=\"ez-toc-cssicon-toggle-item-69d4e186a44bb\" checked \/><nav><ul class='ez-toc-list ez-toc-list-level-1 ' ><ul class='ez-toc-list-level-6' ><li class='ez-toc-heading-level-6'><ul class='ez-toc-list-level-6' ><li class='ez-toc-heading-level-6'><ul class='ez-toc-list-level-6' ><li class='ez-toc-heading-level-6'><a class=\"ez-toc-link ez-toc-heading-1\" href=\"https:\/\/frank-lovisolo.fr\/WordPress\/frank-cesar-lovisolo-cv-bref\/2\/#-lovisolo-frank-lovisolo-frank-lovisolo-frank-lovisolo-frank-lovisolo-frank-lovisolo-frank-lovisolo-frank-lovisolo-frank-lovisolo\" >\u00a0LOVISOLO Frank LOVISOLO Frank LOVISOLO Frank LOVISOLO Frank LOVISOLO Frank LOVISOLO Frank LOVISOLO Frank LOVISOLO Frank LOVISOLO<\/a><\/li><\/ul><\/li><\/ul><\/li><\/ul><\/li><li class='ez-toc-page-1 ez-toc-heading-level-3'><a class=\"ez-toc-link ez-toc-heading-2\" href=\"https:\/\/frank-lovisolo.fr\/WordPress\/frank-cesar-lovisolo-cv-bref\/2\/#wordpress-https-frank-lovisolofrwordpress\" >WordPress:\u00a0https:\/\/frank-lovisolo.fr\/WordPress\/<\/a><\/li><\/ul><\/nav><\/div>\n","protected":false},"excerpt":{"rendered":"<p><span class=\"span-reading-time rt-reading-time\" style=\"display: block;\"><span class=\"rt-label rt-prefix\">Reading Time: <\/span> <span class=\"rt-time\"> 4<\/span> <span class=\"rt-label rt-postfix\">minutes<\/span><\/span>\u2026 <a class=\"continue-reading-link\" href=\"https:\/\/frank-lovisolo.fr\/WordPress\/frank-cesar-lovisolo-cv-bref\/\">Suite &#8211; Continue reading<\/a><\/p>\n","protected":false},"author":1,"featured_media":25884,"parent":0,"menu_order":0,"comment_status":"closed","ping_status":"closed","template":"","meta":{"footnotes":""},"categories":[1,490,353],"tags":[466,467,472,128,473,351,471,468,470,475,474,2185,469],"class_list":["post-6628","page","type-page","status-publish","has-post-thumbnail","hentry","category-tous-les-articles","category-information","category-presse","tag-auteur","tag-compositeur","tag-compositeur-de-musique","tag-festival-de-cannes","tag-festival-de-jazz","tag-frank-lovisolo","tag-illustration-sonore","tag-ingenieur-du-son","tag-metiers-du-son","tag-montages","tag-nouvelles-technologies","tag-sacem","tag-spectacle-vivant"],"_links":{"self":[{"href":"https:\/\/frank-lovisolo.fr\/WordPress\/wp-json\/wp\/v2\/pages\/6628","targetHints":{"allow":["GET"]}}],"collection":[{"href":"https:\/\/frank-lovisolo.fr\/WordPress\/wp-json\/wp\/v2\/pages"}],"about":[{"href":"https:\/\/frank-lovisolo.fr\/WordPress\/wp-json\/wp\/v2\/types\/page"}],"author":[{"embeddable":true,"href":"https:\/\/frank-lovisolo.fr\/WordPress\/wp-json\/wp\/v2\/users\/1"}],"replies":[{"embeddable":true,"href":"https:\/\/frank-lovisolo.fr\/WordPress\/wp-json\/wp\/v2\/comments?post=6628"}],"version-history":[{"count":2,"href":"https:\/\/frank-lovisolo.fr\/WordPress\/wp-json\/wp\/v2\/pages\/6628\/revisions"}],"predecessor-version":[{"id":51019,"href":"https:\/\/frank-lovisolo.fr\/WordPress\/wp-json\/wp\/v2\/pages\/6628\/revisions\/51019"}],"wp:featuredmedia":[{"embeddable":true,"href":"https:\/\/frank-lovisolo.fr\/WordPress\/wp-json\/wp\/v2\/media\/25884"}],"wp:attachment":[{"href":"https:\/\/frank-lovisolo.fr\/WordPress\/wp-json\/wp\/v2\/media?parent=6628"}],"wp:term":[{"taxonomy":"category","embeddable":true,"href":"https:\/\/frank-lovisolo.fr\/WordPress\/wp-json\/wp\/v2\/categories?post=6628"},{"taxonomy":"post_tag","embeddable":true,"href":"https:\/\/frank-lovisolo.fr\/WordPress\/wp-json\/wp\/v2\/tags?post=6628"}],"curies":[{"name":"wp","href":"https:\/\/api.w.org\/{rel}","templated":true}]}}