{"id":6610,"date":"2012-09-13T15:10:22","date_gmt":"2012-09-13T13:10:22","guid":{"rendered":"https:\/\/frank-lovisolo.fr\/WordPress\/?page_id=6610"},"modified":"2023-09-04T15:46:53","modified_gmt":"2023-09-04T13:46:53","slug":"adresse-frank-cesar-lovisolo","status":"publish","type":"page","link":"https:\/\/frank-lovisolo.fr\/WordPress\/adresse-frank-cesar-lovisolo\/","title":{"rendered":"Frank C\u00e9sar LOVISOLO"},"content":{"rendered":"<span class=\"span-reading-time rt-reading-time\" style=\"display: block;\"><span class=\"rt-label rt-prefix\">Reading Time: <\/span> <span class=\"rt-time\"> 2<\/span> <span class=\"rt-label rt-postfix\">minutes<\/span><\/span><div><span style=\"color: #ffffff; font-size: 8px;\">Frank C\u00e9sar Lovisolo &#8211; Frank C\u00e9sar Lovisolo &#8211; Frank C\u00e9sar Lovisolo &#8211; Frank C\u00e9sar Lovisolo<\/span><\/div>\n<h3 style=\"text-align: left;\"><span class=\"ez-toc-section\" id=\"frank-cesar-lovisolo\"><\/span><span style=\"font-size: 24px; font-family: ;\">Frank C\u00e9sar Lovisolo<\/span><span class=\"ez-toc-section-end\"><\/span><\/h3>\n<div>\n<p><span style=\"font-family: ;\"><img loading=\"lazy\" decoding=\"async\" class=\"alignleft wp-image-27159\" src=\"https:\/\/frank-lovisolo.fr\/WordPress\/wp-content\/uploads\/2018\/05\/Frank-Lovisolo-Guillard.jpg\" alt=\"Frank C\u00e9sar Lovisolo\" width=\"117\" height=\"117\" title=\"-\" srcset=\"https:\/\/frank-lovisolo.fr\/WordPress\/wp-content\/uploads\/2018\/05\/Frank-Lovisolo-Guillard.jpg 600w, https:\/\/frank-lovisolo.fr\/WordPress\/wp-content\/uploads\/2018\/05\/Frank-Lovisolo-Guillard-150x150.jpg 150w, https:\/\/frank-lovisolo.fr\/WordPress\/wp-content\/uploads\/2018\/05\/Frank-Lovisolo-Guillard-560x560.jpg 560w, https:\/\/frank-lovisolo.fr\/WordPress\/wp-content\/uploads\/2018\/05\/Frank-Lovisolo-Guillard-50x50.jpg 50w\" sizes=\"auto, (max-width: 117px) 100vw, 117px\" \/><\/span><\/p>\n<p><span style=\"font-size: 20px; font-family: ;\"><em>249 rue Sainte Christine<\/em><\/span><\/div>\n<div><span style=\"font-size: 20px; font-family: ;\"><em>83000 TOULON<\/em><\/span><\/div>\n<div><span style=\"font-size: 20px; font-family: ;\"><em>France<\/em><\/span><\/div>\n<div>\u00a0<\/div>\n<div><span style=\"font-size: 20px; font-family: ;\"><em>\u00a0<\/em><\/span><\/div>\n<div><span style=\"font-size: 28px; color: #003200; background-color: #ccff99; font-family: ;\"><em>\u00a0+33 630 54 90 06\u00a0<\/em><\/span><\/div>\n<div><span style=\"font-size: 28px; background-color: #ccff99; font-family: ;\"><em><a style=\"background-color: #ccff99;\" href=\"mailto:contact@frank-lovisolo.fr\" target=\"_blank\" rel=\"noopener noreferrer\">postmaster@frank-lovisolo.fr<\/a><\/em><\/span><\/div>\n<div><span style=\"color: #ffffff;\">&#8211;<\/span><\/div>\n<div><span style=\"font-size: 20px; font-family: ;\"><em><a href=\"https:\/\/frank-lovisolo.fr\/WordPress\/\" target=\"_blank\" rel=\"noopener noreferrer\">http:\/\/frank-lovisolo.fr<\/a><\/em><\/span><\/div>\n<div><span style=\"font-size: 20px; font-family: ;\"><em><a href=\"https:\/\/www.facebook.com\/login\/?next=https%3A%2F%2Fwww.facebook.com%2Ffrank.lovisolo\" target=\"_blank\" rel=\"noopener noreferrer\">https:\/\/www.facebook.com\/frank.lovisolo<\/a><\/em><\/span><\/div>\n<div><span style=\"font-size: 20px; font-family: ;\"><em><a href=\"https:\/\/twitter.com\/franklovisolo\" target=\"_blank\" rel=\"noopener noreferrer\">https:\/\/twitter.com\/franklovisolo<\/a><\/em><\/span><\/div>\n<hr \/>\n<p>&nbsp;<\/p>\n<h2 style=\"text-align: left;\"><span class=\"ez-toc-section\" id=\"me-contacter-%e2%80%93-contact-me\"><\/span><span style=\"font-family: ;\">Me contacter &#8211; Contact me<\/span><span class=\"ez-toc-section-end\"><\/span><\/h2>\n<address style=\"text-align: center;\">\u00a0<\/address>\n<table style=\"width: 100%;\">\n<tbody>\n<tr>\n<td style=\"background-color: #85dec3; border-color: #117351; height: 90px;\"><span style=\"font-family: ;\">\u00a0<\/span><\/p>\n<p style=\"text-align: center;\"><span style=\"font-family: ;\"><em>\n<div class=\"wpcf7 no-js\" id=\"wpcf7-f27450-o1\" lang=\"fr-FR\" dir=\"ltr\" data-wpcf7-id=\"27450\">\n<div class=\"screen-reader-response\"><p role=\"status\" aria-live=\"polite\" aria-atomic=\"true\"><\/p> <ul><\/ul><\/div>\n<form action=\"\/WordPress\/wp-json\/wp\/v2\/pages\/6610#wpcf7-f27450-o1\" method=\"post\" class=\"wpcf7-form init\" aria-label=\"Formulaire de contact\" novalidate=\"novalidate\" data-status=\"init\">\n<fieldset class=\"hidden-fields-container\"><input type=\"hidden\" name=\"_wpcf7\" value=\"27450\" \/><input type=\"hidden\" name=\"_wpcf7_version\" value=\"6.1.5\" \/><input type=\"hidden\" name=\"_wpcf7_locale\" value=\"fr_FR\" \/><input type=\"hidden\" name=\"_wpcf7_unit_tag\" value=\"wpcf7-f27450-o1\" \/><input type=\"hidden\" name=\"_wpcf7_container_post\" value=\"0\" \/><input type=\"hidden\" name=\"_wpcf7_posted_data_hash\" value=\"\" \/><input type=\"hidden\" name=\"_wpcf7_recaptcha_response\" value=\"\" \/>\n<\/fieldset>\n<p><label> Votre nom (obligatoire) - Your Name<br \/>\n<span class=\"wpcf7-form-control-wrap\" data-name=\"your-name\"><input size=\"40\" maxlength=\"400\" class=\"wpcf7-form-control wpcf7-text wpcf7-validates-as-required\" aria-required=\"true\" aria-invalid=\"false\" value=\"\" type=\"text\" name=\"your-name\" \/><\/span> <\/label>\n<\/p>\n<p><label> Votre adresse de messagerie (obligatoire) - Your Email<br \/>\n<span class=\"wpcf7-form-control-wrap\" data-name=\"your-email\"><input size=\"40\" maxlength=\"400\" class=\"wpcf7-form-control wpcf7-email wpcf7-validates-as-required wpcf7-text wpcf7-validates-as-email\" aria-required=\"true\" aria-invalid=\"false\" value=\"\" type=\"email\" name=\"your-email\" \/><\/span> <\/label>\n<\/p>\n<p><label> Objet - Subject<br \/>\n<span class=\"wpcf7-form-control-wrap\" data-name=\"your-subject\"><input size=\"40\" maxlength=\"400\" class=\"wpcf7-form-control wpcf7-text\" aria-invalid=\"false\" value=\"\" type=\"text\" name=\"your-subject\" \/><\/span> <\/label>\n<\/p>\n<p><label> Votre message - Your message<br \/>\n<span class=\"wpcf7-form-control-wrap\" data-name=\"your-message\"><textarea cols=\"40\" rows=\"10\" maxlength=\"2000\" class=\"wpcf7-form-control wpcf7-textarea\" aria-invalid=\"false\" name=\"your-message\"><\/textarea><\/span> <\/label>\n<\/p>\n<p><input class=\"wpcf7-form-control wpcf7-submit has-spinner\" type=\"submit\" value=\"Envoyer - Submit\" \/>\n<\/p><p style=\"display: none !important;\" class=\"akismet-fields-container\" data-prefix=\"_wpcf7_ak_\"><label>&#916;<textarea name=\"_wpcf7_ak_hp_textarea\" cols=\"45\" rows=\"8\" maxlength=\"100\"><\/textarea><\/label><input type=\"hidden\" id=\"ak_js_1\" name=\"_wpcf7_ak_js\" value=\"152\"\/><script>document.getElementById( \"ak_js_1\" ).setAttribute( \"value\", ( new Date() ).getTime() );<\/script><\/p><div class=\"wpcf7-response-output\" aria-hidden=\"true\"><\/div>\n<\/form>\n<\/div>\n<\/em><\/span><\/p>\n<p><span style=\"font-family: ;\">\u00a0<\/span><\/td>\n<\/tr>\n<tr>\n<td style=\"background-color: #ffffff; border-color: #117351;\">\n<h2 style=\"text-align: left;\"><span class=\"ez-toc-section\" id=\"sabonner\"><\/span><span style=\"font-family: ;\">S&rsquo;abonner.<\/span><span class=\"ez-toc-section-end\"><\/span><\/h2>\n<\/td>\n<\/tr>\n<tr>\n<td style=\"background-color: #f3ffbd; border-color: #117351; height: 90px; text-align: center;\">\n<div>\u00a0<\/div>\n\n<div class=\"wpcf7 no-js\" id=\"wpcf7-f41288-o2\" lang=\"fr-FR\" dir=\"ltr\" data-wpcf7-id=\"41288\">\n<div class=\"screen-reader-response\"><p role=\"status\" aria-live=\"polite\" aria-atomic=\"true\"><\/p> <ul><\/ul><\/div>\n<form action=\"\/WordPress\/wp-json\/wp\/v2\/pages\/6610#wpcf7-f41288-o2\" method=\"post\" class=\"wpcf7-form init\" aria-label=\"Formulaire de contact\" novalidate=\"novalidate\" data-status=\"init\">\n<fieldset class=\"hidden-fields-container\"><input type=\"hidden\" name=\"_wpcf7\" value=\"41288\" \/><input type=\"hidden\" name=\"_wpcf7_version\" value=\"6.1.5\" \/><input type=\"hidden\" name=\"_wpcf7_locale\" value=\"fr_FR\" \/><input type=\"hidden\" name=\"_wpcf7_unit_tag\" value=\"wpcf7-f41288-o2\" \/><input type=\"hidden\" name=\"_wpcf7_container_post\" value=\"0\" \/><input type=\"hidden\" name=\"_wpcf7_posted_data_hash\" value=\"\" \/><input type=\"hidden\" name=\"_wpcf7_recaptcha_response\" value=\"\" \/>\n<\/fieldset>\n<p><label> Votre nom (obligatoire) - Your Name<br \/>\n<span class=\"wpcf7-form-control-wrap\" data-name=\"your-name\"><input size=\"40\" maxlength=\"400\" class=\"wpcf7-form-control wpcf7-text wpcf7-validates-as-required\" aria-required=\"true\" aria-invalid=\"false\" value=\"\" type=\"text\" name=\"your-name\" \/><\/span> <\/label>\n<\/p>\n<p><label> Votre adresse de messagerie (obligatoire) - Your Email<br \/>\n<span class=\"wpcf7-form-control-wrap\" data-name=\"email-189\"><input size=\"40\" maxlength=\"400\" class=\"wpcf7-form-control wpcf7-email wpcf7-validates-as-required wpcf7-text wpcf7-validates-as-email\" aria-required=\"true\" aria-invalid=\"false\" value=\"\" type=\"email\" name=\"email-189\" \/><\/span> <\/label>\n<\/p>\n<p><label> Votre message (facultatif) - Your message (optional)<br \/>\n<span class=\"wpcf7-form-control-wrap\" data-name=\"textarea-656\"><textarea cols=\"40\" rows=\"10\" maxlength=\"2000\" class=\"wpcf7-form-control wpcf7-textarea\" aria-invalid=\"false\" placeholder=\"Demande d&#039;abonnement - subscription request\" name=\"textarea-656\"><\/textarea><\/span> <\/label>\n<\/p>\n<p><input class=\"wpcf7-form-control wpcf7-submit has-spinner\" type=\"submit\" value=\"Envoyer - Submit\" \/>\n<\/p><p style=\"display: none !important;\" class=\"akismet-fields-container\" data-prefix=\"_wpcf7_ak_\"><label>&#916;<textarea name=\"_wpcf7_ak_hp_textarea\" cols=\"45\" rows=\"8\" maxlength=\"100\"><\/textarea><\/label><input type=\"hidden\" id=\"ak_js_2\" name=\"_wpcf7_ak_js\" value=\"6\"\/><script>document.getElementById( \"ak_js_2\" ).setAttribute( \"value\", ( new Date() ).getTime() );<\/script><\/p><div class=\"wpcf7-response-output\" aria-hidden=\"true\"><\/div>\n<\/form>\n<\/div>\n\n<div>\u00a0<\/div>\n<\/td>\n<\/tr>\n<\/tbody>\n<\/table>\n<p><span style=\"font-family: ;\"><!--nextpage--><\/span><\/p>\n<table style=\"width: 100%;\">\n<tbody>\n<tr>\n<td style=\"text-align: left;\">\n<h3 style=\"text-align: center;\"><span style=\"font-family: ;\">Frank C\u00e9sar Lovisolo est un r\u00e9alisateur multim\u00e9dia demeurant \u00e0 Toulon (France).<\/span><\/h3>\n<\/td>\n<\/tr>\n<tr>\n<td style=\"text-align: left;\">\n<p><span style=\"font-family: ;\"><img loading=\"lazy\" decoding=\"async\" class=\"alignleft wp-image-31191 size-medium\" src=\"https:\/\/frank-lovisolo.fr\/WordPress\/wp-content\/uploads\/2019\/07\/20190601_0471-460x460.jpg\" alt=\"Frank C\u00e9sar Lovisolo, artiste\" width=\"460\" height=\"460\" title=\"-\" srcset=\"https:\/\/frank-lovisolo.fr\/WordPress\/wp-content\/uploads\/2019\/07\/20190601_0471-460x460.jpg 460w, https:\/\/frank-lovisolo.fr\/WordPress\/wp-content\/uploads\/2019\/07\/20190601_0471-150x150.jpg 150w, https:\/\/frank-lovisolo.fr\/WordPress\/wp-content\/uploads\/2019\/07\/20190601_0471-250x250.jpg 250w, https:\/\/frank-lovisolo.fr\/WordPress\/wp-content\/uploads\/2019\/07\/20190601_0471.jpg 760w\" sizes=\"auto, (max-width: 460px) 100vw, 460px\" \/><\/span><\/p>\n<p style=\"text-align: justify;\"><span style=\"font-family: ;\">Compositeur de musique, il s\u2019est int\u00e9ress\u00e9 \u00e0 l\u2019image pour illustrer ses \u0153uvres musicales.<\/span><\/p>\n<p style=\"text-align: justify;\"><span style=\"font-family: ;\">Frank C\u00e9sar Lovisolo est actuellement Charg\u00e9 de cours \u00e0 Ing\u00e9m\u00e9dia (universit\u00e9 Toulon Sud) o\u00f9 il enseigne la technologie du son.<\/span><\/p>\n<div style=\"text-align: center;\"><span style=\"font-family: ;\">________________________<\/span><\/div>\n<p style=\"text-align: justify;\"><span style=\"font-family: ;\">En 2006, en collaboration avec Gabriella Carbone, il compose la musique et le film\u00a0<a href=\"https:\/\/frank-lovisolo.fr\/WordPress\/les-objets-de-cezanne\/\" target=\"_blank\" rel=\"noopener noreferrer\">\u00ab Les Objets de C\u00e9zanne \u00bb<\/a>\u00a0pour une installation entrem\u00ealant photographies, vid\u00e9o et musique dans l\u2019atelier du ma\u00eetre.<\/span><\/p>\n<p style=\"text-align: justify;\"><span style=\"font-family: ;\">Cette activit\u00e9 a continu\u00e9 avec deux r\u00e9alisations \u00ab Beslan\u00a0\u00bb et \u00ab Goya\u00a0\u00bb avec les textes de l\u2019actrice \u00e9crivain Emmanuelle Grang\u00e9.<\/span><\/p>\n<p style=\"text-align: justify;\"><span style=\"font-family: ;\">Ce sont des vid\u00e9os r\u00e9alis\u00e9es \u00e0 partir de photographies ou l\u2019illustration musicale contemporaine prend tout son sens.<\/span><\/p>\n<p style=\"text-align: justify;\"><span style=\"font-family: ;\">En 2008 Charles Baudelaire est \u00e0 l\u2019honneur dans un \u00ab auto-clip \u00bb enti\u00e8rement r\u00e9alis\u00e9 par l\u2019artiste : Spleen 2008.<\/span><\/p>\n<p style=\"text-align: justify;\"><span style=\"font-family: ;\">A partir de 2009 la photographie, la vid\u00e9o, l\u2019image et la musique sont indissociables de son \u00e9laboration artistique conceptuelle.<\/span><\/p>\n<p style=\"text-align: justify;\"><span style=\"font-family: ;\">S\u00e9lectionn\u00e9 par AVIFF \u00e0 Cannes en 2012 pour son film d\u2019artiste \u00ab Argonauts\u00bb l\u2019installation photo\/vid\u00e9o est ensuite expos\u00e9e au festival d\u2019art contemporain TinaB \u00e0 Prague en Octobre 2012.<\/span><\/p>\n<p style=\"text-align: justify;\"><span style=\"font-family: ;\">En soutien de son travail cette \u0153uvre est aussi repr\u00e9sent\u00e9e au Charlie Jazz Festival en 2012\u00a0&amp;\u00a02013.<\/span><\/p>\n<p style=\"text-align: justify;\"><span style=\"font-family: ;\">2013<\/span><br \/>\n<span style=\"font-family: ;\">Exposition Vid\u00e9o Moulin \u00e0 Jazz Vitrolles \u2013\u00a0Films : Nature Morte II\u00a0&amp; 01 \u2013 Hubris<\/span><\/p>\n<p style=\"text-align: justify;\"><span style=\"font-family: ;\">2014<\/span><\/p>\n<p style=\"text-align: justify;\"><span style=\"font-family: ;\">Selection AVIFF \u2013 festival de Cannes (Film Nature Morte II )<\/span><br \/>\n<span style=\"font-family: ;\">Exposition Moulin \u00e0 Jazz Vitrolles<\/span><br \/>\n<span style=\"font-family: ;\">Exposition Photos &amp; Vid\u00e9os ( Le vol d\u2019une nuit )\u00a0\u00e0 la Mairie d\u2019Honneur Toulon.<\/span><br \/>\n<span style=\"font-family: ;\">R\u00e9alisation des Films : L\u2019atelier de M\u00e9canique \u2013 Trois R\u00e9v\u00e9lations et leur Triptyque \u2013 Nature Morte 03<\/span><\/p>\n<p style=\"text-align: justify;\"><span style=\"font-family: ;\">2015<\/span><\/p>\n<p style=\"text-align: justify;\"><span style=\"font-family: ;\">Exposition Photos &amp; Vid\u00e9os \u00e0 la Galerie 13Bis \u2013 la Seyne sur mer<\/span><\/p>\n<p><span style=\"font-family: ;\"><a href=\"https:\/\/frank-lovisolo.fr\/WordPress\/cv-condense-frank-lovisolo\/\">La suite &gt;&gt;&gt;&gt;&gt;<\/a><\/span><\/p>\n<p style=\"text-align: justify;\"><span style=\"font-family: ;\">Frank Lovisolo Guillard est actuellement Charg\u00e9 de cours \u00e0 Ing\u00e9m\u00e9dia (universit\u00e9 Toulon Sud) o\u00f9 il enseigne la technologie du son.<\/span><\/p>\n<div style=\"text-align: center;\">\u00a0<\/div>\n<\/td>\n<\/tr>\n<tr>\n<td style=\"text-align: center;\"><span style=\"font-family: ;\">[mappress mapid=\u00a0\u00bb19&Prime;]<\/span><\/td>\n<\/tr>\n<\/tbody>\n<\/table>\n<div style=\"text-align: center;\">\u00a0<\/div>\n<div id=\"ez-toc-container\" class=\"ez-toc-v2_0_82_2 ez-toc-wrap-center counter-hierarchy ez-toc-counter ez-toc-light-blue ez-toc-container-direction\">\n<label for=\"ez-toc-cssicon-toggle-item-69e5f51eda654\" class=\"ez-toc-cssicon-toggle-label\"><p class=\"ez-toc-title\" style=\"cursor:inherit\">Table des mati\u00e8res<\/p>\n<span class=\"ez-toc-cssicon\"><span class=\"eztoc-hide\" style=\"display:none;\">Toggle<\/span><span class=\"ez-toc-icon-toggle-span\"><svg style=\"fill: #999;color:#999\" xmlns=\"http:\/\/www.w3.org\/2000\/svg\" class=\"list-377408\" width=\"20px\" height=\"20px\" viewBox=\"0 0 24 24\" fill=\"none\"><path d=\"M6 6H4v2h2V6zm14 0H8v2h12V6zM4 11h2v2H4v-2zm16 0H8v2h12v-2zM4 16h2v2H4v-2zm16 0H8v2h12v-2z\" fill=\"currentColor\"><\/path><\/svg><svg style=\"fill: #999;color:#999\" class=\"arrow-unsorted-368013\" xmlns=\"http:\/\/www.w3.org\/2000\/svg\" width=\"10px\" height=\"10px\" viewBox=\"0 0 24 24\" version=\"1.2\" baseProfile=\"tiny\"><path d=\"M18.2 9.3l-6.2-6.3-6.2 6.3c-.2.2-.3.4-.3.7s.1.5.3.7c.2.2.4.3.7.3h11c.3 0 .5-.1.7-.3.2-.2.3-.5.3-.7s-.1-.5-.3-.7zM5.8 14.7l6.2 6.3 6.2-6.3c.2-.2.3-.5.3-.7s-.1-.5-.3-.7c-.2-.2-.4-.3-.7-.3h-11c-.3 0-.5.1-.7.3-.2.2-.3.5-.3.7s.1.5.3.7z\"\/><\/svg><\/span><\/span><\/label><input type=\"checkbox\"  id=\"ez-toc-cssicon-toggle-item-69e5f51eda654\" checked \/><nav><ul class='ez-toc-list ez-toc-list-level-1 ' ><ul class='ez-toc-list-level-3' ><li class='ez-toc-heading-level-3'><a class=\"ez-toc-link ez-toc-heading-1\" href=\"https:\/\/frank-lovisolo.fr\/WordPress\/adresse-frank-cesar-lovisolo\/#frank-cesar-lovisolo\" >Frank C\u00e9sar Lovisolo<\/a><\/li><\/ul><\/li><li class='ez-toc-page-1 ez-toc-heading-level-2'><a class=\"ez-toc-link ez-toc-heading-2\" href=\"https:\/\/frank-lovisolo.fr\/WordPress\/adresse-frank-cesar-lovisolo\/#me-contacter-%e2%80%93-contact-me\" >Me contacter &#8211; Contact me<\/a><\/li><li class='ez-toc-page-1 ez-toc-heading-level-2'><a class=\"ez-toc-link ez-toc-heading-3\" href=\"https:\/\/frank-lovisolo.fr\/WordPress\/adresse-frank-cesar-lovisolo\/#sabonner\" >S&rsquo;abonner.<\/a><\/li><\/ul><\/nav><\/div>\n","protected":false},"excerpt":{"rendered":"<p><span class=\"span-reading-time rt-reading-time\" style=\"display: block;\"><span class=\"rt-label rt-prefix\">Reading Time: <\/span> <span class=\"rt-time\"> 2<\/span> <span class=\"rt-label rt-postfix\">minutes<\/span><\/span>\u2026 <a class=\"continue-reading-link\" href=\"https:\/\/frank-lovisolo.fr\/WordPress\/adresse-frank-cesar-lovisolo\/\">Suite &#8211; Continue reading<\/a><\/p>\n","protected":false},"author":1,"featured_media":0,"parent":0,"menu_order":0,"comment_status":"closed","ping_status":"closed","template":"","meta":{"footnotes":""},"categories":[490,1,2540,353,1939],"tags":[2193,195,479],"class_list":["post-6610","page","type-page","status-publish","hentry","category-information","category-tous-les-articles","category-archives","category-presse","category-toulon","tag-contact","tag-lovisolo","tag-toulon"],"_links":{"self":[{"href":"https:\/\/frank-lovisolo.fr\/WordPress\/wp-json\/wp\/v2\/pages\/6610","targetHints":{"allow":["GET"]}}],"collection":[{"href":"https:\/\/frank-lovisolo.fr\/WordPress\/wp-json\/wp\/v2\/pages"}],"about":[{"href":"https:\/\/frank-lovisolo.fr\/WordPress\/wp-json\/wp\/v2\/types\/page"}],"author":[{"embeddable":true,"href":"https:\/\/frank-lovisolo.fr\/WordPress\/wp-json\/wp\/v2\/users\/1"}],"replies":[{"embeddable":true,"href":"https:\/\/frank-lovisolo.fr\/WordPress\/wp-json\/wp\/v2\/comments?post=6610"}],"version-history":[{"count":0,"href":"https:\/\/frank-lovisolo.fr\/WordPress\/wp-json\/wp\/v2\/pages\/6610\/revisions"}],"wp:attachment":[{"href":"https:\/\/frank-lovisolo.fr\/WordPress\/wp-json\/wp\/v2\/media?parent=6610"}],"wp:term":[{"taxonomy":"category","embeddable":true,"href":"https:\/\/frank-lovisolo.fr\/WordPress\/wp-json\/wp\/v2\/categories?post=6610"},{"taxonomy":"post_tag","embeddable":true,"href":"https:\/\/frank-lovisolo.fr\/WordPress\/wp-json\/wp\/v2\/tags?post=6610"}],"curies":[{"name":"wp","href":"https:\/\/api.w.org\/{rel}","templated":true}]}}