{"id":5673,"date":"2012-06-28T01:35:39","date_gmt":"2012-06-27T23:35:39","guid":{"rendered":"https:\/\/frank-lovisolo.fr\/WordPress\/?page_id=5673"},"modified":"2020-07-15T23:48:21","modified_gmt":"2020-07-15T21:48:21","slug":"dossier-2009-2010-lovisolo-guillard-frank","status":"publish","type":"page","link":"https:\/\/frank-lovisolo.fr\/WordPress\/dossier-de-presse-2\/dossier-2009-2010-lovisolo-guillard-frank\/","title":{"rendered":"Archives 2009-2010"},"content":{"rendered":"<span class=\"span-reading-time rt-reading-time\" style=\"display: block;\"><span class=\"rt-label rt-prefix\">Reading Time: <\/span> <span class=\"rt-time\"> &lt;\u00a01<\/span> <span class=\"rt-label rt-postfix\">minute<\/span><\/span><h4><span class=\"ez-toc-section\" id=\"dossier-de-presse-archives-2009-2010\"><\/span><span style=\"text-decoration: underline;\">Dossier de Presse ( Archives 2009 -2010 )<\/span><span class=\"ez-toc-section-end\"><\/span><\/h4>\n<p>Charlie Free 2009<\/p>\n<address><\/address>\n<p>Dossier de presse<\/p>\n<address><\/address>\n<p><a href=\"https:\/\/frank-lovisolo.fr\/WordPress\/dossier-de-presse-2\/dossier-2009-2010-lovisolo-guillard-frank\/\" rel=\"attachment wp-att-6820\"><img loading=\"lazy\" decoding=\"async\" class=\"alignleft wp-image-6820\" style=\"margin-right: 20px;\" title=\"Lovisolo-Guillard Frank\" src=\"https:\/\/frank-lovisolo.fr\/WordPress\/wp-content\/uploads\/2012\/06\/2069892799952.jpg\" alt=\"Lovisolo-Guillard Frank\" width=\"342\" height=\"500\" \/><\/a> \u00a0<\/p>\n<h2 style=\"text-align: justify;\"><span class=\"ez-toc-section\" id=\"lovisolo-guillard-frank\"><\/span><a href=\"https:\/\/frank-lovisolo.fr\/WordPress\/\" target=\"_blank\" rel=\"noopener noreferrer\">Lovisolo-Guillard Frank\u00a0<\/a><span class=\"ez-toc-section-end\"><\/span><\/h2>\n<ul style=\"text-align: justify;\">\n<li><span style=\"text-decoration: underline;\">Biographie\u00a0:<\/span><\/li>\n<\/ul>\n<p style=\"text-align: justify;\">Lovisolo-Guillard Frank\u00a0 est un r\u00e9alisateur multim\u00e9dia demeurant \u00e0 Toulon.<\/p>\n<p style=\"text-align: justify;\">Compositeur de musique, il s\u2019est int\u00e9ress\u00e9 \u00e0 l\u2019image pour illustrer ses \u0153uvres musicales.<\/p>\n<p style=\"text-align: justify;\">En 2006, en collaboration avec Gabriella Carbone, il compose la musique et le film \u00ab\u00a0Les Objets de C\u00e9zanne\u00a0\u00bb pour une installation entrem\u00ealant photographies, vid\u00e9o et musique dans l\u2019atelier du ma\u00eetre.<\/p>\n<p style=\"text-align: justify;\">Cette activit\u00e9 \u00e0 continu\u00e9 avec deux r\u00e9alisations \u00ab\u00a0Beslan<a title=\"\" href=\"file:\/\/\/F:\/Projets\/HSBC\/Biographie.docx#_ftn1\">[1]<\/a>\u00a0\u00bb et \u00ab\u00a0Goya<a title=\"\" href=\"file:\/\/\/F:\/Projets\/HSBC\/Biographie.docx#_ftn2\">[2]<\/a>\u00a0\u00bb avec les textes de l\u2019actrice \u00e9crivain Emmanuelle Grang\u00e9.<\/p>\n<p style=\"text-align: justify;\">Ce sont des vid\u00e9os r\u00e9alis\u00e9es \u00e0 partir de photographies ou l\u2019illustration musicale contemporaine prend tout son sens.<\/p>\n<p style=\"text-align: justify;\">En 2008 Charles Baudelaire est \u00e0 l\u2019honneur dans un \u00ab\u00a0auto-clip\u00a0\u00bb enti\u00e8rement r\u00e9alis\u00e9 par l\u2019artiste\u00a0: Spleen 2008<a title=\"\" href=\"file:\/\/\/F:\/Projets\/HSBC\/Biographie.docx#_ftn3\">[3]<\/a>.<\/p>\n<p style=\"text-align: justify;\">A partir de 2009 la photographie, la vid\u00e9o, l\u2019image et la musique sont indissociable de son \u00e9laboration artistique conceptuelle.<\/p>\n<p style=\"text-align: justify;\">S\u00e9lectionn\u00e9 par AVIFF \u00e0 Cannes en 2012 pour son film d\u2019artiste \u00ab\u00a0Argonauts<a title=\"\" href=\"file:\/\/\/F:\/Projets\/HSBC\/Biographie.docx#_ftn4\">[4]<\/a>\u00a0\u00bb l\u2019installation photo\/vid\u00e9o est ensuite expos\u00e9e au festival d\u2019art contemporain TinaB \u00e0 Prague en Octobre 2012.<\/p>\n<p style=\"text-align: justify;\">En soutien de son travail cette \u0153uvre est aussi repr\u00e9sent\u00e9e au Charlie Jazz Festival 2012.<\/p>\n<p style=\"text-align: justify;\">Lovisolo-Guillard Frank\u00a0 est actuellement Charg\u00e9 de cours \u00e0 Ing\u00e9m\u00e9dia (universit\u00e9 Toulon Sud) o\u00f9 il enseigne la technologie du son.<\/p>\n<div>\n<div style=\"text-align: justify;\"><a title=\"\" href=\"file:\/\/\/F:\/Projets\/HSBC\/Biographie.docx#_ftnref1\">[1]<\/a> <a href=\"https:\/\/frank-lovisolo.fr\/WordPress\/beslan\/\">https:\/\/frank-lovisolo.fr\/WordPress\/beslan\/<\/a><\/div>\n<div style=\"text-align: justify;\"><a title=\"\" href=\"file:\/\/\/F:\/Projets\/HSBC\/Biographie.docx#_ftnref2\">[2]<\/a> <a href=\"https:\/\/frank-lovisolo.fr\/WordPress\/goya\/\">https:\/\/frank-lovisolo.fr\/WordPress\/goya\/<\/a><\/div>\n<div style=\"text-align: justify;\"><a title=\"\" href=\"file:\/\/\/F:\/Projets\/HSBC\/Biographie.docx#_ftnref3\">[3]<\/a> <a href=\"https:\/\/frank-lovisolo.fr\/WordPress\/charles-baudelaire-spleen\/\">https:\/\/frank-lovisolo.fr\/WordPress\/charles-baudelaire-spleen\/<\/a><\/div>\n<div>\n<p style=\"text-align: justify;\"><a title=\"\" href=\"file:\/\/\/F:\/Projets\/HSBC\/Biographie.docx#_ftnref4\">[4]<\/a> <a href=\"https:\/\/frank-lovisolo.fr\/WordPress\/argonauts-photographies\/\">https:\/\/frank-lovisolo.fr\/WordPress\/argonauts-trailer\/<\/a><\/p>\n<\/div>\n<\/div>\n<div id=\"ez-toc-container\" class=\"ez-toc-v2_0_82_2 ez-toc-wrap-center counter-hierarchy ez-toc-counter ez-toc-light-blue ez-toc-container-direction\">\n<label for=\"ez-toc-cssicon-toggle-item-69e799a7141ba\" class=\"ez-toc-cssicon-toggle-label\"><p class=\"ez-toc-title\" style=\"cursor:inherit\">Table des mati\u00e8res<\/p>\n<span class=\"ez-toc-cssicon\"><span class=\"eztoc-hide\" style=\"display:none;\">Toggle<\/span><span class=\"ez-toc-icon-toggle-span\"><svg style=\"fill: #999;color:#999\" xmlns=\"http:\/\/www.w3.org\/2000\/svg\" class=\"list-377408\" width=\"20px\" height=\"20px\" viewBox=\"0 0 24 24\" fill=\"none\"><path d=\"M6 6H4v2h2V6zm14 0H8v2h12V6zM4 11h2v2H4v-2zm16 0H8v2h12v-2zM4 16h2v2H4v-2zm16 0H8v2h12v-2z\" fill=\"currentColor\"><\/path><\/svg><svg style=\"fill: #999;color:#999\" class=\"arrow-unsorted-368013\" xmlns=\"http:\/\/www.w3.org\/2000\/svg\" width=\"10px\" height=\"10px\" viewBox=\"0 0 24 24\" version=\"1.2\" baseProfile=\"tiny\"><path d=\"M18.2 9.3l-6.2-6.3-6.2 6.3c-.2.2-.3.4-.3.7s.1.5.3.7c.2.2.4.3.7.3h11c.3 0 .5-.1.7-.3.2-.2.3-.5.3-.7s-.1-.5-.3-.7zM5.8 14.7l6.2 6.3 6.2-6.3c.2-.2.3-.5.3-.7s-.1-.5-.3-.7c-.2-.2-.4-.3-.7-.3h-11c-.3 0-.5.1-.7.3-.2.2-.3.5-.3.7s.1.5.3.7z\"\/><\/svg><\/span><\/span><\/label><input type=\"checkbox\"  id=\"ez-toc-cssicon-toggle-item-69e799a7141ba\" checked \/><nav><ul class='ez-toc-list ez-toc-list-level-1 ' ><ul class='ez-toc-list-level-4' ><li class='ez-toc-heading-level-4'><ul class='ez-toc-list-level-4' ><li class='ez-toc-heading-level-4'><a class=\"ez-toc-link ez-toc-heading-1\" href=\"https:\/\/frank-lovisolo.fr\/WordPress\/dossier-de-presse-2\/dossier-2009-2010-lovisolo-guillard-frank\/#dossier-de-presse-archives-2009-2010\" >Dossier de Presse ( Archives 2009 -2010 )<\/a><\/li><\/ul><\/li><\/ul><\/li><li class='ez-toc-page-1 ez-toc-heading-level-2'><a class=\"ez-toc-link ez-toc-heading-2\" href=\"https:\/\/frank-lovisolo.fr\/WordPress\/dossier-de-presse-2\/dossier-2009-2010-lovisolo-guillard-frank\/#lovisolo-guillard-frank\" >Lovisolo-Guillard Frank\u00a0<\/a><\/li><\/ul><\/nav><\/div>\n","protected":false},"excerpt":{"rendered":"<p><span class=\"span-reading-time rt-reading-time\" style=\"display: block;\"><span class=\"rt-label rt-prefix\">Reading Time: <\/span> <span class=\"rt-time\"> &lt;\u00a01<\/span> <span class=\"rt-label rt-postfix\">minute<\/span><\/span>\u2026 <a class=\"continue-reading-link\" href=\"https:\/\/frank-lovisolo.fr\/WordPress\/dossier-de-presse-2\/dossier-2009-2010-lovisolo-guillard-frank\/\">Suite &#8211; Continue reading<\/a><\/p>\n","protected":false},"author":1,"featured_media":0,"parent":4605,"menu_order":4,"comment_status":"open","ping_status":"closed","template":"","meta":{"footnotes":""},"categories":[1,490,353],"tags":[550],"class_list":["post-5673","page","type-page","status-publish","hentry","category-tous-les-articles","category-information","category-presse","tag-angelin-quadri"],"_links":{"self":[{"href":"https:\/\/frank-lovisolo.fr\/WordPress\/wp-json\/wp\/v2\/pages\/5673","targetHints":{"allow":["GET"]}}],"collection":[{"href":"https:\/\/frank-lovisolo.fr\/WordPress\/wp-json\/wp\/v2\/pages"}],"about":[{"href":"https:\/\/frank-lovisolo.fr\/WordPress\/wp-json\/wp\/v2\/types\/page"}],"author":[{"embeddable":true,"href":"https:\/\/frank-lovisolo.fr\/WordPress\/wp-json\/wp\/v2\/users\/1"}],"replies":[{"embeddable":true,"href":"https:\/\/frank-lovisolo.fr\/WordPress\/wp-json\/wp\/v2\/comments?post=5673"}],"version-history":[{"count":0,"href":"https:\/\/frank-lovisolo.fr\/WordPress\/wp-json\/wp\/v2\/pages\/5673\/revisions"}],"up":[{"embeddable":true,"href":"https:\/\/frank-lovisolo.fr\/WordPress\/wp-json\/wp\/v2\/pages\/4605"}],"wp:attachment":[{"href":"https:\/\/frank-lovisolo.fr\/WordPress\/wp-json\/wp\/v2\/media?parent=5673"}],"wp:term":[{"taxonomy":"category","embeddable":true,"href":"https:\/\/frank-lovisolo.fr\/WordPress\/wp-json\/wp\/v2\/categories?post=5673"},{"taxonomy":"post_tag","embeddable":true,"href":"https:\/\/frank-lovisolo.fr\/WordPress\/wp-json\/wp\/v2\/tags?post=5673"}],"curies":[{"name":"wp","href":"https:\/\/api.w.org\/{rel}","templated":true}]}}