{"id":47869,"date":"2024-07-07T19:37:55","date_gmt":"2024-07-07T17:37:55","guid":{"rendered":"https:\/\/frank-lovisolo.fr\/WordPress\/?page_id=47869"},"modified":"2024-08-28T09:00:47","modified_gmt":"2024-08-28T07:00:47","slug":"the-sound-of-anthropocene-2024","status":"publish","type":"page","link":"https:\/\/frank-lovisolo.fr\/WordPress\/the-sound-of-anthropocene-2024\/","title":{"rendered":"The Sound of Anthropocene &#8211; S\u00e9lection 2024"},"content":{"rendered":"<span class=\"span-reading-time rt-reading-time\" style=\"display: block;\"><span class=\"rt-label rt-prefix\">Reading Time: <\/span> <span class=\"rt-time\"> 7<\/span> <span class=\"rt-label rt-postfix\">minutes<\/span><\/span><h5><span class=\"ez-toc-section\" id=\"the-sound-of-anthropocene\"><\/span><span style=\"color: #ffffff; font-size: 8px;\">The Sound of Anthropocene<\/span><span class=\"ez-toc-section-end\"><\/span><\/h5>\n<h1 style=\"text-align: justify;\"><span class=\"ez-toc-section\" id=\"dear-sound-of-anthropocene-artists\"><\/span><span style=\"font-size: 28px;\">Dear Sound of Anthropocene artists,<br \/>\n<\/span><span class=\"ez-toc-section-end\"><\/span><\/h1>\n<p style=\"text-align: justify;\"><a href=\"#P001\"><span style=\"font-size: 18px;\"><strong>Ma programmation &gt;&gt;&gt;&gt;&gt;<\/strong><\/span><\/a><br \/>\nMusique : <a href=\"#M001\"><strong><span style=\"background-color: #ccff99;\">Brutalism, 2016, 13:02<\/span><\/strong><\/a><\/p>\n<div style=\"text-align: justify;\">\n<p><a href=\"https:\/\/alphabet.nmartproject.net\/\" target=\"_blank\" rel=\"noopener\"><img loading=\"lazy\" decoding=\"async\" class=\"alignleft wp-image-47903 size-medium\" src=\"https:\/\/frank-lovisolo.fr\/WordPress\/wp-content\/uploads\/2024\/07\/unnamed-460x286.png\" alt=\"The Sound of Anthropocene\" width=\"460\" height=\"286\" title=\"-\" srcset=\"https:\/\/frank-lovisolo.fr\/WordPress\/wp-content\/uploads\/2024\/07\/unnamed-460x286.png 460w, https:\/\/frank-lovisolo.fr\/WordPress\/wp-content\/uploads\/2024\/07\/unnamed-768x478.png 768w, https:\/\/frank-lovisolo.fr\/WordPress\/wp-content\/uploads\/2024\/07\/unnamed-241x150.png 241w, https:\/\/frank-lovisolo.fr\/WordPress\/wp-content\/uploads\/2024\/07\/unnamed-150x93.png 150w, https:\/\/frank-lovisolo.fr\/WordPress\/wp-content\/uploads\/2024\/07\/unnamed.png 910w\" sizes=\"auto, (max-width: 460px) 100vw, 460px\" \/><\/a><\/p>\n<\/div>\n<h2 style=\"text-align: justify;\"><span class=\"ez-toc-section\" id=\"a-partir-du-14-juillet-2024-le-lien-de-levenement-%c2%abhttps-alphabetnmartprojectnet%c2%bb-devrait-etre-actif-here-are-the-selected-artists-of-the-2nd-unity-of-interactive-installation-%e2%80%93-28-july-%e2%80%93-23-august-2024\"><\/span>A Partir du <span style=\"background-color: #ffff00; color: #ff3232;\">14 juillet 2024<\/span>, le lien de l&rsquo;\u00e9v\u00e8nement,<br \/>\n\u00ab<a href=\"https:\/\/alphabet.nmartproject.net\" target=\"_blank\" rel=\"noopener\">https:\/\/alphabet.nmartproject.net\/<\/a>\u00bb,<br \/>\ndevrait \u00eatre actif.<br \/>\n<strong><span style=\"font-size: large;\"><span style=\"color: #ff3232; background-color: #ffff00;\"><a style=\"color: #ff3232; background-color: #ffff00;\" href=\"https:\/\/cinema.nmartproject.net\/hyper-h-02\/\" target=\"_blank\" rel=\"noopener\">Here are the selected artists of the 2nd unity of interactive installation \u2013 28 July \u2013 23 August 2024<\/a><\/span><\/span><\/strong><span class=\"ez-toc-section-end\"><\/span><\/h2>\n<div style=\"text-align: justify;\"><span style=\"font-size: 16px;\">On occasion of the 20th anniversary of SoundLAB, The New Museum of Networked Art will launch \u201cAlpha Hypersonic Space\u201d @ Alphabet Art Centre\u00a0 &#8211;\u00a0 <\/span><span style=\"font-size: 16px;\">https:\/\/alphabeth.<wbr \/>nmartproject.net\u00a0 &#8211; during its Summer Program \u2013\u00a0Summer of Anthropocene\u00a0\u00a0&#8211; 14 July \u2013 08 September 2024 &#8211; \u00a0in order to give the comprehensive soundart collections a temporary home for audio streaming \u2013 starting with the new project of \u201cSound of Anthropocene\u201d featuring 150 artists\/sound art pieces demonstrating the diversity of sonic art creation.<\/span><\/div>\n<div><\/div>\n<div><span style=\"color: #ffffff;\">&#8211;<\/span><\/div>\n<div><\/div>\n<div style=\"text-align: justify;\"><span style=\"font-size: 20px;\"><em>\u00c0 l\u2019occasion du 20e anniversaire de SoundLAB, le New Museum of Networked Art lancera \u00ab Alpha Hypersonic Space \u00bb @ Alphabet Art Centre :\u00a0<\/em><\/span><br \/>\n<span style=\"font-size: 20px;\"><span style=\"font-size: 20px;\"><em><strong><a href=\"https:\/\/alphabet.nmartproject.net\/\" target=\"_blank\" rel=\"noopener\">https:\/\/alphabet.nmartproject.net<\/a> , <\/strong>le programme : <strong>Summer of Anthropocene<\/strong> du 14 juillet au 08 septembre 2024.<br \/>\nCeci <\/em><em>fin de donner \u00e0 ces collections\u00a0 de \u00absoundart\u00bb un moyen de diffusion\u00a0 audio en continu, en commen\u00e7ant par le nouveau projet de:<br \/>\n<strong>\u00ab The Sound of Anthropocene \u00bb<\/strong> <\/em><\/span><\/span><\/div>\n<div style=\"text-align: justify;\">\n<p><span style=\"font-size: 20px;\"><span style=\"font-size: 20px;\"><em>avec 150 artistes &amp; \u0153uvres sonores, d\u00e9montrant la diversit\u00e9 de la cr\u00e9ation.<\/em><\/span><\/span><\/p>\n<h1 style=\"text-align: justify;\"><a href=\"https:\/\/alphabet.nmartproject.net\/\" target=\"_blank\" rel=\"noopener\"><img loading=\"lazy\" decoding=\"async\" class=\"alignright wp-image-47902 size-medium\" src=\"https:\/\/frank-lovisolo.fr\/WordPress\/wp-content\/uploads\/2024\/07\/anmthropo10-1024x819-1-460x368.png\" alt=\"The Sound of Anthropocene\" width=\"460\" height=\"368\" title=\"-\" srcset=\"https:\/\/frank-lovisolo.fr\/WordPress\/wp-content\/uploads\/2024\/07\/anmthropo10-1024x819-1-460x368.png 460w, https:\/\/frank-lovisolo.fr\/WordPress\/wp-content\/uploads\/2024\/07\/anmthropo10-1024x819-1-768x614.png 768w, https:\/\/frank-lovisolo.fr\/WordPress\/wp-content\/uploads\/2024\/07\/anmthropo10-1024x819-1-188x150.png 188w, https:\/\/frank-lovisolo.fr\/WordPress\/wp-content\/uploads\/2024\/07\/anmthropo10-1024x819-1-150x120.png 150w, https:\/\/frank-lovisolo.fr\/WordPress\/wp-content\/uploads\/2024\/07\/anmthropo10-1024x819-1.png 1024w\" sizes=\"auto, (max-width: 460px) 100vw, 460px\" \/><\/a><\/h1>\n<\/div>\n<p><span style=\"font-size: large; color: #ffffff;\">\u00a0&#8211;<\/span><\/p>\n<div style=\"text-align: justify;\"><span style=\"font-size: 16px;\">There are different ways to present sound art, we decided currently for the online streaming during the summer 2024 and winter program 2024\/25 for the interactive installation, i.e. \u00a0forming 3 unities including each one about 50 works\/artists. Each unity will run for 4 weeks &#8211; starting on Sunday, 14 July 2024 \u00a0the 1st, on 28 July the 2nd \u00a0 and on 11 August the 3rd unity.\u00a0<\/span><\/div>\n<div style=\"text-align: justify;\">\n<p><span style=\"font-size: 16px;\">The same will happen later during the winter program starting on 20 December 2024-ending on 31 March 2025 celebrating 25 years anniversary of The New Museum of Networked art.<\/span><\/p>\n<p><span style=\"color: #ffffff;\">&#8211;<\/span><\/p>\n<p><span style=\"font-size: 20px;\">Il y a diff\u00e9rentes fa\u00e7ons de pr\u00e9senter l\u2019art sonore. Nous avons d\u00e9cid\u00e9 actuellement la diffusion en ligne pendant le programme \u00e9t\u00e9 2024 et hiver 2024\/25 une installation interactive, c&rsquo;est \u00e0 dire, former 3 unit\u00e9s d&rsquo;environ 50 \u0153uvres &amp; artistes.<br \/>\nChaque unit\u00e9 durera 4 semaines,\u00a0 \u00e0 partir du dimanche 14 juillet 2024 au 8 septembre 2024<\/span><br \/>\n<span style=\"font-size: 20px;\">La m\u00eame chose se produira plus tard au cours du programme d\u2019hiver qui d\u00e9butera le 20\u00a0d\u00e9cembre\u00a02024 et se terminera le 31\u00a0mars\u00a02025 pour c\u00e9l\u00e9brer le 25e anniversaire du Nouveau mus\u00e9e d\u2019art en r\u00e9seau.<\/span><\/p>\n<\/div>\n<hr \/>\n<h1 style=\"text-align: justify;\"><span class=\"ez-toc-section\" id=\"%e2%80%93-currently-online-here-are-the-selected-artists-of-the-1st-unity-of-interactive-installation-14-july-%e2%80%93-09-august-2024\"><\/span><strong><span style=\"font-size: large;\"><span style=\"color: #ffffff;\">&#8211;<\/span><br \/>\n<span style=\"background-color: #b2ff65;\"><span style=\"background-color: #ffff00; font-size: 26px; color: #ff3232;\">\u00a0Currently online\u00a0<\/span><br \/>\n<a style=\"background-color: #b2ff65;\" href=\"https:\/\/cinema.nmartproject.net\/hyper-h-01\/\" target=\"_blank\" rel=\"noopener\"><br \/>\n<\/a><\/span><a href=\"https:\/\/cinema.nmartproject.net\/hyper-h-01\/\" target=\"_blank\" rel=\"noopener\">Here are the selected artists of the 1st unity of interactive installation 14 July &#8211; 09 August 2024\u00a0<\/a><\/span><\/strong><span class=\"ez-toc-section-end\"><\/span><\/h1>\n<div style=\"text-align: justify;\">Pierre Ajavon (France) &#8211; Lost Garden, 2018, 4:16<br \/>\nAntonio Alvarado (Spain) &#8211; Global madonna. Madonna globale, 2020, 14:59<br \/>\nTristan Burfield (UK) &#8211; Extinction Loops I, 2020, 13:14<br \/>\nMyriam Bessette (CA) &#8211; Yoki, 2024, 04:55<br \/>\nNicola Cappelletti\/ Nicola Fumo Frattegiani (Italy) &#8211; SantAnna Capsule N.1, 2023, 4:55<br \/>\nOsvaldo Cibils \/ Colectivo Masai Aut\u00f3nomo (Uruguay\/Spain) &#8211; bodies of negative survival triptych &#8211; 1 tree with hammer, 2024, 15:00<br \/>\nFeliciano Chiriaco (Italy) &#8211; Vacuus, 2017, 5:34<br \/>\nJan de Weille (NL) &#8211; Steeds warmer, 2024, 4:55<br \/>\nBoris Donkson (UK) &#8211; Polyethylene Paradigm, 2024, 9:36<br \/>\nDomenico de Simone (Italy) &#8211; Hypnos, 2019, 07:01<br \/>\nChad Eby (USA) &#8211; syntheticEcologies, 2024,10:59<br \/>\nMarco Ferrazza (Italy) \u00a0&#8211; Gate Tale, 2023, 6:04<br \/>\nDee Fry (UK)- Anthropocene Stimscapesongs of Delay \/&amp;\/ Decay, 2024, 9:36<br \/>\nNicola Fumo Frattegiani (Italy &#8211; Roadstead,2021, 11:51<br \/>\nJohannes Christopher Gerard \u00a0(NL) &#8211; Dusk of Anthropocene, 2024, 5:54<br \/>\nRobert Gillespie (UK) &#8211; Legacy, 2024, 14:56<br \/>\nRalph Hoyte (UK) &#8211; How Goes The War, 2024, 8:20<br \/>\n\u0141ukasz Horb\u00f3w (Poland) &#8211; Lament, 2022,9:14<br \/>\nINFLUUT (Nat Cilia &amp; Daniel Maszkowicz) (CH) &#8211; Anthropocene,2024, 6:59<br \/>\nHagai Izenberg (IL) &#8211; Fragments, 2021, 4:19 Pierre Jolivet (France) &#8211; Radiant Planarity, 2023, 8:22<br \/>\nPanayiotis Kokoras (Greece) &#8211; AI Phantasy, 2020, 10:00<br \/>\nYuko Katori (Japan) &#8211; Kurakake 1, 2016, 10:56<br \/>\nRainer Krause (Chile) &#8211; Rrrain &#8211; Llluvia, \u00d1u\u00f1oa, 16-8-2021 (excerpt), 2020, 10:11<br \/>\nAliaksander Krutsel (BY) &#8211; The Mass, 2018, 13:34<br \/>\nLaila Kayali (USA) &#8211; Humanity&rsquo;s Contribution, 2024,1:03<br \/>\nLanD ExcapE (Italy) &#8211; The Middle Zone, 2023, 5:02<br \/>\nLe Tuan Hung (Vietnam) &#8211; Echoes from Human Footprints,2024, 6:47<br \/>\nSara Lana &amp; F\u00e9lix Blume (Brazil\/France) &#8211; Radio Mondial, 2018. 6:00<br \/>\nJohn Wedgwood Clark &amp; Rob Mackay (UK) &#8211; Inside the Red River, 2021, 15:00<br \/>\nWittwulf Y Malik (Germany) &#8211; 3 reactions to Fukushima &#8211; a Requiem\u201c, op. 157 \/ 2012, 10:00<br \/>\nOtse Mbida Fabrice Alan (Cameroon) &#8211; Magnus, 2023, 7:33<br \/>\nIvan Vladimirovich Menzelintsev (RU) &#8211; Ghost Village: Horror Movie, 2024, 4:58<br \/>\nAndreas Monopolis (Greece) &#8211; Digital trills, 2010, 6:12<br \/>\nNotorische Ruhestoerung (Germany) &#8211; Notorische Ruhestoerung live @ FFUS, 2023, 9:26<br \/>\nMasafumi Oda (Japan) &#8211; Circulation in and for turbulence \u2163 2024, 5:59<br \/>\nDebra Petrovitch (Australia) &#8211; Garden of the unforgiven, 2024, 7: 05<br \/>\nEli Purdy-Flacks (CA) &#8211; Four Worlds: Anthropocene, 2,2024, 4:17<br \/>\nAlberto Picciau (Italy) &#8211; Afelio IV, 2022, 6:48<br \/>\nBerk Yagli (Cyprus) &#8211; Grains of Temporality, 2022, 9:59<br \/>\nUna Walker (UK) &#8211; Pass-age, 2024, 07:15<br \/>\nNazarii Zanoz (UA) &#8211; Gravity of Mines,2021, 06:03<br \/>\nKristina Petukhina (Montenegro) &#8211; Inversion, 2022, 4:55<br \/>\nKris T Reeder (UK) &#8211; Export, 2022, 2:40<br \/>\nEthan Resnik (USA) Taraxacum, 2021, 6:10<br \/>\nG\u00fcnter Schlienz (Germany) &#8211; Lina-H\u00e4hnle-Blues, 2023, 7:22<br \/>\nBenjamin Schoones (NL) &#8211; Body is Warm, 2024, 03:33<br \/>\nJoan Schuman (USA) &#8211; Ghost Wolf, 2023, 12:32<br \/>\nEdmar Soria (MX) &#8211; Post Anthropocene Record No. X.01, 2023, 9:36<br \/>\nAdam Stanovic (UK) &#8211; Ten Billion, 2018, 40:00<br \/>\nIlia Tekhlikidi (Georgia) &#8211; Legoghost-Requiem for the Future, 2021, 3:19<\/div>\n<div><\/div>\n<div><span style=\"background-color: #ffffff; color: #ffffff;\">The Sound of Anthropocene &#8211; The Sound of Anthropocene &#8211; The Sound of Anthropocene &#8211; The Sound of Anthropocene &#8211; The Sound of Anthropocene &#8211; The Sound of Anthropocene &#8211;\u00a0<\/span><\/div>\n<hr \/>\n<p style=\"text-align: justify;\"><strong><span style=\"font-size: large;\"><a id=\"P001\"><\/a><span style=\"color: #ff3232; background-color: #ffff00;\"><a style=\"color: #ff3232; background-color: #ffff00;\" href=\"https:\/\/cinema.nmartproject.net\/hyper-h-02\/\" target=\"_blank\" rel=\"noopener\">Here are the selected artists of the 2nd unity of interactive installation \u2013 28 July \u2013 23 August 2024<\/a><\/span><\/span><\/strong><\/p>\n<div style=\"text-align: justify;\">Jorge Antunes (Brazil) &#8211; Amazon Unlended (Amaz\u00f4nia Deslendada), 2022,10:27<br \/>\nAntifilm (DK) &#8211; Hive Mind, 2024, 5:08<br \/>\nHiroshi Atobe (Japan) &#8211; Invisible Bird, 2022, 1:00<br \/>\nCristian Gabriele Argento (Italy) &#8211; Divided in two, 2023, 9:56<br \/>\nItalo Bellu (Italy) &#8211; Street Dancing \u2013 Dance la rue, 2024, 2:18<br \/>\nHannah Bang (USA) &#8211; Echoes of Epoch, 2024, 04:08<br \/>\nBenoit Bories (France) &#8211; Pal\u00e9ficat, 2024, 10:00<br \/>\nEthan Cheney (USA) &#8211; School Delay 2, 2024, 4:14<br \/>\nColectivo La Pesera (MX) &#8211; A door to the transfigurative mnemonics, 2024,6:12<br \/>\nFerran Destemple (Spain) &#8211; Pharmakon, 2024, 4:37<br \/>\nJean-Marc Duchenne (France) &#8211; Feet in my head, 2023, 9:55<br \/>\nFernando Egido (Spain) &#8211; Homo Homini lupus,2016, 11:30<br \/>\nChuse Fernandez (Spain) &#8211; Madrid killes me, 2024, 7:00<br \/>\nGuido Flichman (Argentina) &#8211; Hielo (La Presencia Invisible), 2020, 4:33<br \/>\nElena Ghigas (Italy) &#8211; Fl\u0113re, 2020, 10:00<br \/>\nLarry Matthew Gaab (USA) &#8211; Devouring The World, 2022, 5:26<br \/>\nJon Haure-Plac\u00e9 (France) &#8211; The DeadLine &#8211; Le Temps Perdu, 2017, 2:48<br \/>\nSimon Hutchinson (USA) &#8211; Mental Upgrade, 2024, 6:35<br \/>\nTimo Kahlen (Germany) &#8211; TRESPASSING (re-edit)\u201c, 2017\/2024, 1:29<br \/>\nAnton Kolbasko (Poland) &#8211; Raucous AI Ken, 2023, 7:14<br \/>\nEinike Leppik (Estonia) &#8211; Dolce_tormento,2019, 7:53<br \/>\nWiktor Mastela (Greece) &#8211; Annihilation, 2020, 5:13<br \/>\nJeff Morris (USA) &#8211; On the Electrodynamics of Working Bodies, 2016, 6:00<br \/>\nLiam McCartan (UK) \u00a0&#8211; Tuning A Planet, 2014, 3:58<br \/>\nPedro Pascoali (Brazil) &#8211; De-cis\u00e3o, 2024, 1:00<br \/>\nElena Victoria Pastor (Venezuela) &#8211; Inside the whale, 2017, 3:40<br \/>\nJean-Paul Qu\u00e9innec &amp; William Pedneault (CA) \u00a0&#8211; Co-landscaping With Goats, 2024, 6:31<br \/>\nAllison Ogden (USA) &#8211; Pale Blue Dot, 2023, 11:59<br \/>\nJorge Ramos (Portugal) &#8211; Electronik Peace, 2012, 5:52<br \/>\nSimon \u0160erc (Slovenia) &#8211; Polynya, 2023, 8:38<br \/>\nAj\u00edt\u1eb9n\u00e0 Marco Scarassatti (Brazil) &#8211; Mata, 2023, 8:52<br \/>\nRyan Pratt (USA) &#8211; Invariance, 2015, 10:00<br \/>\nDavid Jason Snow (USA) &#8211; This is only a test, 2024, 5:43<br \/>\nPete Stollery (UK) &#8211; Pandemonium, 2021, 12:49<br \/>\nEva Ursprung (Austria) &#8211; The Hall, 2015, 6:32<br \/>\nAlix Tucou (USA) &#8211; Modernite, 2021, 4:29<br \/>\nDaniele Virgilio (Italy) &#8211; ENTHROPOCENE, 2024, 5:25<br \/>\nDavid V\u00e9lez (Colombia) &#8211; Ghost of Calder, 2024, 7:10<br \/>\nAlexis Raynault (CA) &#8211; Montr\u00e9al-Vaucluse, 2024, 21:00<br \/>\nCharles-Edouard Platel (France) &#8211; Very Far Very Close, 2019, 14:06<br \/>\nJonathan Wilson (USA) &#8211; Memory Wheels, 2019\/2022, 13:00<br \/>\nBalam Ronan (CH) &#8211; Singing vs Maschines, 2024, 1:43<br \/>\nEvan De Anda (USA) &#8211; Stop the Dams, 2024, 1:00<br \/>\nIrving Kinnersley (UK) &#8211; Estuary 2, 2023, 13:44<br \/>\nPaulo Motta (Brazil) &#8211; Audiosphere I &#8211; Derredor, 2024, 15:06<br \/>\n<span style=\"color: #ff3232;\"><strong><span style=\"background-color: #ccff99;\"><a id=\"M001\" style=\"color: #ff3232;\"><\/a><span style=\"background-color: #ffff00;\">Frank C\u00e9sar Lovisolo (France) &#8211; <a style=\"color: #ff3232; background-color: #ffff00;\" href=\"https:\/\/frank-lovisolo.fr\/WordPress\/brutalisme-bruitalisme-composition\/\" target=\"_blank\" rel=\"noopener\">Brutalism<\/a>, 2016, 13:02<\/span><\/span><\/strong><\/span><br \/>\nManuel Rocha Iturbide (MX) &#8211; FABRICA SP, 2022, 11:19<br \/>\nBogyeong Shin (S.Korea) &#8211; Cosmos ll, 2023, 6:49<br \/>\nBenjamin F. Stumpf (Germany) &#8211; The Chincha Diary, 2024, 5:36<br \/>\nHenrique Vaz (Brazil) &#8211; De Silenti Natura, 2021, 10:12<\/div>\n<div><\/div>\n<div><span style=\"background-color: #ffffff; color: #ffffff;\">The Sound of Anthropocene &#8211; The Sound of Anthropocene &#8211; The Sound of Anthropocene &#8211; The Sound of Anthropocene &#8211; The Sound of Anthropocene &#8211; The Sound of Anthropocene &#8211;\u00a0<\/span><\/div>\n<hr \/>\n<p style=\"text-align: justify;\"><strong><span style=\"font-size: large;\">Here are the selected artists of the 3rd \u00a0unity of interactive installation \u2013 11 August \u2013 08 September 2024<\/span><\/strong><\/p>\n<div style=\"text-align: justify;\">Barry Anderson (USA) &#8211; The Germ, 2021, 3:56<br \/>\nAnton Anishchanka (BY) &#8211; Dawn Chorus, 2024, 21:16<br \/>\nGiovanni Michelle Arroyo Torres (MX) &#8211; Eco Anthropo: Humans and new sound environments, 2023, 7:38<br \/>\nPaul Beaudoin (Estonia) &#8211; Sound Thought 3, 2024, 7:38<br \/>\nSilliam Bims (USA) &#8211; Watertown Manhunt, 2013, 6:03<br \/>\nF\u00e9lix Blume (France) &#8211; Horses Talk, 2018, 7:19<br \/>\nSara Broto (Spain) &#8211; Echoes from Earth, 2021, 09:23<br \/>\nCave Aquam Collective (Italy) &#8211; Cave aquam I, 2024, 22:17<br \/>\nChin Ting Chan (CN\/USA) &#8211; Mirror Sculpture,2023, 9:00<br \/>\nSimon Coates (UK) &#8211; Fire Into the Sun, 2024, 1:48<br \/>\nGordon Delap (Ireland) &#8211; I dreamt that I died and came back as a moth trapped in a practice room piano, 2017, 9:25<br \/>\nAmine Dhouibi (Tunisia) &#8211; Zuravan, 2024, 5:00<br \/>\nFinbarr Dillon (Ireland) &#8211; Sonority Doodling, 2019. 9:57<br \/>\nERIZONTE (Spain) &#8211; Countdown Rhythm 4 3 2 1, 2024, 2:38<br \/>\nCristian Fierbinteanu (Belgium) &#8211; She Smells April and May, 2024, 14:20<br \/>\nBrian Ledwidge Flynn (Ireland) &#8211; In Dust, Realization, 2022, 10:31<br \/>\nGiorgio Gerardi (Italy) &#8211; music from the video &lsquo;Driving&rsquo;, 2024, 5:51<br \/>\nJakob Gille (Germany) &#8211; Perspectives of Venice, 2024,. 14:00<br \/>\nMarek Hlav\u00e1\u010d (CZ) &#8211; Ovar Train Station, 2023, 4:13<br \/>\nJosephine Illingworth-Law (UK) &#8211; Singing The Mountain &#8211; Dawn, Aurora, 2024, 7:40<br \/>\nYeudiel Infante (MX) &#8211; Weeping willow &#8211; Salix babylonica, 2023, 13:26<br \/>\nRichard Jermain (USA) &#8211; Human Forces, 2024, 13:04<br \/>\nYauheni Kalmykou (Poland) &#8211; beta 19.2 bit water, 2023, 5:38<br \/>\nRoman Klaudo (Serbia) &#8211; Technoether, 2021, 8:36<br \/>\nChia-Liang Lai a.k.a ( ether o )(TW) &#8211; Prelude: beat induction, 2022, 5:11<br \/>\nZoe (Yi-Cheng) Lin (TW) &#8211; 3D Illusory Immersive Soundscape: Glacier, 2023, 10:00<br \/>\nNiki Matita (Germany) &#8211; Kundschafter, 2020-24, 6:20<br \/>\nIan McArthur (Australia) &#8211; Unseen, 2024, 10:38<br \/>\nRobert McClure (USA) \u00a0&#8211; In Excess, 2017,7:52<br \/>\nAriel Mioduser (IL) &#8211; Lava, 2022, 6:00<br \/>\nJ.F. Nation (USA) &#8211; Flowers Are Our Garments, 2024, 7:13<br \/>\nChaeryeong Oh (S.Korea) &#8211; Korean Fir, 2024, 2:41<br \/>\nMotoki Ohkubo (Japan) &#8211; White and Brown Eggs, 2024, 9:38<br \/>\nShawn Pinchbeck (Canada) &#8211; Where the Bees Buzz, 2022, 11:00<br \/>\nPROMECO (Paul Collins &amp; Mathilde Proy) (France) &#8211; Fievrurary 1, 2024, 7:43<br \/>\nGiuseppe E. Rapisarda (Italy) &#8211; Fuori \u00e8 dentro, 2020, 10:56<br \/>\nStephen Roddy (Ireland) &#8211; Thonis-Heracleion, peaceful beneath the waves, 2023, 7:36<br \/>\nMar Garrido Rom\u00e1n &amp; Laura Apolonio (Spain) Breathe Anthropocene, breathe, 2024, 4:02<br \/>\nTimothy Roy (USA) &#8211; Brompton &amp; Braeswood, 2023, 11:05<br \/>\nPetr Safronov (NL) -Loud Enough, 2024, 6:39<br \/>\nChiradip Sarkar (India) &#8211; CALM BEFORE STORM, 2023, 5:36<br \/>\nJean-Yves Sellin (France)- Barking up the wrong tree?, 2023, 5:26<br \/>\nMat\u00edas Ignacio Serrano (Chile) &#8211; Can you remember the last rain?, 2023, 5:10<br \/>\nAkg\u00fcn Tokatl\u0131 (Turkey) &#8211; Sound of Artifipocene 1. 2024, 2:06<br \/>\nMarina Trevino (USA) &#8211; Everyday-dream, 2024, 1:00<br \/>\nMichael Trommer (Canada) &#8211; Spectral Sound Systems, 2024, 10:00<br \/>\nWilly Leo Van Buggenhout (NL) &#8211; Hofschool, 2024, 37:16<br \/>\nEduardo Brigag\u00e3o Verderame (Brazil) &#8211; Recidade, 2024, 3:00<br \/>\nJean Voguet (France) &#8211; \u00ab g\u00ea \u00bb part1, 2023, 8:05<br \/>\nWillyn Whiting (CA) &#8211; Good Boy, 2023, 1:00<\/div>\n<div><\/div>\n<div><span style=\"background-color: #ffffff; color: #ffffff;\">The Sound of Anthropocene &#8211; The Sound of Anthropocene &#8211; The Sound of Anthropocene &#8211; The Sound of Anthropocene &#8211; The Sound of Anthropocene &#8211; The Sound of Anthropocene &#8211;\u00a0<\/span><\/div>\n<div id=\"ez-toc-container\" class=\"ez-toc-v2_0_82_2 ez-toc-wrap-center counter-hierarchy ez-toc-counter ez-toc-light-blue ez-toc-container-direction\">\n<label for=\"ez-toc-cssicon-toggle-item-69d0f7836f6d1\" class=\"ez-toc-cssicon-toggle-label\"><p class=\"ez-toc-title\" style=\"cursor:inherit\">Table des mati\u00e8res<\/p>\n<span class=\"ez-toc-cssicon\"><span class=\"eztoc-hide\" style=\"display:none;\">Toggle<\/span><span class=\"ez-toc-icon-toggle-span\"><svg style=\"fill: #999;color:#999\" xmlns=\"http:\/\/www.w3.org\/2000\/svg\" class=\"list-377408\" width=\"20px\" height=\"20px\" viewBox=\"0 0 24 24\" fill=\"none\"><path d=\"M6 6H4v2h2V6zm14 0H8v2h12V6zM4 11h2v2H4v-2zm16 0H8v2h12v-2zM4 16h2v2H4v-2zm16 0H8v2h12v-2z\" fill=\"currentColor\"><\/path><\/svg><svg style=\"fill: #999;color:#999\" class=\"arrow-unsorted-368013\" xmlns=\"http:\/\/www.w3.org\/2000\/svg\" width=\"10px\" height=\"10px\" viewBox=\"0 0 24 24\" version=\"1.2\" baseProfile=\"tiny\"><path d=\"M18.2 9.3l-6.2-6.3-6.2 6.3c-.2.2-.3.4-.3.7s.1.5.3.7c.2.2.4.3.7.3h11c.3 0 .5-.1.7-.3.2-.2.3-.5.3-.7s-.1-.5-.3-.7zM5.8 14.7l6.2 6.3 6.2-6.3c.2-.2.3-.5.3-.7s-.1-.5-.3-.7c-.2-.2-.4-.3-.7-.3h-11c-.3 0-.5.1-.7.3-.2.2-.3.5-.3.7s.1.5.3.7z\"\/><\/svg><\/span><\/span><\/label><input type=\"checkbox\"  id=\"ez-toc-cssicon-toggle-item-69d0f7836f6d1\" checked \/><nav><ul class='ez-toc-list ez-toc-list-level-1 ' ><ul class='ez-toc-list-level-5' ><li class='ez-toc-heading-level-5'><ul class='ez-toc-list-level-5' ><li class='ez-toc-heading-level-5'><ul class='ez-toc-list-level-5' ><li class='ez-toc-heading-level-5'><ul class='ez-toc-list-level-5' ><li class='ez-toc-heading-level-5'><a class=\"ez-toc-link ez-toc-heading-1\" href=\"https:\/\/frank-lovisolo.fr\/WordPress\/the-sound-of-anthropocene-2024\/#the-sound-of-anthropocene\" >The Sound of Anthropocene<\/a><\/li><\/ul><\/li><\/ul><\/li><\/ul><\/li><\/ul><\/li><li class='ez-toc-page-1 ez-toc-heading-level-1'><a class=\"ez-toc-link ez-toc-heading-2\" href=\"https:\/\/frank-lovisolo.fr\/WordPress\/the-sound-of-anthropocene-2024\/#dear-sound-of-anthropocene-artists\" >Dear Sound of Anthropocene artists,<\/a><ul class='ez-toc-list-level-2' ><li class='ez-toc-heading-level-2'><a class=\"ez-toc-link ez-toc-heading-3\" href=\"https:\/\/frank-lovisolo.fr\/WordPress\/the-sound-of-anthropocene-2024\/#a-partir-du-14-juillet-2024-le-lien-de-levenement-%c2%abhttps-alphabetnmartprojectnet%c2%bb-devrait-etre-actif-here-are-the-selected-artists-of-the-2nd-unity-of-interactive-installation-%e2%80%93-28-july-%e2%80%93-23-august-2024\" >A Partir du 14 juillet 2024, le lien de l&rsquo;\u00e9v\u00e8nement, \n\u00abhttps:\/\/alphabet.nmartproject.net\/\u00bb, \ndevrait \u00eatre actif. \nHere are the selected artists of the 2nd unity of interactive installation \u2013 28 July \u2013 23 August 2024<\/a><\/li><\/ul><\/li><li class='ez-toc-page-1 ez-toc-heading-level-1'><a class=\"ez-toc-link ez-toc-heading-4\" href=\"https:\/\/frank-lovisolo.fr\/WordPress\/the-sound-of-anthropocene-2024\/#%e2%80%93-currently-online-here-are-the-selected-artists-of-the-1st-unity-of-interactive-installation-14-july-%e2%80%93-09-august-2024\" >&#8211; \n\u00a0Currently online\u00a0 \n \nHere are the selected artists of the 1st unity of interactive installation 14 July &#8211; 09 August 2024\u00a0<\/a><\/li><\/ul><\/nav><\/div>\n","protected":false},"excerpt":{"rendered":"<p><span class=\"span-reading-time rt-reading-time\" style=\"display: block;\"><span class=\"rt-label rt-prefix\">Reading Time: <\/span> <span class=\"rt-time\"> 7<\/span> <span class=\"rt-label rt-postfix\">minutes<\/span><\/span>\u2026 <a class=\"continue-reading-link\" href=\"https:\/\/frank-lovisolo.fr\/WordPress\/the-sound-of-anthropocene-2024\/\">Suite &#8211; Continue reading<\/a><\/p>\n","protected":false},"author":1,"featured_media":47902,"parent":0,"menu_order":0,"comment_status":"closed","ping_status":"closed","template":"templates\/template-onecolumn.php","meta":{"footnotes":""},"categories":[3985,1],"tags":[],"class_list":["post-47869","page","type-page","status-publish","has-post-thumbnail","hentry","category-evenements","category-tous-les-articles"],"_links":{"self":[{"href":"https:\/\/frank-lovisolo.fr\/WordPress\/wp-json\/wp\/v2\/pages\/47869","targetHints":{"allow":["GET"]}}],"collection":[{"href":"https:\/\/frank-lovisolo.fr\/WordPress\/wp-json\/wp\/v2\/pages"}],"about":[{"href":"https:\/\/frank-lovisolo.fr\/WordPress\/wp-json\/wp\/v2\/types\/page"}],"author":[{"embeddable":true,"href":"https:\/\/frank-lovisolo.fr\/WordPress\/wp-json\/wp\/v2\/users\/1"}],"replies":[{"embeddable":true,"href":"https:\/\/frank-lovisolo.fr\/WordPress\/wp-json\/wp\/v2\/comments?post=47869"}],"version-history":[{"count":0,"href":"https:\/\/frank-lovisolo.fr\/WordPress\/wp-json\/wp\/v2\/pages\/47869\/revisions"}],"wp:featuredmedia":[{"embeddable":true,"href":"https:\/\/frank-lovisolo.fr\/WordPress\/wp-json\/wp\/v2\/media\/47902"}],"wp:attachment":[{"href":"https:\/\/frank-lovisolo.fr\/WordPress\/wp-json\/wp\/v2\/media?parent=47869"}],"wp:term":[{"taxonomy":"category","embeddable":true,"href":"https:\/\/frank-lovisolo.fr\/WordPress\/wp-json\/wp\/v2\/categories?post=47869"},{"taxonomy":"post_tag","embeddable":true,"href":"https:\/\/frank-lovisolo.fr\/WordPress\/wp-json\/wp\/v2\/tags?post=47869"}],"curies":[{"name":"wp","href":"https:\/\/api.w.org\/{rel}","templated":true}]}}