{"id":47787,"date":"2024-06-28T10:15:29","date_gmt":"2024-06-28T08:15:29","guid":{"rendered":"https:\/\/frank-lovisolo.fr\/WordPress\/?page_id=47787"},"modified":"2024-06-28T16:34:30","modified_gmt":"2024-06-28T14:34:30","slug":"la-greve-des-electeurs-octave-mirbeau","status":"publish","type":"page","link":"https:\/\/frank-lovisolo.fr\/WordPress\/la-greve-des-electeurs-octave-mirbeau\/","title":{"rendered":"La gr\u00e8ve des \u00e9lecteurs &#8211; Octave Mirbeau"},"content":{"rendered":"<span class=\"span-reading-time rt-reading-time\" style=\"display: block;\"><span class=\"rt-label rt-prefix\">Reading Time: <\/span> <span class=\"rt-time\"> 7<\/span> <span class=\"rt-label rt-postfix\">minutes<\/span><\/span><div><span style=\"color: #ffffff; font-size: 8px;\">La gr\u00e8ve des \u00e9lecteurs &#8211; Octave Mirbeau &#8211; La gr\u00e8ve des \u00e9lecteurs &#8211; Octave Mirbeau &#8211; La gr\u00e8ve des \u00e9lecteurs &#8211; Octave Mirbeau &#8211;\u00a0<\/span><\/div>\n<table style=\"width: 100%; border-collapse: collapse;\" cellpadding=\"10\">\n<tbody>\n<tr>\n<td style=\"width: 100%; text-align: center;\"><a href=\"https:\/\/fr.wikipedia.org\/wiki\/Octave_Mirbeau\" target=\"_blank\" rel=\"noopener\"><span style=\"font-size: 22px;\"> Octave Mirbeau<\/span><\/a><\/p>\n<p class=\"s2\"><span style=\"font-size: 24px;\"><strong><a href=\"https:\/\/fr.wikipedia.org\/wiki\/La_Gr%C3%A8ve_des_%C3%A9lecteurs\" target=\"_blank\" rel=\"noopener\">La Gr\u00e8ve des Electeurs<\/a><\/strong><\/span><\/p>\n<p><span style=\"font-size: 20px;\">Premi\u00e8re Parution: le 28 novembre 1888 dans Le Figaro<\/span><\/p>\n<p class=\"s5\">\n<\/td>\n<\/tr>\n<tr style=\"text-align: justify;\">\n<td style=\"width: 100%;\">\n<h2 style=\"text-align: center;\"><span class=\"ez-toc-section\" id=\"%e2%80%8cla-greve-des-electeurs%e2%80%8c\"><\/span><em><strong><span style=\"font-size: 26px;\">\u200cLa Gr\u00e8ve des \u00e9lecteurs\u200c<\/span><\/strong><\/em><span class=\"ez-toc-section-end\"><\/span><\/h2>\n<p>&nbsp;<\/p>\n<div id=\"attachment_47791\" style=\"width: 470px\" class=\"wp-caption alignright\"><img loading=\"lazy\" decoding=\"async\" aria-describedby=\"caption-attachment-47791\" class=\"wp-image-47791 size-medium\" src=\"https:\/\/frank-lovisolo.fr\/WordPress\/wp-content\/uploads\/2024\/06\/Octave_Mirbeau-460x681.jpg\" alt=\"La gr\u00e8ve des \u00e9lecteurs - Octave Mirbeau\" width=\"460\" height=\"681\" title=\"-\" srcset=\"https:\/\/frank-lovisolo.fr\/WordPress\/wp-content\/uploads\/2024\/06\/Octave_Mirbeau-460x681.jpg 460w, https:\/\/frank-lovisolo.fr\/WordPress\/wp-content\/uploads\/2024\/06\/Octave_Mirbeau-101x150.jpg 101w, https:\/\/frank-lovisolo.fr\/WordPress\/wp-content\/uploads\/2024\/06\/Octave_Mirbeau.jpg 513w\" sizes=\"auto, (max-width: 460px) 100vw, 460px\" \/><p id=\"caption-attachment-47791\" class=\"wp-caption-text\"><span style=\"font-size: 12px;\">Octave Mirbeau<\/span><\/p><\/div>\n<p><em><span style=\"font-size: 20px;\">Une chose m\u2019\u00e9tonne prodigieusement \u2014 j\u2019oserai dire qu\u2019elle me stup\u00e9fie \u2014 c\u2019est qu\u2019\u00e0 l\u2019heure scientifique o\u00f9 j\u2019\u00e9cris, apr\u00e8s les innombrables. exp\u00e9riences, apr\u00e8s les scandales journaliers, il puisse exister encore dans notre ch\u00e8re France (comme ils disent \u00e0 la Commission du budget) un \u00e9lecteur, un seul \u00e9lecteur, cet animal irrationnel, inorganique, hallucinant, qui consente \u00e0 se d\u00e9ranger de ses affaires, de ses r\u00eaves ou de ses plaisirs, pour voter en faveur de quelqu\u2019un ou de quelque chose. <\/span><\/em><\/p>\n<p><em><span style=\"font-size: 20px;\">Quand on r\u00e9fl\u00e9chit un seul instant, ce surprenant ph\u00e9nom\u00e8ne n\u2019est-il pas fait pour d\u00e9router les philosophies les plus subtiles et confondre la raison? O\u00f9 est-il le Balzac qui nous donnera la physiologie de l\u2019\u00e9lecteur moderne? Et le Charcot qui nous expliquera l\u2019anatomie et les mentalit\u00e9s de cet incurable d\u00e9ment?<br \/>\n<\/span><span style=\"font-size: 20px;\">Nous l\u2019attendons.<\/span><\/em><\/p>\n<p><em><span style=\"font-size: 20px;\">Je comprends qu\u2019un escroc trouve toujours des actionnaires, la Censure des d\u00e9fenseurs, l\u2019Op\u00e9ra-Comique des dilettanti, le Constitutionnel des abonn\u00e9s, M. Carnot des peintres qui c\u00e9l\u00e8brent sa triomphale et rigide entr\u00e9e dans une cit\u00e9 languedocienne; je comprends M. <a href=\"https:\/\/fr.wikipedia.org\/wiki\/Henri_Chantavoine\" target=\"_blank\" rel=\"noopener\">Chantavoine<\/a> s\u2019obstinant \u00e0 chercher des rimes; je comprends tout. <\/span><\/em><\/p>\n<p><em><span style=\"font-size: 20px;\">Mais qu\u2019un d\u00e9put\u00e9, ou un s\u00e9nateur, ou un pr\u00e9sident de R\u00e9publique, ou n\u2019importe lequel, parmi tous les \u00e9tranges farceurs qui r\u00e9clament une fonction \u00e9lective, quelle qu\u2019elle soit, trouve un \u00e9lecteur, c\u2019est-\u00e0-dire l\u2019\u00eatre irr\u00eav\u00e9, le martyr improbable, qui vous nourrit de son pain, vous v\u00eat de sa laine, vous engraisse de sa chair, vous enrichit de son argent, avec la seule perspective de recevoir, en \u00e9change de ces prodigalit\u00e9s, des <\/span><span style=\"font-size: 20px;\">coups de trique sur la nuque, des coups de pied au derri\u00e8re, quand ce n\u2019est pas des coups de fusil dans la poitrine, en v\u00e9rit\u00e9, cela d\u00e9passe les notions d\u00e9j\u00e0 pas mal pessimistes que je m\u2019\u00e9tais faites jusqu\u2019ici de la sottise humaine, en g\u00e9n\u00e9ral, et de la sottise fran\u00e7aise en particulier, notre ch\u00e8re et immortelle sottise, \u00f4 chauvin !<\/span><\/em><\/p>\n<p><em><span style=\"font-size: 20px;\">Il est bien entendu que je parle ici de l\u2019\u00e9lecteur averti, convaincu, de l\u2019\u00e9lecteur th\u00e9oricien, de celui qui s\u2019imagine, le pauvre diable, faire acte de citoyen libre, \u00e9taler sa souverainet\u00e9, exprimer ses opinions, imposer \u2014 \u00f4 folie admirable et d\u00e9concertante \u2014 des programmes politiques et des revendications sociales; et non point de \u00e9lecteur \u00ab qui la conna\u00eet \u00bb et qui s\u2019en moque, de celui qui ne voit dans \u00ab les r\u00e9sultats de sa toute-puissance \u00bb qu\u2019une rigolade \u00e0 la charcuterie monarchiste, ou une ribote au vin r\u00e9publicain. Sa souverainet\u00e9 \u00e0 celui-l\u00e0, c\u2019est de se pocharder aux frais du suffrage universel.<br \/>\nIl est dans le vrai, car cela seul lui importe, et il n\u2019a cure du reste.<br \/>\nIl sait ce qu\u2019il fait. <\/span><\/em><\/p>\n<p><em><span style=\"font-size: 20px;\">Mais les autres?<br \/>\n<\/span><span style=\"font-size: 20px;\">Ah! oui, les autres! Les s\u00e9rieux, les aust\u00e8res, les peuple souverain, ceux-l\u00e0 qui sentent une ivresse les gagner lorsqu\u2019ils se regardent et se disent : \u00ab Je suis \u00e9lecteur! Rien ne se fait que par moi. Je suis la base de la soci\u00e9t\u00e9 moderne. Par ma volont\u00e9, <a href=\"https:\/\/fr.wikipedia.org\/wiki\/Charles_Floquet\" target=\"_blank\" rel=\"noopener\">Floquet<\/a> fait des lois auxquelles sont astreints trente-six millions d\u2019hommes, et <a href=\"https:\/\/fr.wikipedia.org\/wiki\/L%C3%A9on-Armand_de_Baudry_d%27Asson\" target=\"_blank\" rel=\"noopener\">Baudry d\u2019Asson<\/a> aussi et <a href=\"https:\/\/fr.wikipedia.org\/wiki\/Louis_Pierre-Alype\" target=\"_blank\" rel=\"noopener\">Pierre Alype<\/a> \u00e9galement. \u00bb <\/span><\/em><\/p>\n<p><em><span style=\"font-size: 20px;\">Comment y en a-t-il encore de cet acabit? Comment, si ent\u00eat\u00e9s, si orgueilleux, si paradoxaux qu\u2019ils soient, n\u2019ont-ils pas \u00e9t\u00e9, depuis longtemps, d\u00e9courag\u00e9s et honteux de leur \u0153uvre? Comment peut-il arriver qu\u2019il se rencontre quelque part, m\u00eame dans le fond des landes perdues de la Bretagne, m\u00eame dans les inaccessibles cavernes des C\u00e9vennes et des Pyr\u00e9n\u00e9es, un bonhomme assez stupide, assez d\u00e9raisonnable, assez aveugle \u00e0 ce qui se voit, assez sourd \u00e0 ce qui se dit, pour voter bleu, blanc ou rouge, sans que rien l\u2019y oblige, sans qu\u2019on le paye ou sans qu\u2019on le so\u00fble?<\/span><\/em><\/p>\n<p><em><span style=\"font-size: 20px;\">\u00c0 quel sentiment baroque, \u00e0 quelle myst\u00e9rieuse suggestion peut bien ob\u00e9ir ce bip\u00e8de pensant, dou\u00e9 d\u2019une volont\u00e9, \u00e0 ce qu\u2019on pr\u00e9tend, et qui s\u2019en va, fier de son droit, assur\u00e9 qu\u2019il accomplit un devoir, d\u00e9poser dans une bo\u00eete \u00e9lectorale quelconque un quelconque bulletin, peu importe le nom qu\u2019il ait \u00e9crit dessus?\u2026<br \/>\n<\/span><span style=\"font-size: 20px;\">Qu\u2019est-ce qu\u2019il doit bien se dire, en dedans de soi, qui <\/span><span style=\"font-size: 20px;\">justifie ou seulement qui explique cet acte extravagant? Qu\u2019est- ce qu\u2019il esp\u00e8re? Car enfin, pour consentir \u00e0 se donner des ma\u00eetres avides qui le grugent et qui l\u2019assomment, il faut qu\u2019il se dise et qu\u2019il esp\u00e8re quelque chose d\u2019extraordinaire que nous ne soup\u00e7onnons pas. <\/span><\/em><\/p>\n<div id=\"attachment_47796\" style=\"width: 570px\" class=\"wp-caption alignleft\"><img loading=\"lazy\" decoding=\"async\" aria-describedby=\"caption-attachment-47796\" class=\"size-full wp-image-47796\" src=\"https:\/\/frank-lovisolo.fr\/WordPress\/wp-content\/uploads\/2024\/06\/mirbeau.webp\" alt=\"hotographie de l&#039;\u00e9crivain Octave Mirbeau, 1900 \u00a9Getty\" width=\"560\" height=\"315\" title=\"-\" srcset=\"https:\/\/frank-lovisolo.fr\/WordPress\/wp-content\/uploads\/2024\/06\/mirbeau.webp 560w, https:\/\/frank-lovisolo.fr\/WordPress\/wp-content\/uploads\/2024\/06\/mirbeau-460x259.webp 460w, https:\/\/frank-lovisolo.fr\/WordPress\/wp-content\/uploads\/2024\/06\/mirbeau-250x141.webp 250w, https:\/\/frank-lovisolo.fr\/WordPress\/wp-content\/uploads\/2024\/06\/mirbeau-150x84.webp 150w\" sizes=\"auto, (max-width: 560px) 100vw, 560px\" \/><p id=\"caption-attachment-47796\" class=\"wp-caption-text\"><span style=\"font-size: 12px;\">Photographie de l&rsquo;\u00e9crivain Octave Mirbeau, 1900 \u00a9Getty<\/span><\/p><\/div>\n<p><em><span style=\"font-size: 20px;\">Il faut que, par de puissantes d\u00e9viations c\u00e9r\u00e9brales, les id\u00e9es de d\u00e9put\u00e9 correspondent en lui \u00e0 des id\u00e9es de science, de justice, de d\u00e9vouement, de travail et de probit\u00e9; il faut que dans les noms seuls de <a href=\"https:\/\/fr.wikipedia.org\/wiki\/Paul_Barbe\" target=\"_blank\" rel=\"noopener\">Barbe<\/a> et de <a href=\"https:\/\/fr.wikipedia.org\/wiki\/Charles_Ba%C3%AFhaut\" target=\"_blank\" rel=\"noopener\">Ba\u00efhaut<\/a>, non moins que dans ceux de <a href=\"https:\/\/fr.wikipedia.org\/wiki\/Maurice_Rouvier\" target=\"_blank\" rel=\"noopener\">Rouvier<\/a> et de <a href=\"https:\/\/fr.wikipedia.org\/wiki\/Daniel_Wilson_(homme_politique)\" target=\"_blank\" rel=\"noopener\">Wilson<\/a>, il d\u00e9couvre une magie sp\u00e9ciale et qu\u2019il voie, au travers d\u2019un mirage, fleurir et s\u2019\u00e9panouir dans <a href=\"https:\/\/fr.wikipedia.org\/wiki\/Maurice_Vergoin\" target=\"_blank\" rel=\"noopener\">Vergoin<\/a> et dans <a href=\"https:\/\/fr.wikipedia.org\/wiki\/Gustave-Adolphe_Hubbard\" target=\"_blank\" rel=\"noopener\">Hubbard<\/a> des promesses de bonheur futur et de soulagement imm\u00e9diat. Et c\u2019est cela qui est v\u00e9ritablement effrayant. Rien ne lui sert de le\u00e7on, ni les com\u00e9dies les plus burlesques, ni les plus sinistres trag\u00e9dies.<\/span><\/em><\/p>\n<p><em><span style=\"font-size: 20px;\">Voil\u00e0 pourtant de longs si\u00e8cles que le monde dure, que les soci\u00e9t\u00e9s se d\u00e9roulent et se succ\u00e8dent, pareilles les unes aux autres, qu\u2019un fait unique domine toutes les histoires : la protection aux grands, l\u2019\u00e9crasement aux petits. Il ne peut arriver \u00e0 comprendre qu\u2019il n\u2019a qu\u2019une raison d\u2019\u00eatre historique, c\u2019est de payer pour un tas de choses dont il ne jouira jamais, et de mourir pour des combinaisons politiques qui ne le regardent point.<\/span><\/em><\/p>\n<p><em><span style=\"font-size: 20px;\">Que lui importe que ce soit Pierre ou Jean qui lui demande son argent et qui lui prenne la vie, puisqu\u2019il est oblig\u00e9 de se d\u00e9pouiller de l\u2019un, et de donner l\u2019autre?<\/span><\/em><\/p>\n<p><em><span style=\"font-size: 20px;\">Eh bien! non.<br \/>\nEntre ses voleurs et ses bourreaux, il a des pr\u00e9f\u00e9rences, et il vote pour les plus rapaces et les plus f\u00e9roces. Il a vot\u00e9 hier, il votera demain, il votera toujours. Les moutons vont \u00e0 l\u2019abattoir. Ils ne se disent rien, eux, et ils n\u2019esp\u00e8rent rien.<br \/>\nMais du moins ils ne votent pas pour le boucher qui les tuera, et <\/span><\/em><em><span style=\"font-size: 20px;\">pour le bourgeois qui les mangera. Plus b\u00eate que les b\u00eates, plus moutonnier que les moutons, l\u2019\u00e9lecteur nomme son boucher et choisit son bourgeois. Il a fait des R\u00e9volutions pour conqu\u00e9rir ce droit.<\/span><\/em><\/p>\n<div id=\"attachment_47798\" style=\"width: 470px\" class=\"wp-caption alignright\"><img loading=\"lazy\" decoding=\"async\" aria-describedby=\"caption-attachment-47798\" class=\"wp-image-47798 size-medium\" src=\"https:\/\/frank-lovisolo.fr\/WordPress\/wp-content\/uploads\/2024\/06\/Valloton-Mirbeau-460x526.jpg\" alt=\"PORTRAIT D&#039;OCTAVE MIRBEAU par F\u00c9LIX VALLOTTON - 1902Cr\u00e9dit photographique : Ville de Grenoble \/ Mus\u00e9e de Grenoble-J.L. Lacroix Domaine public\" width=\"460\" height=\"526\" title=\"-\" srcset=\"https:\/\/frank-lovisolo.fr\/WordPress\/wp-content\/uploads\/2024\/06\/Valloton-Mirbeau-460x526.jpg 460w, https:\/\/frank-lovisolo.fr\/WordPress\/wp-content\/uploads\/2024\/06\/Valloton-Mirbeau-768x879.jpg 768w, https:\/\/frank-lovisolo.fr\/WordPress\/wp-content\/uploads\/2024\/06\/Valloton-Mirbeau-131x150.jpg 131w, https:\/\/frank-lovisolo.fr\/WordPress\/wp-content\/uploads\/2024\/06\/Valloton-Mirbeau.jpg 874w\" sizes=\"auto, (max-width: 460px) 100vw, 460px\" \/><p id=\"caption-attachment-47798\" class=\"wp-caption-text\"><span style=\"font-size: 12px;\">PORTRAIT D&rsquo;OCTAVE MIRBEAU par <a href=\"https:\/\/fr.wikipedia.org\/wiki\/F%C3%A9lix_Vallotton\" target=\"_blank\" rel=\"noopener\">F\u00c9LIX VALLOTTON<\/a> &#8211; 1902<\/span><\/p><\/div>\n<p><em><span style=\"font-size: 20px;\">\u00d4 bon \u00e9lecteur, inexprimable imb\u00e9cile, pauvre h\u00e8re, si, au lieu de se laisser prendre aux rengaines absurdes que te d\u00e9bitent, chaque matin, pour un sou, les journaux grands ou petits, bleus <\/span><span style=\"font-size: 20px;\">ou noirs, blancs ou rouges, et qui sont pay\u00e9s pour avoir ta peau; si, au lieu de croire aux chim\u00e9riques flatteries dont on caresse ta vanit\u00e9, dont on entoure ta lamentable souverainet\u00e9 en guenilles, si, au lieu de t\u2019arr\u00eater, \u00e9ternel badaud, devant les lourdes duperies des programmes; si tu lisais parfois, au coin de ton feu, <a href=\"https:\/\/fr.wikipedia.org\/wiki\/Arthur_Schopenhauer\" target=\"_blank\" rel=\"noopener\">Schopenhauer<\/a> et <a href=\"https:\/\/fr.wikipedia.org\/wiki\/Max_Nordau\" target=\"_blank\" rel=\"noopener\">Max Nordau<\/a>, deux philosophes qui en savent long sur tes ma\u00eetres et sur toi, peut-\u00eatre apprendrais-tu des choses \u00e9tonnantes et utiles. <\/span><\/em><\/p>\n<p><em><span style=\"font-size: 20px;\">Peut-\u00eatre aussi, apr\u00e8s les avoir lus, serais-tu moins empress\u00e9 \u00e0 rev\u00eatir ton air grave et ta belle redingote, \u00e0 courir ensuite vers les urnes homicides o\u00f9, quelque nom que tu mettes, tu mets d\u2019avance le nom de ton plus mortel ennemi.<br \/>\nIls te diraient, en connaisseurs d\u2019humanit\u00e9, que la politique est un abominable mensonge, que tout y est \u00e0 l\u2019envers du bon sens, de la justice et du droit, et que tu n\u2019as rien \u00e0 y voir, toi dont le compte est r\u00e9gl\u00e9 au grand livre des destin\u00e9es humaines.<\/span><\/em><\/p>\n<p><em><span style=\"font-size: 20px;\">R\u00eave apr\u00e8s cela, si tu veux, des paradis de lumi\u00e8res et de parfums, des fraternit\u00e9s impossibles, des bonheurs irr\u00e9els. C\u2019est bon de r\u00eaver, et cela calme la souffrance. Mais ne m\u00eale jamais l\u2019homme \u00e0 ton r\u00eave, car l\u00e0 o\u00f9 est l\u2019homme, l\u00e0 est la douleur, la haine et le meurtre. Surtout, souviens-toi que l\u2019homme qui sollicite tes suffrages est, de ce fait, un malhonn\u00eate homme, parce qu\u2019en \u00e9change de la situation et de la fortune o\u00f9 tu le pousses, il te promet un tas de choses merveilleuses qu\u2019il ne te donnera pas et qu\u2019il n\u2019est pas, d\u2019ailleurs, en son pouvoir de te donner. <\/span><\/em><\/p>\n<div id=\"attachment_47810\" style=\"width: 714px\" class=\"wp-caption alignleft\"><img loading=\"lazy\" decoding=\"async\" aria-describedby=\"caption-attachment-47810\" class=\"wp-image-47810\" src=\"https:\/\/frank-lovisolo.fr\/WordPress\/wp-content\/uploads\/2024\/06\/Dubout-Election.jpg\" alt=\"\u00ab Tiens, la campagne \u00e9lectorale est commenc\u00e9e ! \u00bb, reproduit dans \u0152uvre int\u00e9gral, op. cit.,t. 3, p. 275 \u00a9 Indivision Dubout\" width=\"704\" height=\"550\" title=\"-\" srcset=\"https:\/\/frank-lovisolo.fr\/WordPress\/wp-content\/uploads\/2024\/06\/Dubout-Election.jpg 800w, https:\/\/frank-lovisolo.fr\/WordPress\/wp-content\/uploads\/2024\/06\/Dubout-Election-460x359.jpg 460w, https:\/\/frank-lovisolo.fr\/WordPress\/wp-content\/uploads\/2024\/06\/Dubout-Election-768x600.jpg 768w, https:\/\/frank-lovisolo.fr\/WordPress\/wp-content\/uploads\/2024\/06\/Dubout-Election-192x150.jpg 192w, https:\/\/frank-lovisolo.fr\/WordPress\/wp-content\/uploads\/2024\/06\/Dubout-Election-150x117.jpg 150w\" sizes=\"auto, (max-width: 704px) 100vw, 704px\" \/><p id=\"caption-attachment-47810\" class=\"wp-caption-text\"><span style=\"font-size: 14px;\">\u00ab Tiens, la campagne \u00e9lectorale est commenc\u00e9e ! \u00bb<br \/>reproduit dans \u0152uvre int\u00e9gral, op. cit.,t. 3, p. 275 \u00a9 Indivision <a href=\"https:\/\/www.dubout.fr\/index.php\" target=\"_blank\" rel=\"noopener\">Dubout<\/a><\/span><\/p><\/div>\n<p><em><span style=\"font-size: 20px;\"><br \/>\nL\u2019homme que tu \u00e9l\u00e8ves ne repr\u00e9sente ni ta mis\u00e8re, ni tes aspirations, ni rien de toi; il ne repr\u00e9sente que ses propres passions et ses propres int\u00e9r\u00eats, lesquels sont contraires aux tiens. Pour te r\u00e9conforter et ranimer des esp\u00e9rances qui seraient vite d\u00e9\u00e7ues, ne va pas t\u2019imaginer que le spectacle navrant auquel tu assistes aujourd\u2019hui est particulier \u00e0 une \u00e9poque ou \u00e0 un r\u00e9gime, et que cela passera.<\/span><\/em><\/p>\n<p><em><span style=\"font-size: 20px;\">Toutes les \u00e9poques se valent, et aussi tous les r\u00e9gimes, c\u2019est-\u00e0-dire qu\u2019ils ne valent rien. Donc, rentre chez toi, bonhomme, et fais la gr\u00e8ve du suffrage universel. Tu n\u2019as rien \u00e0 perdre, je t\u2019en r\u00e9ponds; et cela pourra t\u2019amuser quelque temps. Sur le seuil de ta porte, ferm\u00e9e aux qu\u00e9mandeurs d\u2019aum\u00f4nes politiques, tu regarderas d\u00e9filer la bagarre, en fumant silencieusement ta pipe.<\/span><\/em><\/p>\n<p><em><span style=\"font-size: 20px;\">Et s\u2019il existe, en un endroit ignor\u00e9, un honn\u00eate homme capable de te gouverner et de t\u2019aimer, ne le regrette pas.<br \/>\nIl serait <\/span><span style=\"font-size: 20px;\">trop jaloux de sa dignit\u00e9 pour se m\u00ealer \u00e0 la lutte fangeuse des partis, trop fier pour tenir de toi un mandat que tu n\u2019accordes jamais qu\u2019\u00e0 l\u2019audace cynique, \u00e0 l\u2019insulte et au mensonge.<\/span><\/em><\/p>\n<p><em><span style=\"font-size: 20px;\">Je te l\u2019ai dit, bonhomme, rentre chez toi et fais la gr\u00e8ve.<\/span><\/em><\/p>\n<hr \/>\n<h3 style=\"padding-left: 80px;\"><span class=\"ez-toc-section\" id=\"note\"><\/span>Note :<span class=\"ez-toc-section-end\"><\/span><\/h3>\n<p style=\"padding-left: 80px;\"><span style=\"font-size: 18px;\">L\u2019auteur a souvent omis les pr\u00e9noms des gens qu\u2019il cite, nous le faisons aussi pour nos contemporains.<br \/>\nJ\u2019ai fait quelques recherches pour les retrouver.<br \/>\n<\/span><span style=\"font-size: 18px;\">Toutefois, une erreur, malgr\u00e9 mon attention principalement quant aux dates, se sera peut-\u00eatre gliss\u00e9e.<br \/>\n<\/span><span style=\"font-size: 18px;\">Un commentaire sera bien venu afin que je puisse effectuer une correction.<\/span><\/p>\n<hr \/>\n<\/td>\n<\/tr>\n<tr style=\"text-align: justify;\">\n<td style=\"width: 100%;\"><span style=\"color: #ffffff; font-size: 10px;\">Octave Mirbeau &#8211; La gr\u00e8ve des \u00e9lecteurs &#8211; Octave Mirbeau &#8211; La gr\u00e8ve des \u00e9lecteurs &#8211; Octave Mirbeau &#8211;<\/span><\/td>\n<\/tr>\n<tr style=\"text-align: justify;\">\n<td style=\"width: 100%;\">\n<h2><span class=\"ez-toc-section\" id=\"octave-mirbeau\"><\/span><span style=\"font-size: 20px;\">OCTAVE MIRBEAU <\/span><span class=\"ez-toc-section-end\"><\/span><\/h2>\n<p style=\"text-align: justify;\"><span style=\"font-size: 20px;\">n\u00e9 le 16 f\u00e9vrier 1848 \u00e0 Tr\u00e9vi\u00e8res (Calvados) et mort le 16 f\u00e9vrier 1917 \u00e0 Paris 8e, \u00e9tait un \u00e9crivain, critique d&rsquo;art et journaliste fran\u00e7ais.<br \/>\nIl connut une c\u00e9l\u00e9brit\u00e9 europ\u00e9enne et de grands succ\u00e8s populaires, tout en \u00e9tant \u00e9galement appr\u00e9ci\u00e9 et reconnu par les avant-gardes litt\u00e9raires et artistiques.<\/span><\/p>\n<\/td>\n<\/tr>\n<tr style=\"text-align: justify;\">\n<td style=\"width: 100%;\"><span style=\"font-size: 12px;\"><a href=\"https:\/\/frank-lovisolo.fr\/WordPress\/\">https:\/\/frank-lovisolo.fr\/WordPress\/<\/a><\/span><\/td>\n<\/tr>\n<\/tbody>\n<\/table>\n<div><span style=\"color: #ffffff; font-size: 10px;\">La gr\u00e8ve des \u00e9lecteurs &#8211; Octave Mirbeau<\/span><\/div>\n<div id=\"ez-toc-container\" class=\"ez-toc-v2_0_82_2 ez-toc-wrap-center counter-hierarchy ez-toc-counter ez-toc-light-blue ez-toc-container-direction\">\n<label for=\"ez-toc-cssicon-toggle-item-69d7c9b73acc7\" class=\"ez-toc-cssicon-toggle-label\"><p class=\"ez-toc-title\" style=\"cursor:inherit\">Table des mati\u00e8res<\/p>\n<span class=\"ez-toc-cssicon\"><span class=\"eztoc-hide\" style=\"display:none;\">Toggle<\/span><span class=\"ez-toc-icon-toggle-span\"><svg style=\"fill: #999;color:#999\" xmlns=\"http:\/\/www.w3.org\/2000\/svg\" class=\"list-377408\" width=\"20px\" height=\"20px\" viewBox=\"0 0 24 24\" fill=\"none\"><path d=\"M6 6H4v2h2V6zm14 0H8v2h12V6zM4 11h2v2H4v-2zm16 0H8v2h12v-2zM4 16h2v2H4v-2zm16 0H8v2h12v-2z\" fill=\"currentColor\"><\/path><\/svg><svg style=\"fill: #999;color:#999\" class=\"arrow-unsorted-368013\" xmlns=\"http:\/\/www.w3.org\/2000\/svg\" width=\"10px\" height=\"10px\" viewBox=\"0 0 24 24\" version=\"1.2\" baseProfile=\"tiny\"><path d=\"M18.2 9.3l-6.2-6.3-6.2 6.3c-.2.2-.3.4-.3.7s.1.5.3.7c.2.2.4.3.7.3h11c.3 0 .5-.1.7-.3.2-.2.3-.5.3-.7s-.1-.5-.3-.7zM5.8 14.7l6.2 6.3 6.2-6.3c.2-.2.3-.5.3-.7s-.1-.5-.3-.7c-.2-.2-.4-.3-.7-.3h-11c-.3 0-.5.1-.7.3-.2.2-.3.5-.3.7s.1.5.3.7z\"\/><\/svg><\/span><\/span><\/label><input type=\"checkbox\"  id=\"ez-toc-cssicon-toggle-item-69d7c9b73acc7\" checked \/><nav><ul class='ez-toc-list ez-toc-list-level-1 ' ><li class='ez-toc-page-1 ez-toc-heading-level-2'><a class=\"ez-toc-link ez-toc-heading-1\" href=\"https:\/\/frank-lovisolo.fr\/WordPress\/la-greve-des-electeurs-octave-mirbeau\/#%e2%80%8cla-greve-des-electeurs%e2%80%8c\" >\u200cLa Gr\u00e8ve des \u00e9lecteurs\u200c<\/a><ul class='ez-toc-list-level-3' ><li class='ez-toc-heading-level-3'><a class=\"ez-toc-link ez-toc-heading-2\" href=\"https:\/\/frank-lovisolo.fr\/WordPress\/la-greve-des-electeurs-octave-mirbeau\/#note\" >Note :<\/a><\/li><\/ul><\/li><li class='ez-toc-page-1 ez-toc-heading-level-2'><a class=\"ez-toc-link ez-toc-heading-3\" href=\"https:\/\/frank-lovisolo.fr\/WordPress\/la-greve-des-electeurs-octave-mirbeau\/#octave-mirbeau\" >OCTAVE MIRBEAU<\/a><\/li><\/ul><\/nav><\/div>\n","protected":false},"excerpt":{"rendered":"<p><span class=\"span-reading-time rt-reading-time\" style=\"display: block;\"><span class=\"rt-label rt-prefix\">Reading Time: <\/span> <span class=\"rt-time\"> 7<\/span> <span class=\"rt-label rt-postfix\">minutes<\/span><\/span>\u2026 <a class=\"continue-reading-link\" href=\"https:\/\/frank-lovisolo.fr\/WordPress\/la-greve-des-electeurs-octave-mirbeau\/\">Suite &#8211; Continue reading<\/a><\/p>\n","protected":false},"author":1,"featured_media":47807,"parent":0,"menu_order":0,"comment_status":"closed","ping_status":"closed","template":"templates\/template-onecolumn.php","meta":{"footnotes":""},"categories":[1587,1],"tags":[],"class_list":["post-47787","page","type-page","status-publish","has-post-thumbnail","hentry","category-philosophy","category-tous-les-articles"],"_links":{"self":[{"href":"https:\/\/frank-lovisolo.fr\/WordPress\/wp-json\/wp\/v2\/pages\/47787","targetHints":{"allow":["GET"]}}],"collection":[{"href":"https:\/\/frank-lovisolo.fr\/WordPress\/wp-json\/wp\/v2\/pages"}],"about":[{"href":"https:\/\/frank-lovisolo.fr\/WordPress\/wp-json\/wp\/v2\/types\/page"}],"author":[{"embeddable":true,"href":"https:\/\/frank-lovisolo.fr\/WordPress\/wp-json\/wp\/v2\/users\/1"}],"replies":[{"embeddable":true,"href":"https:\/\/frank-lovisolo.fr\/WordPress\/wp-json\/wp\/v2\/comments?post=47787"}],"version-history":[{"count":0,"href":"https:\/\/frank-lovisolo.fr\/WordPress\/wp-json\/wp\/v2\/pages\/47787\/revisions"}],"wp:featuredmedia":[{"embeddable":true,"href":"https:\/\/frank-lovisolo.fr\/WordPress\/wp-json\/wp\/v2\/media\/47807"}],"wp:attachment":[{"href":"https:\/\/frank-lovisolo.fr\/WordPress\/wp-json\/wp\/v2\/media?parent=47787"}],"wp:term":[{"taxonomy":"category","embeddable":true,"href":"https:\/\/frank-lovisolo.fr\/WordPress\/wp-json\/wp\/v2\/categories?post=47787"},{"taxonomy":"post_tag","embeddable":true,"href":"https:\/\/frank-lovisolo.fr\/WordPress\/wp-json\/wp\/v2\/tags?post=47787"}],"curies":[{"name":"wp","href":"https:\/\/api.w.org\/{rel}","templated":true}]}}