{"id":47036,"date":"2024-05-08T07:36:31","date_gmt":"2024-05-08T05:36:31","guid":{"rendered":"https:\/\/frank-lovisolo.fr\/WordPress\/?page_id=47036"},"modified":"2025-08-22T08:57:31","modified_gmt":"2025-08-22T06:57:31","slug":"friedrich-nietzsche-antechrist","status":"publish","type":"page","link":"https:\/\/frank-lovisolo.fr\/WordPress\/friedrich-nietzsche-antechrist\/","title":{"rendered":"L\u2019Ant\u00e9christ &#8211; Friedrich Nietzsche"},"content":{"rendered":"<span class=\"span-reading-time rt-reading-time\" style=\"display: block;\"><span class=\"rt-label rt-prefix\">Reading Time: <\/span> <span class=\"rt-time\"> 4<\/span> <span class=\"rt-label rt-postfix\">minutes<\/span><\/span><div><span style=\"color: #ffffff; font-size: 8px;\">Ant\u00e9christ &#8211; Friedrich Nietzsche &#8211; Ant\u00e9christ &#8211; Friedrich Nietzsche &#8211; Ant\u00e9christ &#8211; Friedrich Nietzsche &#8211; Ant\u00e9christ &#8211; Friedrich Nietzsche &#8211; Ant\u00e9christ &#8211; Friedrich Nietzsche &#8211; Ant\u00e9christ &#8211; Friedrich Nietzsche &#8211; Ant\u00e9christ &#8211; Friedrich Nietzsche &#8211; Ant\u00e9christ &#8211; Friedrich Nietzsche &#8211;\u00a0<\/span><\/div>\n<table style=\"width: 100%;\" cellpadding=\"10\">\n<tbody>\n<tr>\n<td style=\"width: 33%; text-align: left; vertical-align: top;\"><\/td>\n<td style=\"width: 34%; text-align: center; vertical-align: top;\">\n<div><\/div>\n<\/td>\n<td style=\"width: 33%; text-align: left; vertical-align: top;\">\n<div><span style=\"font-size: 20px;\"><a href=\"#com\"><img loading=\"lazy\" decoding=\"async\" class=\"wp-image-15068 size-full alignright\" src=\"https:\/\/frank-lovisolo.fr\/WordPress\/wp-content\/uploads\/2015\/06\/ComBlanc.jpg\" alt=\"ComGris\" width=\"250\" height=\"20\" title=\"-\"><\/a><\/span><\/div>\n<\/td>\n<\/tr>\n<\/tbody>\n<\/table>\n<div><\/div>\n<table style=\"width: 100%; height: 353px;\" cellpadding=\"10\">\n<tbody>\n<tr style=\"height: 184px;\">\n<td style=\"width: 99.5649%; height: 184px;\">\n<h5><span class=\"ez-toc-section\" id=\"friedrich-wilhelm-nietzsche\"><\/span><b><span style=\"font-size: 20px;\"><img loading=\"lazy\" decoding=\"async\" class=\"alignleft wp-image-12954 \" src=\"https:\/\/frank-lovisolo.fr\/WordPress\/wp-content\/uploads\/2014\/09\/220px-Portrait_of_Friedrich_Nietzsche.jpg\" alt=\"Ant\u00e9christ - Friedrich Nietzsche\" width=\"242\" height=\"281\" title=\"-\" srcset=\"https:\/\/frank-lovisolo.fr\/WordPress\/wp-content\/uploads\/2014\/09\/220px-Portrait_of_Friedrich_Nietzsche.jpg 220w, https:\/\/frank-lovisolo.fr\/WordPress\/wp-content\/uploads\/2014\/09\/220px-Portrait_of_Friedrich_Nietzsche-129x150.jpg 129w\" sizes=\"auto, (max-width: 242px) 100vw, 242px\" \/><a href=\"https:\/\/fr.wikipedia.org\/wiki\/Friedrich_Nietzsche\" target=\"_blank\" rel=\"noopener\">Friedrich<sup id=\"cite_ref-1\" class=\"reference\"><\/sup> Wilhelm Nietzsche<\/a><\/span><br \/>\n<\/b><span class=\"ez-toc-section-end\"><\/span><\/h5>\n<p style=\"text-align: justify;\"><em><span style=\"font-size: 20px;\">est n\u00e9 le <time class=\"nowrap bday\" datetime=\"1844-10-15\" data-sort-value=\"1844-10-15\">15 octobre 1844<\/time>\u00a0\u00e0\u00a0R\u00f6cken\u00a0en\u00a0Prusse\u00a0et mort le\u00a0<time class=\"nowrap dday\" datetime=\"1900-08-25\" data-sort-value=\"1900-08-25\">25 ao\u00fbt 1900<\/time> \u00e0 Weimar en Saxe-Weimar-Eisenach. Il est un philosophe, critique culturel,\u00a0compositeur,\u00a0po\u00e8te,\u00a0\u00e9crivain\u00a0et\u00a0philologue\u00a0allemand dont l&rsquo;\u0153uvre a exerc\u00e9 une profonde influence sur l&rsquo;histoire intellectuelle contemporaine.<\/span><\/em><\/p>\n<p style=\"text-align: justify;\"><em><span style=\"font-size: 20px;\">Son p\u00e8re Karl-Ludwig, n\u00e9 en 1813 \u00e0\u00a0Eilenbourg, pasteur de l\u2019\u00c9glise luth\u00e9rienne de Saxe<sup id=\"cite_ref-3\" class=\"reference\"><\/sup>, et son grand-p\u00e8re paternel, Friedrich August Ludwig, pasteur \u00e0\u00a0Wohlmirstedt, puis superintendant \u00e0 Eilenbourg, ont tous deux enseign\u00e9 la\u00a0th\u00e9ologie. Le p\u00e8re de Nietzsche, qui \u00e9tudie la th\u00e9ologie \u00e0\u00a0Halle\u00a0avant de devenir pr\u00e9cepteur de membres de la famille royale de\u00a0Prusse, \u00e0 la cour ducale d&rsquo;Altenbourg, est un prot\u00e9g\u00e9 de\u00a0<span class=\"nowrap\">Fr\u00e9d\u00e9ric-Guillaume\u00a0<abbr class=\"abbr\" title=\"4\"><span class=\"romain\">IV<\/span><\/abbr><\/span>. Mais la maladie (de violents maux de t\u00eate) le contraint \u00e0 demander une paroisse dans la r\u00e9gion de sa famille, vers\u00a0Naumburg. Karl-Ludwig et une partie de sa famille s&rsquo;installent \u00e0\u00a0R\u00f6cken\u00a0en 1842.<\/span><\/em><\/p>\n<\/td>\n<\/tr>\n<tr style=\"height: 25px;\">\n<td style=\"height: 25px; width: 99.5649%;\">\n<h5><span class=\"ez-toc-section\" id=\"avant-propos\"><\/span><span style=\"font-size: 24px;\">AVANT PROPOS<\/span><span class=\"ez-toc-section-end\"><\/span><\/h5>\n<\/td>\n<\/tr>\n<tr style=\"height: 24px;\">\n<td style=\"height: 24px; text-align: center; width: 99.5649%;\">\n<p style=\"text-align: justify;\"><span style=\"font-size: 20px;\">Il faut \u00eatre habitu\u00e9 \u00e0 vivre sur des montagnes, \u00e0 voir au dessous de soi le pitoyable bavardage de la politique du jour et de l\u2019\u00e9go\u00efsme des peuples. Il faut que l\u2019on soit devenu indiff\u00e9rent, il ne faut jamais demander si la v\u00e9rit\u00e9 est utile, si elle peut devenir pour quelqu\u2019un une destin\u00e9e\u2026 <\/span><\/p>\n<p style=\"text-align: justify;\"><span style=\"font-size: 20px;\">Une pr\u00e9dilection des forts pour des questions que personne aujourd\u2019hui n\u2019a plus le courage d\u2019\u00e9lucider\u2009; le courage du fruit d\u00e9fendu\u2009; la pr\u00e9destination du labyrinthe. Une exp\u00e9rience de sept solitudes.<br \/>\nDes oreilles nouvelles pour une musique nouvelle. Des yeux nouveaux pour les choses les plus lointaines. Une conscience nouvelle pour des v\u00e9rit\u00e9s rest\u00e9es muettes jusqu\u2019ici. Et la volont\u00e9 de l\u2019\u00e9conomie de grand style :<\/span><\/p>\n<div style=\"text-align: justify;\"><span style=\"font-size: 20px;\">Rassembler sa force, son enthousiasme&#8230; Le respect de soi-m\u00eame ; l\u2019amour de soi ; l\u2018absolue libert\u00e9 envers soi-m\u00eame&#8230;<\/span><\/div>\n<div style=\"text-align: justify;\"><span style=\"font-size: 20px;\">Eh bien ! Ceux-l\u00e0 seuls sont mes lecteurs, mes v\u00e9ritables lecteurs, mes lecteurs pr\u00e9destin\u00e9s : qu\u2019importe le reste ?\u00a0<\/span><\/div>\n<div style=\"text-align: justify;\"><span style=\"font-size: 20px;\"> Le reste n\u2019est que l\u2019humanit\u00e9.\u00a0 Il faut \u00eatre sup\u00e9rieur \u00e0 l\u2019humanit\u00e9 en force, en hauteur d\u2019\u00e2me, en m\u00e9pris&#8230;<\/span><\/div>\n<p style=\"text-align: left;\"><span style=\"font-size: 20px;\">Fr\u00e9d\u00e9ric NIETZSCHE.<\/span><\/p>\n<\/td>\n<\/tr>\n<tr style=\"height: 24px;\">\n<td style=\"height: 24px; width: 99.5649%;\">\n<h5><span class=\"ez-toc-section\" id=\"extraits\"><\/span><span style=\"font-size: 24px;\">Extraits<\/span><span class=\"ez-toc-section-end\"><\/span><\/h5>\n<\/td>\n<\/tr>\n<tr style=\"height: 24px;\">\n<td style=\"height: 24px; width: 99.5649%;\">\n<div id=\"attachment_47038\" style=\"width: 470px\" class=\"wp-caption alignright\"><img loading=\"lazy\" decoding=\"async\" aria-describedby=\"caption-attachment-47038\" class=\"size-medium wp-image-47038\" src=\"https:\/\/frank-lovisolo.fr\/WordPress\/wp-content\/uploads\/2024\/05\/Nietzsche1875-460x624.jpg\" alt=\"Ant\u00e9christ - Friedrich Nietzsche\" width=\"460\" height=\"624\" title=\"-\" srcset=\"https:\/\/frank-lovisolo.fr\/WordPress\/wp-content\/uploads\/2024\/05\/Nietzsche1875-460x624.jpg 460w, https:\/\/frank-lovisolo.fr\/WordPress\/wp-content\/uploads\/2024\/05\/Nietzsche1875-768x1042.jpg 768w, https:\/\/frank-lovisolo.fr\/WordPress\/wp-content\/uploads\/2024\/05\/Nietzsche1875-111x150.jpg 111w, https:\/\/frank-lovisolo.fr\/WordPress\/wp-content\/uploads\/2024\/05\/Nietzsche1875.jpg 800w\" sizes=\"auto, (max-width: 460px) 100vw, 460px\" \/><p id=\"caption-attachment-47038\" class=\"wp-caption-text\"><span style=\"font-size: 12px;\">Friedrich Nietzsche en 1975<\/span><\/p><\/div>\n<p style=\"text-align: justify;\"><strong><span style=\"font-size: 20px;\">Il ne faut vouloir ni enjoliver ni excuser le christianisme : <\/span><\/strong><\/p>\n<p style=\"text-align: justify;\"><span style=\"font-size: 20px;\">Il a men\u00e9 une guerre \u00e0 mort contre ce type sup\u00e9rieur de l\u2019homme, il a mis au ban tous les instincts fondamentaux de ce type, il a distill\u00e9 de ces instincts le mal, le m\u00e9chant : l\u2019homme fort, type du r\u00e9prouv\u00e9. <\/span><\/p>\n<p style=\"text-align: justify;\"><span style=\"font-size: 20px;\">Le christianisme a pris parti pour tout ce qui est faible, bas, manqu\u00e9, il a fait un id\u00e9al de l\u2019opposition envers les instincts de conservation de la vie forte, il a g\u00e2t\u00e9 m\u00eame la raison des natures les plus intellectuellement fortes en enseignant que les valeurs sup\u00e9rieures de l\u2019intellectualit\u00e9 ne sont que p\u00e9ch\u00e9s, \u00e9garements et tentations. <\/span><\/p>\n<p style=\"text-align: justify;\"><span style=\"font-size: 20px;\">Le plus lamentable exemple, c\u2019est la corruption de Pascal qui croyait \u00e0 la perversion de sa raison par le p\u00e9ch\u00e9 originel, tandis qu\u2019elle n\u2019\u00e9tait pervertie que par son christianisme !<\/span><\/p>\n<p>[&#8230;]<\/p>\n<p style=\"text-align: justify;\"><strong><span style=\"font-size: 20px;\">Un mot encore contre <a href=\"https:\/\/fr.wikipedia.org\/wiki\/Emmanuel_Kant\" target=\"_blank\" rel=\"noopener\">Kant<\/a> en tant que moraliste. <\/span><\/strong><\/p>\n<p style=\"text-align: justify;\"><span style=\"font-size: 20px;\">Une vertu doit \u00eatre notre invention, notre d\u00e9fense et notre n\u00e9cessit\u00e9 personnelles\u00a0: prise dans tout autre sens, elle n\u2019est qu\u2019un danger. Ce qui n\u2019est pas une condition vitale est nuisible \u00e0 la vie\u00a0: une vertu qui n\u2019existe qu\u2019\u00e0 cause d\u2019un sentiment de respect pour l\u2019id\u00e9e de \u00ab\u2009vertu\u2009\u00bb, comme Kant la voulait, est dangereuse. <\/span><\/p>\n<p style=\"text-align: justify;\"><span style=\"font-size: 20px;\">La \u00ab\u2009vertu\u2009\u00bb, le \u00ab\u2009devoir\u2009\u00bb, le \u00ab\u2009bien en soi\u2009\u00bb, le bien avec le caract\u00e8re de l\u2019impersonnalit\u00e9, de la valeur g\u00e9n\u00e9rale \u2013 des chim\u00e8res o\u00f9 s\u2019exprime la d\u00e9g\u00e9n\u00e9rescence, le dernier affaiblissement de la vie, la chinoiserie de Koenigsberg.<\/span><\/p>\n<div id=\"attachment_47051\" style=\"width: 470px\" class=\"wp-caption alignleft\"><img loading=\"lazy\" decoding=\"async\" aria-describedby=\"caption-attachment-47051\" class=\"wp-image-47051 size-medium\" src=\"https:\/\/frank-lovisolo.fr\/WordPress\/wp-content\/uploads\/2024\/05\/Kant-e1715147170759-460x278.webp\" alt=\"- - -\" width=\"460\" height=\"278\" title=\"-\" srcset=\"https:\/\/frank-lovisolo.fr\/WordPress\/wp-content\/uploads\/2024\/05\/Kant-e1715147170759-460x278.webp 460w, https:\/\/frank-lovisolo.fr\/WordPress\/wp-content\/uploads\/2024\/05\/Kant-e1715147170759-248x150.webp 248w, https:\/\/frank-lovisolo.fr\/WordPress\/wp-content\/uploads\/2024\/05\/Kant-e1715147170759-150x91.webp 150w, https:\/\/frank-lovisolo.fr\/WordPress\/wp-content\/uploads\/2024\/05\/Kant-e1715147170759.webp 521w\" sizes=\"auto, (max-width: 460px) 100vw, 460px\" \/><p id=\"caption-attachment-47051\" class=\"wp-caption-text\"><span style=\"font-size: 12px;\">Philosophe Immanuel Kant gravure de 1882<\/span><\/p><\/div>\n<p style=\"text-align: justify;\"><span style=\"font-size: 20px;\">Les plus profondes lois de la conservation et de la croissance exigent le contraire\u00a0: que chacun s\u2019invente sa vertu, son imp\u00e9ratif cat\u00e9gorique. Un peuple p\u00e9rit quand il confond son devoir avec la conception g\u00e9n\u00e9rale du devoir. Rien ne ruine plus profond\u00e9ment, plus fonci\u00e8rement que le devoir impersonnel, le sacrifice devant le dieu Moloch de l\u2019abstraction. <\/span><\/p>\n<p style=\"text-align: justify;\"><span style=\"font-size: 20px;\">Que l\u2019on n\u2019ait pas trouv\u00e9 dangereux l\u2019imp\u00e9ratif cat\u00e9gorique de Kant\u2009! Seul l\u2019instinct th\u00e9ologique a pu le prendre sous sa protection\u2009! Une action suscit\u00e9e par l\u2019instinct de vie prouve sa valeur par la joie qui l\u2019accompagne\u00a0: et ce nihiliste aux entrailles chr\u00e9tiennes et dogmatiques consid\u00e9rait la joie comme une objection\u2026<br \/>\nQu\u2019est ce qui d\u00e9bilite plus vite que de travailler, de penser, de sentir sans n\u00e9cessit\u00e9 int\u00e9rieure, sans une profonde \u00e9lection personnelle, sans joie, tel un automate du \u00ab\u2009devoir\u2009\u00bb\u2009? C\u2019est en quelque sorte la recette pour la d\u00e9cadence et m\u00eame pour l\u2019imb\u00e9cillit\u00e9\u2026<\/span><\/p>\n<p style=\"text-align: justify;\"><span style=\"font-size: 20px;\">Kant devint imb\u00e9cile. \u2013\u00a0Et c\u2019\u00e9tait l\u00e0 le contemporain de Goethe\u2009! Cette araign\u00e9e par destination \u00e9tait consid\u00e9r\u00e9e comme le philosophe allemand par excellence et l\u2019est encore\u2009! Je me garde bien de dire ce que je pense des Allemands\u2026 <\/span><\/p>\n<p style=\"text-align: justify;\"><span style=\"font-size: 20px;\">Kant ne voyait-il pas dans la R\u00e9volution fran\u00e7aise le passage de la forme inorganique de l\u2019\u00c9tat \u00e0 la forme organique\u2009? Ne s\u2019est il pas demand\u00e9 s\u2019il existe un \u00e9v\u00e9nement inexplicable autrement que par une aptitude morale de l\u2019humanit\u00e9, en sorte que, par cet \u00e9v\u00e9nement, serait d\u00e9montr\u00e9, une fois pour toutes, \u00ab\u2009la tendance de l\u2019humanit\u00e9 vers le bien\u2009\u00bb\u2009? R\u00e9ponse de Kant \u00ab\u2009C\u2019est la R\u00e9volution.\u2009\u00bb L\u2019instinct qui se m\u00e9prend en toutes choses, l\u2019instinct contre nature, la d\u00e9cadence allemande en tant que philosophie \u2013 voil\u00e0 Kant\u2009! \u2013<\/span><\/p>\n<\/td>\n<\/tr>\n<tr style=\"height: 24px;\">\n<td style=\"height: 24px; width: 99.5649%;\">\n<h5><span class=\"ez-toc-section\" id=\"le-texte\"><\/span><span style=\"font-size: 24px;\">Le Texte<\/span><span class=\"ez-toc-section-end\"><\/span><\/h5>\n<p style=\"text-align: center;\">\n<div\n    class='wp-block-pdfp-pdf-poster  alignnone'\n    id='block-3'\n    data-attributes='{&quot;uniqueId&quot;:&quot;pdfp2&quot;,&quot;file&quot;:&quot;https:\\\/\\\/frank-lovisolo.fr\\\/pdf\\\/L-antechrist-Friedrich-Nietzsche.pdf&quot;,&quot;title&quot;:&quot;L\\u2019Ant\\u00e9christ &#8211; Friedrich Nietzsche&quot;,&quot;height&quot;:&quot;1600px&quot;,&quot;width&quot;:&quot;100%&quot;,&quot;print&quot;:true,&quot;fullscreenButton&quot;:true,&quot;newWindow&quot;:false,&quot;showName&quot;:true,&quot;downloadButton&quot;:true,&quot;downloadButtonText&quot;:&quot;Download File&quot;,&quot;protect&quot;:false,&quot;onlyPDF&quot;:false,&quot;defaultBrowser&quot;:false,&quot;thumbMenu&quot;:false,&quot;sidebarOpen&quot;:false,&quot;lastVersion&quot;:false,&quot;hrScroll&quot;:false,&quot;alert&quot;:true,&quot;btnStyles&quot;:{&quot;background&quot;:&quot;#1e73be&quot;,&quot;color&quot;:&quot;#fff&quot;,&quot;fontSize&quot;:&quot;1rem&quot;,&quot;padding&quot;:{&quot;top&quot;:10,&quot;right&quot;:20,&quot;bottom&quot;:10,&quot;left&quot;:10}},&quot;popupOptions&quot;:{&quot;enabled&quot;:0,&quot;text&quot;:&quot;Open PDF&quot;,&quot;triggerType&quot;:&quot;button&quot;,&quot;image&quot;:&quot;&quot;,&quot;imageHeight&quot;:&quot;200px&quot;,&quot;imageWidth&quot;:&quot;300px&quot;,&quot;imagePdfIcon&quot;:true,&quot;triggerAlignment&quot;:&quot;center&quot;,&quot;btnStyle&quot;:{&quot;background&quot;:&quot;#1e73be&quot;,&quot;color&quot;:&quot;#fff&quot;,&quot;fontSize&quot;:&quot;1rem&quot;,&quot;padding&quot;:{&quot;top&quot;:10,&quot;right&quot;:20,&quot;bottom&quot;:10,&quot;left&quot;:10}}},&quot;actionsPosition&quot;:&quot;top&quot;,&quot;socialShare&quot;:{&quot;enabled&quot;:false,&quot;facebook&quot;:false,&quot;twitter&quot;:false,&quot;linkedin&quot;:false,&quot;pinterest&quot;:false,&quot;position&quot;:&quot;top&quot;},&quot;adobeEmbedder&quot;:false,&quot;align&quot;:&quot;none&quot;,&quot;alignment&quot;:&quot;left&quot;,&quot;titleFontSize&quot;:&quot;16px&quot;,&quot;fullscreenButtonText&quot;:&quot;View Fullscreen&quot;,&quot;initialPage&quot;:0,&quot;isHideRightToolbar&quot;:false,&quot;additional&quot;:{&quot;ID&quot;:&quot;&quot;,&quot;Class&quot;:&quot;&quot;,&quot;CSS&quot;:&quot;&quot;},&quot;adobeOptions&quot;:{&quot;showDownloadPDF&quot;:true,&quot;showPrintPDF&quot;:true,&quot;showAnnotationTools&quot;:true,&quot;showFullScreen&quot;:false,&quot;embedMode&quot;:&quot;SIZED_CONTAINER&quot;},&quot;popupBtnStyle&quot;:{&quot;background&quot;:&quot;#2271b1&quot;,&quot;color&quot;:&quot;#fff&quot;,&quot;padding&quot;:{&quot;top&quot;:10,&quot;right&quot;:20,&quot;bottom&quot;:10,&quot;left&quot;:10}},&quot;popupBtnText&quot;:&quot;Open Document&quot;,&quot;CSS&quot;:&quot;&quot;,&quot;isPremium&quot;:false}'\n    style=\"text-align: left\">\n    \n        <iframe loading=\"lazy\" title=\"L\u2019Ant\u00e9christ &#8211; Friedrich Nietzsche\" style=\"border:0;\" width=\"100%\" height=\"800px\" class=\"pdfp_unsupported_frame\" src=\"\/\/docs.google.com\/gview?embedded=true&url=https:\/\/frank-lovisolo.fr\/pdf\/L-antechrist-Friedrich-Nietzsche.pdf\"><\/iframe>\n\n    <\/div>\n<\/p>\n<\/td>\n<\/tr>\n<tr style=\"height: 24px;\">\n<td style=\"width: 99.5649%; height: 24px;\">\n<h4><span class=\"ez-toc-section\" id=\"antechrist-%e2%80%93-friedrich-nietzsche\"><\/span><span style=\"color: #ffffff;\">Ant\u00e9christ &#8211; Friedrich Nietzsche<\/span><span class=\"ez-toc-section-end\"><\/span><\/h4>\n<\/td>\n<\/tr>\n<\/tbody>\n<\/table>\n<div><\/div>\n<table style=\"width: 100%; border-collapse: collapse;\" cellpadding=\"10\">\n<tbody>\n<tr>\n<td style=\"width: 50%; text-align: center; vertical-align: middle;\"><span style=\"color: #ffffff; background-color: #000000;\"> <a style=\"color: #ffffff; background-color: #000000;\" href=\"https:\/\/frank-lovisolo.fr\/WordPress\/report-a-problem\/\" target=\"_blank\" rel=\"noopener noreferrer\">Signaler un probl\u00e8me &#8211; Report a problem<\/a> <\/span><a id=\"com\"><\/a><\/td>\n<\/tr>\n<\/tbody>\n<\/table>\n<div id=\"ez-toc-container\" class=\"ez-toc-v2_0_82_2 ez-toc-wrap-center counter-hierarchy ez-toc-counter ez-toc-light-blue ez-toc-container-direction\">\n<label for=\"ez-toc-cssicon-toggle-item-69d7c90dee26f\" class=\"ez-toc-cssicon-toggle-label\"><p class=\"ez-toc-title\" style=\"cursor:inherit\">Table des mati\u00e8res<\/p>\n<span class=\"ez-toc-cssicon\"><span class=\"eztoc-hide\" style=\"display:none;\">Toggle<\/span><span class=\"ez-toc-icon-toggle-span\"><svg style=\"fill: #999;color:#999\" xmlns=\"http:\/\/www.w3.org\/2000\/svg\" class=\"list-377408\" width=\"20px\" height=\"20px\" viewBox=\"0 0 24 24\" fill=\"none\"><path d=\"M6 6H4v2h2V6zm14 0H8v2h12V6zM4 11h2v2H4v-2zm16 0H8v2h12v-2zM4 16h2v2H4v-2zm16 0H8v2h12v-2z\" fill=\"currentColor\"><\/path><\/svg><svg style=\"fill: #999;color:#999\" class=\"arrow-unsorted-368013\" xmlns=\"http:\/\/www.w3.org\/2000\/svg\" width=\"10px\" height=\"10px\" viewBox=\"0 0 24 24\" version=\"1.2\" baseProfile=\"tiny\"><path d=\"M18.2 9.3l-6.2-6.3-6.2 6.3c-.2.2-.3.4-.3.7s.1.5.3.7c.2.2.4.3.7.3h11c.3 0 .5-.1.7-.3.2-.2.3-.5.3-.7s-.1-.5-.3-.7zM5.8 14.7l6.2 6.3 6.2-6.3c.2-.2.3-.5.3-.7s-.1-.5-.3-.7c-.2-.2-.4-.3-.7-.3h-11c-.3 0-.5.1-.7.3-.2.2-.3.5-.3.7s.1.5.3.7z\"\/><\/svg><\/span><\/span><\/label><input type=\"checkbox\"  id=\"ez-toc-cssicon-toggle-item-69d7c90dee26f\" checked \/><nav><ul class='ez-toc-list ez-toc-list-level-1 ' ><ul class='ez-toc-list-level-5' ><li class='ez-toc-heading-level-5'><a class=\"ez-toc-link ez-toc-heading-1\" href=\"https:\/\/frank-lovisolo.fr\/WordPress\/friedrich-nietzsche-antechrist\/#friedrich-wilhelm-nietzsche\" >Friedrich Wilhelm Nietzsche<\/a><\/li><li class='ez-toc-page-1 ez-toc-heading-level-5'><a class=\"ez-toc-link ez-toc-heading-2\" href=\"https:\/\/frank-lovisolo.fr\/WordPress\/friedrich-nietzsche-antechrist\/#avant-propos\" >AVANT PROPOS<\/a><\/li><li class='ez-toc-page-1 ez-toc-heading-level-5'><a class=\"ez-toc-link ez-toc-heading-3\" href=\"https:\/\/frank-lovisolo.fr\/WordPress\/friedrich-nietzsche-antechrist\/#extraits\" >Extraits<\/a><\/li><li class='ez-toc-page-1 ez-toc-heading-level-5'><a class=\"ez-toc-link ez-toc-heading-4\" href=\"https:\/\/frank-lovisolo.fr\/WordPress\/friedrich-nietzsche-antechrist\/#le-texte\" >Le Texte<\/a><\/li><\/ul><\/li><li class='ez-toc-page-1 ez-toc-heading-level-4'><a class=\"ez-toc-link ez-toc-heading-5\" href=\"https:\/\/frank-lovisolo.fr\/WordPress\/friedrich-nietzsche-antechrist\/#antechrist-%e2%80%93-friedrich-nietzsche\" >Ant\u00e9christ &#8211; Friedrich Nietzsche<\/a><\/li><\/ul><\/nav><\/div>\n","protected":false},"excerpt":{"rendered":"<p><span class=\"span-reading-time rt-reading-time\" style=\"display: block;\"><span class=\"rt-label rt-prefix\">Reading Time: <\/span> <span class=\"rt-time\"> 4<\/span> <span class=\"rt-label rt-postfix\">minutes<\/span><\/span>\u2026 <a class=\"continue-reading-link\" href=\"https:\/\/frank-lovisolo.fr\/WordPress\/friedrich-nietzsche-antechrist\/\">Suite &#8211; Continue reading<\/a><\/p>\n","protected":false},"author":1,"featured_media":47038,"parent":0,"menu_order":0,"comment_status":"open","ping_status":"open","template":"templates\/template-onecolumn.php","meta":{"footnotes":""},"categories":[1587,1],"tags":[138,3983,3984],"class_list":["post-47036","page","type-page","status-publish","has-post-thumbnail","hentry","category-philosophy","category-tous-les-articles","tag-friedrich-nietzsche","tag-kant","tag-lantechrist"],"_links":{"self":[{"href":"https:\/\/frank-lovisolo.fr\/WordPress\/wp-json\/wp\/v2\/pages\/47036","targetHints":{"allow":["GET"]}}],"collection":[{"href":"https:\/\/frank-lovisolo.fr\/WordPress\/wp-json\/wp\/v2\/pages"}],"about":[{"href":"https:\/\/frank-lovisolo.fr\/WordPress\/wp-json\/wp\/v2\/types\/page"}],"author":[{"embeddable":true,"href":"https:\/\/frank-lovisolo.fr\/WordPress\/wp-json\/wp\/v2\/users\/1"}],"replies":[{"embeddable":true,"href":"https:\/\/frank-lovisolo.fr\/WordPress\/wp-json\/wp\/v2\/comments?post=47036"}],"version-history":[{"count":2,"href":"https:\/\/frank-lovisolo.fr\/WordPress\/wp-json\/wp\/v2\/pages\/47036\/revisions"}],"predecessor-version":[{"id":50902,"href":"https:\/\/frank-lovisolo.fr\/WordPress\/wp-json\/wp\/v2\/pages\/47036\/revisions\/50902"}],"wp:featuredmedia":[{"embeddable":true,"href":"https:\/\/frank-lovisolo.fr\/WordPress\/wp-json\/wp\/v2\/media\/47038"}],"wp:attachment":[{"href":"https:\/\/frank-lovisolo.fr\/WordPress\/wp-json\/wp\/v2\/media?parent=47036"}],"wp:term":[{"taxonomy":"category","embeddable":true,"href":"https:\/\/frank-lovisolo.fr\/WordPress\/wp-json\/wp\/v2\/categories?post=47036"},{"taxonomy":"post_tag","embeddable":true,"href":"https:\/\/frank-lovisolo.fr\/WordPress\/wp-json\/wp\/v2\/tags?post=47036"}],"curies":[{"name":"wp","href":"https:\/\/api.w.org\/{rel}","templated":true}]}}