{"id":45216,"date":"2023-10-19T07:22:10","date_gmt":"2023-10-19T05:22:10","guid":{"rendered":"https:\/\/frank-lovisolo.fr\/WordPress\/?page_id=45216"},"modified":"2024-03-10T09:37:10","modified_gmt":"2024-03-10T08:37:10","slug":"frank-cesar-lovisolo-gerard-ponthieu","status":"publish","type":"page","link":"https:\/\/frank-lovisolo.fr\/WordPress\/frank-cesar-lovisolo-gerard-ponthieu\/","title":{"rendered":"Frank C\u00e9sar Lovisolo par G\u00e9rard Ponthieu"},"content":{"rendered":"<span class=\"span-reading-time rt-reading-time\" style=\"display: block;\"><span class=\"rt-label rt-prefix\">Reading Time: <\/span> <span class=\"rt-time\"> 4<\/span> <span class=\"rt-label rt-postfix\">minutes<\/span><\/span><div><span style=\"font-size: 10px; color: #ffffff;\">G\u00e9rard Ponthieu &#8211; Frank C\u00e9sar Lovisolo &#8211; Frank C\u00e9sar Lovisolo<\/span><\/div>\n<table cellpadding=\"10\">\n<tbody>\n<tr>\n<td colspan=\"2\">\n<div><a href=\"#com\"><img loading=\"lazy\" decoding=\"async\" class=\"wp-image-15068 size-full alignright\" src=\"https:\/\/frank-lovisolo.fr\/WordPress\/wp-content\/uploads\/2015\/06\/ComRouge.jpg\" alt=\"ComGris\" width=\"250\" height=\"20\" title=\"-\"><\/a><\/div>\n<\/td>\n<\/tr>\n<tr>\n<td colspan=\"2\">\n<h3><span class=\"ez-toc-section\" id=\"frank-einstein-%e2%80%93-frank-cesar-lovisolo\"><\/span><span style=\"font-size: 24px;\">Frank-Einstein &#8211; Frank C\u00e9sar Lovisolo : <\/span><span class=\"ez-toc-section-end\"><\/span><\/h3>\n<h3><span class=\"ez-toc-section\" id=\"energie-du-son-relativite-du-bruit\"><\/span><span style=\"font-size: 20px;\">\u00c9nergie du son, relativit\u00e9 du bruit<\/span><span class=\"ez-toc-section-end\"><\/span><\/h3>\n<h3><span style=\"font-size: 20px;\"><img loading=\"lazy\" decoding=\"async\" class=\"alignleft\" title=\"Frank Lovisolo Guillard - Ponthieu - Caspar David Friedrich\" src=\"https:\/\/www.frank-lovisolo.fr\/ImagesWPannexe\/caspar.jpg\" alt=\"Frank Lovisolo Guillard - Ponthieu - Caspar David Friedrich\" width=\"272\" height=\"345\" \/><\/span><\/h3>\n<p style=\"text-align: justify;\"><span style=\"font-size: 24px;\"><span style=\"font-family: 'comic sans ms', sans-serif; color: #000000;\"><span style=\"font-size: 20px;\"><img loading=\"lazy\" decoding=\"async\" class=\"alignright wp-image-24379\" title=\"Frank Lovisolo\" src=\"https:\/\/frank-lovisolo.fr\/WordPress\/wp-content\/uploads\/2017\/11\/P1010004-560x420.jpg\" alt=\"Frank C\u00e9sar Lovisolo\" width=\"472\" height=\"345\" \/><\/span><\/span><span style=\"font-size: 20px;\">Le demi-si\u00e8cle et la crini\u00e8re &#8230; blanchie, regard marron et sombre d\u2019\u00e9bouriff\u00e9, emball\u00e9 comme un beau diable dans son cache-poussi\u00e8re&#8230; Envoyez le g\u00e9n\u00e9rique ! Le voil\u00e0 qui surgit dans l\u2019ocre flambant d\u2019un Sergio Leone. Ou plut\u00f4t d\u2019un de ces tableaux fantastiques, genre grand romantisme allemand du XIXe, oui c\u2019est \u00e7a: \u00ab Le voyageur au-dessus de la mer de nuages \u00bb peint par Caspar David Friedrich.<\/span><\/span><\/p>\n<p style=\"text-align: justify;\"><span style=\"font-size: 20px;\">Frank, que je vois ainsi, et qui est donc tout autre chose, certes. Frank C\u00e9sar Lovisolo, enfant de Toulon et du monde, et des arts, les bozarts et ce qui les transgresse. Sa bio commence par l\u2019officiel \u00ab Premier prix de Guitare classique \u00bb et ne s\u2019ach\u00e8ve pas, merci. Mais la r\u00e9f\u00e9rence compte comme point d\u2019adoubement et de d\u00e9part. <\/span><\/p>\n<p style=\"text-align: justify;\"><span style=\"font-size: 20px;\">Restera \u00e0 passer le permis de dynamiter. Les barrages ont fini par c\u00e9der, l\u2019acad\u00e9misme avec et la vie a fait le reste, \u00e0 coups de rencontres comme toujours. A commencer par celle du grand-p\u00e8re Angelin, premier trombone \u00e0 l\u2019op\u00e9ra de Toulon et qui lui donnera ses premiers cours. Lui aura appris \u00e0 marcher sur les fils t\u00e9nus des port\u00e9es, plus s\u00fbr que de compter (sur) les g\u00e8nes&#8230; Il saisit la gratte, classique encore, t\u00e2te les chemins de traverse, va, cours et s\u2019envole.<\/span><\/p>\n<p style=\"text-align: justify;\"><span style=\"font-size: 20px;\">Sautons le temps, le voici derri\u00e8re ses pupitres de savant fou, Frank-Einstein de l\u2019\u00e9lectronique et des notes fofolles qu\u2019il titille et houspille \u00e0 coups de claviers et de mots pass\u00e9s les uns et les autres \u00e0 la moulinette de l\u2019ordi, ce dieu maudit et g\u00e9nial lib\u00e9rant le d\u00e9miurge, Bernard Palissy des notes frapp\u00e9es \u00e0 l\u2019enclume, au fond de la cave, athanor secret o\u00f9 bouillonnent des morceaux vifs de Cage, Ligeti, Nono, Penderecki, Dusapin\u2026 <\/span><\/p>\n<p style=\"text-align: justify;\"><span style=\"font-size: 20px;\">\u00c7a fait des grands slurps, lap\u00e9s par une langue avide de mots puis\u00e9s chez Baudelaire, Rimbaud, Lautr\u00e9amont et aussi chez les potes d\u2019\u00e0 c\u00f4t\u00e9, voisins-voisines en tous genres de musique et paroles, de po\u00e9sie. <\/span><\/p>\n<p style=\"text-align: justify;\"><span style=\"font-size: 20px;\">Quand il ne puisse pas dans ses stocks fournis d\u2019images et de photos, plus ou moins \u00ab shop\u00e9es \u00bb, images des temps num\u00e9riques, notes de m\u00eame, dont celles de jeunesse chop\u00e9es cette fois chez Hendrix, Crimson, Zeppelin, Zappa, ou encore frotass\u00e9es au grand jazz, s\u2019il en est de petit.<\/span><\/p>\n<p style=\"text-align: justify;\"><span style=\"font-size: 24px;\"><span style=\"font-size: 20px;\"><img loading=\"lazy\" decoding=\"async\" class=\"wp-image-24377 alignleft\" title=\"Frank Lovisolo\" src=\"https:\/\/frank-lovisolo.fr\/WordPress\/wp-content\/uploads\/2017\/11\/Universit\u00e9-Contrat-2017-18005.jpg\" alt=\"Frank C\u00e9sar Lovisolo\" width=\"720\" height=\"282\" srcset=\"https:\/\/frank-lovisolo.fr\/WordPress\/wp-content\/uploads\/2017\/11\/Universit\u00e9-Contrat-2017-18005.jpg 1200w, https:\/\/frank-lovisolo.fr\/WordPress\/wp-content\/uploads\/2017\/11\/Universit\u00e9-Contrat-2017-18005-560x219.jpg 560w, https:\/\/frank-lovisolo.fr\/WordPress\/wp-content\/uploads\/2017\/11\/Universit\u00e9-Contrat-2017-18005-768x301.jpg 768w, https:\/\/frank-lovisolo.fr\/WordPress\/wp-content\/uploads\/2017\/11\/Universit\u00e9-Contrat-2017-18005-1024x401.jpg 1024w, https:\/\/frank-lovisolo.fr\/WordPress\/wp-content\/uploads\/2017\/11\/Universit\u00e9-Contrat-2017-18005-250x98.jpg 250w, https:\/\/frank-lovisolo.fr\/WordPress\/wp-content\/uploads\/2017\/11\/Universit\u00e9-Contrat-2017-18005-150x59.jpg 150w, https:\/\/frank-lovisolo.fr\/WordPress\/wp-content\/uploads\/2017\/11\/Universit\u00e9-Contrat-2017-18005-1050x410.jpg 1050w\" sizes=\"auto, (max-width: 720px) 100vw, 720px\" \/>Ainsi va l\u2019\u00ab ing\u00e9-son \u00bb, apprivoisant les bruits ( John Cage : \u00ab\u00a0Si un bruit t\u2019ennuie, \u00e9coute-le!\u201d) parcourant la plan\u00e8te-son, de festival en Moulin \u00e0 jazz, ou encore comme officiant des Gipsy-King, nomade qu\u2019il est lui aussi, image et son, \u00e0 arpenter le Land-Art qu\u2019ont d\u00e9blay\u00e9 avant lui les Kandinsky, Messager et Cristo.<\/span><\/span><\/p>\n<p style=\"text-align: justify;\"><span style=\"font-size: 20px;\">Pour en apprendre plus sur tout \u00e7a, sur l\u2019\u00c9lectro\u00c9clectisme et sur Lui : <a href=\"https:\/\/frank-lovisolo.fr\/WordPress\/\">bon de d\u00e9gustation immod\u00e9r\u00e9e ici<\/a>&#8230;<\/span><\/p>\n<div style=\"text-align: justify;\"><span style=\"font-size: 20px;\">Mardi 27 septembre 2011<\/span><\/div>\n<p style=\"text-align: justify;\"><span style=\"font-size: 20px;\"><a href=\"http:\/\/c-pour-dire.com\/\" target=\"_blank\" rel=\"noopener\">G\u00e9rard Ponthieu<\/a><\/span><\/p>\n<div>\n<p><span style=\"font-size: 20px;\">19 f\u00e9vrier 2010 Publi\u00e9: <a href=\"https:\/\/c-pour-dire.com\/\" target=\"_blank\" rel=\"noopener noreferrer\">http:\/\/c-pour-dire.com<\/a><\/span><\/p>\n<\/div>\n<div>\n<hr \/>\n<\/div>\n<\/td>\n<\/tr>\n<tr>\n<td colspan=\"2\">\n<h5><span class=\"ez-toc-section\" id=\"gerard-ponthieu\"><\/span><span style=\"color: #000000; font-size: 28px;\">G\u00e9rard Ponthieu <\/span><span class=\"ez-toc-section-end\"><\/span><\/h5>\n<p style=\"text-align: justify; font-family: 'Comic Sans MS'; font-size: 12px;\"><span style=\"font-size: 20px;\"><span style=\"color: #000000;\"><a href=\"https:\/\/c-pour-dire.com\/\" target=\"_blank\" rel=\"noopener noreferrer\"><img loading=\"lazy\" decoding=\"async\" class=\"alignright\" title=\"Frank Lovisolo Guillard - G\u00e9rard Ponthieu\" src=\"https:\/\/frank-lovisolo.fr\/WordPress\/wp-content\/uploads\/2012\/07\/IMG_2228.jpg\" alt=\"Frank Lovisolo Guillard - G\u00e9rard Ponthieu\" width=\"201\" height=\"235\" \/><\/a><\/span><\/span><\/p>\n<p style=\"text-align: justify;\"><span style=\"font-size: 20px;\">Journaliste professionnel depuis 1967, G\u00e9rard Ponthieu a pratiqu\u00e9 la presse sous ses formes quotidiennes et p\u00e9riodiques, r\u00e9gionales et nationales, \u00e9crites, radiophoniques et t\u00e9l\u00e9visuelles.<\/span><\/p>\n<p style=\"text-align: justify;\"><span style=\"font-size: 20px;\">Quelques journaux avec lesquels il a collabor\u00e9 : L\u2019Alsace, Le Nouvel Observateur, Radio France, Les Nouvelles litt\u00e9raires, Radio Lib\u00e9ration et L\u2019Express&#8230;&#8230;<\/span><\/p>\n<address style=\"text-align: justify; font-family: 'Comic Sans MS'; font-size: 12px;\">\u00a0<\/address>\n<address style=\"text-align: justify; font-family: 'Comic Sans MS'; font-size: 12px;\"><span style=\"font-size: 20px;\"><strong><span style=\"text-decoration: underline;\"><span style=\"font-family: 'comic sans ms', sans-serif;\"> Publications : <\/span><\/span><\/strong><\/span><\/address>\n<ul>\n<li><span style=\"font-size: 20px; color: #000000;\"><a href=\"https:\/\/c-pour-dire.com\/wp-content\/uploads\/LeTourdunmonde.pdf\" target=\"_blank\" rel=\"noopener\">Le tour d\u2019un monde en sept jours avec un \u00e2ne en Provence.<\/a> (Le Condottiere, 2009).<\/span><\/li>\n<\/ul>\n<p style=\"text-align: justify; padding-left: 120px;\"><em><span style=\"font-size: 20px;\">\u00abJules, donc, est un bijou d\u2019\u00e2ne proven\u00e7al. Comme un gros santon \u00e9chapp\u00e9 de la cr\u00e8che. Une fine robe gris souris relev\u00e9e d\u2019un d\u00e9licat trait de pinceau noir en croix \u2013<\/span><\/em><br \/>\n<em><span style=\"font-size: 20px;\">dite croix de Saint-Andr\u00e9 \u2013 lui parcourant l\u2019\u00e9chine depuis sa crini\u00e8re de huron jusqu\u2019au bout du bout de sa petite queue guillerette et, \u00e0 hauteur d\u2019\u00e9paule, venant souligner dans l\u2019\u00e9l\u00e9gance du galon la finesse des pattes avant\u2026 Bien, direz-vous, mais\u2026 Mais quoi ? Ah, les oreilles bien s\u00fbr. Grandes, certes. Pas de ces petits cornets pointant \u00e0 la t\u00eate des chevaux. De vraies belles oreilles bien fi\u00e8res, assum\u00e9es, bord\u00e9es de noir pass\u00e9 au henn\u00e9, au pavillon d\u00e9fendu par une for\u00eat poilue ; agiles et agit\u00e9s comme des bras d\u2019enfant, \u00e0 faire des moulinets, \u00e0 brasser l\u2019air comme pour en \u00e9coper la musique \u2013 bruits, sons, bourdonnements d\u2019insectes \u2013, en d\u00e9crypter le sens complexe et envoyer des messages secrets. D\u2019o\u00f9 ce regard interrogatif d\u2019analyste, noir profond, charbonneux, comme grim\u00e9 \u00e0 l\u2019exc\u00e8s. Un regard parfois pliss\u00e9 en une fente \u00e9troite, celle du demi-sommeil, ou bien exorbit\u00e9 dans la surprise ou la frayeur.\u00bb<\/span><\/em><\/p>\n<ul>\n<li><span style=\"font-size: 20px; color: #000000;\"> <a href=\"http:\/\/livre.fnac.com\/a310948\/Roger-Dadoun-Vieillir-et-jouir\" target=\"_blank\" rel=\"noopener noreferrer\">Vieillir et jouir<\/a>. Feux sous la cendre. Avec Roger Dadoun. (\u00c9d. Ph\u00e9bus, 1999). Le m\u00e9tier de journaliste (GRET; minist\u00e8re de la Coop\u00e9ration, 1998).<\/span><\/li>\n<li><span style=\"font-size: 20px; color: #000000;\">Histoire d&rsquo;un Homme dispers\u00e9, roman (1996, in\u00e9dit). <\/span><\/li>\n<li><span style=\"font-size: 20px;\"><span style=\"color: #000000;\"> G\u00e9ant Communication (Hachette<\/span> Jeunesse, 1992, co-auteur). La Villette, un certain \u00e2ge d&rsquo;or (\u00e9d. Atlas, Paris, 1987). <\/span><\/li>\n<li><span style=\"font-size: 20px;\"> La Radio (Hachette-CFPJ, Paris, 1987).<\/span><\/li>\n<li><span style=\"font-size: 20px;\"> Conocer a Wilhelm Reich (Ed. Barcanova, Barcelone, 1981).<\/span><\/li>\n<\/ul>\n<p>&nbsp;<\/p>\n<p>&nbsp;<\/p>\n<p><span style=\"font-size: 24px;\"><strong>A \u00e9couter : <a href=\"https:\/\/frank-lovisolo.fr\/WordPress\/les-trente-mots-de-gerard-ponthieu\/\" target=\"_blank\" rel=\"noopener\">Stttrente<\/a>\u00a0<\/strong><\/span><\/p>\n<p><span style=\"font-size: 24px;\"><strong>A lire :<\/strong><\/span><\/p>\n<p><a href=\"https:\/\/www.amazon.fr\/G%25C3%25A9rard-Ponthieu\/e\/B091YNRZC3?ref=sr_ntt_srch_lnk_1&amp;qid=1697694425&amp;sr=8-1\" target=\"_blank\" rel=\"noopener\"><img loading=\"lazy\" decoding=\"async\" class=\"alignnone size-large\" src=\"https:\/\/c-pour-dire.com\/wp-content\/uploads\/Tour-monde-2-500x217.jpg\" width=\"500\" height=\"217\" alt=\"- - -\" title=\"-\"><\/a><\/p>\n<\/td>\n<\/tr>\n<\/tbody>\n<\/table>\n<div style=\"text-align: center;\"><span style=\"color: #ffffff;\">\u00a0<\/span><a id=\"com\"><\/a><span style=\"font-size: 10px; color: #ffffff;\">Frank C\u00e9sar Lovisolo &#8211; Frank C\u00e9sar Lovisolo<\/span><\/div>\n<div id=\"ez-toc-container\" class=\"ez-toc-v2_0_82_2 ez-toc-wrap-center counter-hierarchy ez-toc-counter ez-toc-light-blue ez-toc-container-direction\">\n<label for=\"ez-toc-cssicon-toggle-item-69e5bd1962d90\" class=\"ez-toc-cssicon-toggle-label\"><p class=\"ez-toc-title\" style=\"cursor:inherit\">Table des mati\u00e8res<\/p>\n<span class=\"ez-toc-cssicon\"><span class=\"eztoc-hide\" style=\"display:none;\">Toggle<\/span><span class=\"ez-toc-icon-toggle-span\"><svg style=\"fill: #999;color:#999\" xmlns=\"http:\/\/www.w3.org\/2000\/svg\" class=\"list-377408\" width=\"20px\" height=\"20px\" viewBox=\"0 0 24 24\" fill=\"none\"><path d=\"M6 6H4v2h2V6zm14 0H8v2h12V6zM4 11h2v2H4v-2zm16 0H8v2h12v-2zM4 16h2v2H4v-2zm16 0H8v2h12v-2z\" fill=\"currentColor\"><\/path><\/svg><svg style=\"fill: #999;color:#999\" class=\"arrow-unsorted-368013\" xmlns=\"http:\/\/www.w3.org\/2000\/svg\" width=\"10px\" height=\"10px\" viewBox=\"0 0 24 24\" version=\"1.2\" baseProfile=\"tiny\"><path d=\"M18.2 9.3l-6.2-6.3-6.2 6.3c-.2.2-.3.4-.3.7s.1.5.3.7c.2.2.4.3.7.3h11c.3 0 .5-.1.7-.3.2-.2.3-.5.3-.7s-.1-.5-.3-.7zM5.8 14.7l6.2 6.3 6.2-6.3c.2-.2.3-.5.3-.7s-.1-.5-.3-.7c-.2-.2-.4-.3-.7-.3h-11c-.3 0-.5.1-.7.3-.2.2-.3.5-.3.7s.1.5.3.7z\"\/><\/svg><\/span><\/span><\/label><input type=\"checkbox\"  id=\"ez-toc-cssicon-toggle-item-69e5bd1962d90\" checked \/><nav><ul class='ez-toc-list ez-toc-list-level-1 ' ><li class='ez-toc-page-1 ez-toc-heading-level-3'><a class=\"ez-toc-link ez-toc-heading-1\" href=\"https:\/\/frank-lovisolo.fr\/WordPress\/frank-cesar-lovisolo-gerard-ponthieu\/#frank-einstein-%e2%80%93-frank-cesar-lovisolo\" >Frank-Einstein &#8211; Frank C\u00e9sar Lovisolo :<\/a><\/li><li class='ez-toc-page-1 ez-toc-heading-level-3'><a class=\"ez-toc-link ez-toc-heading-2\" href=\"https:\/\/frank-lovisolo.fr\/WordPress\/frank-cesar-lovisolo-gerard-ponthieu\/#energie-du-son-relativite-du-bruit\" >\u00c9nergie du son, relativit\u00e9 du bruit<\/a><ul class='ez-toc-list-level-5' ><li class='ez-toc-heading-level-5'><ul class='ez-toc-list-level-5' ><li class='ez-toc-heading-level-5'><a class=\"ez-toc-link ez-toc-heading-3\" href=\"https:\/\/frank-lovisolo.fr\/WordPress\/frank-cesar-lovisolo-gerard-ponthieu\/#gerard-ponthieu\" >G\u00e9rard Ponthieu<\/a><\/li><\/ul><\/li><\/ul><\/li><\/ul><\/nav><\/div>\n","protected":false},"excerpt":{"rendered":"<p><span class=\"span-reading-time rt-reading-time\" style=\"display: block;\"><span class=\"rt-label rt-prefix\">Reading Time: <\/span> <span class=\"rt-time\"> 4<\/span> <span class=\"rt-label rt-postfix\">minutes<\/span><\/span>\u2026 <a class=\"continue-reading-link\" href=\"https:\/\/frank-lovisolo.fr\/WordPress\/frank-cesar-lovisolo-gerard-ponthieu\/\">Suite &#8211; Continue reading<\/a><\/p>\n","protected":false},"author":1,"featured_media":12494,"parent":0,"menu_order":0,"comment_status":"closed","ping_status":"closed","template":"templates\/template-onecolumn.php","meta":{"footnotes":""},"categories":[353,1],"tags":[],"class_list":["post-45216","page","type-page","status-publish","has-post-thumbnail","hentry","category-presse","category-tous-les-articles"],"_links":{"self":[{"href":"https:\/\/frank-lovisolo.fr\/WordPress\/wp-json\/wp\/v2\/pages\/45216","targetHints":{"allow":["GET"]}}],"collection":[{"href":"https:\/\/frank-lovisolo.fr\/WordPress\/wp-json\/wp\/v2\/pages"}],"about":[{"href":"https:\/\/frank-lovisolo.fr\/WordPress\/wp-json\/wp\/v2\/types\/page"}],"author":[{"embeddable":true,"href":"https:\/\/frank-lovisolo.fr\/WordPress\/wp-json\/wp\/v2\/users\/1"}],"replies":[{"embeddable":true,"href":"https:\/\/frank-lovisolo.fr\/WordPress\/wp-json\/wp\/v2\/comments?post=45216"}],"version-history":[{"count":0,"href":"https:\/\/frank-lovisolo.fr\/WordPress\/wp-json\/wp\/v2\/pages\/45216\/revisions"}],"wp:featuredmedia":[{"embeddable":true,"href":"https:\/\/frank-lovisolo.fr\/WordPress\/wp-json\/wp\/v2\/media\/12494"}],"wp:attachment":[{"href":"https:\/\/frank-lovisolo.fr\/WordPress\/wp-json\/wp\/v2\/media?parent=45216"}],"wp:term":[{"taxonomy":"category","embeddable":true,"href":"https:\/\/frank-lovisolo.fr\/WordPress\/wp-json\/wp\/v2\/categories?post=45216"},{"taxonomy":"post_tag","embeddable":true,"href":"https:\/\/frank-lovisolo.fr\/WordPress\/wp-json\/wp\/v2\/tags?post=45216"}],"curies":[{"name":"wp","href":"https:\/\/api.w.org\/{rel}","templated":true}]}}