{"id":43791,"date":"2023-01-29T10:00:59","date_gmt":"2023-01-29T09:00:59","guid":{"rendered":"https:\/\/frank-lovisolo.fr\/WordPress\/?page_id=43791"},"modified":"2025-11-23T17:12:35","modified_gmt":"2025-11-23T16:12:35","slug":"albums-frank-cesar-lovisolo","status":"publish","type":"page","link":"https:\/\/frank-lovisolo.fr\/WordPress\/albums-frank-cesar-lovisolo\/","title":{"rendered":"Albums Frank C\u00e9sar Lovisolo"},"content":{"rendered":"<span class=\"span-reading-time rt-reading-time\" style=\"display: block;\"><span class=\"rt-label rt-prefix\">Reading Time: <\/span> <span class=\"rt-time\"> 4<\/span> <span class=\"rt-label rt-postfix\">minutes<\/span><\/span><div><span style=\"color: #ffffff;\"><span style=\"font-size: 8px;\">Albums Frank C\u00e9sar Lovisolo <\/span><\/span><\/p>\n<h3><span style=\"color: #ffffff;\"><strong>Albums Frank C\u00e9sar Lovisolo<\/strong><\/span><\/h3>\n<style>\n       .errordiv { padding:10px; margin:10px; border: 1px solid #555555;color: #000000;background-color: #f8f8f8; width:500px; }#advanced_iframe {visibility:visible;opacity:1;vertical-align:top;}.ai-info-bottom-iframe { position: fixed; z-index: 10000; bottom:0; left: 0; margin: 0px; text-align: center; width: 100%; background-color: #ff9999; padding-left: 5px;padding-bottom: 5px; border-top: 1px solid #aaa } a.ai-bold {font-weight: bold;}#ai-layer-div-advanced_iframe p {height:100%;margin:0;padding:0}<\/style><script type=\"text\/javascript\">var ai_iframe_width_advanced_iframe = 0;var ai_iframe_height_advanced_iframe = 0;var aiOnloadScrollTop=\"true\";var aiShowDebug=false;\n\t\tif (typeof aiReadyCallbacks === 'undefined') {\n\t\t\tvar aiReadyCallbacks = [];\n\t\t} else if (!(aiReadyCallbacks instanceof Array)) {\n\t\t\tvar aiReadyCallbacks = [];\n\t\t}    function aiShowIframeId(id_iframe) { jQuery(\"#\"+id_iframe).css(\"visibility\", \"visible\");    }    function aiResizeIframeHeight(height) { aiResizeIframeHeight(height,advanced_iframe); }    function aiResizeIframeHeightId(height,width,id) {aiResizeIframeHeightById(id,height);}<\/script><iframe id=\"advanced_iframe\"  name=\"advanced_iframe\"  src=\"https:\/\/frankcesarlovisolo.bandcamp.com\/\"  width=\"1024\"  height=\"1400\"  frameborder=\"0\"  border=\"0\"  allowtransparency=\"true\"  loading=\"auto\"  style=\";border-width: 0px;;border: none;;width:1024px;;height:1400px;\"  allowfullscreen ><\/iframe><script type=\"text\/javascript\">var ifrm_advanced_iframe = document.getElementById(\"advanced_iframe\");var hiddenTabsDoneadvanced_iframe = false;\nfunction resizeCallbackadvanced_iframe() {}<\/script><script type=\"text\/javascript\"><\/script>\n<\/div>\n<p><!--nextpage--><\/p>\n<div>\n<p><a href=\"https:\/\/frank-lovisolo.fr\/WordPress\/?utm_source=chatgpt.com\"><img loading=\"lazy\" decoding=\"async\" class=\"alignnone\" src=\"https:\/\/tse1.mm.bing.net\/th\/id\/OIP.odRqJBDyOSozOE_0lVfJ1gHaD4?pid=Api\" alt=\"Albums Frank C\u00e9sar Lovisolo - Frank C\u00e9sar Lovisolo , artiste Bienvenue - Welcome\" width=\"474\" height=\"248\" title=\"-\"><\/a><\/p>\n<p>Un <strong>r\u00e9sum\u00e9 des activit\u00e9s artistiques<\/strong> de <strong>Frank C\u00e9sar Lovisolo<\/strong> :<\/p>\n<p><span style=\"color: #ffffff;\"><span style=\"font-size: 8px;\">Albums Frank C\u00e9sar Lovisolo &#8211; Albums Frank C\u00e9sar Lovisolo &#8211; Albums Frank C\u00e9sar Lovisolo &#8211; Albums Frank C\u00e9sar Lovisolo &#8211; Albums Frank C\u00e9sar Lovisolo &#8211; <\/span><\/span><\/p>\n<hr \/>\n<h2>Parcours et profil<\/h2>\n<ul>\n<li>Frank C\u00e9sar Lovisolo (n\u00e9 le 17 mai 1957 \u00e0 Toulon) est un artiste multim\u00e9dia, compositeur et ing\u00e9nieur du son.<\/li>\n<li>Il enseigne \u00e0 l\u2019Universit\u00e9 de Toulon depuis 2010, dans les domaines de l\u2019audio, du studio, de la sc\u00e8ne et de la synth\u00e8se sonore.<\/li>\n<li>Il est \u00e9galement auteur-contributeur dans des ouvrages universitaires, notamment dans \u00ab \u00c0 la racine du r\u00e9cit \u00bb dirig\u00e9 par Billel Aroufoune. (<a title=\"A la racine du r\u00e9cit\" href=\"https:\/\/www.imsic.fr\/a-la-racine-du-recit\/?utm_source=chatgpt.com\" target=\"_blank\" rel=\"noopener\">imsic.fr<\/a>)<\/li>\n<\/ul>\n<hr \/>\n<h2>Musique \/ Composition<\/h2>\n<ul>\n<li>Il a produit plusieurs albums, qui t\u00e9moignent de son int\u00e9r\u00eat pour des univers tr\u00e8s vari\u00e9s et parfois conceptuels : parmi eux, <strong>\u00ab Pour en finir avec le jugement de dieu \u00bb<\/strong> (texte d\u2019Antonin Artaud), <strong>\u00ab Chim\u00e8res \u00bb<\/strong> (li\u00e9 \u00e0 G\u00e9rard de Nerval), <strong>\u00ab Covered Passage \u00bb<\/strong>, <strong>\u00ab Subliminal Messages \u00bb<\/strong>, <strong>\u00ab The Den without End \u00bb<\/strong>, <strong>\u00ab One Outside \u00bb<\/strong>, <strong>\u00ab Unruliness \u00bb<\/strong>, et \u00ab Perilous Vale \u00bb. (<a title=\"Music | Frank C\u00e9sar Lovisolo\" href=\"https:\/\/frankcesarlovisolo.bandcamp.com\/?utm_source=chatgpt.com\" target=\"_blank\" rel=\"noopener\">Frank C\u00e9sar Lovisolo<\/a>)<\/li>\n<li>Il m\u00eale souvent la musique \u00e0 des dimensions litt\u00e9raires, philosophiques ou po\u00e9tiques (ex : Artaud, Nerval).<\/li>\n<\/ul>\n<p><span style=\"color: #ffffff;\"><span style=\"font-size: 8px;\">Albums Frank C\u00e9sar Lovisolo &#8211; Albums Frank C\u00e9sar Lovisolo &#8211; Albums Frank C\u00e9sar Lovisolo &#8211; Albums Frank C\u00e9sar Lovisolo &#8211; Albums Frank C\u00e9sar Lovisolo &#8211; <\/span><\/span><\/p>\n<hr \/>\n<h2>Arts visuels et multim\u00e9dia<\/h2>\n<ul>\n<li>Il r\u00e9alise des <strong>vid\u00e9os artistiques<\/strong>. Dans certaines collaborations (notamment avec Herv\u00e9 Z\u00e9nouda), il combine l\u2019image num\u00e9rique, la g\u00e9om\u00e9trie (fractale) et la musique.<\/li>\n<li>Il pratique aussi la <strong>photographie<\/strong>, notamment avec un projet appel\u00e9 <em>Douze min\u00e9ralisations photographiques<\/em>, qui explore la couleur, la m\u00e9moire et des \u00ab r\u00e9sultantes perturb\u00e9es \u00bb par des motifs philosophiques.<\/li>\n<li>Il a cr\u00e9\u00e9 des installations d\u2019<strong>art num\u00e9rique<\/strong> ; par exemple, l\u2019exposition <strong>\u00ab Retrouver l\u2019oubli \u00bb<\/strong> s\u2019est tenue en f\u00e9vrier 2023 \u00e0 la Galerie Azimut (Aix-en-Provence). Il y questionne la m\u00e9moire, le souvenir, la r\u00e9miniscence, et comment l\u2019image et la couleur peuvent repr\u00e9senter des traces int\u00e9rieures. (<a title=\"Exposition : Retrouver l&#039;oubli - Frank C\u00e9sar Lovisolo\" href=\"https:\/\/oneartyminute.com\/expositions\/retrouver-loubli.html?utm_source=chatgpt.com\" target=\"_blank\" rel=\"noopener\">\u25ba\u25ba\u25ba<\/a>)<\/li>\n<li>Il s\u2019int\u00e9resse aussi au <strong>Land Art virtuel<\/strong> : dans certains de ses articles, il r\u00e9fl\u00e9chit \u00e0 l\u2019int\u00e9gration de figures fractales dans des paysages, comme un pont entre math\u00e9matique, nature et construction imaginaire.<\/li>\n<\/ul>\n<hr \/>\n<h2>Projets litt\u00e9raires \/ intellectuels<\/h2>\n<ul>\n<li>En plus de la musique et de l\u2019image, il participe \u00e0 des projets d\u2019\u00e9criture : il figure parmi les contributeurs d\u2019un ouvrage acad\u00e9mique sur le r\u00e9cit, la communication et la cr\u00e9ation. (<a title=\"A la racine du r\u00e9cit\" href=\"https:\/\/www.imsic.fr\/a-la-racine-du-recit\/?utm_source=chatgpt.com\" target=\"_blank\" rel=\"noopener\">imsic.fr<\/a>)<\/li>\n<li>Ses travaux montrent une dimension philosophique : la m\u00e9moire, l\u2019oubli, la perception, la couleur ou encore les structures fractales sont des th\u00e8mes r\u00e9currents dans sa production artistique.<\/li>\n<\/ul>\n<hr \/>\n<h2>Collaborations<\/h2>\n<ul>\n<li>Il collabore avec d\u2019autres artistes, en particulier des musiciens contemporains comme Herv\u00e9 Z\u00e9nouda pour des projets audiovisuels.<\/li>\n<li>Il intervient aussi dans des univers universitaires et litt\u00e9raires par ses \u00e9crits ou sa musique autour de textes comme ceux d\u2019Artaud ou de Nerval.<\/li>\n<\/ul>\n<hr \/>\n<h3>En synth\u00e8se<\/h3>\n<p>Frank C\u00e9sar Lovisolo est un artiste <strong>pluridisciplinaire<\/strong>, qui combine <strong>musique<\/strong>, <strong>vid\u00e9o<\/strong>, <strong>photographie<\/strong> et <strong>installation num\u00e9rique<\/strong>. Son travail se caract\u00e9rise par une profonde r\u00e9flexion sur la m\u00e9moire, l\u2019imaginaire, et les structures esth\u00e9tiques (fractales, couleur, r\u00e9cits). Il est \u00e9galement actif dans le milieu acad\u00e9mique, \u00e0 la fois comme enseignant et comme contributeur intellectuel.<\/p>\n<hr \/>\n<p>Voici une <strong>chronologie plus compl\u00e8te<\/strong> (mais non exhaustive) des activit\u00e9s artistiques de <strong>Frank C\u00e9sar Lovisolo<\/strong>, organis\u00e9e selon les diff\u00e9rents registres (musique, installation, photographie, \u00e9criture\u2026) :<\/p>\n<hr \/>\n<h2>Chronologie compl\u00e8te (s\u00e9lective) de Frank C\u00e9sar Lovisolo<\/h2>\n<table>\n<thead>\n<tr>\n<th>P\u00e9riode<\/th>\n<th>Activit\u00e9 \/ Projet<\/th>\n<\/tr>\n<\/thead>\n<tbody>\n<tr>\n<td><strong>1957<\/strong><\/td>\n<td>Naissance : Frank C\u00e9sar Lovisolo est n\u00e9 le <strong>17 mai 1957<\/strong> \u00e0 Toulon. (<a title=\"Curriculum Vitae en raccourci - Frank LOVISOLO GUILLARD\" href=\"https:\/\/frank-lovisolo.fr\/WordPress\/cv-condense-frank-lovisolo\/?utm_source=chatgpt.com\">\u25ba\u25ba\u25ba<\/a>)<\/td>\n<\/tr>\n<tr>\n<td><strong>Avant 2010<\/strong><\/td>\n<td>\u2014 S\u2019implique comme compositeur et ing\u00e9nieur du son.\u2014 D\u00e9veloppement de sa pratique multim\u00e9dia (musique, image, vid\u00e9o) (informations tir\u00e9es de son CV). (<a title=\"Curriculum Vitae en raccourci - Frank C\u00e9sar LOVISOLO\" href=\"https:\/\/frank-lovisolo.fr\/WordPress\/frank-cesar-lovisolo-cv-bref\/?utm_source=chatgpt.com\">\u25ba\u25ba\u25ba<\/a>)<\/td>\n<\/tr>\n<tr>\n<td><strong>2010<\/strong><\/td>\n<td>Il devient <strong>charg\u00e9 de cours<\/strong> \u00e0 l\u2019Universit\u00e9 de Toulon, enseignant les technologies audio (studio, sc\u00e8ne, synth\u00e8se sonore). (<a title=\"Curriculum Vitae en raccourci - Frank LOVISOLO GUILLARD\" href=\"https:\/\/frank-lovisolo.fr\/WordPress\/cv-condense-frank-lovisolo\/?utm_source=chatgpt.com\">\u25ba\u25ba\u25ba<\/a>)<\/td>\n<\/tr>\n<tr>\n<td><strong>2014<\/strong><\/td>\n<td>R\u00e9alisation du projet photographique <strong>\u00ab Douze min\u00e9ralisations photographiques \u2026 et leurs trois r\u00e9sultantes perturb\u00e9es \u00bb<\/strong>, qui explore la couleur, la m\u00e9moire, l\u2019image et la perturbation esth\u00e9tique. (<a title=\"Douze min\u00e9ralisations photographiques - Intense\" href=\"https:\/\/frank-lovisolo.fr\/WordPress\/douze-mineralisations-photographiques\/?utm_source=chatgpt.com\">\u25ba\u25ba\u25ba<\/a>)<\/td>\n<\/tr>\n<tr>\n<td><strong>2018<\/strong><\/td>\n<td>Composition sonore pour l\u2019installation <strong>Vois L<\/strong> (avec Jean-No\u00ebl L\u00e1szl\u00f3) : quatre pistes sonores (voyelles A, I, U, O) + prise de son radio + synth\u00e9tiseurs + enregistrement marin. L\u2019\u0153uvre est con\u00e7ue comme une structure synesth\u00e9sique o\u00f9 voyelles et mat\u00e9riaux sonores se superposent. Date officielle de cr\u00e9ation de la pi\u00e8ce \u00ab Voyelles \u00bb : <strong>1er f\u00e9vrier 2018<\/strong> (dur\u00e9e ~ 12 min) selon le compositeur.<\/td>\n<\/tr>\n<tr>\n<td><strong>2021<\/strong><\/td>\n<td>Composition <strong>\u00ab Ostraca \u00bb<\/strong> : pi\u00e8ce pour piano, synth\u00e9tiseur, cors, trombone basse, bugle, percussions et piste sonore d\u2019effets.<\/td>\n<\/tr>\n<tr>\n<td><strong>2023<\/strong><\/td>\n<td>&#8211; Exposition <strong>\u00ab Retrouver l\u2019oubli \u00bb<\/strong>, art num\u00e9rique : du 6 au 11 f\u00e9vrier \u00e0 la Galerie Azimut (Aix-en-Provence). (<a title=\"Exposition : Retrouver l&#039;oubli - Frank C\u00e9sar Lovisolo\" href=\"https:\/\/oneartyminute.com\/expositions\/retrouver-loubli.html?utm_source=chatgpt.com\" target=\"_blank\" rel=\"noopener\">\u25ba\u25ba\u25ba<\/a>) &#8211;<\/p>\n<ul>\n<li><strong>Vois L<\/strong> est expos\u00e9e au Mus\u00e9e Mus\u00e9um de Gap du 14 octobre 2023 au 19 mai 2024 : installation visuelle de L\u00e1szl\u00f3 + musique de Lovisolo.<\/li>\n<\/ul>\n<\/td>\n<\/tr>\n<tr>\n<td><strong>2025<\/strong><\/td>\n<td>&#8211; Performance \/ conf\u00e9rence-vid\u00e9o autour de <strong>\u00ab Pour en finir avec le jugement de Dieu \u00bb<\/strong> (texte d\u2019Antonin Artaud) \u00e0 l\u2019Universit\u00e9 de Toulon (10 avril 2025). \u00a0&#8211; Sa contribution \u00e0 l\u2019ouvrage universitaire <strong>\u00c0 la racine du r\u00e9cit<\/strong> (dirig\u00e9 par Billel Aroufoune, \u00e9ditions L\u2019Harmattan) est mentionn\u00e9e comme parue en d\u00e9cembre 2023 mais reste active dans les communications publiques. (<a title=\"Frank C\u00e9sar Lovisolo - artiste -\u00a0Bienvenue - Welcome\" href=\"https:\/\/frank-lovisolo.fr\/WordPress\/envrac42-marianne-breslauer\/?utm_source=chatgpt.com\">Frank Lovisolo<\/a>)<\/td>\n<\/tr>\n<\/tbody>\n<\/table>\n<hr \/>\n<h2>Discographie (albums principaux)<\/h2>\n<p>D\u2019apr\u00e8s son CV condens\u00e9<\/p>\n<p>Voici quelques-uns de ses albums :<\/p>\n<ol>\n<li><strong>Sappho Fragments<\/strong><\/li>\n<li><strong>Perilous Vale<\/strong><\/li>\n<li><strong>R\u00e9miniscences<\/strong><\/li>\n<li><strong>Italian Colors<\/strong><\/li>\n<li><strong>Curious Aphorisms<\/strong><\/li>\n<li><strong>Unruliness<\/strong><\/li>\n<li><strong>Charles B.<\/strong><\/li>\n<li><strong>Stttrente<\/strong><\/li>\n<li><strong>Distant Whispers<\/strong><\/li>\n<li><strong>One Outside<\/strong><\/li>\n<li><strong>The Den without End<\/strong><\/li>\n<li><strong>Subliminal Messages<\/strong><br \/>\n\u2014 On retrouve plusieurs de ces titres sur sa page <strong>Bandcamp<\/strong>. (<a title=\"Music | Frank C\u00e9sar Lovisolo\" href=\"https:\/\/frankcesarlovisolo.bandcamp.com\/?utm_source=chatgpt.com\" target=\"_blank\" rel=\"noopener\">\u25ba<\/a>)<\/li>\n<\/ol>\n<hr \/>\n<h2><img loading=\"lazy\" decoding=\"async\" class=\"wp-image-50693 size-medium alignleft\" src=\"https:\/\/frank-lovisolo.fr\/WordPress\/wp-content\/uploads\/2018\/07\/IMG_3087-460x259.jpg\" alt=\"Pors Loubous - Bretagne\" width=\"460\" height=\"259\" title=\"-\" srcset=\"https:\/\/frank-lovisolo.fr\/WordPress\/wp-content\/uploads\/2018\/07\/IMG_3087-460x259.jpg 460w, https:\/\/frank-lovisolo.fr\/WordPress\/wp-content\/uploads\/2018\/07\/IMG_3087-1024x576.jpg 1024w, https:\/\/frank-lovisolo.fr\/WordPress\/wp-content\/uploads\/2018\/07\/IMG_3087-768x432.jpg 768w, https:\/\/frank-lovisolo.fr\/WordPress\/wp-content\/uploads\/2018\/07\/IMG_3087-250x141.jpg 250w, https:\/\/frank-lovisolo.fr\/WordPress\/wp-content\/uploads\/2018\/07\/IMG_3087-150x84.jpg 150w, https:\/\/frank-lovisolo.fr\/WordPress\/wp-content\/uploads\/2018\/07\/IMG_3087.jpg 1440w\" sizes=\"auto, (max-width: 460px) 100vw, 460px\" \/>Autres registres artistiques<\/h2>\n<ul>\n<li><strong>Photographie \/ Art num\u00e9rique<\/strong> : sa pratique comprend la retouche photo, la cr\u00e9ation d\u2019images num\u00e9riques, des exp\u00e9rimentations esth\u00e9tiques (couleurs, m\u00e9moire, formes).<strong>Vid\u00e9aste d\u2019art<\/strong> : il r\u00e9alise des vid\u00e9os avec une forte dimension \u00e9motionnelle et visuelle. On peut citer la vid\u00e9o <em>Les Danseurs du Chemin des Dames.<\/em><\/li>\n<li><strong>Installation sonore \/ art collaboratif<\/strong> : par exemple l\u2019installation \u00ab Vois L \u00bb (voir ci-dessus) et une \u00ab installation sonore \u00bb avec Jean-No\u00ebl L\u00e1szl\u00f3 au Mus\u00e9e de Gap.<\/li>\n<li><strong>\u00c9criture \/ intellectuel<\/strong> : il contribue \u00e0 des ouvrages acad\u00e9miques ; il est mentionn\u00e9 comme auteur \/ contributeur dans <em>\u00c0 la racine du r\u00e9cit<\/em>.<\/li>\n<\/ul>\n<hr \/>\n<h3>Quelques observations<\/h3>\n<ul>\n<li>Sa <strong>carri\u00e8re<\/strong> embrasse fortement plusieurs m\u00e9dias : musique, son, image, installation, \u00e9criture \u2014 il est typiquement un artiste <strong>multim\u00e9dia<\/strong>.<\/li>\n<li>Il semble particuli\u00e8rement motiv\u00e9 par des th\u00e8mes comme la <strong>m\u00e9moire<\/strong>, l\u2019<strong>oubli<\/strong>, les <strong>structures linguistiques<\/strong> (voyelles), ainsi que des formes musicales exp\u00e9rimentales (synth\u00e8se, musique concr\u00e8te).<\/li>\n<li>Il combine des d\u00e9marches tr\u00e8s conceptuelles (installation, art num\u00e9rique) et des r\u00e9f\u00e9rences litt\u00e9raires ou po\u00e9tiques (Artaud, Nerval, etc.).<\/li>\n<\/ul>\n<\/div>\n<div id=\"ez-toc-container\" class=\"ez-toc-v2_0_82_2 ez-toc-wrap-center counter-hierarchy ez-toc-counter ez-toc-light-blue ez-toc-container-direction\">\n<label for=\"ez-toc-cssicon-toggle-item-69e99d160b6fd\" class=\"ez-toc-cssicon-toggle-label\"><p class=\"ez-toc-title\" style=\"cursor:inherit\">Table des mati\u00e8res<\/p>\n<span class=\"ez-toc-cssicon\"><span class=\"eztoc-hide\" style=\"display:none;\">Toggle<\/span><span class=\"ez-toc-icon-toggle-span\"><svg style=\"fill: #999;color:#999\" xmlns=\"http:\/\/www.w3.org\/2000\/svg\" class=\"list-377408\" width=\"20px\" height=\"20px\" viewBox=\"0 0 24 24\" fill=\"none\"><path d=\"M6 6H4v2h2V6zm14 0H8v2h12V6zM4 11h2v2H4v-2zm16 0H8v2h12v-2zM4 16h2v2H4v-2zm16 0H8v2h12v-2z\" fill=\"currentColor\"><\/path><\/svg><svg style=\"fill: #999;color:#999\" class=\"arrow-unsorted-368013\" xmlns=\"http:\/\/www.w3.org\/2000\/svg\" width=\"10px\" height=\"10px\" viewBox=\"0 0 24 24\" version=\"1.2\" baseProfile=\"tiny\"><path d=\"M18.2 9.3l-6.2-6.3-6.2 6.3c-.2.2-.3.4-.3.7s.1.5.3.7c.2.2.4.3.7.3h11c.3 0 .5-.1.7-.3.2-.2.3-.5.3-.7s-.1-.5-.3-.7zM5.8 14.7l6.2 6.3 6.2-6.3c.2-.2.3-.5.3-.7s-.1-.5-.3-.7c-.2-.2-.4-.3-.7-.3h-11c-.3 0-.5.1-.7.3-.2.2-.3.5-.3.7s.1.5.3.7z\"\/><\/svg><\/span><\/span><\/label><input type=\"checkbox\"  id=\"ez-toc-cssicon-toggle-item-69e99d160b6fd\" checked \/><nav><ul class='ez-toc-list ez-toc-list-level-1 ' ><li class='ez-toc-page-1 ez-toc-heading-level-2'><a class=\"ez-toc-link ez-toc-heading-1\" href=\"https:\/\/frank-lovisolo.fr\/WordPress\/albums-frank-cesar-lovisolo\/2\/#parcours-et-profil\" >Parcours et profil<\/a><\/li><li class='ez-toc-page-1 ez-toc-heading-level-2'><a class=\"ez-toc-link ez-toc-heading-2\" href=\"https:\/\/frank-lovisolo.fr\/WordPress\/albums-frank-cesar-lovisolo\/2\/#musique-composition\" >Musique \/ Composition<\/a><\/li><li class='ez-toc-page-1 ez-toc-heading-level-2'><a class=\"ez-toc-link ez-toc-heading-3\" href=\"https:\/\/frank-lovisolo.fr\/WordPress\/albums-frank-cesar-lovisolo\/2\/#arts-visuels-et-multimedia\" >Arts visuels et multim\u00e9dia<\/a><\/li><li class='ez-toc-page-1 ez-toc-heading-level-2'><a class=\"ez-toc-link ez-toc-heading-4\" href=\"https:\/\/frank-lovisolo.fr\/WordPress\/albums-frank-cesar-lovisolo\/2\/#projets-litteraires-intellectuels\" >Projets litt\u00e9raires \/ intellectuels<\/a><\/li><li class='ez-toc-page-1 ez-toc-heading-level-2'><a class=\"ez-toc-link ez-toc-heading-5\" href=\"https:\/\/frank-lovisolo.fr\/WordPress\/albums-frank-cesar-lovisolo\/2\/#collaborations\" >Collaborations<\/a><ul class='ez-toc-list-level-3' ><li class='ez-toc-heading-level-3'><a class=\"ez-toc-link ez-toc-heading-6\" href=\"https:\/\/frank-lovisolo.fr\/WordPress\/albums-frank-cesar-lovisolo\/2\/#en-synthese\" >En synth\u00e8se<\/a><\/li><\/ul><\/li><li class='ez-toc-page-1 ez-toc-heading-level-2'><a class=\"ez-toc-link ez-toc-heading-7\" href=\"https:\/\/frank-lovisolo.fr\/WordPress\/albums-frank-cesar-lovisolo\/2\/#chronologie-complete-selective-de-frank-cesar-lovisolo\" >Chronologie compl\u00e8te (s\u00e9lective) de Frank C\u00e9sar Lovisolo<\/a><\/li><li class='ez-toc-page-1 ez-toc-heading-level-2'><a class=\"ez-toc-link ez-toc-heading-8\" href=\"https:\/\/frank-lovisolo.fr\/WordPress\/albums-frank-cesar-lovisolo\/2\/#discographie-albums-principaux\" >Discographie (albums principaux)<\/a><\/li><li class='ez-toc-page-1 ez-toc-heading-level-2'><a class=\"ez-toc-link ez-toc-heading-9\" href=\"https:\/\/frank-lovisolo.fr\/WordPress\/albums-frank-cesar-lovisolo\/2\/#autres-registres-artistiques\" >Autres registres artistiques<\/a><ul class='ez-toc-list-level-3' ><li class='ez-toc-heading-level-3'><a class=\"ez-toc-link ez-toc-heading-10\" href=\"https:\/\/frank-lovisolo.fr\/WordPress\/albums-frank-cesar-lovisolo\/2\/#quelques-observations\" >Quelques observations<\/a><\/li><\/ul><\/li><\/ul><\/nav><\/div>\n","protected":false},"excerpt":{"rendered":"<p><span class=\"span-reading-time rt-reading-time\" style=\"display: block;\"><span class=\"rt-label rt-prefix\">Reading Time: <\/span> <span class=\"rt-time\"> 4<\/span> <span class=\"rt-label rt-postfix\">minutes<\/span><\/span>\u2026 <a class=\"continue-reading-link\" href=\"https:\/\/frank-lovisolo.fr\/WordPress\/albums-frank-cesar-lovisolo\/\">Suite &#8211; Continue reading<\/a><\/p>\n","protected":false},"author":1,"featured_media":43882,"parent":0,"menu_order":0,"comment_status":"open","ping_status":"open","template":"templates\/template-twocolumns-right.php","meta":{"footnotes":""},"categories":[513],"tags":[3051,3044,3142,3046,3166,3204,3048,3047,3045,3205,3582,3595,3050],"class_list":["post-43791","page","type-page","status-publish","has-post-thumbnail","hentry","category-music-compositions","tag-charles-b","tag-curious-aphorisms","tag-distant-whispers","tag-italian-colors","tag-loves-and-breakups","tag-one-outside","tag-perilous-vale","tag-reminiscences","tag-sappho-fragments","tag-stttrente","tag-subliminal-messages","tag-the-den-without-end","tag-unruliness"],"_links":{"self":[{"href":"https:\/\/frank-lovisolo.fr\/WordPress\/wp-json\/wp\/v2\/pages\/43791","targetHints":{"allow":["GET"]}}],"collection":[{"href":"https:\/\/frank-lovisolo.fr\/WordPress\/wp-json\/wp\/v2\/pages"}],"about":[{"href":"https:\/\/frank-lovisolo.fr\/WordPress\/wp-json\/wp\/v2\/types\/page"}],"author":[{"embeddable":true,"href":"https:\/\/frank-lovisolo.fr\/WordPress\/wp-json\/wp\/v2\/users\/1"}],"replies":[{"embeddable":true,"href":"https:\/\/frank-lovisolo.fr\/WordPress\/wp-json\/wp\/v2\/comments?post=43791"}],"version-history":[{"count":2,"href":"https:\/\/frank-lovisolo.fr\/WordPress\/wp-json\/wp\/v2\/pages\/43791\/revisions"}],"predecessor-version":[{"id":51403,"href":"https:\/\/frank-lovisolo.fr\/WordPress\/wp-json\/wp\/v2\/pages\/43791\/revisions\/51403"}],"wp:featuredmedia":[{"embeddable":true,"href":"https:\/\/frank-lovisolo.fr\/WordPress\/wp-json\/wp\/v2\/media\/43882"}],"wp:attachment":[{"href":"https:\/\/frank-lovisolo.fr\/WordPress\/wp-json\/wp\/v2\/media?parent=43791"}],"wp:term":[{"taxonomy":"category","embeddable":true,"href":"https:\/\/frank-lovisolo.fr\/WordPress\/wp-json\/wp\/v2\/categories?post=43791"},{"taxonomy":"post_tag","embeddable":true,"href":"https:\/\/frank-lovisolo.fr\/WordPress\/wp-json\/wp\/v2\/tags?post=43791"}],"curies":[{"name":"wp","href":"https:\/\/api.w.org\/{rel}","templated":true}]}}