{"id":4296,"date":"2012-01-20T10:31:30","date_gmt":"2012-01-20T09:31:30","guid":{"rendered":"http:\/\/f.lovisolojob.free.fr\/Blog\/?p=4296"},"modified":"2026-02-16T07:23:13","modified_gmt":"2026-02-16T06:23:13","slug":"blue-bird-and-cage","status":"publish","type":"page","link":"https:\/\/frank-lovisolo.fr\/WordPress\/blue-bird-and-cage\/","title":{"rendered":"Blue Bird in Cage"},"content":{"rendered":"<span class=\"span-reading-time rt-reading-time\" style=\"display: block;\"><span class=\"rt-label rt-prefix\">Reading Time: <\/span> <span class=\"rt-time\"> 5<\/span> <span class=\"rt-label rt-postfix\">minutes<\/span><\/span><div><span style=\"color: #ffffff;\">&#8212;&#8211;<\/span><\/div>\n<table style=\"width: 100%; border-collapse: collapse;\" cellpadding=\"10\">\n<tbody>\n<tr>\n<td style=\"width: 50%; vertical-align: middle;\">\n<div style=\"text-align: left;\"><a href=\"https:\/\/frankcesarlovisolo.bandcamp.com\/track\/blue-bird-in-cage\" target=\"_blank\" rel=\"noopener\"><img loading=\"lazy\" decoding=\"async\" class=\"size-full wp-image-51221 alignleft\" src=\"https:\/\/frank-lovisolo.fr\/WordPress\/wp-content\/uploads\/2025\/11\/bandcamp-logotype-color-400-FrankV2.png\" alt=\"- - -\" width=\"400\" height=\"33\" title=\"-\" srcset=\"https:\/\/frank-lovisolo.fr\/WordPress\/wp-content\/uploads\/2025\/11\/bandcamp-logotype-color-400-FrankV2.png 400w, https:\/\/frank-lovisolo.fr\/WordPress\/wp-content\/uploads\/2025\/11\/bandcamp-logotype-color-400-FrankV2-250x21.png 250w, https:\/\/frank-lovisolo.fr\/WordPress\/wp-content\/uploads\/2025\/11\/bandcamp-logotype-color-400-FrankV2-150x12.png 150w\" sizes=\"auto, (max-width: 400px) 100vw, 400px\" \/><\/a><\/div>\n<\/td>\n<td style=\"width: 50%; vertical-align: middle;\"><a href=\"#com\"><img decoding=\"async\" class=\"wp-image-15068 size-full alignright\" src=\"https:\/\/frank-lovisolo.fr\/WordPress\/wp-content\/uploads\/2015\/06\/ComVert.jpg\" alt=\"ostraca\" title=\"-\"><\/a><\/td>\n<\/tr>\n<tr>\n<td style=\"width: 100%;\" colspan=\"2\">\n<div>\n<h4 style=\"text-align: left;\"><span class=\"ez-toc-section\" id=\"etude-numerique-pour-deux-pianos-prepares-jai-adore-la-tete-deconfite-du-loueur-a-la-restitution-de-linstrument\"><\/span><span style=\"font-size: 20px;\"><strong>Etude num\u00e9rique pour deux pianos pr\u00e9par\u00e9s.<br \/>\n<\/strong><span style=\"font-size: 15px;\">( J&rsquo;ai ador\u00e9 la t\u00eate d\u00e9confite du loueur \u00e0 la restitution de l&rsquo;instrument)<\/span><\/span><span class=\"ez-toc-section-end\"><\/span><\/h4>\n<\/div>\n<div style=\"text-align: justify;\"><span style=\"font-size: 20px;\">\u00ab<em>Certainement logique en th\u00e9orie, la musique peut devenir <a href=\"#2\">quantique<\/a><sup>1<\/sup> (cantique?) et inconcevable dans ce qu&rsquo;elle v\u00e9hicule vraiment.<\/em><\/span><\/div>\n<div style=\"text-align: justify;\"><span style=\"font-size: 20px;\"><em>Onde(s) ou particule(s) ? <\/em><\/span><\/div>\n<div style=\"text-align: justify;\"><span style=\"font-size: 20px;\"><em>Quelques musicologues avis\u00e9s ont peut-\u00eatre une r\u00e9ponse.<\/em>\u00bb<\/span><\/div>\n<div><span style=\"color: #ffffff; font-size: 20px;\">&#8211;<\/span><\/div>\n<div style=\"text-align: justify;\"><span style=\"font-size: 20px;\"><span style=\"font-size: 20px;\">Hum&#8230; Qui a parl\u00e9 de John Cage? Vous, derri\u00e8re votre clavier?<br \/>\n<span style=\"font-size: 14px;\">1) Notons que ce terme, comme ici, est souvent employ\u00e9 \u00e0 la va comme je te pousse ! Esp\u00e9rons que l&rsquo;humour fait barri\u00e8re \u00e0 pareilles inepties !<\/span><\/span><\/span><\/div>\n<\/td>\n<\/tr>\n<\/tbody>\n<\/table>\n<div style=\"text-align: right;\"><span style=\"color: #ffffff;\"><a style=\"color: #ffffff;\" href=\"https:\/\/frank-lovisolo.fr\/WordPress\">https:\/\/frank-lovisolo.fr\/WordPress\/<\/a><\/span><\/div>\n<table style=\"width: 100%;\" cellpadding=\"10\">\n<tbody>\n<tr style=\"height: 51px;\">\n<td>\n<h5 style=\"text-align: center;\"><span class=\"ez-toc-section\" id=\"%c2%ab-le-piano-prepare-est-en-realite-un-ensemble-de-percussions-confie-aux-mains-dun-seul-interprete-%c2%bb-%e2%80%94-john-cage\"><\/span><strong><span style=\"font-size: 16px;\">\u00ab\u00a0Le <a href=\"#1\">piano pr\u00e9par\u00e9<\/a>\u00a0est en r\u00e9alit\u00e9 un ensemble de percussions confi\u00e9 aux mains d&rsquo;un seul interpr\u00e8te\u00a0\u00bb \u2014 <a href=\"https:\/\/johncage.org\/\" target=\"_blank\" rel=\"noopener\">John Cage<\/a>.<\/span><\/strong><span class=\"ez-toc-section-end\"><\/span><\/h5>\n<\/td>\n<\/tr>\n<tr style=\"height: 377px;\">\n<td style=\"height: 377px;\">\n<h3><span class=\"mw-headline\"><img loading=\"lazy\" decoding=\"async\" class=\"alignright wp-image-14746\" src=\"https:\/\/frank-lovisolo.fr\/WordPress\/wp-content\/uploads\/2012\/01\/mvc-002x-560x420.jpg\" alt=\"mvc-002x\" width=\"460\" height=\"345\" title=\"-\" srcset=\"https:\/\/frank-lovisolo.fr\/WordPress\/wp-content\/uploads\/2012\/01\/mvc-002x-560x420.jpg 560w, https:\/\/frank-lovisolo.fr\/WordPress\/wp-content\/uploads\/2012\/01\/mvc-002x.jpg 1024w, https:\/\/frank-lovisolo.fr\/WordPress\/wp-content\/uploads\/2012\/01\/mvc-002x-200x150.jpg 200w, https:\/\/frank-lovisolo.fr\/WordPress\/wp-content\/uploads\/2012\/01\/mvc-002x-150x113.jpg 150w\" sizes=\"auto, (max-width: 460px) 100vw, 460px\" \/><\/span><\/h3>\n<p>&nbsp;<\/p>\n<h3><span class=\"ez-toc-section\" id=\"preparation-et-acoustique\"><\/span><span id=\"Pr.C3.A9paration_et_acoustique\" class=\"mw-headline\">Pr\u00e9paration et acoustique.<\/span><span class=\"ez-toc-section-end\"><\/span><\/h3>\n<div><\/div>\n<div><span style=\"font-size: 16px;\">\u00a0<\/span><\/div>\n<div style=\"text-align: justify;\"><span style=\"font-size: 16px;\"><a id=\"1\"><\/a>P<span style=\"font-size: 20px;\">hysiquement, la pr\u00e9paration du piano modifie la hauteur de la note, sa dur\u00e9e, son intensit\u00e9 (plus ou moins forte), la longueur de sa r\u00e9sonance, le mode d&rsquo;attaque et d&rsquo;extinction, et la qualit\u00e9 vibratoire (ou le spectre harmonique, ce qui qualifie le timbre). \u00c0 titre d&rsquo;exemple, l&rsquo;introduction d&rsquo;un objet sur une corde va baisser le son car la corde est alourdie, mais va l&rsquo;augmenter \u00e0 l&rsquo;attaque. Le timbre se verra compl\u00e8tement modifi\u00e9, et la longueur de la r\u00e9sonance r\u00e9duite. <a href=\"https:\/\/fr.wikipedia.org\/wiki\/Piano_pr%C3%A9par%C3%A9\" target=\"_blank\" rel=\"noopener\">[source]<\/a><\/span><\/span><\/div>\n<div><\/div>\n<div style=\"text-align: justify;\">\n<p><span style=\"font-size: 16px;\"><span style=\"font-size: 20px;\">Dans les partitions pour piano pr\u00e9par\u00e9, la pr\u00e9paration demand\u00e9e peut \u00eatre rigoureusement d\u00e9crite et sp\u00e9cifi\u00e9e (nature des objets ins\u00e9r\u00e9s, indication des cordes \u00e0 pr\u00e9parer, et des endroits pr\u00e9cis o\u00f9 introduire ces objets), mais l&rsquo;\u0153uvre est \u00e9crite dans une notation traditionnelle, qui, d\u00e8s lors, rend compte plus des touches \u00e0 enfoncer que du r\u00e9sultat auditif. <a href=\"https:\/\/www.larousse.fr\/encyclopedie\/musdico\/piano_pr%c3%a9par%c3%a9\/169567\" target=\"_blank\" rel=\"noopener noreferrer\">[source]<\/a><\/span><\/span><\/p>\n<p>&nbsp;<\/p>\n<\/div>\n<h5 style=\"text-align: justify;\"><span class=\"ez-toc-section\" id=\"john-cage\"><\/span><span style=\"font-size: 16px;\"><br \/>\n<img loading=\"lazy\" decoding=\"async\" class=\"alignleft wp-image-38015 size-full\" src=\"https:\/\/frank-lovisolo.fr\/WordPress\/wp-content\/uploads\/2021\/01\/John_Cage_1988.jpg\" alt=\"John Cage\" width=\"220\" height=\"293\" title=\"-\" srcset=\"https:\/\/frank-lovisolo.fr\/WordPress\/wp-content\/uploads\/2021\/01\/John_Cage_1988.jpg 220w, https:\/\/frank-lovisolo.fr\/WordPress\/wp-content\/uploads\/2021\/01\/John_Cage_1988-113x150.jpg 113w\" sizes=\"auto, (max-width: 220px) 100vw, 220px\" \/><img loading=\"lazy\" decoding=\"async\" class=\"alignright wp-image-44503 size-medium\" src=\"https:\/\/frank-lovisolo.fr\/WordPress\/wp-content\/uploads\/2012\/01\/BlueBirdIMA-460x277.jpg\" alt=\"- - -\" width=\"460\" height=\"277\" title=\"-\" srcset=\"https:\/\/frank-lovisolo.fr\/WordPress\/wp-content\/uploads\/2012\/01\/BlueBirdIMA-460x277.jpg 460w, https:\/\/frank-lovisolo.fr\/WordPress\/wp-content\/uploads\/2012\/01\/BlueBirdIMA-1024x616.jpg 1024w, https:\/\/frank-lovisolo.fr\/WordPress\/wp-content\/uploads\/2012\/01\/BlueBirdIMA-768x462.jpg 768w, https:\/\/frank-lovisolo.fr\/WordPress\/wp-content\/uploads\/2012\/01\/BlueBirdIMA-250x150.jpg 250w, https:\/\/frank-lovisolo.fr\/WordPress\/wp-content\/uploads\/2012\/01\/BlueBirdIMA-150x90.jpg 150w, https:\/\/frank-lovisolo.fr\/WordPress\/wp-content\/uploads\/2012\/01\/BlueBirdIMA.jpg 1440w\" sizes=\"auto, (max-width: 460px) 100vw, 460px\" \/><span style=\"font-size: 20px;\">John Cage<\/span><br \/>\n<\/span><span class=\"ez-toc-section-end\"><\/span><\/h5>\n<div style=\"text-align: justify;\">\n<p><em><span style=\"font-size: 20px;\">N\u00e9 \u00e0 Los Angeles le 5 septembre 1912, John Cage est \u00e0 la fois musicien, \u00e9crivain, peintre, mycologue, penseur, artisan d\u2019une vie consid\u00e9r\u00e9e comme processus continu, au-del\u00e0 de toute cat\u00e9gorie.<\/span><\/em><\/p>\n<p><em><span style=\"font-size: 20px;\">Son premier contact avec la musique se fait par l\u2019apprentissage, enfant, du piano. Plus tard lass\u00e9 par un syst\u00e8me scolaire fond\u00e9 sur la r\u00e9p\u00e9tition et l\u2019uniformit\u00e9, il part en 1930 pour l\u2019Europe \u00e0 la recherche de nouvelles exp\u00e9riences. <\/span><\/em><\/p>\n<p><em><span style=\"font-size: 20px;\">De retour en Californie l\u2019ann\u00e9e suivante, il entreprend des \u00e9tudes de composition avec Richard Buhlig et Henry Cowell, puis prend des cours particuliers avec Adolph Weiss.<\/span><\/em><\/p>\n<p><em><span style=\"font-size: 20px;\">En 1935 il se marie avec Xenia Andreyevna Kashevaroff dont il se s\u00e9parera dix ans plus tard. De 1934 \u00e0 1936 il \u00e9tude l\u2019analyse, la composition, l\u2019harmonie et le contrepoint avec Arnold Schoenberg, et comprend \u00e0 cette occasion son peu d\u2019inclination pour la pens\u00e9e harmonique. <\/span><\/em><\/p>\n<p><em><span style=\"font-size: 20px;\">Entre 1938 et 1940, il travaille \u00e0 la Cornish School de Seattle et y rencontre Merce Cunningham \u2013 qui devient son compagnon et collaborateur. Dans cette p\u00e9riode, il \u00e9crit son manifeste sur la musique \u00ab The Future of Music : Credo \u00bb ; invente le water gong et le piano pr\u00e9par\u00e9, et enfin compose Imaginary Landscape No.1 (1939), une des premi\u00e8res \u0153uvres utilisant les moyens \u00e9lectroniques.<\/span><\/em><\/p>\n<p><span style=\"font-size: 20px;\">La suite sur le site de l&rsquo;Ircam &gt;&gt;&gt;&gt;&gt;<\/span><\/p>\n<\/div>\n<\/td>\n<\/tr>\n<\/tbody>\n<\/table>\n<div>&#8230;<a id=\"com\"><\/a><\/div>\n<div><!--nextpage--><\/div>\n<div>\n<table style=\"width: 100%; border-collapse: collapse;\" cellpadding=\"10\">\n<tbody>\n<tr>\n<td style=\"width: 100%;\">\n<h3 id=\"firstHeading\" class=\"firstHeading\" lang=\"fr\"><img loading=\"lazy\" decoding=\"async\" class=\"wp-image-14750 alignleft\" src=\"https:\/\/frank-lovisolo.fr\/WordPress\/wp-content\/uploads\/2012\/01\/49bdf136f9_physique_quantique_www_wallchan_com-560x350.jpg\" alt=\"49bdf136f9_physique_quantique_www_wallchan_com\" width=\"430\" height=\"269\" title=\"-\" srcset=\"https:\/\/frank-lovisolo.fr\/WordPress\/wp-content\/uploads\/2012\/01\/49bdf136f9_physique_quantique_www_wallchan_com-560x350.jpg 560w, https:\/\/frank-lovisolo.fr\/WordPress\/wp-content\/uploads\/2012\/01\/49bdf136f9_physique_quantique_www_wallchan_com-1024x640.jpg 1024w, https:\/\/frank-lovisolo.fr\/WordPress\/wp-content\/uploads\/2012\/01\/49bdf136f9_physique_quantique_www_wallchan_com-240x150.jpg 240w, https:\/\/frank-lovisolo.fr\/WordPress\/wp-content\/uploads\/2012\/01\/49bdf136f9_physique_quantique_www_wallchan_com-150x94.jpg 150w, https:\/\/frank-lovisolo.fr\/WordPress\/wp-content\/uploads\/2012\/01\/49bdf136f9_physique_quantique_www_wallchan_com.jpg 1680w\" sizes=\"auto, (max-width: 430px) 100vw, 430px\" \/><span style=\"color: #000000; font-size: 20px;\">M\u00e9canique quantique<\/span><\/h3>\n<div style=\"text-align: justify;\"><span class=\"mw-headline\" style=\"font-size: 16px;\"><span style=\"color: #000000;\"><a id=\"2\"><\/a><span style=\"font-size: 20px;\"><em>La m\u00e9canique quantique est la branche de la physique qui a pour objet d&rsquo;\u00e9tudier et de d\u00e9crire les ph\u00e9nom\u00e8nes fondamentaux \u00e0 l&rsquo;\u0153uvre dans les syst\u00e8mes physiques, plus particuli\u00e8rement \u00e0 l&rsquo;\u00e9chelle atomique et subatomique.<\/em><\/span><\/span><\/span><\/div>\n<div style=\"text-align: justify;\"><em><span class=\"mw-headline\" style=\"font-size: 20px;\"><br \/>\n<span style=\"color: #000000;\">Elle fut d\u00e9velopp\u00e9e au d\u00e9but du XXe si\u00e8cle par une dizaine de physiciens am\u00e9ricains et europ\u00e9ens, afin de r\u00e9soudre diff\u00e9rents probl\u00e8mes que la physique classique \u00e9chouait \u00e0 expliquer, comme le rayonnement du corps noir, l&rsquo;effet photo-\u00e9lectrique, ou l&rsquo;existence des raies spectrales.<\/span><\/span><\/em><\/div>\n<div style=\"text-align: justify;\"><em><span class=\"mw-headline\" style=\"font-size: 20px;\"><br \/>\n<span style=\"color: #000000;\">Au cours de ce d\u00e9veloppement, la m\u00e9canique quantique se r\u00e9v\u00e9la \u00eatre tr\u00e8s f\u00e9conde en r\u00e9sultats et en applications diverses. Elle permit notamment d&rsquo;\u00e9lucider le myst\u00e8re de la structure de l&rsquo;atome, et plus globalement elle s&rsquo;av\u00e9ra \u00eatre le cadre g\u00e9n\u00e9ral de description du comportement des particules \u00e9l\u00e9mentaires, jusqu&rsquo;\u00e0 constituer le socle de la physique moderne.<\/span><\/span><\/em><\/div>\n<div style=\"text-align: justify;\"><em><span class=\"mw-headline\" style=\"font-size: 20px;\"><br \/>\n<span style=\"color: #000000;\">L&rsquo;expression physique quantique d\u00e9signe quant \u00e0 elle un corpus th\u00e9orique un peu plus \u00e9tendu, qui s&rsquo;appuie sur la m\u00e9canique quantique pour d\u00e9crire des ph\u00e9nom\u00e8nes particuliers, notamment les interactions fondamentales.<\/span><\/span><\/em><\/div>\n<div style=\"text-align: justify;\"><span class=\"mw-headline\" style=\"font-size: 20px;\"><br \/>\n<em><span style=\"color: #000000;\">La m\u00e9canique quantique comporte de profondes difficult\u00e9s conceptuelles, et son interpr\u00e9tation physique ne fait pas l&rsquo;unanimit\u00e9 dans la communaut\u00e9 scientifique1. Parmi ces concepts, on peut citer la dualit\u00e9 onde corpuscule, la superposition quantique, l&rsquo;intrication quantique ou encore la non-localit\u00e9.<\/span><\/em>\u00a0<a href=\"https:\/\/fr.wikipedia.org\/wiki\/M%C3%A9canique_quantique\" target=\"_blank\" rel=\"noopener noreferrer\">[source]<\/a><\/span><\/div>\n<div><img loading=\"lazy\" decoding=\"async\" class=\" wp-image-51876 aligncenter\" src=\"https:\/\/frank-lovisolo.fr\/WordPress\/wp-content\/uploads\/2026\/02\/separateur-par-2026.png\" alt=\"- - -\" width=\"305\" height=\"24\" title=\"-\"><\/div>\n<h4 style=\"text-align: justify;\"><strong><span style=\"font-size: 20px;\">Compl\u00e9ment de f\u00e9vrier 2026<\/span><\/strong><\/h4>\n<div>\n<p style=\"text-align: justify;\"><span style=\"font-size: 20px;\">La m\u00e9canique quantique constitue le formalisme th\u00e9orique d\u00e9crivant les syst\u00e8mes physiques \u00e0 l\u2019\u00e9chelle microscopique, c\u2019est-\u00e0-dire l\u00e0 o\u00f9 la nature a manifestement d\u00e9cid\u00e9 d\u2019abandonner toute complaisance envers l\u2019intuition humaine. <\/span><\/p>\n<p style=\"text-align: justify;\"><span style=\"font-size: 20px;\">Initi\u00e9e par les travaux de Max Planck et d\u00e9velopp\u00e9e par Albert<\/span><\/p>\n<div id=\"attachment_33513\" style=\"width: 394px\" class=\"wp-caption alignright\"><img loading=\"lazy\" decoding=\"async\" aria-describedby=\"caption-attachment-33513\" class=\"wp-image-33513\" src=\"https:\/\/frank-lovisolo.fr\/WordPress\/wp-content\/uploads\/2020\/05\/jacobi_lotte_Albert-einstein-460x600.jpg\" alt=\"Albert Einstein, physicien\" width=\"384\" height=\"500\" title=\"-\" srcset=\"https:\/\/frank-lovisolo.fr\/WordPress\/wp-content\/uploads\/2020\/05\/jacobi_lotte_Albert-einstein-460x600.jpg 460w, https:\/\/frank-lovisolo.fr\/WordPress\/wp-content\/uploads\/2020\/05\/jacobi_lotte_Albert-einstein-115x150.jpg 115w, https:\/\/frank-lovisolo.fr\/WordPress\/wp-content\/uploads\/2020\/05\/jacobi_lotte_Albert-einstein.jpg 537w\" sizes=\"auto, (max-width: 384px) 100vw, 384px\" \/><p id=\"caption-attachment-33513\" class=\"wp-caption-text\">Albert Einstein, physicien<\/p><\/div>\n<p style=\"text-align: justify;\"><span style=\"font-size: 20px;\">, Niels Bohr et Erwin Schr\u00f6dinger, elle introduit des principes d\u00e9sormais bien \u00e9tablis\u00a0: quantification de certaines grandeurs physiques, dualit\u00e9 onde-particule, superposition d\u2019\u00e9tats et caract\u00e8re probabiliste intrins\u00e8que des r\u00e9sultats de mesure.<\/span><\/p>\n<p style=\"text-align: justify;\"><span style=\"font-size: 20px;\">Le pr\u00e9sent article propose une synth\u00e8se du formalisme math\u00e9matique de la th\u00e9orie, reposant sur la description des \u00e9tats par des vecteurs d\u2019un espace de Hilbert, leur \u00e9volution unitaire gouvern\u00e9e par l\u2019\u00e9quation de Schr\u00f6dinger et l\u2019interpr\u00e9tation statistique des observables. Une discussion sp\u00e9cifique est consacr\u00e9e \u00e0 l\u2019intrication quantique, ph\u00e9nom\u00e8ne exp\u00e9rimentalement v\u00e9rifi\u00e9, et \u00e0 ses applications contemporaines en information et en calcul.<\/span><\/p>\n<p style=\"text-align: justify;\"><span style=\"font-size: 20px;\">Il convient toutefois de rappeler, en particulier \u00e0 la lumi\u00e8re d\u2019une inflation lexicale pr\u00e9occupante, que le qualificatif \u00ab\u2009quantique\u2009\u00bb poss\u00e8de en physique une d\u00e9finition pr\u00e9cise, mesurable et falsifiable. Il ne constitue ni un synonyme de \u00ab\u2009myst\u00e9rieux\u2009\u00bb, ni une garantie d\u2019efficacit\u00e9 commerciale, ni un argument m\u00e9taphysique polyvalent. Si la superposition permet \u00e0 une particule d\u2019occuper concomitamment plusieurs \u00e9tats, elle n\u2019autorise pas, en revanche, une entreprise \u00e0 \u00eatre simultan\u00e9ment rigoureuse et approximative sous pr\u00e9texte d\u2019innovation disruptive.<\/span><\/p>\n<p style=\"text-align: justify;\"><span style=\"font-size: 20px;\">En r\u00e9sum\u00e9, la m\u00e9canique quantique n\u2019est ni une philosophie vague ni une strat\u00e9gie marketing avanc\u00e9e\u00a0: c\u2019est un cadre th\u00e9orique d\u2019une puissance pr\u00e9dictive remarquable, dont l\u2019\u00e9tranget\u00e9 r\u00e9side moins dans un suppos\u00e9 mysticisme que dans la coh\u00e9rence math\u00e9matique implacable avec laquelle il d\u00e9crit le r\u00e9el. Et cela, pour une th\u00e9orie qui ne pr\u00e9tend pas r\u00e9\u00e9quilibrer vos \u00e9nergies<\/span> <span style=\"font-size: 20px;\">int\u00e9rieures, reste d\u00e9j\u00e0 un exploit suffisant.<\/span><\/p>\n<\/div>\n<\/td>\n<\/tr>\n<\/tbody>\n<\/table>\n<\/div>\n<div><span style=\"font-size: 4px; color: #ffffff;\">\u00a0audio ogg=\u00a0\u00bbhttp:\/\/frank-lovisolo.fr\/x\/ogg\/Blue Bird and Cage &#8211; V2019.ogg\u00a0\u00bb mp3=\u00a0\u00bbhttp:\/\/frank-lovisolo.fr\/x\/m3p\/Blue Bird and Cage &#8211; V2019.mp3&Prime; autoplay=\u00a0\u00bbtrue\u00a0\u00bb preload=\u00a0\u00bbtrue\u00a0\u00bb width=\u00a0\u00bb1024&Prime; height=\u00a0\u00bb40&Prime;<a id=\"com\" style=\"color: #ffffff;\"><\/a><\/span><\/div>\n<div id=\"ez-toc-container\" class=\"ez-toc-v2_0_82_2 ez-toc-wrap-center counter-hierarchy ez-toc-counter ez-toc-light-blue ez-toc-container-direction\">\n<label for=\"ez-toc-cssicon-toggle-item-69e1c5038b8d0\" class=\"ez-toc-cssicon-toggle-label\"><p class=\"ez-toc-title\" style=\"cursor:inherit\">Table des mati\u00e8res<\/p>\n<span class=\"ez-toc-cssicon\"><span class=\"eztoc-hide\" style=\"display:none;\">Toggle<\/span><span class=\"ez-toc-icon-toggle-span\"><svg style=\"fill: #999;color:#999\" xmlns=\"http:\/\/www.w3.org\/2000\/svg\" class=\"list-377408\" width=\"20px\" height=\"20px\" viewBox=\"0 0 24 24\" fill=\"none\"><path d=\"M6 6H4v2h2V6zm14 0H8v2h12V6zM4 11h2v2H4v-2zm16 0H8v2h12v-2zM4 16h2v2H4v-2zm16 0H8v2h12v-2z\" fill=\"currentColor\"><\/path><\/svg><svg style=\"fill: #999;color:#999\" class=\"arrow-unsorted-368013\" xmlns=\"http:\/\/www.w3.org\/2000\/svg\" width=\"10px\" height=\"10px\" viewBox=\"0 0 24 24\" version=\"1.2\" baseProfile=\"tiny\"><path d=\"M18.2 9.3l-6.2-6.3-6.2 6.3c-.2.2-.3.4-.3.7s.1.5.3.7c.2.2.4.3.7.3h11c.3 0 .5-.1.7-.3.2-.2.3-.5.3-.7s-.1-.5-.3-.7zM5.8 14.7l6.2 6.3 6.2-6.3c.2-.2.3-.5.3-.7s-.1-.5-.3-.7c-.2-.2-.4-.3-.7-.3h-11c-.3 0-.5.1-.7.3-.2.2-.3.5-.3.7s.1.5.3.7z\"\/><\/svg><\/span><\/span><\/label><input type=\"checkbox\"  id=\"ez-toc-cssicon-toggle-item-69e1c5038b8d0\" checked \/><nav><ul class='ez-toc-list ez-toc-list-level-1 ' ><ul class='ez-toc-list-level-4' ><li class='ez-toc-heading-level-4'><a class=\"ez-toc-link ez-toc-heading-1\" href=\"https:\/\/frank-lovisolo.fr\/WordPress\/blue-bird-and-cage\/#etude-numerique-pour-deux-pianos-prepares-jai-adore-la-tete-deconfite-du-loueur-a-la-restitution-de-linstrument\" >Etude num\u00e9rique pour deux pianos pr\u00e9par\u00e9s. \n( J&rsquo;ai ador\u00e9 la t\u00eate d\u00e9confite du loueur \u00e0 la restitution de l&rsquo;instrument)<\/a><ul class='ez-toc-list-level-5' ><li class='ez-toc-heading-level-5'><a class=\"ez-toc-link ez-toc-heading-2\" href=\"https:\/\/frank-lovisolo.fr\/WordPress\/blue-bird-and-cage\/#%c2%ab-le-piano-prepare-est-en-realite-un-ensemble-de-percussions-confie-aux-mains-dun-seul-interprete-%c2%bb-%e2%80%94-john-cage\" >\u00ab\u00a0Le piano pr\u00e9par\u00e9\u00a0est en r\u00e9alit\u00e9 un ensemble de percussions confi\u00e9 aux mains d&rsquo;un seul interpr\u00e8te\u00a0\u00bb \u2014 John Cage.<\/a><\/li><\/ul><\/li><\/ul><\/li><li class='ez-toc-page-1 ez-toc-heading-level-3'><a class=\"ez-toc-link ez-toc-heading-3\" href=\"https:\/\/frank-lovisolo.fr\/WordPress\/blue-bird-and-cage\/#preparation-et-acoustique\" >Pr\u00e9paration et acoustique.<\/a><ul class='ez-toc-list-level-5' ><li class='ez-toc-heading-level-5'><ul class='ez-toc-list-level-5' ><li class='ez-toc-heading-level-5'><a class=\"ez-toc-link ez-toc-heading-4\" href=\"https:\/\/frank-lovisolo.fr\/WordPress\/blue-bird-and-cage\/#john-cage\" >John Cage<\/a><\/li><\/ul><\/li><\/ul><\/li><li class='ez-toc-page-1 ez-toc-heading-level-3'><a class=\"ez-toc-link ez-toc-heading-5\" href=\"https:\/\/frank-lovisolo.fr\/WordPress\/blue-bird-and-cage\/2\/#mecanique-quantique\" >M\u00e9canique quantique<\/a><ul class='ez-toc-list-level-4' ><li class='ez-toc-heading-level-4'><a class=\"ez-toc-link ez-toc-heading-6\" href=\"https:\/\/frank-lovisolo.fr\/WordPress\/blue-bird-and-cage\/2\/#complement-de-fevrier-2026\" >Compl\u00e9ment de f\u00e9vrier 2026<\/a><\/li><\/ul><\/li><\/ul><\/nav><\/div>\n","protected":false},"excerpt":{"rendered":"<p><span class=\"span-reading-time rt-reading-time\" style=\"display: block;\"><span class=\"rt-label rt-prefix\">Reading Time: <\/span> <span class=\"rt-time\"> 5<\/span> <span class=\"rt-label rt-postfix\">minutes<\/span><\/span>\u2026 <a class=\"continue-reading-link\" href=\"https:\/\/frank-lovisolo.fr\/WordPress\/blue-bird-and-cage\/\">Suite &#8211; Continue reading<\/a><\/p>\n","protected":false},"author":1,"featured_media":44503,"parent":0,"menu_order":0,"comment_status":"open","ping_status":"open","template":"templates\/template-onecolumn.php","meta":{"footnotes":""},"categories":[3114,1,513],"tags":[2320,172,241,249,525,2321,2322],"class_list":["post-4296","page","type-page","status-publish","has-post-thumbnail","hentry","category-whisper-musique-experimentale","category-tous-les-articles","category-music-compositions","tag-adsr","tag-john-cage","tag-piano-prepare","tag-prepared-piano","tag-quantique","tag-resonance","tag-timbre"],"_links":{"self":[{"href":"https:\/\/frank-lovisolo.fr\/WordPress\/wp-json\/wp\/v2\/pages\/4296","targetHints":{"allow":["GET"]}}],"collection":[{"href":"https:\/\/frank-lovisolo.fr\/WordPress\/wp-json\/wp\/v2\/pages"}],"about":[{"href":"https:\/\/frank-lovisolo.fr\/WordPress\/wp-json\/wp\/v2\/types\/page"}],"author":[{"embeddable":true,"href":"https:\/\/frank-lovisolo.fr\/WordPress\/wp-json\/wp\/v2\/users\/1"}],"replies":[{"embeddable":true,"href":"https:\/\/frank-lovisolo.fr\/WordPress\/wp-json\/wp\/v2\/comments?post=4296"}],"version-history":[{"count":2,"href":"https:\/\/frank-lovisolo.fr\/WordPress\/wp-json\/wp\/v2\/pages\/4296\/revisions"}],"predecessor-version":[{"id":52288,"href":"https:\/\/frank-lovisolo.fr\/WordPress\/wp-json\/wp\/v2\/pages\/4296\/revisions\/52288"}],"wp:featuredmedia":[{"embeddable":true,"href":"https:\/\/frank-lovisolo.fr\/WordPress\/wp-json\/wp\/v2\/media\/44503"}],"wp:attachment":[{"href":"https:\/\/frank-lovisolo.fr\/WordPress\/wp-json\/wp\/v2\/media?parent=4296"}],"wp:term":[{"taxonomy":"category","embeddable":true,"href":"https:\/\/frank-lovisolo.fr\/WordPress\/wp-json\/wp\/v2\/categories?post=4296"},{"taxonomy":"post_tag","embeddable":true,"href":"https:\/\/frank-lovisolo.fr\/WordPress\/wp-json\/wp\/v2\/tags?post=4296"}],"curies":[{"name":"wp","href":"https:\/\/api.w.org\/{rel}","templated":true}]}}