{"id":267,"date":"2010-06-01T13:00:45","date_gmt":"2010-06-01T11:00:45","guid":{"rendered":"http:\/\/f.lovisolojob.free.fr\/Blog\/?page_id=267"},"modified":"2022-12-04T10:24:02","modified_gmt":"2022-12-04T09:24:02","slug":"bio-frank-lovisolo-guillard","status":"publish","type":"page","link":"https:\/\/frank-lovisolo.fr\/WordPress\/dossier-de-presse-2\/bio-frank-lovisolo-guillard\/","title":{"rendered":"Bio"},"content":{"rendered":"<span class=\"span-reading-time rt-reading-time\" style=\"display: block;\"><span class=\"rt-label rt-prefix\">Reading Time: <\/span> <span class=\"rt-time\"> 4<\/span> <span class=\"rt-label rt-postfix\">minutes<\/span><\/span><h5><span class=\"ez-toc-section\" id=\"frank-lovisolo-guillard-%e2%80%93-frank-lovisolo-guillard-%e2%80%93-frank-lovisolo-guillard-%e2%80%93-frank-lovisolo-guillard-%e2%80%93-frank-lovisolo-guillard-%e2%80%93-frank-lovisolo-guillard-%e2%80%93-frank-lovisolo-guillard-%e2%80%93-frank-lovisolo-guillard-%e2%80%93-frank-lovisolo-guillard-%e2%80%93-frank-lovisolo-guillard-%e2%80%93-frank-lovisolo-guillard\"><\/span><span style=\"color: #ffffff; font-size: 8px;\">Frank Lovisolo-Guillard &#8211; Frank Lovisolo-Guillard &#8211; Frank Lovisolo-Guillard &#8211; Frank Lovisolo-Guillard &#8211; Frank Lovisolo-Guillard &#8211; Frank Lovisolo-Guillard &#8211; Frank Lovisolo-Guillard &#8211; Frank Lovisolo-Guillard &#8211; Frank Lovisolo-Guillard &#8211; Frank Lovisolo-Guillard &#8211; Frank Lovisolo-Guillard<\/span><span class=\"ez-toc-section-end\"><\/span><\/h5>\n<h5 style=\"text-align: justify;\"><span class=\"ez-toc-section\" id=\"compositeur-ingenieur-du-son-et-realisateur-multimedia\"><\/span><img loading=\"lazy\" decoding=\"async\" class=\"alignleft wp-image-1156\" style=\"margin: 10px; border: 1px solid black;\" title=\"OLYMPUS DIGITAL CAMERA\" src=\"http:\/\/frank-lovisolo.fr\/ImagesWPannexe\/tubes\/DJNow.jpg\" alt=\"Frank Lovisolo-Guillard\" width=\"360\" height=\"526\" \/><span style=\"font-size: 16px;\"><em><span style=\"text-decoration: underline;\"><strong><span class=\"eventcontent\"><span class=\"summary\"><span class=\"description\">Compositeur, Ing\u00e9nieur du son et r\u00e9alisateur multim\u00e9dia.<\/span><\/span><\/span><\/strong><\/span><\/em><\/span><span class=\"ez-toc-section-end\"><\/span><\/h5>\n<p style=\"text-align: justify;\"><span class=\"eventcontent\"><span class=\"summary\"><span class=\"description\"> Premier prix de Guitare classique.<\/span><\/span><\/span><\/p>\n<p style=\"text-align: justify;\"><span class=\"eventcontent\"><span class=\"summary\"><span class=\"description\">Auteur, compositeur, membre de la SACEM.<\/span><\/span><\/span><\/p>\n<p style=\"text-align: justify;\"><span style=\"color: #ff0000;\"><strong><span class=\"eventcontent\"><span class=\"summary\"><span class=\"description\">S\u00e9lection<\/span><\/span><\/span> AVIFF, Festival du film vid\u00e9o art\u00a0pendant le festival du film de cannes. <\/strong><strong>C A N N E S \u00a0&#8211;\u00a0 2012 pour le Film <a href=\"https:\/\/frank-lovisolo.fr\/WordPress\/argonauts-video\/\" target=\"_blank\" rel=\"noopener noreferrer\">\u00ab\u2009ARGONAUTS\u2009\u00bb<\/a><\/strong> <\/span><\/p>\n<p style=\"text-align: justify;\"><span style=\"color: #ff0000;\"><strong>La s\u00e9lection Aviff cannes 2012 sera pr\u00e9sent\u00e9e en exclusivit\u00e9 au National Art Festival de Grahamstown, en Afrique du Sud de 29 et 30\u00a0juin 2012.<\/strong><\/span><\/p>\n<address>\u00a0<\/address>\n<address>Compositions multim\u00e9dias (musique et montage vid\u00e9o)\u00a0: Les Objets de C\u00e9zanne dans l\u2019atelier du peintre en 2006<\/address>\n<p style=\"text-align: justify;\"><span class=\"eventcontent\"><span class=\"summary\"><span class=\"description\"> Films d\u2019artiste\u00a0: Beslan et Goya en collaboration avec Emmanuelle Grang\u00e9. <\/span><\/span><\/span><\/p>\n<p style=\"text-align: justify;\">Projets en pr\u00e9paration\u00a0: Illustration musicale des po\u00e8mes de Sappho (VIIe\u00a0si\u00e8cle av. J.-C.) en grec. Vid\u00e9o et musique pour un texte de G\u00e9rard Ponthieu (journaliste du quotidien Le Monde).<\/p>\n<p style=\"text-align: justify;\">Derni\u00e8re manifestation le 3\u00a0juillet 2009 dans le cadre du Festival de Jazz Charlie Free \u00e0 Vitrolles\u00a0: Installation d\u2019art contemporain. \u00ab\u2009Quand un bruit vous ennuie, \u00e9coutez-le\u2009\u00bb. [John Cage]\u2009; dans une clairi\u00e8re, des contrebasses sont expos\u00e9es de mani\u00e8re al\u00e9atoire au vent. Le spectateur fera physiquement l\u2019exp\u00e9rience de ces ph\u00e9nom\u00e8nes naturels particuliers et sa perception auditive deviendra le centre de cette exp\u00e9rimentation phonique. Les ph\u00e9nom\u00e8nes vont \u00eatre amplifi\u00e9s et esth\u00e9tis\u00e9s afin de distiller un univers musical al\u00e9atoire. L\u2019apparition des mots d\u2019Emmanuelle Grang\u00e9 aura pour cons\u00e9quence l\u2019\u00e9mergence d\u2019un nouvel \u00e9l\u00e9ment\u00a0: ni espace, ni objet, mais plut\u00f4t \u00e0 la fronti\u00e8re des deux, un texte dit.<\/p>\n<p style=\"text-align: justify;\">Depuis octobre 2009\u00a0: Compositeur de musique pour Musikforlaget Apollo Njalsgade\u00a017b, 2 \u2013 2300 Cobenhagen S Denmark<\/p>\n<p style=\"text-align: justify;\">Au 4\u00a0octobre 2010 Signature des contrats de diffusion et distribution dans la soci\u00e9t\u00e9 d\u2019\u00e9dition de musique \u00ab\u00a0 PARSIPALA\u2009\u00bb.<\/p>\n<p style=\"text-align: justify;\">Depuis 1984\u00a0Ing\u00e9nieur et r\u00e9gisseur Son<\/p>\n<p style=\"text-align: justify;\"><span style=\"color: #ff0000;\"><strong>Depuis octobre 2010\u00a0: <\/strong><strong>Charg\u00e9 de cours \u00e0 la facult\u00e9 de Toulon en Ing\u00e9nierie-multim\u00e9dia\u00a0: TP de MAO, progiciel Cubase SX4 et 5\u00a0, technologie du son<\/strong><strong>.<\/strong><\/span><\/p>\n<p style=\"text-align: justify;\">2004-2007 Formateur, dans divers \u00e9tablissements pour le BTS Audio visuel.<\/p>\n<p style=\"text-align: justify;\">2003 Formateur, CFPMS Marseille, formation des r\u00e9gisseurs et assistants \u00ab son \u00bb.<\/p>\n<p style=\"text-align: justify;\">1995-1997 Formateur, ANPE de N\u00eemes, les m\u00e9tiers du son dans le spectacle vivant.<\/p>\n<p style=\"text-align: justify;\"><span style=\"text-decoration: underline;\"><strong>1987-2000<\/strong><strong> Concepteur de mat\u00e9riel audio professionnel \u00e0 tubes \u00e9lectroniques:<\/strong><\/span><\/p>\n<address>Recherche sur la transparence et la dynamique des pr\u00e9-amplificateurs \u00e0 tubes \u00e9lectroniques destin\u00e9s aux instruments \u00e9lectroacoustiques.<\/p>\n<table style=\"width: 100%; border-collapse: collapse;\" cellpadding=\"10\">\n<tbody>\n<tr>\n<td style=\"width: 50%; vertical-align: middle; text-align: center;\">\n<p>1 Boitier de direct \u00e0 tubes ECC88<\/p>\n<p><img decoding=\"async\" class=\" wp-image-1140 alignnone\" title=\"dit88\" src=\"http:\/\/www.frank-lovisolo.fr\/ImagesWPannexe\/tubes\/dit88.jpg\" alt=\"- - -\"><\/p>\n<\/td>\n<td style=\"width: 50%; vertical-align: middle; text-align: center;\">\n<p>2 Pr\u00e9-amplificateur RIAA \u00e0 tubes.<\/p>\n<p><img decoding=\"async\" class=\" wp-image-1141 alignnone\" title=\"preampriaaav\" src=\"http:\/\/frank-lovisolo.fr\/ImagesWPannexe\/tubes\/preampriaaav.jpg\" alt=\"- - -\"><\/p>\n<\/td>\n<\/tr>\n<tr>\n<td style=\"width: 50%; vertical-align: middle; text-align: center;\">\n<p>3 Amplificateur pour casque \u00e0 tube.<\/p>\n<p><img decoding=\"async\" class=\"alignnone wp-image-1143\" title=\"ampcas2\" src=\"http:\/\/frank-lovisolo.fr\/ImagesWPannexe\/tubes\/ampcas2.jpg\" alt=\"- - -\"><\/p>\n<\/td>\n<td style=\"width: 50%; vertical-align: middle; text-align: center;\">\n<p>Amplificateur \u00a0\u00bb YSEULT\u00a0\u00bb\u00a0 pour contrebasse et instruments \u00e9lectroacoustiques:<\/p>\n<p><img decoding=\"async\" class=\"alignnone wp-image-1144\" title=\"yseultAV\" src=\"http:\/\/frank-lovisolo.fr\/ImagesWPannexe\/tubes\/yseultAV-369x198.jpg\" alt=\"- - -\"><\/p>\n<\/td>\n<\/tr>\n<tr>\n<td style=\"width: 50%; vertical-align: middle; text-align: center;\">\n<p>Amplificateur \u00ab\u00a0MERLIN\u00a0\u00bb pour contrebasse cr\u00e9\u00e9 en collaboration avec Mr<a href=\"https:\/\/fr.wikipedia.org\/wiki\/Barre_Phillips\" target=\"_blank\" rel=\"noopener noreferrer\"> Barre Philips<\/a>.<\/p>\n<p><img decoding=\"async\" class=\"alignnone wp-image-1145\" title=\"merlinAV\" src=\"http:\/\/frank-lovisolo.fr\/ImagesWPannexe\/tubes\/merlinAV.jpg\" alt=\"- - -\"><\/p>\n<\/td>\n<td style=\"width: 50%; vertical-align: middle; text-align: center;\">\n<p>Boitier de direct cr\u00e9\u00e9 pour la soci\u00e9t\u00e9 Arp\u00e8ge :<\/p>\n<p><img decoding=\"async\" class=\"alignnone wp-image-1148\" title=\"diarpegeAV\" src=\"http:\/\/frank-lovisolo.fr\/ImagesWPannexe\/tubes\/diarpegeAV.jpg\" alt=\"- - -\"> <img decoding=\"async\" class=\"alignnone wp-image-1165\" title=\"presse\" src=\"http:\/\/frank-lovisolo.fr\/ImagesWPannexe\/tubes\/presse.jpg\" alt=\"- - -\"><\/p>\n<\/td>\n<\/tr>\n<\/tbody>\n<\/table>\n<\/address>\n<address>\u00a0<\/address>\n<p style=\"text-align: justify;\">\u00a0<\/p>\n<h3 style=\"text-align: justify;\"><span class=\"ez-toc-section\" id=\"prestations-comme-ingenieur-de-son-selection\"><\/span><span class=\"eventcontent\"><span class=\"summary\"><span class=\"description\"><strong><span style=\"text-decoration: underline;\">Prestations comme ing\u00e9nieur de son s\u00e9lection :<\/span><\/strong><\/span><\/span><\/span><span class=\"ez-toc-section-end\"><\/span><\/h3>\n<p style=\"text-align: justify;\"><span class=\"eventcontent\"><span class=\"summary\"><span class=\"description\"> Op\u00e9ra A\u00efda \u00e0 Doha (Qatar) Jazz \u00e0 Nice Hy\u00e8res Jazz Festival 25e anniversaire des Emirats d&rsquo;Abu Dhabi Fiesta Des Sud Marseille Pink Floyd \u00e0 Montpellier Mariage de Dave Stewart \u00e0 Juan les Pins Printemps des Lyc\u00e9es Election Miss France Coupe du Monde Marseille La Fl\u00fbte Enchant\u00e9e: cirque Alexis Gruss Paris Carmen \u00e0 Cologne A\u00efda \u00e0 Doha M\u00e9d\u00e9e \u00e0 Nimes Convention Microsoft \u00e0 Nice . Ing\u00e9nieur du son du Moulin \u00e0 Jazz (Charly free ) Vitrolles depuis 2002 Midem \u00e0 Cannes Conventions diverses. <\/span><\/span><\/span><\/p>\n<p style=\"text-align: justify;\"><span class=\"eventcontent\"><span class=\"summary\"><span class=\"description\">Victoires de la musique Nimes-Festival &amp; Ferria Festival du rire \u00e0 St Gervais Festival de Cannes Festival de Vence Festival de Montauban Tourn\u00e9e Los Reyes (Gipsy-Legend) en Hollande. R\u00e9gisseur backline festival de Jazz \u00e0 Nice (pour BBS) Op\u00e9ra M\u00e9d\u00e9e \u00e0 N\u00eemes. Optimalisation de syst\u00e8me de sonorisation (Synergie, Arp\u00e8ge, Projectis\u2026) Ing\u00e9nieur du son du Groupe Gipsy Legend : Gipsy King &amp; Los Reyes( Antonico Reyes) depuis2003<\/span><\/span><\/span><\/p>\n<h3 style=\"text-align: justify;\"><span class=\"ez-toc-section\" id=\"en-situation\"><\/span><span class=\"eventcontent\"><span class=\"summary\"><span class=\"description\">En situation :<\/span><\/span><\/span><span class=\"ez-toc-section-end\"><\/span><\/h3>\n<p style=\"text-align: justify;\"><span class=\"eventcontent\"><span class=\"summary\"><span class=\"description\"> Pr\u00e9paration et installation d\u2019une prestation. Mixage, fa\u00e7ade et retour avec tous types de consoles (analogiques et num\u00e9riques). Mise en coh\u00e9rence d\u2019un syst\u00e8me audio. Management d\u2019une \u00e9quipe. Formation du personnel. Conseil et recherche des besoins du client. Diagnostic rapide et d\u00e9pannage. Lecture et suivi des partitions de musique. Analyse de syst\u00e8me audio. R\u00e9alisation de plan de sc\u00e8ne pr\u00e9cis.<\/span><\/span><\/span><\/p>\n<h3 style=\"text-align: justify;\"><span class=\"ez-toc-section\" id=\"logiciels-audio-professionnels\"><\/span><span class=\"eventcontent\"><span class=\"summary\"><span class=\"description\">Logiciels Audio professionnels :<\/span><\/span><\/span><span class=\"ez-toc-section-end\"><\/span><\/h3>\n<p style=\"text-align: justify;\"><span class=\"eventcontent\"><span class=\"summary\"><span class=\"description\"> Logiciels d\u2019analyse FFT. Logiciels de traitements du signal. Pro Tools MAO : Cubase SX\u2026 Pro tools Adobe Premi\u00e8re et Avid. DVD Architect de Sony.. Adaptation rapide sur tous types de logiciels.<\/span><\/span><\/span><\/p>\n<p style=\"text-align: justify;\">Autres<\/p>\n<p style=\"text-align: justify;\">Informatique : Word, Excel, Publisher,\u00a0QuarkXPress\u00a0 Adaptation tr\u00e8s rapide sur tous types de logiciels.<\/p>\n<address><span class=\"eventcontent\"><span class=\"summary\"><span class=\"description\">Analyse de donn\u00e9es Audio sur Excel.<\/span><\/span><\/span><\/address>\n<address>\u00a0<\/address>\n<p style=\"text-align: justify;\"><span class=\"eventcontent\"><span class=\"summary\"><span class=\"description\"> Conception de sites \u00ab internet \u00bb simples. Photographie num\u00e9rique : Photoshop.<\/span><\/span><\/span><\/p>\n<p style=\"text-align: justify;\"><span class=\"eventcontent\"><span class=\"summary\"><span class=\"description\">Architecture : 6 mois comme assistant dans un cabinet d\u2019architecture : Logiciel : Archicad<\/span><\/span><\/span><\/p>\n<div id=\"ez-toc-container\" class=\"ez-toc-v2_0_82_2 ez-toc-wrap-center counter-hierarchy ez-toc-counter ez-toc-light-blue ez-toc-container-direction\">\n<label for=\"ez-toc-cssicon-toggle-item-69e4de210d57b\" class=\"ez-toc-cssicon-toggle-label\"><p class=\"ez-toc-title\" style=\"cursor:inherit\">Table des mati\u00e8res<\/p>\n<span class=\"ez-toc-cssicon\"><span class=\"eztoc-hide\" style=\"display:none;\">Toggle<\/span><span class=\"ez-toc-icon-toggle-span\"><svg style=\"fill: #999;color:#999\" xmlns=\"http:\/\/www.w3.org\/2000\/svg\" class=\"list-377408\" width=\"20px\" height=\"20px\" viewBox=\"0 0 24 24\" fill=\"none\"><path d=\"M6 6H4v2h2V6zm14 0H8v2h12V6zM4 11h2v2H4v-2zm16 0H8v2h12v-2zM4 16h2v2H4v-2zm16 0H8v2h12v-2z\" fill=\"currentColor\"><\/path><\/svg><svg style=\"fill: #999;color:#999\" class=\"arrow-unsorted-368013\" xmlns=\"http:\/\/www.w3.org\/2000\/svg\" width=\"10px\" height=\"10px\" viewBox=\"0 0 24 24\" version=\"1.2\" baseProfile=\"tiny\"><path d=\"M18.2 9.3l-6.2-6.3-6.2 6.3c-.2.2-.3.4-.3.7s.1.5.3.7c.2.2.4.3.7.3h11c.3 0 .5-.1.7-.3.2-.2.3-.5.3-.7s-.1-.5-.3-.7zM5.8 14.7l6.2 6.3 6.2-6.3c.2-.2.3-.5.3-.7s-.1-.5-.3-.7c-.2-.2-.4-.3-.7-.3h-11c-.3 0-.5.1-.7.3-.2.2-.3.5-.3.7s.1.5.3.7z\"\/><\/svg><\/span><\/span><\/label><input type=\"checkbox\"  id=\"ez-toc-cssicon-toggle-item-69e4de210d57b\" checked \/><nav><ul class='ez-toc-list ez-toc-list-level-1 ' ><ul class='ez-toc-list-level-5' ><li class='ez-toc-heading-level-5'><ul class='ez-toc-list-level-5' ><li class='ez-toc-heading-level-5'><a class=\"ez-toc-link ez-toc-heading-1\" href=\"https:\/\/frank-lovisolo.fr\/WordPress\/dossier-de-presse-2\/bio-frank-lovisolo-guillard\/#frank-lovisolo-guillard-%e2%80%93-frank-lovisolo-guillard-%e2%80%93-frank-lovisolo-guillard-%e2%80%93-frank-lovisolo-guillard-%e2%80%93-frank-lovisolo-guillard-%e2%80%93-frank-lovisolo-guillard-%e2%80%93-frank-lovisolo-guillard-%e2%80%93-frank-lovisolo-guillard-%e2%80%93-frank-lovisolo-guillard-%e2%80%93-frank-lovisolo-guillard-%e2%80%93-frank-lovisolo-guillard\" >Frank Lovisolo-Guillard &#8211; Frank Lovisolo-Guillard &#8211; Frank Lovisolo-Guillard &#8211; Frank Lovisolo-Guillard &#8211; Frank Lovisolo-Guillard &#8211; Frank Lovisolo-Guillard &#8211; Frank Lovisolo-Guillard &#8211; Frank Lovisolo-Guillard &#8211; Frank Lovisolo-Guillard &#8211; Frank Lovisolo-Guillard &#8211; Frank Lovisolo-Guillard<\/a><\/li><li class='ez-toc-page-1 ez-toc-heading-level-5'><a class=\"ez-toc-link ez-toc-heading-2\" href=\"https:\/\/frank-lovisolo.fr\/WordPress\/dossier-de-presse-2\/bio-frank-lovisolo-guillard\/#compositeur-ingenieur-du-son-et-realisateur-multimedia\" >Compositeur, Ing\u00e9nieur du son et r\u00e9alisateur multim\u00e9dia.<\/a><\/li><\/ul><\/li><\/ul><\/li><li class='ez-toc-page-1 ez-toc-heading-level-3'><a class=\"ez-toc-link ez-toc-heading-3\" href=\"https:\/\/frank-lovisolo.fr\/WordPress\/dossier-de-presse-2\/bio-frank-lovisolo-guillard\/#prestations-comme-ingenieur-de-son-selection\" >Prestations comme ing\u00e9nieur de son s\u00e9lection :<\/a><\/li><li class='ez-toc-page-1 ez-toc-heading-level-3'><a class=\"ez-toc-link ez-toc-heading-4\" href=\"https:\/\/frank-lovisolo.fr\/WordPress\/dossier-de-presse-2\/bio-frank-lovisolo-guillard\/#en-situation\" >En situation :<\/a><\/li><li class='ez-toc-page-1 ez-toc-heading-level-3'><a class=\"ez-toc-link ez-toc-heading-5\" href=\"https:\/\/frank-lovisolo.fr\/WordPress\/dossier-de-presse-2\/bio-frank-lovisolo-guillard\/#logiciels-audio-professionnels\" >Logiciels Audio professionnels :<\/a><\/li><\/ul><\/nav><\/div>\n","protected":false},"excerpt":{"rendered":"<p><span class=\"span-reading-time rt-reading-time\" style=\"display: block;\"><span class=\"rt-label rt-prefix\">Reading Time: <\/span> <span class=\"rt-time\"> 4<\/span> <span class=\"rt-label rt-postfix\">minutes<\/span><\/span>\u2026 <a class=\"continue-reading-link\" href=\"https:\/\/frank-lovisolo.fr\/WordPress\/dossier-de-presse-2\/bio-frank-lovisolo-guillard\/\">Suite &#8211; Continue reading<\/a><\/p>\n","protected":false},"author":1,"featured_media":0,"parent":4605,"menu_order":0,"comment_status":"open","ping_status":"closed","template":"","meta":{"footnotes":""},"categories":[1,490,353],"tags":[],"class_list":["post-267","page","type-page","status-publish","hentry","category-tous-les-articles","category-information","category-presse"],"_links":{"self":[{"href":"https:\/\/frank-lovisolo.fr\/WordPress\/wp-json\/wp\/v2\/pages\/267","targetHints":{"allow":["GET"]}}],"collection":[{"href":"https:\/\/frank-lovisolo.fr\/WordPress\/wp-json\/wp\/v2\/pages"}],"about":[{"href":"https:\/\/frank-lovisolo.fr\/WordPress\/wp-json\/wp\/v2\/types\/page"}],"author":[{"embeddable":true,"href":"https:\/\/frank-lovisolo.fr\/WordPress\/wp-json\/wp\/v2\/users\/1"}],"replies":[{"embeddable":true,"href":"https:\/\/frank-lovisolo.fr\/WordPress\/wp-json\/wp\/v2\/comments?post=267"}],"version-history":[{"count":0,"href":"https:\/\/frank-lovisolo.fr\/WordPress\/wp-json\/wp\/v2\/pages\/267\/revisions"}],"up":[{"embeddable":true,"href":"https:\/\/frank-lovisolo.fr\/WordPress\/wp-json\/wp\/v2\/pages\/4605"}],"wp:attachment":[{"href":"https:\/\/frank-lovisolo.fr\/WordPress\/wp-json\/wp\/v2\/media?parent=267"}],"wp:term":[{"taxonomy":"category","embeddable":true,"href":"https:\/\/frank-lovisolo.fr\/WordPress\/wp-json\/wp\/v2\/categories?post=267"},{"taxonomy":"post_tag","embeddable":true,"href":"https:\/\/frank-lovisolo.fr\/WordPress\/wp-json\/wp\/v2\/tags?post=267"}],"curies":[{"name":"wp","href":"https:\/\/api.w.org\/{rel}","templated":true}]}}