{"id":1939,"date":"2011-06-02T04:46:16","date_gmt":"2011-06-02T02:46:16","guid":{"rendered":"http:\/\/f.lovisolojob.free.fr\/Blog\/?page_id=1939"},"modified":"2022-03-30T16:07:41","modified_gmt":"2022-03-30T14:07:41","slug":"hubris-gerard-ponthieu","status":"publish","type":"page","link":"https:\/\/frank-lovisolo.fr\/WordPress\/dossier-de-presse-2\/hubris-gerard-ponthieu\/","title":{"rendered":"Hubris &#8211; G\u00e9rard Ponthieu"},"content":{"rendered":"<span class=\"span-reading-time rt-reading-time\" style=\"display: block;\"><span class=\"rt-label rt-prefix\">Reading Time: <\/span> <span class=\"rt-time\"> 2<\/span> <span class=\"rt-label rt-postfix\">minutes<\/span><\/span><p><a href=\"https:\/\/c-pour-dire.com\/2011\/06\/01\/hubris-alias-flg-437\/\" target=\"_blank\" rel=\"noopener noreferrer\"><img loading=\"lazy\" decoding=\"async\" class=\"\" src=\"http:\/\/www.frank-lovisolo.fr\/ImagesWPannexe\/boutons\/VoirArticleOff.jpg\" alt=\"- - -\" width=\"250\" height=\"40\" name=\"Image15\" border=\"0\" title=\"-\"><\/a><\/p>\n<h3>Par <a href=\"https:\/\/c-pour-dire.com\/\" target=\"_blank\" rel=\"noopener noreferrer\">G\u00e9rard Ponthieu<\/a><\/h3>\n<hr \/>\n<h3><style>\n       .errordiv { padding:10px; margin:10px; border: 1px solid #555555;color: #000000;background-color: #f8f8f8; width:500px; }#advanced_iframe {visibility:visible;opacity:1;vertical-align:top;}.ai-info-bottom-iframe { position: fixed; z-index: 10000; bottom:0; left: 0; margin: 0px; text-align: center; width: 100%; background-color: #ff9999; padding-left: 5px;padding-bottom: 5px; border-top: 1px solid #aaa } a.ai-bold {font-weight: bold;}#ai-layer-div-advanced_iframe p {height:100%;margin:0;padding:0}<\/style><script type=\"text\/javascript\">var ai_iframe_width_advanced_iframe = 0;var ai_iframe_height_advanced_iframe = 0;var aiOnloadScrollTop=\"true\";var aiShowDebug=false;\n\t\tif (typeof aiReadyCallbacks === 'undefined') {\n\t\t\tvar aiReadyCallbacks = [];\n\t\t} else if (!(aiReadyCallbacks instanceof Array)) {\n\t\t\tvar aiReadyCallbacks = [];\n\t\t}    function aiShowIframeId(id_iframe) { jQuery(\"#\"+id_iframe).css(\"visibility\", \"visible\");    }    function aiResizeIframeHeight(height) { aiResizeIframeHeight(height,advanced_iframe); }    function aiResizeIframeHeightId(height,width,id) {aiResizeIframeHeightById(id,height);}<\/script><iframe id=\"advanced_iframe\"  name=\"advanced_iframe\"  src=\"https:\/\/c-pour-dire.com\/2011\/06\/01\/hubris-alias-flg-437\"  width=\"100%\"  height=\"1400\"  frameborder=\"0\"  border=\"0\"  allowtransparency=\"true\"  loading=\"auto\"  style=\";border-width: 0px;;border: none;;width:100%;;height:1400px;\"  allowfullscreen ><\/iframe><script type=\"text\/javascript\">var ifrm_advanced_iframe = document.getElementById(\"advanced_iframe\");var hiddenTabsDoneadvanced_iframe = false;\nfunction resizeCallbackadvanced_iframe() {}<\/script><script type=\"text\/javascript\"><\/script><\/h3>\n<hr \/>\n<p><span style=\"color: #000000;\">.<\/span><\/p>\n<p><a href=\"https:\/\/c-pour-dire.com\/\" target=\"_blank\" rel=\"noopener noreferrer\"><img loading=\"lazy\" decoding=\"async\" class=\"alignleft\" title=\"Hubris - G\u00e9rard Ponthieu - lovisolo\" src=\"http:\/\/www.frank-lovisolo.fr\/ImagesWPannexe\/Gponthieu001.jpg\" alt=\"Hubris - G\u00e9rard Ponthieu - lovisolo\" width=\"347\" height=\"398\" \/><\/a><\/p>\n<p style=\"text-align: justify;\">Journaliste professionnel depuis 1967, <a href=\"https:\/\/c-pour-dire.com\/\" target=\"_blank\" rel=\"noopener noreferrer\">G\u00e9rard Ponthieu<\/a> a pratiqu\u00e9 la presse sous ses formes quotidiennes et p\u00e9riodiques, r\u00e9gionales et nationales, \u00e9crites, radiophoniques et t\u00e9l\u00e9visuelles.<br \/>\nQuelques journaux avec lesquels il a collabor\u00e9 : L\u2019Alsace, Le Nouvel Observateur, Radio France, Les Nouvelles litt\u00e9raires, Radio Lib\u00e9ration et L\u2019Express&#8230;&#8230;<br \/>\nPublications :<\/p>\n<div style=\"text-align: justify;\"><span style=\"font-size: 16px;\">Le tour d\u2019un monde en sept jours avec un \u00e2ne en Provence. (Le Condottiere, 2009).<\/span><\/div>\n<div style=\"text-align: justify;\"><span style=\"font-size: 16px;\">extrait&#8230;\u00a0<\/span><\/div>\n<p style=\"text-align: justify;\"><em><b>Jour premier<\/b><\/em><br \/>\n<em>Je marche. Pas aussi vite que je voudrais. Jules me tire en arri\u00e8re. Je r\u00e2le, je peste, me f\u00e2che. Jules, dr\u00f4le de nom, je trouve. L\u2019\u00e9tat-civil \u00e2nesque, il faut le savoir, fait co\u00efncider l\u2019ann\u00e9e 1997 avec des pr\u00e9noms en J. Renommer, ce pouvoir d\u2019animal parlant, parolant. J\u2019essaie Julot: mieux. On avance, tout doux. Depuis deux heures, au d\u00e9but sur une fausse route, une fois rat\u00e9 le sentier. Julot n\u2019est pas sorti depuis longtemps. Une telle vir\u00e9e, si elle va jusqu\u2019au bout, il n\u2019en a d\u2019ailleurs pas connu. D\u00e9couverte, aventure, \u00e9preuve. Ou routine du pas devant l\u2019autre, m\u00e9canique sans cervelle ni sentiment ? Non bien s\u00fbr. Pari d\u2019avant le d\u00e9part. Pari sur l\u2019intelligence, l\u2019entendement, le plaisir commun et pas ordinaire. Aller de concert, si belle expression.<\/em><\/p>\n<p>&lt;<\/p>\n<p>p style=\u00a0\u00bbtext-align: justify;\u00a0\u00bb&gt;<a href=\"http:\/\/livre.fnac.com\/a310948\/Roger-Dadoun-Vieillir-et-jouir\" target=\"_blank\" rel=\"noopener noreferrer\">Vieillir et jouir<\/a>. Feux sous la cendre. Avec Roger Dadoun. (\u00c9d. Ph\u00e9bus, 1999).<br \/>\nLe m\u00e9tier de journaliste (GRET; minist\u00e8re de la Coop\u00e9ration, 1998).Histoire d&rsquo;un Homme dispers\u00e9, roman (1996, in\u00e9dit).<br \/>\nG\u00e9ant Communication (Hachette Jeunesse, 1992, co-auteur).<br \/>\nLa Villette, un certain \u00e2ge d&rsquo;or (\u00e9d. Atlas, Paris, 1987).<br \/>\nLa Radio (Hachette-CFPJ, Paris, 1987).<br \/>\nConocer a Wilhelm Reich (Ed. Barcanova, Barcelone, 1981).<\/p>\n","protected":false},"excerpt":{"rendered":"<p><span class=\"span-reading-time rt-reading-time\" style=\"display: block;\"><span class=\"rt-label rt-prefix\">Reading Time: <\/span> <span class=\"rt-time\"> 2<\/span> <span class=\"rt-label rt-postfix\">minutes<\/span><\/span>\u2026 <a class=\"continue-reading-link\" href=\"https:\/\/frank-lovisolo.fr\/WordPress\/dossier-de-presse-2\/hubris-gerard-ponthieu\/\">Suite &#8211; Continue reading<\/a><\/p>\n","protected":false},"author":1,"featured_media":11715,"parent":4605,"menu_order":5,"comment_status":"open","ping_status":"closed","template":"","meta":{"footnotes":""},"categories":[1,490,353],"tags":[558,351,9,155,557],"class_list":["post-1939","page","type-page","status-publish","has-post-thumbnail","hentry","category-tous-les-articles","category-information","category-presse","tag-blog-de-gerard-ponthieu","tag-frank-lovisolo","tag-gerard-ponthieu","tag-hubris","tag-journaliste-professionnel"],"_links":{"self":[{"href":"https:\/\/frank-lovisolo.fr\/WordPress\/wp-json\/wp\/v2\/pages\/1939","targetHints":{"allow":["GET"]}}],"collection":[{"href":"https:\/\/frank-lovisolo.fr\/WordPress\/wp-json\/wp\/v2\/pages"}],"about":[{"href":"https:\/\/frank-lovisolo.fr\/WordPress\/wp-json\/wp\/v2\/types\/page"}],"author":[{"embeddable":true,"href":"https:\/\/frank-lovisolo.fr\/WordPress\/wp-json\/wp\/v2\/users\/1"}],"replies":[{"embeddable":true,"href":"https:\/\/frank-lovisolo.fr\/WordPress\/wp-json\/wp\/v2\/comments?post=1939"}],"version-history":[{"count":0,"href":"https:\/\/frank-lovisolo.fr\/WordPress\/wp-json\/wp\/v2\/pages\/1939\/revisions"}],"up":[{"embeddable":true,"href":"https:\/\/frank-lovisolo.fr\/WordPress\/wp-json\/wp\/v2\/pages\/4605"}],"wp:featuredmedia":[{"embeddable":true,"href":"https:\/\/frank-lovisolo.fr\/WordPress\/wp-json\/wp\/v2\/media\/11715"}],"wp:attachment":[{"href":"https:\/\/frank-lovisolo.fr\/WordPress\/wp-json\/wp\/v2\/media?parent=1939"}],"wp:term":[{"taxonomy":"category","embeddable":true,"href":"https:\/\/frank-lovisolo.fr\/WordPress\/wp-json\/wp\/v2\/categories?post=1939"},{"taxonomy":"post_tag","embeddable":true,"href":"https:\/\/frank-lovisolo.fr\/WordPress\/wp-json\/wp\/v2\/tags?post=1939"}],"curies":[{"name":"wp","href":"https:\/\/api.w.org\/{rel}","templated":true}]}}