{"id":18138,"date":"2015-12-10T17:50:54","date_gmt":"2015-12-10T16:50:54","guid":{"rendered":"https:\/\/frank-lovisolo.fr\/WordPress\/?page_id=18138"},"modified":"2023-09-15T20:25:55","modified_gmt":"2023-09-15T18:25:55","slug":"ingrid-tedeschi-lovisoloobjetstriviaux","status":"publish","type":"page","link":"https:\/\/frank-lovisolo.fr\/WordPress\/ingrid-tedeschi-lovisoloobjetstriviaux\/","title":{"rendered":"Ingrid Tedeschi : Lovisolo aime les objets triviaux !"},"content":{"rendered":"<span class=\"span-reading-time rt-reading-time\" style=\"display: block;\"><span class=\"rt-label rt-prefix\">Reading Time: <\/span> <span class=\"rt-time\"> 2<\/span> <span class=\"rt-label rt-postfix\">minutes<\/span><\/span><div><span style=\"color: #ffffff; font-size: 8px; font-family: ;\">Ingrid Tedeschi<\/span><\/div>\n<table style=\"width: 100%;\">\n<tbody>\n<tr>\n<td style=\"width: 34%; text-align: right; vertical-align: top;\">\n<audio class=\"wp-audio-shortcode\" id=\"audio-18138-1\" loop autoplay style=\"width: 100%;\" controls=\"controls\"><source type=\"audio\/mpeg\" src=\"http:\/\/frank-lovisolo.fr\/cat\/m3p\/Primaire.mp3?_=1\" \/><a href=\"http:\/\/frank-lovisolo.fr\/cat\/m3p\/Primaire.mp3\">http:\/\/frank-lovisolo.fr\/cat\/m3p\/Primaire.mp3<\/a><\/audio>\n<\/td>\n<td style=\"width: 33%; text-align: center; vertical-align: top;\"><span style=\"font-family: ;\">\u00e0 l&rsquo;\u00e9coute :\u00a0Primaire<\/span><\/td>\n<td style=\"width: 33%; text-align: left; vertical-align: top;\">\n<div><span style=\"font-size: 20px; font-family: ;\"><img loading=\"lazy\" decoding=\"async\" class=\"wp-image-15068 size-full alignright\" src=\"https:\/\/frank-lovisolo.fr\/WordPress\/wp-content\/uploads\/2015\/06\/ComVert.jpg\" alt=\"ComGris\" width=\"250\" height=\"20\" title=\"-\"><\/span><\/div>\n<\/td>\n<\/tr>\n<\/tbody>\n<\/table>\n<table style=\"width: 100%;\">\n<tbody>\n<tr>\n<td>\n<div style=\"text-align: justify;\"><span style=\"font-size: 20px; font-family: ;\"><span style=\"color: #000000;\"><img loading=\"lazy\" decoding=\"async\" class=\"alignright\" title=\"lovisolo - Tedeschi\" src=\"https:\/\/frank-lovisolo.fr\/WordPress\/wp-content\/uploads\/2013\/06\/Nature-morte-A-10-560x448.jpg\" alt=\"lovisolo - Tedeschi\" width=\"425\" height=\"340\" \/><\/span>Dans ses compositions, qu&rsquo;elles soient visuelles ou musicales, ce sont les objets ordinaires qui obtiennent le premier r\u00f4le. <\/span><\/div>\n<div style=\"text-align: justify;\"><span style=\"font-size: 20px; font-family: ;\">Chez lui, la banalit\u00e9 prend du sens, surtout \u00e9tymologique .<\/span><\/div>\n<div>\u00a0<\/div>\n<div style=\"text-align: justify;\"><span style=\"font-size: 20px; font-family: ;\">Le \u00ab<a href=\"https:\/\/fr.wiktionary.org\/wiki\/trivium\" target=\"_blank\" rel=\"noopener noreferrer\">trivium<\/a>\u00bb en latin \u00e9tait un carrefour \u00e0 trois voies.<\/span><\/div>\n<div>\u00a0<\/div>\n<div style=\"text-align: justify;\"><span style=\"font-size: 20px; font-family: ;\">Le mot est donc propice \u00e0 la\u00a0circulation, aux \u00e9changes et aux rencontres.<\/span><\/div>\n<div>\u00a0<\/div>\n<div style=\"text-align: justify;\">\n<div id=\"attachment_14482\" style=\"width: 365px\" class=\"wp-caption alignleft\"><img loading=\"lazy\" decoding=\"async\" aria-describedby=\"caption-attachment-14482\" class=\"wp-image-14482\" title=\"lovisolo - Tedeschi\" src=\"https:\/\/frank-lovisolo.fr\/WordPress\/wp-content\/uploads\/2012\/07\/IMG_7217.jpg\" alt=\"lovisolo - Tedeschi\" width=\"355\" height=\"544\" srcset=\"https:\/\/frank-lovisolo.fr\/WordPress\/wp-content\/uploads\/2012\/07\/IMG_7217.jpg 522w, https:\/\/frank-lovisolo.fr\/WordPress\/wp-content\/uploads\/2012\/07\/IMG_7217-98x150.jpg 98w\" sizes=\"auto, (max-width: 355px) 100vw, 355px\" \/><p id=\"caption-attachment-14482\" class=\"wp-caption-text\"><span style=\"font-size: 14px; font-family: ;\">Photographie : Ingrid Tedeschi &#8211; Avril 2015<\/span><\/p><\/div>\n<\/div>\n<div>\u00a0<\/div>\n<div>\u00a0<\/div>\n<div>\u00a0<\/div>\n<div>\u00a0<\/div>\n<div>\u00a0<\/div>\n<div style=\"text-align: justify;\"><span style=\"font-size: 20px; font-family: ;\">Du moulin \u00e0 poivre au presse-agrume en passant par les ressorts et autres grilles de four, il interroge les mati\u00e8res, les ombres et les sons.<\/span><\/div>\n<div>\u00a0<\/div>\n<div style=\"text-align: justify;\"><span style=\"font-size: 20px; font-family: ;\">Son questionnement multiple sur la r\u00e9sonance du coloris, de la lumi\u00e8re, de la note, fait \u00e9voluer et d\u00e9tourne le statut de l\u2019objet\u00a0: de trivial, il se transforme en objet culturel <a href=\"https:\/\/frank-lovisolo.fr\/WordPress\/nature-morte-ii\/\" target=\"_blank\" rel=\"noopener\">(Natures Mortes)<\/a>.\u00a0<\/span><\/div>\n<div style=\"text-align: right;\"><span style=\"font-size: 14px; font-family: ;\">.\u00a0<\/span><\/div>\n<p><span style=\"font-family: ;\"><img loading=\"lazy\" decoding=\"async\" class=\"wp-image-8477 alignright\" title=\"lovisolo - Tedeschi\" src=\"https:\/\/frank-lovisolo.fr\/WordPress\/wp-content\/uploads\/2013\/05\/Tabula-Rasa-A001.jpg\" alt=\"lovisolo - Tedeschi\" width=\"425\" height=\"282\" srcset=\"https:\/\/frank-lovisolo.fr\/WordPress\/wp-content\/uploads\/2013\/05\/Tabula-Rasa-A001.jpg 560w, https:\/\/frank-lovisolo.fr\/WordPress\/wp-content\/uploads\/2013\/05\/Tabula-Rasa-A001-226x150.jpg 226w, https:\/\/frank-lovisolo.fr\/WordPress\/wp-content\/uploads\/2013\/05\/Tabula-Rasa-A001-150x100.jpg 150w\" sizes=\"auto, (max-width: 425px) 100vw, 425px\" \/><\/span><\/p>\n<div style=\"text-align: center;\">\u00a0<\/div>\n<\/td>\n<\/tr>\n<\/tbody>\n<\/table>\n<table style=\"width: 100%;\">\n<tbody>\n<tr>\n<td><span style=\"font-family: ;\"><span style=\"font-size: 14px;\">Ingrid Tedeschi <\/span>&#8211; Frank Lovisolo<\/span><\/td>\n<\/tr>\n<tr>\n<td>\n<p>&nbsp;<\/p>\n<h3 style=\"text-align: justify;\"><span style=\"font-size: 16px; color: #333333; font-family: ;\"><span style=\"line-height: 18px;\"><img loading=\"lazy\" decoding=\"async\" class=\"alignleft wp-image-40811 size-full\" src=\"https:\/\/frank-lovisolo.fr\/WordPress\/wp-content\/uploads\/2017\/12\/Ingrid-Tedeschi.jpg\" alt=\"Ingrid Tedeschi\" width=\"460\" height=\"323\" title=\"-\" srcset=\"https:\/\/frank-lovisolo.fr\/WordPress\/wp-content\/uploads\/2017\/12\/Ingrid-Tedeschi.jpg 460w, https:\/\/frank-lovisolo.fr\/WordPress\/wp-content\/uploads\/2017\/12\/Ingrid-Tedeschi-214x150.jpg 214w, https:\/\/frank-lovisolo.fr\/WordPress\/wp-content\/uploads\/2017\/12\/Ingrid-Tedeschi-150x105.jpg 150w\" sizes=\"auto, (max-width: 460px) 100vw, 460px\" \/>Ingrid Tedeschi<\/span><\/span><\/h3>\n<p style=\"text-align: justify;\"><span style=\"font-size: 16px; color: #333333; font-family: ;\"><span style=\"line-height: 18px;\">a \u00e9t\u00e9 pendant 10 ans charg\u00e9e de mission art et culture \u00e0 l\u2019Inspection Acad\u00e9mique du Var. Professeure certifi\u00e9e de musique, elle est \u00e9galement depuis 2010 charg\u00e9e de cours \u00e0 l\u2019UFR Ing\u00e9m\u00e9dia (Universit\u00e9 de Toulon).<\/span> Chaque ann\u00e9e elle fait plusieurs conf\u00e9rences sur la musique \u00e0 l&rsquo;Universit\u00e9 du Temps Libre de Toulon.<\/span><\/p>\n<address><span style=\"color: #333333; font-family: ;\">\u00a0<\/span><\/address>\n<address><span style=\"color: #333333; font-family: ;\">Autres Textes &amp; Publications :<\/span><\/address>\n<ul style=\"list-style-type: square;\">\n<li><span style=\"color: #003366; font-family: ;\">Variations Autour d&rsquo;un Larsen &#8211;\u00a0La relation pragmatique<\/span><\/li>\n<li><span style=\"color: #003366; font-family: ;\">Il y a du Larsen dans l&rsquo;air<\/span><\/li>\n<li><span style=\"color: #003366; font-family: ;\">Primaire<\/span><\/li>\n<li><span style=\"color: #003366; font-family: ;\">Surfarara<\/span><\/li>\n<li><span style=\"color: #003366; font-family: ;\">Trois R\u00e9v\u00e9lations\u00a0et leur triptyque<\/span><\/li>\n<li><span style=\"color: #003366; font-family: ;\">Beach Art<\/span><\/li>\n<li><span style=\"color: #003366; font-family: ;\">Rien de Trop<\/span><\/li>\n<li><span style=\"color: #003366; font-family: ;\">Gray Hair and Glasses<\/span><\/li>\n<li><span style=\"color: #003366; font-family: ;\">Le Drap Blanc<\/span><\/li>\n<\/ul>\n<\/td>\n<\/tr>\n<\/tbody>\n<\/table>\n<div style=\"text-align: center;\"><span style=\"color: #ffffff; font-family: ;\">&#8230;<\/span><a id=\"com\"><\/a><\/div>\n","protected":false},"excerpt":{"rendered":"<p><span class=\"span-reading-time rt-reading-time\" style=\"display: block;\"><span class=\"rt-label rt-prefix\">Reading Time: <\/span> <span class=\"rt-time\"> 2<\/span> <span class=\"rt-label rt-postfix\">minutes<\/span><\/span>\u2026 <a class=\"continue-reading-link\" href=\"https:\/\/frank-lovisolo.fr\/WordPress\/ingrid-tedeschi-lovisoloobjetstriviaux\/\">Suite &#8211; Continue reading<\/a><\/p>\n","protected":false},"author":1,"featured_media":21838,"parent":0,"menu_order":0,"comment_status":"open","ping_status":"closed","template":"","meta":{"footnotes":""},"categories":[1,1587,353],"tags":[2930],"class_list":["post-18138","page","type-page","status-publish","has-post-thumbnail","hentry","category-tous-les-articles","category-philosophy","category-presse","tag-ingrid-tedeschi"],"_links":{"self":[{"href":"https:\/\/frank-lovisolo.fr\/WordPress\/wp-json\/wp\/v2\/pages\/18138","targetHints":{"allow":["GET"]}}],"collection":[{"href":"https:\/\/frank-lovisolo.fr\/WordPress\/wp-json\/wp\/v2\/pages"}],"about":[{"href":"https:\/\/frank-lovisolo.fr\/WordPress\/wp-json\/wp\/v2\/types\/page"}],"author":[{"embeddable":true,"href":"https:\/\/frank-lovisolo.fr\/WordPress\/wp-json\/wp\/v2\/users\/1"}],"replies":[{"embeddable":true,"href":"https:\/\/frank-lovisolo.fr\/WordPress\/wp-json\/wp\/v2\/comments?post=18138"}],"version-history":[{"count":0,"href":"https:\/\/frank-lovisolo.fr\/WordPress\/wp-json\/wp\/v2\/pages\/18138\/revisions"}],"wp:featuredmedia":[{"embeddable":true,"href":"https:\/\/frank-lovisolo.fr\/WordPress\/wp-json\/wp\/v2\/media\/21838"}],"wp:attachment":[{"href":"https:\/\/frank-lovisolo.fr\/WordPress\/wp-json\/wp\/v2\/media?parent=18138"}],"wp:term":[{"taxonomy":"category","embeddable":true,"href":"https:\/\/frank-lovisolo.fr\/WordPress\/wp-json\/wp\/v2\/categories?post=18138"},{"taxonomy":"post_tag","embeddable":true,"href":"https:\/\/frank-lovisolo.fr\/WordPress\/wp-json\/wp\/v2\/tags?post=18138"}],"curies":[{"name":"wp","href":"https:\/\/api.w.org\/{rel}","templated":true}]}}