{"id":18005,"date":"2015-12-04T14:41:26","date_gmt":"2015-12-04T13:41:26","guid":{"rendered":"https:\/\/frank-lovisolo.fr\/WordPress\/?page_id=18005"},"modified":"2023-09-04T16:33:28","modified_gmt":"2023-09-04T14:33:28","slug":"lettre-a-pythocles","status":"publish","type":"page","link":"https:\/\/frank-lovisolo.fr\/WordPress\/lettre-a-pythocles\/","title":{"rendered":"\u00c9PICURE : Lettre \u00e0 Pythocl\u00e8s"},"content":{"rendered":"<span class=\"span-reading-time rt-reading-time\" style=\"display: block;\"><span class=\"rt-label rt-prefix\">Reading Time: <\/span> <span class=\"rt-time\"> 6<\/span> <span class=\"rt-label rt-postfix\">minutes<\/span><\/span><p><span style=\"color: #ffffff; font-family: ;\">Lettre \u00e0 Pythocl\u00e8s \u00c9PICURE <\/span><\/p>\n<table>\n<tbody>\n<tr>\n<td style=\"width: 34%; text-align: right; vertical-align: top;\">\u00a0<\/td>\n<td style=\"width: 33%; text-align: center; vertical-align: top;\">\u00a0<\/td>\n<td style=\"width: 33%; text-align: left; vertical-align: top;\">\n<div><span style=\"font-size: 20px; font-family: ;\"><a href=\"#com\"><img loading=\"lazy\" decoding=\"async\" width=\"250\" height=\"20\" class=\"wp-image-15068 size-full alignright\" src=\"https:\/\/frank-lovisolo.fr\/WordPress\/wp-content\/uploads\/2015\/06\/ComGris.jpg\" alt=\"ComGris\" title=\"-\" srcset=\"https:\/\/frank-lovisolo.fr\/WordPress\/wp-content\/uploads\/2015\/06\/ComGris.jpg 250w, https:\/\/frank-lovisolo.fr\/WordPress\/wp-content\/uploads\/2015\/06\/ComGris-150x12.jpg 150w\" sizes=\"auto, (max-width: 250px) 100vw, 250px\" \/><\/a><\/span><\/div>\n<\/td>\n<\/tr>\n<\/tbody>\n<\/table>\n<table style=\"width: 100%; border-collapse: collapse;\" cellpadding=\"10\">\n<tbody>\n<tr>\n<td style=\"width: 50%;\">\n<div><span style=\"color: #000000; font-size: 24px; font-family: ;\">Epicure \u00e0 Pythocl\u00e8s, salut&#8230;<\/span><\/div>\n<div><span style=\"color: #ffffff; font-family: ;\">&#8211;<\/span><\/div>\n<div><span style=\"color: #000000; font-family: ;\"><a href=\"https:\/\/fr.wikipedia.org\/wiki\/Cl%C3%A9on\" target=\"_blank\" rel=\"noopener noreferrer\"><span style=\"font-size: 32px;\">C<\/span>l\u00e9on<\/a> m\u2019a apport\u00e9 une lettre de toi&#8230;<\/span><\/div>\n<h4 style=\"text-align: justify;\"><span style=\"font-family: ;\"><a href=\"https:\/\/frank-lovisolo.fr\/WordPress\/wp-content\/uploads\/2015\/06\/Lorage-N\u00b0002.jpg\"><img loading=\"lazy\" decoding=\"async\" class=\"alignleft wp-image-15000\" title=\"Pythocl\u00e8s - Lovisolo - Orage - Foudre -Tonnerre - Epicure\" src=\"https:\/\/frank-lovisolo.fr\/WordPress\/wp-content\/uploads\/2015\/06\/Lorage-N\u00b0002-560x374.jpg\" alt=\"Pythocl\u00e8s - Lovisolo - Orage - Foudre -Tonnerre - Epicure\" width=\"180\" height=\"120\" srcset=\"https:\/\/frank-lovisolo.fr\/WordPress\/wp-content\/uploads\/2015\/06\/Lorage-N\u00b0002-560x374.jpg 560w, https:\/\/frank-lovisolo.fr\/WordPress\/wp-content\/uploads\/2015\/06\/Lorage-N\u00b0002.jpg 1024w, https:\/\/frank-lovisolo.fr\/WordPress\/wp-content\/uploads\/2015\/06\/Lorage-N\u00b0002-225x150.jpg 225w, https:\/\/frank-lovisolo.fr\/WordPress\/wp-content\/uploads\/2015\/06\/Lorage-N\u00b0002-150x100.jpg 150w\" sizes=\"auto, (max-width: 180px) 100vw, 180px\" \/><\/a><\/span><\/h4>\n<p style=\"text-align: justify;\"><span style=\"color: #000000; font-family: ;\">&#8230; Le tonnerre peut se produire soit par suite du roulement \u00e0 l\u2019int\u00e9rieur des nuages, ainsi que cela a lieu \u00e0 l\u2019int\u00e9rieur de nos r\u00e9cipients, soit par suite du son grave que rend le feu venant \u00e0 se condenser en souffle au sein des nuages, soit par suite de la d\u00e9chirure et de la dispersion des nuages, soit par suite de froissements, de pouss\u00e9es, entre nuages ayant pris la consistance de la glace\u00a0; en un mot, les ph\u00e9nom\u00e8nes nous sugg\u00e8rent plusieurs explications de ce fait du tonnerre comme des autres.<\/span><\/p>\n<p style=\"text-align: justify;\"><span style=\"color: #000000; font-family: ;\">Les \u00e9clairs, \u00e0 leur tour, peuvent \u00e9galement se produire de plusieurs mani\u00e8res. Il se peut que, par suite du frottement et du choc mutuel des nuages, des corpuscules conform\u00e9s pour donner du feu s\u2019\u00e9chappent et engendrent l\u2019\u00e9clair. Il se peut que les vents agissant comme des soufflets fassent jaillir hors des nuages des corps qui produisent la lueur en question. <\/span><\/p>\n<p style=\"text-align: justify;\"><span style=\"color: #000000; font-family: ;\">Il se peut encore que les vents ou la pression mutuelle des nuages expriment les \u00e9clairs du sein de ceux-ci. Il se peut que la lumi\u00e8re r\u00e9pandue par les astres se soit accumul\u00e9e \u00e0 l\u2019int\u00e9rieur des nuages et que le choc des autres nuages et du vent l\u2019en fasse tomber tout d\u2019un coup \u00e0 travers les nuages. <\/span><\/p>\n<p style=\"text-align: justify;\"><span style=\"color: #000000; font-family: ;\">Il se peut que la partie la plus subtile de la lumi\u00e8re filtre \u00e0 travers les nuages et se mette en mouvement. Il se peut que le vent s\u2019enflamme en cons\u00e9quence d\u2019une translation rapide et d\u2019une rotation tr\u00e8s vive.<\/span><\/p>\n<p style=\"text-align: justify;\"><span style=\"color: #000000; font-family: ;\">Il se peut que les nuages se d\u00e9chirent sous l\u2019action du vent et qu\u2019il en tombe des atomes produisant du feu et prenant l\u2019aspect de l\u2019\u00e9clair.\u00a0<\/span><\/p>\n<\/td>\n<td style=\"width: 50%;\">\n<p style=\"text-align: justify;\"><span style=\"color: #000000; font-family: ;\">Il y a encore plusieurs autres explications possibles qu\u2019on d\u00e9couvrira sans peine, pourvu qu\u2019on se laisse guider par les ph\u00e9nom\u00e8nes terrestres, et qu\u2019on soit capable d\u2019embrasser d\u2019un regard l\u2019ensemble des choses qu\u2019on peut concevoir \u00e0 leur ressemblance dans le ciel.<\/span><\/p>\n<p style=\"text-align: justify;\"><span style=\"color: #000000; font-family: ;\">Que si l\u2019\u00e9clair devance le tonnerre dans les orages, c\u2019est parce que les corpuscules propres \u00e0 produire l\u2019\u00e9clair s\u2019\u00e9chappent des nuages aussit\u00f4t qu\u2019ils ont \u00e9t\u00e9 frapp\u00e9s par le vent, tandis que le vent ne produit le tonnerre qu\u2019un peu apr\u00e8s, en roulant \u00e0 travers les nuages. <\/span><\/p>\n<p style=\"text-align: justify;\"><span style=\"color: #000000; font-family: ;\">C\u2019est peut-\u00eatre aussi que, l\u2019\u00e9clair et le tonnerre tombant en m\u00eame temps, l\u2019\u00e9clair nous parvient avec plus de vitesse, tandis que le tonnerre va plus lentement\u00a0; car c\u2019est ce que nous voyons arriver sur la terre pour certains corps que nous apercevons \u00e0 distance frappant d\u2019autres corps dont le son ne nous parvient qu\u2019apr\u00e8s. <\/span><\/p>\n<p style=\"text-align: justify;\"><span style=\"color: #000000; font-family: ;\">La foudre peut se produire par suite du rassemblement de beaucoup de vents, de leur tourbillonnement violent, de leur embrasement, de la brisure du courant dans l\u2019une de ses parties et de la chute violente qui s\u2019ensuit vers les lieux inf\u00e9rieurs, cette brisure ayant lieu parce que les lieux voisins sont rendus plus denses par la compression des nuages.<\/span><\/p>\n<p style=\"text-align: justify;\"><span style=\"color: #000000; font-family: ;\"> La foudre peut encore se produire, de m\u00eame que le tonnerre aussi, par la chute et le tourbillonnement du feu qui, devenu trop abondant, se condense en souffle, se trouve par-l\u00e0 plus fort, et brise les nuages, faute de pouvoir avancer une fois qu\u2019il les a d\u00e9j\u00e0 pouss\u00e9s les uns contre les autres.<\/span><\/p>\n<p style=\"text-align: justify;\"><span style=\"color: #000000; font-family: ;\">Il y a encore beaucoup d\u2019autres explications possibles de la foudre. Qu\u2019on tienne seulement le mythe \u00e0 l\u2019\u00e9cart, et l\u2019on y parviendra, pourvu qu\u2019on se laisse conduire par les ph\u00e9nom\u00e8nes dans les inf\u00e9rences sur les choses cach\u00e9es&#8230;<\/span><\/p>\n<div><span style=\"font-family: ;\"><span style=\"font-size: 12px; color: #000000;\">Traduction d\u2019<a href=\"https:\/\/fr.wikipedia.org\/wiki\/Octave_Hamelin\" target=\"_blank\" rel=\"noopener noreferrer\">Octave Hamelin<\/a>, publi\u00e9e dans la <em><a href=\"https:\/\/fr.wikipedia.org\/wiki\/Revue_de_m%C3%A9taphysique_et_de_morale\" target=\"_blank\" rel=\"noopener noreferrer\">Revue de m\u00e9taphysique et de morale<\/a><\/em> en 1910\u00a0.\u00a0<\/span><span style=\"font-size: 12px; color: #000000;\">Lettre Extraite du Livre X des <em>Vies et doctrines des philosophes illustres<\/em> de <a href=\"https:\/\/fr.wikipedia.org\/wiki\/Diog%C3%A8ne_La%C3%ABrce\" target=\"_blank\" rel=\"noopener noreferrer\">Diog\u00e8ne La\u00ebrce<\/a>.<\/span><\/span><\/div>\n<div><span style=\"font-size: 12px; font-family: ;\"><a href=\"http:\/\/frank-lovisolo.fr\/pdf\/Lettre_a_Pythocles.pdf\" target=\"_blank\" rel=\"noopener noreferrer\">T\u00e9l\u00e9charger le texte complet &gt;&gt;&gt;&gt;<\/a><\/span><\/div>\n<\/td>\n<\/tr>\n<\/tbody>\n<\/table>\n<table>\n<tbody>\n<tr>\n<td style=\"text-align: center;\" colspan=\"2\">\u00a0<\/td>\n<\/tr>\n<tr>\n<td style=\"text-align: justify;\" colspan=\"2\">\n<div id=\"attachment_14783\" style=\"width: 383px\" class=\"wp-caption alignleft\"><img loading=\"lazy\" decoding=\"async\" aria-describedby=\"caption-attachment-14783\" class=\"wp-image-14783\" title=\"\u00c9PICURE Lettre \u00e0 Pythocl\u00e8s\" src=\"https:\/\/frank-lovisolo.fr\/WordPress\/wp-content\/uploads\/2015\/05\/640px-Epikouros_BM_1843.jpg\" alt=\"\u00c9PICURE Lettre \u00e0 Pythocl\u00e8s\" width=\"373\" height=\"559\" srcset=\"https:\/\/frank-lovisolo.fr\/WordPress\/wp-content\/uploads\/2015\/05\/640px-Epikouros_BM_1843.jpg 640w, https:\/\/frank-lovisolo.fr\/WordPress\/wp-content\/uploads\/2015\/05\/640px-Epikouros_BM_1843-560x840.jpg 560w, https:\/\/frank-lovisolo.fr\/WordPress\/wp-content\/uploads\/2015\/05\/640px-Epikouros_BM_1843-100x150.jpg 100w\" sizes=\"auto, (max-width: 373px) 100vw, 373px\" \/><p id=\"caption-attachment-14783\" class=\"wp-caption-text\"><\/span> <span style=\"font-family: ;\">\u00c9PICURE<\/span><\/p><\/div><\/p>\n<h4><span class=\"ez-toc-section\" id=\"epicure-%e2%80%93-athenes\"><\/span><span style=\"font-family: ;\"><a href=\"https:\/\/fr.wikipedia.org\/wiki\/%C3%89picure\" target=\"_blank\" rel=\"noopener noreferrer\">\u00c9picure &#8211;\u00a0Ath\u00e8nes<\/a><\/span><span class=\"ez-toc-section-end\"><\/span><\/h4>\n<div>\n<p><span style=\"font-family: ;\">\u00c9picure v\u00e9cut de 341 \u00e0 270 avant J.-C. N\u00e9 \u00e0 Samos de parents ath\u00e9niens, il fonde son \u00e9cole \u00e0 Ath\u00e8nes, le \u00ab Jardin \u00bb, en 306 avant J.-C. La philosophie grecque \u00e9tait alors domin\u00e9e par les deux grandes \u00e9coles qui avaient recueilli l&rsquo;h\u00e9ritage de Platon et d&rsquo;Aristote : l&rsquo;Acad\u00e9mie et le Lyc\u00e9e. Le bonheur individuel de l&rsquo;homme \u00e9tait l&rsquo;id\u00e9al qu&rsquo;\u00c9picure assignait \u00e0 la philosophie.<\/span><\/p>\n<\/div>\n<p><span style=\"font-family: ;\">Quand \u00c9picure fonda son \u00e9cole \u00e0\u00a0Ath\u00e8nes, en 306 avant J.-C., la vie culturelle de la Gr\u00e8ce \u00e9tait domin\u00e9e par les deux grandes \u00e9coles qui avaient recueilli l&rsquo;h\u00e9ritage de\u00a0<a title=\"PLATON - rep\u00e8res chronologiques\" href=\"https:\/\/www.universalis.fr\/encyclopedie\/platon-reperes-chronologiques\/\" target=\"_blank\" rel=\"noopener\">Platon<\/a>\u00a0et d&rsquo;<a title=\"ARISTOTE - rep\u00e8res chronologiques\" href=\"https:\/\/www.universalis.fr\/encyclopedie\/aristote-reperes-chronologiques\/\" target=\"_blank\" rel=\"noopener\">Aristote<\/a>\u00a0: l&rsquo;Acad\u00e9mie et le Lyc\u00e9e. \u00c9picure eut clairement conscience qu&rsquo;il lui fallait mener sa bataille philosophique contre elles et contre la\u00a0culture\u00a0dont elles \u00e9taient l&rsquo;expression. Aussi la formation de sa\u00a0pens\u00e9e\u00a0fut-elle d\u00e9termin\u00e9e non pas seulement par la crise que traversait alors la civilisation grecque, mais plus encore par la n\u00e9cessit\u00e9 d&rsquo;opposer un syst\u00e8me philosophique solide au prestige de ces deux \u00e9coles. Si le choix de l&rsquo;id\u00e9al qu&rsquo;il assignait \u00e0 la\u00a0philosophie\u00a0\u2013\u00a0le bonheur de l&rsquo;homme \u2013\u00a0\u00e9tait une r\u00e9action naturelle \u00e0 la d\u00e9sagr\u00e9gation de la ville-\u00c9tat dans laquelle l&rsquo;homme-citoyen avait trouv\u00e9 traditionnellement la possibilit\u00e9 de se r\u00e9aliser et de satisfaire ses aspirations, sa pol\u00e9mique s&rsquo;engageait contre les \u00e9coles qui n&rsquo;avaient pas su inventer de solutions adapt\u00e9es \u00e0 cette mutation et aux difficult\u00e9s qu&rsquo;elle engendrait. C&rsquo;est pourquoi \u00c9picure n&rsquo;opposa pas \u00e0 ses adversaires une culture diff\u00e9rente de la leur, mais un nouveau genre de vie, une mani\u00e8re distincte de concevoir le monde et l&rsquo;homme. Ainsi s&rsquo;explique qu&rsquo;\u00c9picure ne cherche pas une originalit\u00e9 absolue dans les \u00e9l\u00e9ments singuliers qui composent l&rsquo;ensemble de son syst\u00e8me \u2013\u00a0au contraire, peu de syst\u00e8mes sont aussi largement tributaires de la sp\u00e9culation philosophique ant\u00e9rieure que le sien\u00a0: de\u00a0<a href=\"https:\/\/www.universalis.fr\/encyclopedie\/democrite\/\" target=\"_blank\" rel=\"noopener\">D\u00e9mocrite<\/a>\u00a0\u00e0 Aristote, des sophistes aux cyr\u00e9na\u00efques. L&rsquo;un des m\u00e9rites d&rsquo;\u00c9picure fut de savoir harmoniser ces \u00e9l\u00e9ments disparates en un ensemble coh\u00e9rent.<\/span><\/p>\n<div><span style=\"font-family: ;\">Graziano ARRIGHETTI, \u00ab\u00a0<span class=\"rg\">\u00c9PICURE <\/span><span class=\"rm\">(~341-~270)<\/span> \u00a0\u00bb<\/span><\/div>\n<div><span style=\"font-family: ;\"><em><a href=\"https:\/\/www.universalis.fr\/\" target=\"_blank\" rel=\"noopener noreferrer\">Encyclop\u00e6dia Universalis<\/a><\/em>\u00a0<\/span><\/div>\n<div><span style=\"font-family: ;\">URL : <span id=\"eu-url\"><a href=\"https:\/\/www.universalis.fr\/encyclopedie\/epicure\/\" target=\"_blank\" rel=\"noopener noreferrer\">http:\/\/www.universalis.fr\/encyclopedie\/epicure\/<\/a><\/span><\/span><\/div>\n<\/td>\n<\/tr>\n<tr>\n<td style=\"text-align: justify;\" colspan=\"2\">\n<p><span style=\"font-family: ;\">Des nombreux trait\u00e9s que le Grec\u00a0<a href=\"https:\/\/www.universalis.fr\/encyclopedie\/epicure\/\" target=\"_blank\" rel=\"noopener\">\u00c9picure<\/a>\u00a0(341-270 av. J.-C.), un des auteurs les plus prolixes de l&rsquo;<a title=\"ANTIQUIT\u00c9 - Naissance de la philosophie\" href=\"https:\/\/www.universalis.fr\/encyclopedie\/antiquite-naissance-de-la-philosophie\/\" target=\"_blank\" rel=\"noopener\">Antiquit\u00e9<\/a>, \u00e9crivit sur la nature, il ne reste que trois lettres de pr\u00e9sentation de sa\u00a0<a href=\"https:\/\/www.universalis.fr\/encyclopedie\/pensee\/\" target=\"_blank\" rel=\"noopener\">pens\u00e9e<\/a>\u00a0qui nous sont parvenues gr\u00e2ce au doxographe Diog\u00e8ne La\u00ebrce. Si \u00e9tudier la nature est important, ce n&rsquo;est pas tant en vue de constituer une science physique, au sens moderne du terme, que pour conna\u00eetre les m\u00e9canismes \u00e0 l&rsquo;\u0153uvre dans la mati\u00e8re afin de pouvoir se d\u00e9barrasser des craintes \u2013\u00a0de la mort et des dieux\u00a0\u2013 que ne peut manquer d&rsquo;engendrer l&rsquo;ignorance. La coh\u00e9rence de la pens\u00e9e d&rsquo;\u00c9picure appara\u00eet ainsi dans ce r\u00e9sum\u00e9 que les disciples devaient toujours avoir \u00e0 l&rsquo;esprit\u00a0: le monde infini et \u00e9ternel est explicable, et le comprendre est la seule possibilit\u00e9 que nous ayons de pouvoir mener une vie heureuse.\u00a0<\/span><\/p>\n<div><span style=\"font-family: ;\">Francis WYBRANDS, \u00ab\u00a0<span class=\"rg\">LETTRES, <\/span><span class=\"rm\">\u00c9picure<\/span> \u00a0\u00bb<\/span><\/div>\n<div><span style=\"font-family: ;\"><em><a href=\"https:\/\/www.universalis.fr\/\" target=\"_blank\" rel=\"noopener noreferrer\">Encyclop\u00e6dia Universalis<\/a><\/em>\u00a0<\/span><\/div>\n<div><span style=\"font-family: ;\">URL :<a href=\"https:\/\/www.universalis.fr\/encyclopedie\/lettres-epicure\/\" target=\"_blank\" rel=\"noopener noreferrer\"> <span id=\"eu-url\">http:\/\/www.universalis.fr\/encyclopedie\/lettres-epicure\/<\/span><\/a><\/span><\/div>\n<\/td>\n<\/tr>\n<tr>\n<td style=\"text-align: justify;\" colspan=\"2\">\n<h4><span class=\"ez-toc-section\" id=\"i\"><\/span>\u00a0<span class=\"ez-toc-section-end\"><\/span><\/h4>\n<h4 id=\"c_2\"><span class=\"ez-toc-section\" id=\"la-lettre-a-pythocles-un-univers-sans-dieux\"><\/span><span style=\"font-family: ;\">La lettre \u00e0 Pythocl\u00e8s : Un univers sans dieux<\/span><span class=\"ez-toc-section-end\"><\/span><\/h4>\n<p><span style=\"font-family: ;\">La lettre \u00e0 Pythocl\u00e8s, dont l&rsquo;authenticit\u00e9 a parfois \u00e9t\u00e9 contest\u00e9e, est une application de la physique aux \u00ab\u00a0m\u00e9t\u00e9ores\u00a0\u00bb (foudre, cyclones, tremblements de terre, vent, pluie, arcs-en-ciel&#8230;), c&rsquo;est-\u00e0-dire \u00e0 tous les ph\u00e9nom\u00e8nes qui nous \u00e9tonnent et qui donnent lieu \u00e0 des superstitions pourvoyeuses d&rsquo;ins\u00e9curit\u00e9 et de craintes infond\u00e9es. C&rsquo;est par superstition que les hommes s&rsquo;imaginent que les cieux et les dieux leur envoient des signes sur lesquels ils devraient r\u00e9gler leurs vies. Enfin, la derni\u00e8re lettre, \u00e0 M\u00e9n\u00e9c\u00e9e, r\u00e9sume l&rsquo;essentiel de la doctrine morale d&rsquo;\u00c9picure. Elle renferme la doctrine du \u00ab\u00a0quadruple-rem\u00e8de\u00a0\u00bb (<em>tetrapharmakos<\/em>) formul\u00e9e par Philod\u00e8me dans\u00a0<em>Contre les sophistes<\/em>\u00a0et contenue dans les quatre premiers fragments des\u00a0<em>Maximes capitales<\/em>\u00a0: \u00ab\u00a0Le dieu n&rsquo;est pas \u00e0 craindre\u00a0; la mort ne donne pas de souci\u00a0; et tandis que le bien est facile \u00e0 obtenir, le mal est facile \u00e0 supporter.\u00a0\u00bb Seule la philosophie peut nous mener sur la voie du bonheur. Diff\u00e9rer de philosopher, parce que l&rsquo;on consid\u00e8re qu&rsquo;il n&rsquo;est pas encore temps ou qu&rsquo;il n&rsquo;est plus temps, c&rsquo;est diff\u00e9rer d&rsquo;\u00eatre heureux. Il y a donc urgence\u00a0: dieux, mort, souffrance sont l\u00e0, toujours pr\u00eats \u00e0 nous d\u00e9tourner du bon chemin. Les dieux, \u00e9tant immortels, ne se pr\u00e9occupent pas des affaires humaines. Quant \u00e0 la mort, elle \u00ab\u00a0n&rsquo;est rien pour nous\u00a0\u00bb\u00a0: elle \u00ab\u00a0n&rsquo;existe ni pour les vivants ni pour les morts, puisqu&rsquo;elle n&rsquo;a rien \u00e0 faire avec les premiers, et que les seconds ne sont plus\u00a0\u00bb. Si le plaisir est le souverain bien, il ne faut toutefois pas confondre la th\u00e8se d&rsquo;\u00c9picure avec celle des tenants de l&rsquo;\u00e9cole cyr\u00e9na\u00efque, tel Aristippe, car seule la philosophie peut nous permettre de parvenir \u00e0 jouir r\u00e9ellement d&rsquo;une vie heureuse, exempte des maux et des craintes auxquels sont en proie ceux qui n&rsquo;ont en vue que les jouissances passag\u00e8res et les joies \u00e9ph\u00e9m\u00e8res. Figure \u00e9ponyme du sage antique, \u00c9picure fait partie int\u00e9grante de ceux qui, dans l&rsquo;Antiquit\u00e9, se seront mis \u00e0 l&rsquo;\u00e9cole de la philosophie inaugur\u00e9e par Socrate.<\/span><\/p>\n<div><span style=\"font-family: ;\">Francis WYBRANDS, \u00ab\u00a0<span class=\"rg\">LETTRES, <\/span><span class=\"rm\">\u00c9picure<\/span> \u00a0\u00bb<\/span><\/div>\n<div><span style=\"font-family: ;\"><em><a href=\"https:\/\/www.universalis.fr\/\" target=\"_blank\" rel=\"noopener noreferrer\">Encyclop\u00e6dia Universalis<\/a><\/em>\u00a0<\/span><\/div>\n<div><span style=\"font-family: ;\">URL : <span id=\"eu-url\"><a href=\"https:\/\/www.universalis.fr\/encyclopedie\/lettres-epicure\/\" target=\"_blank\" rel=\"noopener noreferrer\">http:\/\/www.universalis.fr\/encyclopedie\/lettres-epicure\/<\/a><\/span><\/span><\/div>\n<div id=\"theme\" class=\"sous-article\">\u00a0<\/div>\n<\/td>\n<\/tr>\n<tr>\n<td colspan=\"2\">\n<h4 style=\"text-align: justify;\"><span class=\"ez-toc-section\" id=\"lettre-a-pythocles-%e2%80%93-lettre-a-pythocles-%e2%80%93-lettre-a-pythocles-lettre-a-pythoclee-%e2%80%a6\"><\/span><span style=\"color: #ffffff; font-family: ;\">Lettre \u00e0 Pythocl\u00e8s &#8211; Lettre \u00e0 Pythocl\u00e8s &#8211; Lettre \u00e0 Pythocl\u00e8s -Lettre \u00e0 Pythocl\u00e8e &#8230;<\/span><a id=\"com\"><\/a><span class=\"ez-toc-section-end\"><\/span><\/h4>\n<\/td>\n<\/tr>\n<\/tbody>\n<\/table>\n<div id=\"ez-toc-container\" class=\"ez-toc-v2_0_82_2 ez-toc-wrap-center counter-hierarchy ez-toc-counter ez-toc-light-blue ez-toc-container-direction\">\n<label for=\"ez-toc-cssicon-toggle-item-69e062b47f98a\" class=\"ez-toc-cssicon-toggle-label\"><p class=\"ez-toc-title\" style=\"cursor:inherit\">Table des mati\u00e8res<\/p>\n<span class=\"ez-toc-cssicon\"><span class=\"eztoc-hide\" style=\"display:none;\">Toggle<\/span><span class=\"ez-toc-icon-toggle-span\"><svg style=\"fill: #999;color:#999\" xmlns=\"http:\/\/www.w3.org\/2000\/svg\" class=\"list-377408\" width=\"20px\" height=\"20px\" viewBox=\"0 0 24 24\" fill=\"none\"><path d=\"M6 6H4v2h2V6zm14 0H8v2h12V6zM4 11h2v2H4v-2zm16 0H8v2h12v-2zM4 16h2v2H4v-2zm16 0H8v2h12v-2z\" fill=\"currentColor\"><\/path><\/svg><svg style=\"fill: #999;color:#999\" class=\"arrow-unsorted-368013\" xmlns=\"http:\/\/www.w3.org\/2000\/svg\" width=\"10px\" height=\"10px\" viewBox=\"0 0 24 24\" version=\"1.2\" baseProfile=\"tiny\"><path d=\"M18.2 9.3l-6.2-6.3-6.2 6.3c-.2.2-.3.4-.3.7s.1.5.3.7c.2.2.4.3.7.3h11c.3 0 .5-.1.7-.3.2-.2.3-.5.3-.7s-.1-.5-.3-.7zM5.8 14.7l6.2 6.3 6.2-6.3c.2-.2.3-.5.3-.7s-.1-.5-.3-.7c-.2-.2-.4-.3-.7-.3h-11c-.3 0-.5.1-.7.3-.2.2-.3.5-.3.7s.1.5.3.7z\"\/><\/svg><\/span><\/span><\/label><input type=\"checkbox\"  id=\"ez-toc-cssicon-toggle-item-69e062b47f98a\" checked \/><nav><ul class='ez-toc-list ez-toc-list-level-1 ' ><li class='ez-toc-page-1 ez-toc-heading-level-4'><a class=\"ez-toc-link ez-toc-heading-1\" href=\"https:\/\/frank-lovisolo.fr\/WordPress\/lettre-a-pythocles\/#epicure-%e2%80%93-athenes\" >\u00c9picure &#8211;\u00a0Ath\u00e8nes<\/a><\/li><li class='ez-toc-page-1 ez-toc-heading-level-4'><a class=\"ez-toc-link ez-toc-heading-2\" href=\"https:\/\/frank-lovisolo.fr\/WordPress\/lettre-a-pythocles\/#i\" >\u00a0<\/a><\/li><li class='ez-toc-page-1 ez-toc-heading-level-4'><a class=\"ez-toc-link ez-toc-heading-3\" href=\"https:\/\/frank-lovisolo.fr\/WordPress\/lettre-a-pythocles\/#la-lettre-a-pythocles-un-univers-sans-dieux\" >La lettre \u00e0 Pythocl\u00e8s : Un univers sans dieux<\/a><\/li><li class='ez-toc-page-1 ez-toc-heading-level-4'><a class=\"ez-toc-link ez-toc-heading-4\" href=\"https:\/\/frank-lovisolo.fr\/WordPress\/lettre-a-pythocles\/#lettre-a-pythocles-%e2%80%93-lettre-a-pythocles-%e2%80%93-lettre-a-pythocles-lettre-a-pythoclee-%e2%80%a6\" >Lettre \u00e0 Pythocl\u00e8s &#8211; Lettre \u00e0 Pythocl\u00e8s &#8211; Lettre \u00e0 Pythocl\u00e8s -Lettre \u00e0 Pythocl\u00e8e &#8230;<\/a><\/li><\/ul><\/nav><\/div>\n","protected":false},"excerpt":{"rendered":"<p><span class=\"span-reading-time rt-reading-time\" style=\"display: block;\"><span class=\"rt-label rt-prefix\">Reading Time: <\/span> <span class=\"rt-time\"> 6<\/span> <span class=\"rt-label rt-postfix\">minutes<\/span><\/span>\u2026 <a class=\"continue-reading-link\" href=\"https:\/\/frank-lovisolo.fr\/WordPress\/lettre-a-pythocles\/\">Suite &#8211; Continue reading<\/a><\/p>\n","protected":false},"author":1,"featured_media":14783,"parent":0,"menu_order":0,"comment_status":"open","ping_status":"open","template":"","meta":{"footnotes":""},"categories":[1,490,1587],"tags":[608,45,663,1565,1779,1586],"class_list":["post-18005","page","type-page","status-publish","has-post-thumbnail","hentry","category-tous-les-articles","category-information","category-philosophy","tag-aristote","tag-athenes","tag-democrite","tag-epicure","tag-platon","tag-pythocles"],"_links":{"self":[{"href":"https:\/\/frank-lovisolo.fr\/WordPress\/wp-json\/wp\/v2\/pages\/18005","targetHints":{"allow":["GET"]}}],"collection":[{"href":"https:\/\/frank-lovisolo.fr\/WordPress\/wp-json\/wp\/v2\/pages"}],"about":[{"href":"https:\/\/frank-lovisolo.fr\/WordPress\/wp-json\/wp\/v2\/types\/page"}],"author":[{"embeddable":true,"href":"https:\/\/frank-lovisolo.fr\/WordPress\/wp-json\/wp\/v2\/users\/1"}],"replies":[{"embeddable":true,"href":"https:\/\/frank-lovisolo.fr\/WordPress\/wp-json\/wp\/v2\/comments?post=18005"}],"version-history":[{"count":0,"href":"https:\/\/frank-lovisolo.fr\/WordPress\/wp-json\/wp\/v2\/pages\/18005\/revisions"}],"wp:featuredmedia":[{"embeddable":true,"href":"https:\/\/frank-lovisolo.fr\/WordPress\/wp-json\/wp\/v2\/media\/14783"}],"wp:attachment":[{"href":"https:\/\/frank-lovisolo.fr\/WordPress\/wp-json\/wp\/v2\/media?parent=18005"}],"wp:term":[{"taxonomy":"category","embeddable":true,"href":"https:\/\/frank-lovisolo.fr\/WordPress\/wp-json\/wp\/v2\/categories?post=18005"},{"taxonomy":"post_tag","embeddable":true,"href":"https:\/\/frank-lovisolo.fr\/WordPress\/wp-json\/wp\/v2\/tags?post=18005"}],"curies":[{"name":"wp","href":"https:\/\/api.w.org\/{rel}","templated":true}]}}