{"id":17999,"date":"2015-12-04T12:02:32","date_gmt":"2015-12-04T11:02:32","guid":{"rendered":"https:\/\/frank-lovisolo.fr\/WordPress\/?page_id=17999"},"modified":"2024-04-30T08:13:42","modified_gmt":"2024-04-30T06:13:42","slug":"le-voyageur-et-son-ombre-nietzsche","status":"publish","type":"page","link":"https:\/\/frank-lovisolo.fr\/WordPress\/le-voyageur-et-son-ombre-nietzsche\/","title":{"rendered":"Le Voyageur et son Ombre &#8211; Friedrich Nietzsche"},"content":{"rendered":"<span class=\"span-reading-time rt-reading-time\" style=\"display: block;\"><span class=\"rt-label rt-prefix\">Reading Time: <\/span> <span class=\"rt-time\"> 2<\/span> <span class=\"rt-label rt-postfix\">minutes<\/span><\/span><div><span style=\"color: #ffffff; font-size: 8px;\">Le Voyageur et son Ombre &#8211; Friedrich Nietzsche &#8211; Le Voyageur et son Ombre &#8211; Friedrich Nietzsch &#8211; Le Voyageur et son Ombre &#8211; Friedrich Nietzsch &#8211; Le Voyageur et son Ombre &#8211; Friedrich Nietzsche &#8211; Le Voyageur et son Ombre &#8211; Friedrich Nietzsch &#8211; Le Voyageur et son Ombre &#8211; Friedrich Nietzsch<\/span><\/div>\n<table style=\"width: 100%;\">\n<tbody>\n<tr>\n<td style=\"width: 34%; text-align: right; vertical-align: top;\"><\/td>\n<td style=\"width: 33%; text-align: center; vertical-align: top;\"><\/td>\n<td style=\"width: 33%; text-align: left; vertical-align: top;\">\n<h3><span style=\"font-size: 20px;\"><a href=\"#com\"><img loading=\"lazy\" decoding=\"async\" class=\"wp-image-15068 size-full alignright\" src=\"https:\/\/frank-lovisolo.fr\/WordPress\/wp-content\/uploads\/2015\/06\/ComGris.jpg\" alt=\"ComGris\" width=\"250\" height=\"20\" title=\"-\" srcset=\"https:\/\/frank-lovisolo.fr\/WordPress\/wp-content\/uploads\/2015\/06\/ComGris.jpg 250w, https:\/\/frank-lovisolo.fr\/WordPress\/wp-content\/uploads\/2015\/06\/ComGris-150x12.jpg 150w\" sizes=\"auto, (max-width: 250px) 100vw, 250px\" \/><\/a><\/span><\/h3>\n<\/td>\n<\/tr>\n<\/tbody>\n<\/table>\n<table style=\"width: 100%;\" cellpadding=\"20\">\n<tbody>\n<tr>\n<td colspan=\"2\">\n<h4><span style=\"text-decoration: underline; font-size: 24px;\">\u00a0<i>Le Voyageur et son ombre<\/i> <\/span><\/h4>\n<p>(<i>Der Wanderer und sein Schatten<\/i>) est une \u0153uvre du philosophe <a title=\"Friedrich Nietzsche\" href=\"https:\/\/fr.wikipedia.org\/wiki\/Friedrich_Nietzsche\" target=\"_blank\" rel=\"noopener\">Friedrich Nietzsche<\/a> publi\u00e9e dans le tome II de <a title=\"Humain, trop humain\" href=\"https:\/\/fr.wikipedia.org\/wiki\/Humain,_trop_humain\" target=\"_blank\" rel=\"noopener\">Humain, trop humain<\/a>.<\/td>\n<\/tr>\n<tr>\n<td colspan=\"2\">\n<p style=\"text-align: justify;\"><img loading=\"lazy\" decoding=\"async\" class=\"alignleft wp-image-12954 size-full\" title=\"Le Voyageur et son Ombre\" src=\"https:\/\/frank-lovisolo.fr\/WordPress\/wp-content\/uploads\/2014\/09\/220px-Portrait_of_Friedrich_Nietzsche.jpg\" alt=\"Le Voyageur et son Ombre\" width=\"220\" height=\"255\" srcset=\"https:\/\/frank-lovisolo.fr\/WordPress\/wp-content\/uploads\/2014\/09\/220px-Portrait_of_Friedrich_Nietzsche.jpg 220w, https:\/\/frank-lovisolo.fr\/WordPress\/wp-content\/uploads\/2014\/09\/220px-Portrait_of_Friedrich_Nietzsche-129x150.jpg 129w\" sizes=\"auto, (max-width: 220px) 100vw, 220px\" \/>Toute grande \u0153uvre, \u00e0 quelque degr\u00e9, est toujours incomprise. Mais celle de\u00a0Nietzsche, plus encore que les autres, provoque les malentendus. Sans doute parce qu&rsquo;il est difficile de r\u00e9sister, en face de Nietzsche, \u00e0 la double tentation\u00a0: soit de chercher des pr\u00e9textes pour neutraliser les terribles questions qu&rsquo;il soul\u00e8ve, soit de projeter sur ses \u00e9crits des pr\u00e9jug\u00e9s de doctrinaires et des fantasmes personnels. On condamne Nietzsche ou on l&rsquo;exploite\u00a0; mais il est rare qu&rsquo;on lui laisse la parole.<\/p>\n<p style=\"text-align: justify;\">On refusa longtemps \u00e0 Nietzsche la qualit\u00e9 de philosophe, en all\u00e9guant ses contradictions, son style po\u00e9tique et aphoristique. On invoqua sa maladie et l&rsquo;effondrement final pour classer ses livres au nombre des documents pathologiques. D\u00e9figur\u00e9e par la\u00a0propagande\u00a0nazie, l&rsquo;\u0153uvre nietzsch\u00e9enne fut accus\u00e9e de propager un irrationalisme servant de couverture id\u00e9ologique au capitalisme dans sa phase imp\u00e9rialiste. On pourrait allonger la liste de ces interpr\u00e9tations aberrantes. Mais l&rsquo;essentiel est que, par l&rsquo;influence qu&rsquo;elle exer\u00e7a sur les esprits de l&rsquo;\u00e9poque, l&rsquo;autorit\u00e9 philosophique de Nietzsche se soit universellement impos\u00e9e, au point que Nietzsche est reconnu aujourd&rsquo;hui pour l&rsquo;un des g\u00e9nies qui ont model\u00e9 le visage du\u00a0<span class=\"pc\">XX<\/span><sup class=\"sup\">e<\/sup>\u00a0si\u00e8cle.<\/p>\n<p style=\"text-align: justify;\">Il s&rsquo;en faut de beaucoup, pourtant, que r\u00e8gne actuellement l&rsquo;unanimit\u00e9 quant \u00e0 l&rsquo;appr\u00e9ciation du sens de son \u0153uvre. Certes, celle-ci est un chantier d&rsquo;id\u00e9es plus qu&rsquo;un syst\u00e8me. La beaut\u00e9 et la clart\u00e9 du style nietzsch\u00e9en dissimulent, en l&rsquo;absence d&rsquo;un vocabulaire techniquement rigoureux, la profondeur redoutable de la\u00a0pens\u00e9e. Ose-t-on s&rsquo;aventurer dans cette profondeur, on se trouve engag\u00e9 dans un labyrinthe aux multiples d\u00e9tours. C&rsquo;est dire que la\u00a0philosophie\u00a0nietzsch\u00e9enne n&rsquo;autorise pas une explication univoque et d\u00e9finitive. Sa v\u00e9rit\u00e9 ultime r\u00e9side dans l&rsquo;impulsion qu&rsquo;elle donne pour aller plus loin.<\/p>\n<p style=\"text-align: justify;\">Il n&#8217;emp\u00eache qu&#8217;embrass\u00e9e dans son ensemble cette \u0153uvre offre une coh\u00e9rence r\u00e9elle, \u00e0 condition que l&rsquo;on respecte les subtiles distinctions qui surd\u00e9terminent les mots\u00a0[\u2026]<\/p>\n<div>Jean GRANIER, \u00ab\u00a0<span class=\"rg\">NIETZSCHE (F.)<\/span> \u00a0\u00bb<\/div>\n<div><em><a href=\"https:\/\/www.universalis.fr\/\" target=\"_blank\" rel=\"noopener noreferrer\">Encyclop\u00e6dia Universalis<\/a><\/em><\/div>\n<div>consult\u00e9 le <span id=\"eu-date\">4 d\u00e9cembre 2015<\/span>.<\/div>\n<div>URL : <span id=\"eu-url\"><a href=\"https:\/\/www.universalis.fr\/encyclopedie\/friedrich-nietzsche\/\" target=\"_blank\" rel=\"noopener noreferrer\">http:\/\/www.universalis.fr\/encyclopedie\/friedrich-nietzsche\/<\/a><\/span><\/div>\n<\/td>\n<\/tr>\n<\/tbody>\n<\/table>\n<table style=\"border-collapse: collapse; width: 100%;\">\n<tbody>\n<tr>\n<td style=\"width: 100%;\">\n<p style=\"text-align: center;\"><span style=\"background-color: #e5ffcc;\">\u00a0 Si le texte n&rsquo;apparait pas : actualisez la page\u00a0 \u00a0<\/span><\/p>\n<p style=\"text-align: center;\"><a href=\"https:\/\/frank-lovisolo.fr\/WordPress\/le-voyageur-et-son-ombre-nietzsche\/\"><span style=\"font-size: 28px; color: #ff3232; background-color: #e5ffcc;\">\u00a0Actualisation\u00a0<\/span><\/a><\/p>\n<p style=\"text-align: center;\">\n<div\n    class='wp-block-pdfp-pdf-poster  alignnone'\n    id='block-3'\n    data-attributes='{&quot;uniqueId&quot;:&quot;pdfp2&quot;,&quot;file&quot;:&quot;https:\\\/\\\/frank-lovisolo.fr\\\/pdf\\\/Nietzsche_Le_voyageur_et_son_ombre.pdf&quot;,&quot;title&quot;:&quot;Le Voyageur et son Ombre &#8211; Friedrich Nietzsche&quot;,&quot;height&quot;:&quot;1250px&quot;,&quot;width&quot;:&quot;100%&quot;,&quot;print&quot;:false,&quot;fullscreenButton&quot;:true,&quot;newWindow&quot;:false,&quot;showName&quot;:true,&quot;downloadButton&quot;:true,&quot;downloadButtonText&quot;:&quot;Download File&quot;,&quot;protect&quot;:false,&quot;onlyPDF&quot;:false,&quot;defaultBrowser&quot;:false,&quot;thumbMenu&quot;:false,&quot;sidebarOpen&quot;:false,&quot;lastVersion&quot;:false,&quot;hrScroll&quot;:false,&quot;alert&quot;:true,&quot;btnStyles&quot;:{&quot;background&quot;:&quot;#1e73be&quot;,&quot;color&quot;:&quot;#fff&quot;,&quot;fontSize&quot;:&quot;1rem&quot;,&quot;padding&quot;:{&quot;top&quot;:10,&quot;right&quot;:20,&quot;bottom&quot;:10,&quot;left&quot;:10}},&quot;popupOptions&quot;:{&quot;enabled&quot;:0,&quot;text&quot;:&quot;Open PDF&quot;,&quot;triggerType&quot;:&quot;button&quot;,&quot;image&quot;:&quot;&quot;,&quot;imageHeight&quot;:&quot;200px&quot;,&quot;imageWidth&quot;:&quot;300px&quot;,&quot;imagePdfIcon&quot;:true,&quot;triggerAlignment&quot;:&quot;center&quot;,&quot;btnStyle&quot;:{&quot;background&quot;:&quot;#1e73be&quot;,&quot;color&quot;:&quot;#fff&quot;,&quot;fontSize&quot;:&quot;1rem&quot;,&quot;padding&quot;:{&quot;top&quot;:10,&quot;right&quot;:20,&quot;bottom&quot;:10,&quot;left&quot;:10}}},&quot;actionsPosition&quot;:&quot;top&quot;,&quot;socialShare&quot;:{&quot;enabled&quot;:false,&quot;facebook&quot;:false,&quot;twitter&quot;:false,&quot;linkedin&quot;:false,&quot;pinterest&quot;:false,&quot;position&quot;:&quot;top&quot;},&quot;adobeEmbedder&quot;:false,&quot;align&quot;:&quot;none&quot;,&quot;alignment&quot;:&quot;left&quot;,&quot;titleFontSize&quot;:&quot;16px&quot;,&quot;fullscreenButtonText&quot;:&quot;View Fullscreen&quot;,&quot;initialPage&quot;:0,&quot;isHideRightToolbar&quot;:false,&quot;additional&quot;:{&quot;ID&quot;:&quot;&quot;,&quot;Class&quot;:&quot;&quot;,&quot;CSS&quot;:&quot;&quot;},&quot;adobeOptions&quot;:{&quot;showDownloadPDF&quot;:true,&quot;showPrintPDF&quot;:true,&quot;showAnnotationTools&quot;:true,&quot;showFullScreen&quot;:false,&quot;embedMode&quot;:&quot;SIZED_CONTAINER&quot;},&quot;popupBtnStyle&quot;:{&quot;background&quot;:&quot;#2271b1&quot;,&quot;color&quot;:&quot;#fff&quot;,&quot;padding&quot;:{&quot;top&quot;:10,&quot;right&quot;:20,&quot;bottom&quot;:10,&quot;left&quot;:10}},&quot;popupBtnText&quot;:&quot;Open Document&quot;,&quot;CSS&quot;:&quot;&quot;,&quot;isPremium&quot;:false}'\n    style=\"text-align: left\">\n    \n        <iframe loading=\"lazy\" title=\"Le Voyageur et son Ombre &#8211; Friedrich Nietzsche\" style=\"border:0;\" width=\"100%\" height=\"800px\" class=\"pdfp_unsupported_frame\" src=\"\/\/docs.google.com\/gview?embedded=true&url=https:\/\/frank-lovisolo.fr\/pdf\/Nietzsche_Le_voyageur_et_son_ombre.pdf\"><\/iframe>\n\n    <\/div>\n<\/p>\n<p style=\"text-align: center;\"><a href=\"https:\/\/frank-lovisolo.fr\/pdf\/Nietzsche_Le_voyageur_et_son_ombre.pdf\" target=\"_blank\" rel=\"noopener noreferrer\"><img loading=\"lazy\" decoding=\"async\" class=\"aligncenter\" src=\"https:\/\/frank-lovisolo.fr\/WordPress\/wp-content\/uploads\/2020\/06\/unnamed.png\" alt=\"- - -\" width=\"42\" height=\"42\" title=\"-\"><\/a><\/p>\n<\/td>\n<\/tr>\n<\/tbody>\n<\/table>\n<div style=\"text-align: center;\"><span style=\"color: #ffffff;\">&#8230;<\/span><a id=\"com\"><\/a><\/div>\n","protected":false},"excerpt":{"rendered":"<p><span class=\"span-reading-time rt-reading-time\" style=\"display: block;\"><span class=\"rt-label rt-prefix\">Reading Time: <\/span> <span class=\"rt-time\"> 2<\/span> <span class=\"rt-label rt-postfix\">minutes<\/span><\/span>\u2026 <a class=\"continue-reading-link\" href=\"https:\/\/frank-lovisolo.fr\/WordPress\/le-voyageur-et-son-ombre-nietzsche\/\">Suite &#8211; Continue reading<\/a><\/p>\n","protected":false},"author":1,"featured_media":0,"parent":0,"menu_order":0,"comment_status":"open","ping_status":"open","template":"","meta":{"footnotes":""},"categories":[],"tags":[138,1777,1778],"class_list":["post-17999","page","type-page","status-publish","hentry","tag-friedrich-nietzsche","tag-humain","tag-trop-humain"],"_links":{"self":[{"href":"https:\/\/frank-lovisolo.fr\/WordPress\/wp-json\/wp\/v2\/pages\/17999","targetHints":{"allow":["GET"]}}],"collection":[{"href":"https:\/\/frank-lovisolo.fr\/WordPress\/wp-json\/wp\/v2\/pages"}],"about":[{"href":"https:\/\/frank-lovisolo.fr\/WordPress\/wp-json\/wp\/v2\/types\/page"}],"author":[{"embeddable":true,"href":"https:\/\/frank-lovisolo.fr\/WordPress\/wp-json\/wp\/v2\/users\/1"}],"replies":[{"embeddable":true,"href":"https:\/\/frank-lovisolo.fr\/WordPress\/wp-json\/wp\/v2\/comments?post=17999"}],"version-history":[{"count":0,"href":"https:\/\/frank-lovisolo.fr\/WordPress\/wp-json\/wp\/v2\/pages\/17999\/revisions"}],"wp:attachment":[{"href":"https:\/\/frank-lovisolo.fr\/WordPress\/wp-json\/wp\/v2\/media?parent=17999"}],"wp:term":[{"taxonomy":"category","embeddable":true,"href":"https:\/\/frank-lovisolo.fr\/WordPress\/wp-json\/wp\/v2\/categories?post=17999"},{"taxonomy":"post_tag","embeddable":true,"href":"https:\/\/frank-lovisolo.fr\/WordPress\/wp-json\/wp\/v2\/tags?post=17999"}],"curies":[{"name":"wp","href":"https:\/\/api.w.org\/{rel}","templated":true}]}}