{"id":17991,"date":"2015-12-04T09:43:50","date_gmt":"2015-12-04T08:43:50","guid":{"rendered":"https:\/\/frank-lovisolo.fr\/WordPress\/?page_id=17991"},"modified":"2024-02-12T15:07:07","modified_gmt":"2024-02-12T14:07:07","slug":"charles-baudelaire-les-fleurs-du-mal","status":"publish","type":"page","link":"https:\/\/frank-lovisolo.fr\/WordPress\/charles-baudelaire-les-fleurs-du-mal\/","title":{"rendered":"Les Fleurs du Mal &#8211; Charles Baudelaire"},"content":{"rendered":"<span class=\"span-reading-time rt-reading-time\" style=\"display: block;\"><span class=\"rt-label rt-prefix\">Reading Time: <\/span> <span class=\"rt-time\"> 3<\/span> <span class=\"rt-label rt-postfix\">minutes<\/span><\/span><div><span style=\"color: #ffffff; font-size: 8px;\">Charles Baudelaire &#8211; Les Fleurs du Mal &#8211; Charles Baudelaire &#8211; Les Fleurs du Mal &#8211; Charles Baudelaire &#8211; Les Fleurs du Mal &#8211; <\/span><\/div>\n<table style=\"width: 100%;\">\n<tbody>\n<tr>\n<td style=\"width: 34%; text-align: right; vertical-align: top;\">\u00a0<\/td>\n<td style=\"width: 33%; text-align: center; vertical-align: top;\">\u00a0<\/td>\n<td style=\"width: 33%; text-align: left; vertical-align: top;\">\n<div><span style=\"font-size: 20px;\"><a href=\"#com\"><img loading=\"lazy\" decoding=\"async\" class=\"wp-image-15068 size-full alignright\" src=\"https:\/\/frank-lovisolo.fr\/WordPress\/wp-content\/uploads\/2015\/06\/ComGris.jpg\" alt=\"ComGris\" width=\"250\" height=\"20\" title=\"-\" srcset=\"https:\/\/frank-lovisolo.fr\/WordPress\/wp-content\/uploads\/2015\/06\/ComGris.jpg 250w, https:\/\/frank-lovisolo.fr\/WordPress\/wp-content\/uploads\/2015\/06\/ComGris-150x12.jpg 150w\" sizes=\"auto, (max-width: 250px) 100vw, 250px\" \/><\/a><\/span><\/div>\n<\/td>\n<\/tr>\n<\/tbody>\n<\/table>\n<p>&nbsp;<\/p>\n<table>\n<tbody>\n<tr>\n<td style=\"text-align: center;\" colspan=\"2\">\n\n<div\n    class='wp-block-pdfp-pdf-poster  alignnone'\n    id='block-3'\n    data-attributes='{&quot;uniqueId&quot;:&quot;pdfp2&quot;,&quot;file&quot;:&quot;https:\\\/\\\/frank-lovisolo.fr\\\/pdf\\\/lesfleursdumal.pdf&quot;,&quot;title&quot;:&quot;Charles Baudelaire &#8211; Les Fleurs du Mal&quot;,&quot;height&quot;:&quot;1550px&quot;,&quot;width&quot;:&quot;100%&quot;,&quot;print&quot;:true,&quot;fullscreenButton&quot;:true,&quot;newWindow&quot;:false,&quot;showName&quot;:true,&quot;downloadButton&quot;:true,&quot;downloadButtonText&quot;:&quot;Download File&quot;,&quot;protect&quot;:false,&quot;onlyPDF&quot;:false,&quot;defaultBrowser&quot;:false,&quot;thumbMenu&quot;:false,&quot;sidebarOpen&quot;:false,&quot;lastVersion&quot;:false,&quot;hrScroll&quot;:false,&quot;alert&quot;:true,&quot;btnStyles&quot;:{&quot;background&quot;:&quot;#1e73be&quot;,&quot;color&quot;:&quot;#fff&quot;,&quot;fontSize&quot;:&quot;1rem&quot;,&quot;padding&quot;:{&quot;top&quot;:10,&quot;right&quot;:20,&quot;bottom&quot;:10,&quot;left&quot;:10}},&quot;popupOptions&quot;:{&quot;enabled&quot;:0,&quot;text&quot;:&quot;Open PDF&quot;,&quot;triggerType&quot;:&quot;button&quot;,&quot;image&quot;:&quot;&quot;,&quot;imageHeight&quot;:&quot;200px&quot;,&quot;imageWidth&quot;:&quot;300px&quot;,&quot;imagePdfIcon&quot;:true,&quot;triggerAlignment&quot;:&quot;center&quot;,&quot;btnStyle&quot;:{&quot;background&quot;:&quot;#1e73be&quot;,&quot;color&quot;:&quot;#fff&quot;,&quot;fontSize&quot;:&quot;1rem&quot;,&quot;padding&quot;:{&quot;top&quot;:10,&quot;right&quot;:20,&quot;bottom&quot;:10,&quot;left&quot;:10}}},&quot;actionsPosition&quot;:&quot;top&quot;,&quot;socialShare&quot;:{&quot;enabled&quot;:false,&quot;facebook&quot;:false,&quot;twitter&quot;:false,&quot;linkedin&quot;:false,&quot;pinterest&quot;:false,&quot;position&quot;:&quot;top&quot;},&quot;adobeEmbedder&quot;:false,&quot;align&quot;:&quot;none&quot;,&quot;alignment&quot;:&quot;left&quot;,&quot;titleFontSize&quot;:&quot;16px&quot;,&quot;fullscreenButtonText&quot;:&quot;View Fullscreen&quot;,&quot;initialPage&quot;:0,&quot;isHideRightToolbar&quot;:false,&quot;additional&quot;:{&quot;ID&quot;:&quot;&quot;,&quot;Class&quot;:&quot;&quot;,&quot;CSS&quot;:&quot;&quot;},&quot;adobeOptions&quot;:{&quot;showDownloadPDF&quot;:true,&quot;showPrintPDF&quot;:true,&quot;showAnnotationTools&quot;:true,&quot;showFullScreen&quot;:false,&quot;embedMode&quot;:&quot;SIZED_CONTAINER&quot;},&quot;popupBtnStyle&quot;:{&quot;background&quot;:&quot;#2271b1&quot;,&quot;color&quot;:&quot;#fff&quot;,&quot;padding&quot;:{&quot;top&quot;:10,&quot;right&quot;:20,&quot;bottom&quot;:10,&quot;left&quot;:10}},&quot;popupBtnText&quot;:&quot;Open Document&quot;,&quot;CSS&quot;:&quot;&quot;,&quot;isPremium&quot;:false}'\n    style=\"text-align: left\">\n    \n        <iframe loading=\"lazy\" title=\"Charles Baudelaire &#8211; Les Fleurs du Mal\" style=\"border:0;\" width=\"100%\" height=\"800px\" class=\"pdfp_unsupported_frame\" src=\"\/\/docs.google.com\/gview?embedded=true&url=https:\/\/frank-lovisolo.fr\/pdf\/lesfleursdumal.pdf\"><\/iframe>\n\n    <\/div>\n\n<\/td>\n<\/tr>\n<tr>\n<td style=\"text-align: center;\" colspan=\"2\">\n<h5><span class=\"ez-toc-section\" id=\"ecouter-sept-poemes-en-musique\"><\/span>Ecouter sept po\u00e8mes en musique :<span class=\"ez-toc-section-end\"><\/span><\/h5>\n<p><a href=\"https:\/\/frank-lovisolo.fr\/WordPress\/charles-baudelaire-3\/\" target=\"_blank\" rel=\"noopener\"><img loading=\"lazy\" decoding=\"async\" class=\"aligncenter wp-image-39271 \" title=\"Charles Baudelaire\" src=\"https:\/\/frank-lovisolo.fr\/WordPress\/wp-content\/uploads\/2021\/04\/ChalesB-FB-1024x538.jpg\" alt=\"Charles Baudelaire\" width=\"284\" height=\"149\" srcset=\"https:\/\/frank-lovisolo.fr\/WordPress\/wp-content\/uploads\/2021\/04\/ChalesB-FB-1024x538.jpg 1024w, https:\/\/frank-lovisolo.fr\/WordPress\/wp-content\/uploads\/2021\/04\/ChalesB-FB-460x242.jpg 460w, https:\/\/frank-lovisolo.fr\/WordPress\/wp-content\/uploads\/2021\/04\/ChalesB-FB-768x403.jpg 768w, https:\/\/frank-lovisolo.fr\/WordPress\/wp-content\/uploads\/2021\/04\/ChalesB-FB-250x131.jpg 250w, https:\/\/frank-lovisolo.fr\/WordPress\/wp-content\/uploads\/2021\/04\/ChalesB-FB-150x79.jpg 150w, https:\/\/frank-lovisolo.fr\/WordPress\/wp-content\/uploads\/2021\/04\/ChalesB-FB.jpg 1200w\" sizes=\"auto, (max-width: 284px) 100vw, 284px\" \/><\/a><\/p>\n<\/td>\n<\/tr>\n<tr>\n<td colspan=\"2\">\n<h4 style=\"text-align: justify;\"><span class=\"ez-toc-section\" id=\"charles-baudelaire-les-fleurs-du-mal\"><\/span>Charles Baudelaire Les Fleurs du Mal :<span class=\"ez-toc-section-end\"><\/span><\/h4>\n<p style=\"text-align: justify;\">\u00a0Les fleurs du mal ; Les \u00e9paves ; Bribes ; relev\u00e9 de variantes par Antoine Adam (1857-1861)<\/p>\n<p style=\"text-align: justify;\"><span style=\"text-decoration: underline;\">R\u00e9vision de la condamnation de 1857<\/span><br \/>\nUne premi\u00e8re demande en r\u00e9vision du jugement de 1857, introduite en 1929 par Louis Barthou, alors ministre de la Justice, ne put aboutir faute de proc\u00e9dure adapt\u00e9e.<\/p>\n<p style=\"text-align: justify;\">C&rsquo;est par la loi du 25 septembre 194623 que fut cr\u00e9\u00e9e une proc\u00e9dure de r\u00e9vision des condamnations pour outrage aux bonnes m\u0153urs commis par la voie du livre, exer\u00e7able par le Garde des Sceaux \u00e0 la demande de la Soci\u00e9t\u00e9 des gens de lettres. Celle-ci d\u00e9cida aussit\u00f4t, \u00e0 l&rsquo;unanimit\u00e9 moins une voix, de demander une r\u00e9vision pour Les Fleurs du Mal, accord\u00e9e le 31 mai 1949 par la Chambre criminelle de la Cour de cassation<\/p>\n<p style=\"text-align: justify;\">Dans ses attendus, la Cour \u00e9nonce que : \u00ab les po\u00e8mes faisant l\u2019objet de la pr\u00e9vention ne renferment aucun terme obsc\u00e8ne ou m\u00eame grossier et ne d\u00e9passent pas, en leur forme expressive, les libert\u00e9s permises \u00e0 l\u2019artiste ; que si certaines peintures ont pu, par leur originalit\u00e9, alarmer quelques esprits \u00e0 l\u2019\u00e9poque de la premi\u00e8re publication des Fleurs du Mal et appara\u00eetre aux premiers juges comme offensant les bonnes m\u0153urs, une telle appr\u00e9ciation ne s\u2019attachant qu\u2019\u00e0 l\u2019interpr\u00e9tation r\u00e9aliste de ces po\u00e8mes et n\u00e9gligeant leur sens symbolique, s\u2019est r\u00e9v\u00e9l\u00e9e de caract\u00e8re arbitraire ; qu\u2019elle n\u2019a \u00e9t\u00e9 ratifi\u00e9e ni par l\u2019opinion publique, ni par le jugement des lettr\u00e9s \u00bb. <a href=\"https:\/\/fr.wikipedia.org\/wiki\/Charles_Baudelaire\" target=\"_blank\" rel=\"noopener noreferrer\">La suite &gt;&gt;&gt;&gt;&gt;&gt;&gt;<\/a><\/p>\n<\/td>\n<\/tr>\n<tr>\n<td colspan=\"2\">\n<h1 id=\"article_titre\"><span class=\"rg\"><img loading=\"lazy\" decoding=\"async\" class=\"alignleft wp-image-16635 size-full\" title=\"Charles Baudelaire Les Fleurs du Mal\" src=\"https:\/\/frank-lovisolo.fr\/WordPress\/wp-content\/uploads\/2010\/05\/charles-baudelaire-1.jpg\" alt=\"Charles Baudelaire Les Fleurs du Mal\" width=\"300\" height=\"400\" srcset=\"https:\/\/frank-lovisolo.fr\/WordPress\/wp-content\/uploads\/2010\/05\/charles-baudelaire-1.jpg 300w, https:\/\/frank-lovisolo.fr\/WordPress\/wp-content\/uploads\/2010\/05\/charles-baudelaire-1-113x150.jpg 113w, https:\/\/frank-lovisolo.fr\/WordPress\/wp-content\/uploads\/2010\/05\/charles-baudelaire-1-150x200.jpg 150w\" sizes=\"auto, (max-width: 300px) 100vw, 300px\" \/><\/span><\/h1>\n<h3 id=\"article_titre\"><span class=\"ez-toc-section\" id=\"baudelaire-charles-1821-1867\"><\/span><span class=\"rg\">BAUDELAIRE <\/span><span class=\"pc\">CHARLES\u00a0<\/span><span class=\"titre_sub\">(1821-1867)<\/span><span class=\"ez-toc-section-end\"><\/span><\/h3>\n<p style=\"text-align: justify;\"><a href=\"https:\/\/www.universalis.fr\/encyclopedie\/valery-paul-1871-1945\/\" target=\"_blank\" rel=\"noopener\">Paul Val\u00e9ry<\/a>, dans une conf\u00e9rence de 1924 dont le texte,\u00a0<em>Situation de Baudelaire<\/em>, fut publi\u00e9 dans le recueil\u00a0<em>Vari\u00e9t\u00e9<\/em>\u00a0(1924-1944), a fait du po\u00e8te des\u00a0<em>Fleurs du mal<\/em>\u00a0le pionnier de la\u00a0<a href=\"https:\/\/www.universalis.fr\/encyclopedie\/modernite\/\" target=\"_blank\" rel=\"noopener\">modernit\u00e9<\/a>\u00a0; pour lui\u00a0<a title=\"ARTHUR RIMBAUD\" href=\"https:\/\/www.universalis.fr\/encyclopedie\/arthur-rimbaud\/\" target=\"_blank\" rel=\"noopener\">Rimbaud<\/a>,\u00a0<a title=\"PAUL VERLAINE\" href=\"https:\/\/www.universalis.fr\/encyclopedie\/paul-verlaine\/\" target=\"_blank\" rel=\"noopener\">Verlaine<\/a>\u00a0et\u00a0<a title=\"ST\u00c9PHANE MALLARM\u00c9\" href=\"https:\/\/www.universalis.fr\/encyclopedie\/stephane-mallarme\/\" target=\"_blank\" rel=\"noopener\">Mallarm\u00e9<\/a>\u00a0constituent la triade majeure.<\/p>\n<p style=\"text-align: justify;\">Telle que Baudelaire l&rsquo;a con\u00e7ue, la modernit\u00e9 doit beaucoup \u00e0 son exp\u00e9rience de la peinture. D\u00e8s 1846, traitant de \u00ab\u00a0l&rsquo;h\u00e9ro\u00efsme de la vie moderne\u00a0\u00bb, il y voyait l&rsquo;alliance de \u00ab\u00a0quelque chose d&rsquo;\u00e9ternel\u00a0\u00bb et de \u00ab\u00a0quelque chose de transitoire\u00a0\u00bb, d&rsquo;\u00ab\u00a0absolu\u00a0\u00bb et de \u00ab\u00a0particulier\u00a0\u00bb. Une telle beaut\u00e9, d&rsquo;un type nouveau, pouvait faire \u00e9chec \u00e0 la \u00ab\u00a0d\u00e9cadence\u00a0\u00bb qu&rsquo;il appr\u00e9hendait. Approfondissant la notion, il insistait, dans le\u00a0<em>Salon de 1859<\/em>, sur \u00ab\u00a0le gouvernement de l&rsquo;Imagination\u00a0\u00bb. Quatre ans plus tard,\u00a0<a href=\"https:\/\/www.universalis.fr\/encyclopedie\/constantin-guys\/\" target=\"_blank\" rel=\"noopener\">Constantin Guys<\/a>\u00a0(1802-1892), en repr\u00e9sentant des sc\u00e8nes parisiennes, lui apparaissait comme \u00ab\u00a0le peintre de la vie moderne\u00a0\u00bb. C&rsquo;est dire que plusieurs composantes s&rsquo;associent dans cette modernit\u00e9, entre r\u00eave et r\u00e9alit\u00e9.<\/p>\n<p style=\"text-align: justify;\">Baudelaire prolonge le\u00a0<a href=\"https:\/\/www.universalis.fr\/encyclopedie\/romantisme\/\" target=\"_blank\" rel=\"noopener\">romantisme<\/a>\u00a0en le renouvelant. Il m\u00e9prise le r\u00e9alisme, ce \u00ab\u00a0canard\u00a0\u00bb que\u00a0<a href=\"https:\/\/www.universalis.fr\/encyclopedie\/champfleury\/\" target=\"_blank\" rel=\"noopener\">Champfleury<\/a>\u00a0a lanc\u00e9, mais la beaut\u00e9 ne va pas pour lui sans un grain de r\u00e9alit\u00e9. Quant au symbolisme, il ne l&rsquo;a pas fond\u00e9, contrairement \u00e0 ce qu&rsquo;on lit trop souvent dans les manuels litt\u00e9raires. Rares m\u00eame sont les textes, comme \u00ab\u00a0Correspondances\u00a0\u00bb, o\u00f9 des images pr\u00e9parent une th\u00e9orie qu&rsquo;il n&rsquo;a jamais \u00e9labor\u00e9e et qui d&rsquo;ailleurs restera diffuse en France \u00e0 la fin du si\u00e8cle.<\/p>\n<p style=\"text-align: justify;\">Au point de d\u00e9part, il convient plut\u00f4t de placer une \u00ab\u00a0situation\u00a0\u00bb, dans l&rsquo;acception sartrienne du terme. Et tel est le sens, en effet, de l&rsquo;essai d\u00e9cisif que\u00a0<a href=\"https:\/\/www.universalis.fr\/encyclopedie\/jean-paul-sartre\/\" target=\"_blank\" rel=\"noopener\">Jean-Paul Sartre<\/a>\u00a0a consacr\u00e9 \u00e0 Baudelaire en 1947, mettant l&rsquo;accent sur le choix de lui-m\u00eame que le po\u00e8te a fait. Tous ses efforts ont concouru \u00e0 \u00ab\u00a0s&#8217;emparer de soi-m\u00eame, dans son \u00e9ternelle \u201ediff\u00e9rence\u201c\u00a0\u00bb, \u00e0 \u00ab\u00a0r\u00e9aliser son Alt\u00e9rit\u00e9, en s&rsquo;identifiant au Monde tout entier\u00a0\u00bb.<\/p>\n<p style=\"text-align: justify;\">Cela ne signifie pas que la\u00a0<a title=\"CR\u00c9ATION - Cr\u00e9ation et cr\u00e9ativit\u00e9\" href=\"https:\/\/www.universalis.fr\/encyclopedie\/creation-creation-et-creativite\/\" target=\"_blank\" rel=\"noopener\">cr\u00e9ation<\/a>\u00a0verbale doive \u00eatre n\u00e9glig\u00e9e, et Sartre, moins indiff\u00e9rent \u00e0 la po\u00e9sie qu&rsquo;on ne l&rsquo;a dit,\u00a0[\u2026]<\/p>\n<div style=\"text-align: justify;\">Pierre BRUNEL, \u00ab\u00a0<span class=\"rg\">BAUDELAIRE <\/span><span class=\"pc\">CHARLES <\/span>&#8211; <span class=\"titre_sub\">(1821-1867)<\/span><\/div>\n<div style=\"text-align: justify;\"><span style=\"font-size: 14px;\"><a href=\"https:\/\/www.universalis.fr\/\" target=\"_blank\" rel=\"noopener noreferrer\">Encyclop\u00e6dia Universalis<\/a><\/span><\/div>\n<div style=\"text-align: justify;\">URL : <span id=\"eu-url\"><a href=\"https:\/\/www.universalis.fr\/encyclopedie\/charles-baudelaire\/\" target=\"_blank\" rel=\"noopener noreferrer\">http:\/\/www.universalis.fr\/encyclopedie\/charles-baudelaire\/<\/a><\/span><\/div>\n<\/td>\n<\/tr>\n<tr>\n<td colspan=\"2\">\n<p>Liens <span class=\"rg\"><a href=\"https:\/\/fr.groups.yahoo.com\/neo\/groups\/ebooksgratuits\/info\" target=\"_blank\" rel=\"noopener noreferrer\">http:\/\/fr.groups.yahoo.com\/group\/ebooksgratuits<\/a><\/span><\/p>\n<p>&nbsp;<\/p>\n<\/td>\n<\/tr>\n<\/tbody>\n<\/table>\n<div style=\"text-align: center;\"><span style=\"color: #ffffff;\">&#8230;<\/span><a id=\"com\"><\/a><\/div>\n<div id=\"ez-toc-container\" class=\"ez-toc-v2_0_82_2 ez-toc-wrap-center counter-hierarchy ez-toc-counter ez-toc-light-blue ez-toc-container-direction\">\n<label for=\"ez-toc-cssicon-toggle-item-69d9f92e758e6\" class=\"ez-toc-cssicon-toggle-label\"><p class=\"ez-toc-title\" style=\"cursor:inherit\">Table des mati\u00e8res<\/p>\n<span class=\"ez-toc-cssicon\"><span class=\"eztoc-hide\" style=\"display:none;\">Toggle<\/span><span class=\"ez-toc-icon-toggle-span\"><svg style=\"fill: #999;color:#999\" xmlns=\"http:\/\/www.w3.org\/2000\/svg\" class=\"list-377408\" width=\"20px\" height=\"20px\" viewBox=\"0 0 24 24\" fill=\"none\"><path d=\"M6 6H4v2h2V6zm14 0H8v2h12V6zM4 11h2v2H4v-2zm16 0H8v2h12v-2zM4 16h2v2H4v-2zm16 0H8v2h12v-2z\" fill=\"currentColor\"><\/path><\/svg><svg style=\"fill: #999;color:#999\" class=\"arrow-unsorted-368013\" xmlns=\"http:\/\/www.w3.org\/2000\/svg\" width=\"10px\" height=\"10px\" viewBox=\"0 0 24 24\" version=\"1.2\" baseProfile=\"tiny\"><path d=\"M18.2 9.3l-6.2-6.3-6.2 6.3c-.2.2-.3.4-.3.7s.1.5.3.7c.2.2.4.3.7.3h11c.3 0 .5-.1.7-.3.2-.2.3-.5.3-.7s-.1-.5-.3-.7zM5.8 14.7l6.2 6.3 6.2-6.3c.2-.2.3-.5.3-.7s-.1-.5-.3-.7c-.2-.2-.4-.3-.7-.3h-11c-.3 0-.5.1-.7.3-.2.2-.3.5-.3.7s.1.5.3.7z\"\/><\/svg><\/span><\/span><\/label><input type=\"checkbox\"  id=\"ez-toc-cssicon-toggle-item-69d9f92e758e6\" checked \/><nav><ul class='ez-toc-list ez-toc-list-level-1 ' ><ul class='ez-toc-list-level-5' ><li class='ez-toc-heading-level-5'><ul class='ez-toc-list-level-5' ><li class='ez-toc-heading-level-5'><a class=\"ez-toc-link ez-toc-heading-1\" href=\"https:\/\/frank-lovisolo.fr\/WordPress\/charles-baudelaire-les-fleurs-du-mal\/#ecouter-sept-poemes-en-musique\" >Ecouter sept po\u00e8mes en musique :<\/a><\/li><\/ul><\/li><li class='ez-toc-page-1 ez-toc-heading-level-4'><a class=\"ez-toc-link ez-toc-heading-2\" href=\"https:\/\/frank-lovisolo.fr\/WordPress\/charles-baudelaire-les-fleurs-du-mal\/#charles-baudelaire-les-fleurs-du-mal\" >Charles Baudelaire Les Fleurs du Mal :<\/a><\/li><\/ul><\/li><li class='ez-toc-page-1 ez-toc-heading-level-3'><a class=\"ez-toc-link ez-toc-heading-3\" href=\"https:\/\/frank-lovisolo.fr\/WordPress\/charles-baudelaire-les-fleurs-du-mal\/#baudelaire-charles-1821-1867\" >BAUDELAIRE CHARLES\u00a0(1821-1867)<\/a><\/li><\/ul><\/nav><\/div>\n","protected":false},"excerpt":{"rendered":"<p><span class=\"span-reading-time rt-reading-time\" style=\"display: block;\"><span class=\"rt-label rt-prefix\">Reading Time: <\/span> <span class=\"rt-time\"> 3<\/span> <span class=\"rt-label rt-postfix\">minutes<\/span><\/span>\u2026 <a class=\"continue-reading-link\" href=\"https:\/\/frank-lovisolo.fr\/WordPress\/charles-baudelaire-les-fleurs-du-mal\/\">Suite &#8211; Continue reading<\/a><\/p>\n","protected":false},"author":1,"featured_media":10564,"parent":0,"menu_order":0,"comment_status":"open","ping_status":"open","template":"templates\/template-onecolumn.php","meta":{"footnotes":""},"categories":[2929,1,490,1587],"tags":[76,1883,785,1392],"class_list":["post-17991","page","type-page","status-publish","has-post-thumbnail","hentry","category-litterature","category-tous-les-articles","category-information","category-philosophy","tag-charles-baudelaire-2","tag-mallarme","tag-paul-valery","tag-rimbaud"],"_links":{"self":[{"href":"https:\/\/frank-lovisolo.fr\/WordPress\/wp-json\/wp\/v2\/pages\/17991","targetHints":{"allow":["GET"]}}],"collection":[{"href":"https:\/\/frank-lovisolo.fr\/WordPress\/wp-json\/wp\/v2\/pages"}],"about":[{"href":"https:\/\/frank-lovisolo.fr\/WordPress\/wp-json\/wp\/v2\/types\/page"}],"author":[{"embeddable":true,"href":"https:\/\/frank-lovisolo.fr\/WordPress\/wp-json\/wp\/v2\/users\/1"}],"replies":[{"embeddable":true,"href":"https:\/\/frank-lovisolo.fr\/WordPress\/wp-json\/wp\/v2\/comments?post=17991"}],"version-history":[{"count":0,"href":"https:\/\/frank-lovisolo.fr\/WordPress\/wp-json\/wp\/v2\/pages\/17991\/revisions"}],"wp:featuredmedia":[{"embeddable":true,"href":"https:\/\/frank-lovisolo.fr\/WordPress\/wp-json\/wp\/v2\/media\/10564"}],"wp:attachment":[{"href":"https:\/\/frank-lovisolo.fr\/WordPress\/wp-json\/wp\/v2\/media?parent=17991"}],"wp:term":[{"taxonomy":"category","embeddable":true,"href":"https:\/\/frank-lovisolo.fr\/WordPress\/wp-json\/wp\/v2\/categories?post=17991"},{"taxonomy":"post_tag","embeddable":true,"href":"https:\/\/frank-lovisolo.fr\/WordPress\/wp-json\/wp\/v2\/tags?post=17991"}],"curies":[{"name":"wp","href":"https:\/\/api.w.org\/{rel}","templated":true}]}}