{"id":16968,"date":"2015-11-03T16:31:48","date_gmt":"2015-11-03T15:31:48","guid":{"rendered":"https:\/\/frank-lovisolo.fr\/WordPress\/?page_id=16968"},"modified":"2020-07-14T11:57:26","modified_gmt":"2020-07-14T09:57:26","slug":"je-suis-charlie","status":"publish","type":"page","link":"https:\/\/frank-lovisolo.fr\/WordPress\/je-suis-charlie\/","title":{"rendered":"Je suis Charlie"},"content":{"rendered":"<span class=\"span-reading-time rt-reading-time\" style=\"display: block;\"><span class=\"rt-label rt-prefix\">Reading Time: <\/span> <span class=\"rt-time\"> 2<\/span> <span class=\"rt-label rt-postfix\">minutes<\/span><\/span><p><span style=\"color: #ffffff;\">Je suis Charlie<\/span><\/p>\n<div><span style=\"font-size: 20px;\"><a href=\"#com\"><img loading=\"lazy\" decoding=\"async\" class=\"wp-image-15068 size-full alignright\" src=\"https:\/\/frank-lovisolo.fr\/WordPress\/wp-content\/uploads\/2015\/06\/ComBlanc.jpg\" alt=\"ComGris\" width=\"250\" height=\"20\" title=\"-\"><\/a><\/span><\/div>\n<table style=\"width: 100%;\">\n<tbody>\n<tr>\n<td style=\"text-align: left;\"><span style=\"color: #000000;\"><a href=\"https:\/\/frank-lovisolo.fr\/WordPress\/trois-imposteurs-musique-electroatheiste\/\">Illustration musicale pour le trait\u00e9 des\u00a0Trois imposteurs.<\/a><\/span><\/td>\n<\/tr>\n<tr>\n<td><audio class=\"wp-audio-shortcode\" id=\"audio-16968-1\" autoplay style=\"width: 100%;\" controls=\"controls\"><source type=\"audio\/mpeg\" src=\"http:\/\/frank-lovisolo.fr\/cat\/m3p\/TroisImposteurs.mp3?_=1\" \/><source type=\"audio\/ogg\" src=\"http:\/\/frank-lovisolo.fr\/cat\/ogg\/Trois%20imposteurs.ogg?_=1\" \/><a href=\"http:\/\/frank-lovisolo.fr\/cat\/m3p\/TroisImposteurs.mp3\">http:\/\/frank-lovisolo.fr\/cat\/m3p\/TroisImposteurs.mp3<\/a><\/audio><\/td>\n<\/tr>\n<tr>\n<td>\n<h2 style=\"text-align: left;\"><span class=\"ez-toc-section\" id=\"-non-lobscurantisme-destructeur-na-pas-reussi-a-tuer-charlie-hebdo\"><\/span>\u00a0NON! l&rsquo;obscurantisme destructeur n&rsquo;a\u00a0pas r\u00e9ussi \u00e0 tuer Charlie Hebdo\u00a0<span class=\"ez-toc-section-end\"><\/span><\/h2>\n<h2 style=\"text-align: justify;\"><a style=\"color: #ffffff;\" href=\"https:\/\/frank-lovisolo.fr\/WordPress\/wp-content\/uploads\/2012\/12\/13589153.jpg\"><img loading=\"lazy\" decoding=\"async\" class=\"alignleft wp-image-14198\" src=\"https:\/\/frank-lovisolo.fr\/WordPress\/wp-content\/uploads\/2012\/12\/13589153-560x470.jpg\" alt=\"FRANCE-ISLAM-RELIGION-WEEKLY-CHARLIE-HEBDO\" width=\"449\" height=\"376\" title=\"-\" srcset=\"https:\/\/frank-lovisolo.fr\/WordPress\/wp-content\/uploads\/2012\/12\/13589153-560x470.jpg 560w, https:\/\/frank-lovisolo.fr\/WordPress\/wp-content\/uploads\/2012\/12\/13589153-179x150.jpg 179w, https:\/\/frank-lovisolo.fr\/WordPress\/wp-content\/uploads\/2012\/12\/13589153-150x126.jpg 150w, https:\/\/frank-lovisolo.fr\/WordPress\/wp-content\/uploads\/2012\/12\/13589153.jpg 629w\" sizes=\"auto, (max-width: 449px) 100vw, 449px\" \/><\/a><\/h2>\n<h3><span class=\"ez-toc-section\" id=\"atteindre-la-presse-cest-atteindre-la-democratie-et-la-liberte-dexpression\"><\/span>Atteindre la presse c&rsquo;est atteindre la d\u00e9mocratie et la libert\u00e9 d&rsquo;expression.<span class=\"ez-toc-section-end\"><\/span><\/h3>\n<h3><span class=\"ez-toc-section\" id=\"le-mercredi-7-janvier-2015-au-nom-de-lintolerance-imbecile-douze-personnes-ont-perdu-la-vie%e2%80%a6\"><\/span>Le mercredi 7 janvier 2015, au nom de\u00a0\u00a0l&rsquo;intol\u00e9rance imb\u00e9cile, douze\u00a0personnes ont perdu la vie&#8230;<span class=\"ez-toc-section-end\"><\/span><\/h3>\n<div style=\"text-align: justify;\">\u00a0<\/div>\n<div style=\"text-align: justify;\">\u00a0Tout d&rsquo;abord, honorons ceux-l\u00e0&#8230;<\/div>\n<div style=\"text-align: justify;\">\u00a0<\/div>\n<div>\n<h3 style=\"text-align: justify;\"><span class=\"ez-toc-section\" id=\"charb-cabu-georges-wolinski-tignous-bernard-maris-honore-michel-renaud-elsa-cayat-mustapha-ourrad-frederic-boisseau-ahmed-merabet-franck-brinsolaro\"><\/span>Charb,\u00a0Cabu,\u00a0Georges Wolinski, \u00a0Tignous,\u00a0Bernard Maris,\u00a0Honor\u00e9,\u00a0Michel Renaud,\u00a0Elsa Cayat, \u00a0Mustapha Ourrad, Fr\u00e9d\u00e9ric Boisseau,\u00a0Ahmed Merabet, Franck Brinsolaro \u00a0.<span class=\"ez-toc-section-end\"><\/span><\/h3>\n<\/div>\n<\/td>\n<\/tr>\n<tr>\n<td style=\"text-align: justify; vertical-align: middle; background-color: #000000;\">\n<p><img loading=\"lazy\" decoding=\"async\" class=\"aligncenter wp-image-14187 size-full\" title=\"Je suis Charlie - Lovisolo\" src=\"https:\/\/frank-lovisolo.fr\/WordPress\/wp-content\/uploads\/2012\/07\/B6v-2FZCQAAwoIT.jpg\" alt=\"Je suis Charlie - Lovisolo\" width=\"521\" height=\"521\" srcset=\"https:\/\/frank-lovisolo.fr\/WordPress\/wp-content\/uploads\/2012\/07\/B6v-2FZCQAAwoIT.jpg 521w, https:\/\/frank-lovisolo.fr\/WordPress\/wp-content\/uploads\/2012\/07\/B6v-2FZCQAAwoIT-150x150.jpg 150w\" sizes=\"auto, (max-width: 521px) 100vw, 521px\" \/><\/p>\n<p><span style=\"color: #000000;\"><img loading=\"lazy\" decoding=\"async\" class=\"aligncenter wp-image-14194\" title=\"Charlie Hebdo - Lovisolo -- Je suis Charlie\" src=\"https:\/\/frank-lovisolo.fr\/WordPress\/wp-content\/uploads\/2012\/12\/Charlie-560x219.jpg\" alt=\"Charlie Hebdo - Lovisolo - Je suis Charlie\" width=\"521\" height=\"204\" srcset=\"https:\/\/frank-lovisolo.fr\/WordPress\/wp-content\/uploads\/2012\/12\/Charlie-560x219.jpg 560w, https:\/\/frank-lovisolo.fr\/WordPress\/wp-content\/uploads\/2012\/12\/Charlie.jpg 1024w, https:\/\/frank-lovisolo.fr\/WordPress\/wp-content\/uploads\/2012\/12\/Charlie-250x98.jpg 250w, https:\/\/frank-lovisolo.fr\/WordPress\/wp-content\/uploads\/2012\/12\/Charlie-150x59.jpg 150w\" sizes=\"auto, (max-width: 521px) 100vw, 521px\" \/><\/span><\/p>\n<\/td>\n<\/tr>\n<tr>\n<td style=\"background-color: #ffffff;\">\n<h3 style=\"text-align: justify;\"><span class=\"ez-toc-section\" id=\"dautres-mecreants\"><\/span><span style=\"font-family: 'comic sans ms', sans-serif; color: #000000;\"><br \/> D&rsquo;autres M\u00e9cr\u00e9ants\u00a0:<\/span><span class=\"ez-toc-section-end\"><\/span><\/h3>\n<h3><span class=\"ez-toc-section\" id=\"-gerard-ponthieu-qui-ma-fait-decouvrir-fazil-say-musicien-turc-%c2%ab-fatwatise-%c2%bb-pour-setre-declare-athee\"><\/span>\u00a0<a href=\"https:\/\/c-pour-dire.com\/\" target=\"_blank\" rel=\"noopener noreferrer\">G\u00e9rard Ponthieu<\/a>\u00a0qui m&rsquo;a fait d\u00e9couvrir\u00a0Fazil Say, musicien turc \u00ab\u00a0fatwatis\u00e9\u00a0\u00bb pour s&rsquo;\u00eatre d\u00e9clar\u00e9 ath\u00e9e!<span class=\"ez-toc-section-end\"><\/span><\/h3>\n<p style=\"text-align: justify;\"><a href=\"https:\/\/c-pour-dire.com\/\" target=\"_blank\" rel=\"noopener noreferrer\">http:\/\/c-pour-dire.com\/charlie-hebdo-le-carnage-contre-la-liberte\/<\/a><\/p>\n<h3 style=\"text-align: left;\"><span class=\"ez-toc-section\" id=\"larticle-de-gerard-ponthieu\"><\/span><span style=\"font-size: 24px; color: #ffffff;\"><span style=\"color: #000000;\"><img loading=\"lazy\" decoding=\"async\" class=\"  wp-image-11715 alignright\" src=\"https:\/\/frank-lovisolo.fr\/WordPress\/wp-content\/uploads\/2012\/07\/IMG_2228.jpg\" alt=\"IMG_2228\" width=\"141\" height=\"165\" title=\"-\" srcset=\"https:\/\/frank-lovisolo.fr\/WordPress\/wp-content\/uploads\/2012\/07\/IMG_2228.jpg 560w, https:\/\/frank-lovisolo.fr\/WordPress\/wp-content\/uploads\/2012\/07\/IMG_2228-128x150.jpg 128w\" sizes=\"auto, (max-width: 141px) 100vw, 141px\" \/>L&rsquo;article de G\u00e9rard Ponthieu:<\/span><\/span><span class=\"ez-toc-section-end\"><\/span><\/h3>\n<h3 style=\"text-align: left;\"><span class=\"ez-toc-section\" id=\"-%c2%ab-je-suis-charlie-%c2%bb-non-dieu-nest-pas-grand\"><\/span><span style=\"font-size: 24px; color: #ffffff;\"><span style=\"color: #000000;\">\u00a0\u00ab Je suis Charlie \u00bb. <\/span><span style=\"color: #000000;\">Non,<\/span> <a href=\"https:\/\/c-pour-dire.com\/2015\/01\/08\/charlie-dieu-nest-pas-grand\/\" target=\"_blank\" rel=\"noopener noreferrer\">Dieu n\u2019est pas grand.<\/a><\/span><span class=\"ez-toc-section-end\"><\/span><\/h3>\n<p style=\"text-align: justify;\"><span style=\"color: #ffffff;\"><span style=\"color: #000000;\">Inutile de prendre des gants : cet atten\u00adtat est sign\u00e9. Il l\u2019est d\u2019abord par sa cible : un jour\u00adnal libre et liber\u00adtaire, ico\u00adno\u00adclaste jusqu\u2019\u00e0 la pro\u00advo\u00adca\u00adtion, irr\u00e9\u00adli\u00adgieux sinon anti-religieux. Un jour\u00adnal qui s\u2019en pre\u00adnait tout sp\u00e9\u00adcia\u00adle\u00adment aux int\u00e9\u00adgristes musul\u00admans et avait trans\u00adgress\u00e9 (du point de vue de l\u2019islam) l\u2019interdit de la repr\u00e9\u00adsen\u00adta\u00adtion ima\u00adg\u00e9e de Maho\u00admet. Sign\u00e9, cet atten\u00adtat l\u2019est aussi clai\u00adre\u00adment par les pro\u00adf\u00e9\u00adra\u00adtions ver\u00adbales de ses auteurs rap\u00adpor\u00adt\u00e9es par des t\u00e9moins proches, confir\u00adm\u00e9es par les d\u00e9cla\u00adra\u00adtions du pro\u00adcu\u00adreur de la R\u00e9publique.<\/span> <a href=\"https:\/\/c-pour-dire.com\/2015\/01\/08\/charlie-dieu-nest-pas-grand\/\" target=\"_blank\" rel=\"noopener noreferrer\">&gt;&gt;&gt;&gt; La suite<\/a><\/span><\/p>\n<\/td>\n<\/tr>\n<\/tbody>\n<\/table>\n<div style=\"text-align: center;\"><span style=\"color: #ffffff;\">&#8230;<\/span><a id=\"com\"><\/a><\/div>\n<div id=\"ez-toc-container\" class=\"ez-toc-v2_0_82_2 ez-toc-wrap-center counter-hierarchy ez-toc-counter ez-toc-light-blue ez-toc-container-direction\">\n<label for=\"ez-toc-cssicon-toggle-item-69e4dd39e56b7\" class=\"ez-toc-cssicon-toggle-label\"><p class=\"ez-toc-title\" style=\"cursor:inherit\">Table des mati\u00e8res<\/p>\n<span class=\"ez-toc-cssicon\"><span class=\"eztoc-hide\" style=\"display:none;\">Toggle<\/span><span class=\"ez-toc-icon-toggle-span\"><svg style=\"fill: #999;color:#999\" xmlns=\"http:\/\/www.w3.org\/2000\/svg\" class=\"list-377408\" width=\"20px\" height=\"20px\" viewBox=\"0 0 24 24\" fill=\"none\"><path d=\"M6 6H4v2h2V6zm14 0H8v2h12V6zM4 11h2v2H4v-2zm16 0H8v2h12v-2zM4 16h2v2H4v-2zm16 0H8v2h12v-2z\" fill=\"currentColor\"><\/path><\/svg><svg style=\"fill: #999;color:#999\" class=\"arrow-unsorted-368013\" xmlns=\"http:\/\/www.w3.org\/2000\/svg\" width=\"10px\" height=\"10px\" viewBox=\"0 0 24 24\" version=\"1.2\" baseProfile=\"tiny\"><path d=\"M18.2 9.3l-6.2-6.3-6.2 6.3c-.2.2-.3.4-.3.7s.1.5.3.7c.2.2.4.3.7.3h11c.3 0 .5-.1.7-.3.2-.2.3-.5.3-.7s-.1-.5-.3-.7zM5.8 14.7l6.2 6.3 6.2-6.3c.2-.2.3-.5.3-.7s-.1-.5-.3-.7c-.2-.2-.4-.3-.7-.3h-11c-.3 0-.5.1-.7.3-.2.2-.3.5-.3.7s.1.5.3.7z\"\/><\/svg><\/span><\/span><\/label><input type=\"checkbox\"  id=\"ez-toc-cssicon-toggle-item-69e4dd39e56b7\" checked \/><nav><ul class='ez-toc-list ez-toc-list-level-1 ' ><li class='ez-toc-page-1 ez-toc-heading-level-2'><a class=\"ez-toc-link ez-toc-heading-1\" href=\"https:\/\/frank-lovisolo.fr\/WordPress\/je-suis-charlie\/#-non-lobscurantisme-destructeur-na-pas-reussi-a-tuer-charlie-hebdo\" >\u00a0NON! l&rsquo;obscurantisme destructeur n&rsquo;a\u00a0pas r\u00e9ussi \u00e0 tuer Charlie Hebdo\u00a0<\/a><ul class='ez-toc-list-level-3' ><li class='ez-toc-heading-level-3'><a class=\"ez-toc-link ez-toc-heading-2\" href=\"https:\/\/frank-lovisolo.fr\/WordPress\/je-suis-charlie\/#atteindre-la-presse-cest-atteindre-la-democratie-et-la-liberte-dexpression\" >Atteindre la presse c&rsquo;est atteindre la d\u00e9mocratie et la libert\u00e9 d&rsquo;expression.<\/a><\/li><li class='ez-toc-page-1 ez-toc-heading-level-3'><a class=\"ez-toc-link ez-toc-heading-3\" href=\"https:\/\/frank-lovisolo.fr\/WordPress\/je-suis-charlie\/#le-mercredi-7-janvier-2015-au-nom-de-lintolerance-imbecile-douze-personnes-ont-perdu-la-vie%e2%80%a6\" >Le mercredi 7 janvier 2015, au nom de\u00a0\u00a0l&rsquo;intol\u00e9rance imb\u00e9cile, douze\u00a0personnes ont perdu la vie&#8230;<\/a><\/li><li class='ez-toc-page-1 ez-toc-heading-level-3'><a class=\"ez-toc-link ez-toc-heading-4\" href=\"https:\/\/frank-lovisolo.fr\/WordPress\/je-suis-charlie\/#charb-cabu-georges-wolinski-tignous-bernard-maris-honore-michel-renaud-elsa-cayat-mustapha-ourrad-frederic-boisseau-ahmed-merabet-franck-brinsolaro\" >Charb,\u00a0Cabu,\u00a0Georges Wolinski, \u00a0Tignous,\u00a0Bernard Maris,\u00a0Honor\u00e9,\u00a0Michel Renaud,\u00a0Elsa Cayat, \u00a0Mustapha Ourrad, Fr\u00e9d\u00e9ric Boisseau,\u00a0Ahmed Merabet, Franck Brinsolaro \u00a0.<\/a><\/li><li class='ez-toc-page-1 ez-toc-heading-level-3'><a class=\"ez-toc-link ez-toc-heading-5\" href=\"https:\/\/frank-lovisolo.fr\/WordPress\/je-suis-charlie\/#dautres-mecreants\" >D&rsquo;autres M\u00e9cr\u00e9ants\u00a0:<\/a><\/li><li class='ez-toc-page-1 ez-toc-heading-level-3'><a class=\"ez-toc-link ez-toc-heading-6\" href=\"https:\/\/frank-lovisolo.fr\/WordPress\/je-suis-charlie\/#-gerard-ponthieu-qui-ma-fait-decouvrir-fazil-say-musicien-turc-%c2%ab-fatwatise-%c2%bb-pour-setre-declare-athee\" >\u00a0G\u00e9rard Ponthieu\u00a0qui m&rsquo;a fait d\u00e9couvrir\u00a0Fazil Say, musicien turc \u00ab\u00a0fatwatis\u00e9\u00a0\u00bb pour s&rsquo;\u00eatre d\u00e9clar\u00e9 ath\u00e9e!<\/a><\/li><li class='ez-toc-page-1 ez-toc-heading-level-3'><a class=\"ez-toc-link ez-toc-heading-7\" href=\"https:\/\/frank-lovisolo.fr\/WordPress\/je-suis-charlie\/#larticle-de-gerard-ponthieu\" >L&rsquo;article de G\u00e9rard Ponthieu:<\/a><\/li><li class='ez-toc-page-1 ez-toc-heading-level-3'><a class=\"ez-toc-link ez-toc-heading-8\" href=\"https:\/\/frank-lovisolo.fr\/WordPress\/je-suis-charlie\/#-%c2%ab-je-suis-charlie-%c2%bb-non-dieu-nest-pas-grand\" >\u00a0\u00ab Je suis Charlie \u00bb. Non, Dieu n\u2019est pas grand.<\/a><\/li><\/ul><\/li><\/ul><\/nav><\/div>\n","protected":false},"excerpt":{"rendered":"<p><span class=\"span-reading-time rt-reading-time\" style=\"display: block;\"><span class=\"rt-label rt-prefix\">Reading Time: <\/span> <span class=\"rt-time\"> 2<\/span> <span class=\"rt-label rt-postfix\">minutes<\/span><\/span>\u2026 <a class=\"continue-reading-link\" href=\"https:\/\/frank-lovisolo.fr\/WordPress\/je-suis-charlie\/\">Suite &#8211; Continue reading<\/a><\/p>\n","protected":false},"author":1,"featured_media":0,"parent":0,"menu_order":0,"comment_status":"closed","ping_status":"closed","template":"","meta":{"footnotes":""},"categories":[1,490,1587],"tags":[1512,1506,1503,1502,1509,1513,1511,1504,9,1507,1508,1510,1505],"class_list":["post-16968","page","type-page","status-publish","hentry","category-tous-les-articles","category-information","category-philosophy","tag-ahmed-merabet","tag-bernard-maris","tag-cabu","tag-charb","tag-elsa-cayat","tag-franck-brinsolaro","tag-frederic-boisseau","tag-georges-wolinski","tag-gerard-ponthieu","tag-honore","tag-michel-renaud","tag-mustapha-ourrad","tag-tignous"],"_links":{"self":[{"href":"https:\/\/frank-lovisolo.fr\/WordPress\/wp-json\/wp\/v2\/pages\/16968","targetHints":{"allow":["GET"]}}],"collection":[{"href":"https:\/\/frank-lovisolo.fr\/WordPress\/wp-json\/wp\/v2\/pages"}],"about":[{"href":"https:\/\/frank-lovisolo.fr\/WordPress\/wp-json\/wp\/v2\/types\/page"}],"author":[{"embeddable":true,"href":"https:\/\/frank-lovisolo.fr\/WordPress\/wp-json\/wp\/v2\/users\/1"}],"replies":[{"embeddable":true,"href":"https:\/\/frank-lovisolo.fr\/WordPress\/wp-json\/wp\/v2\/comments?post=16968"}],"version-history":[{"count":0,"href":"https:\/\/frank-lovisolo.fr\/WordPress\/wp-json\/wp\/v2\/pages\/16968\/revisions"}],"wp:attachment":[{"href":"https:\/\/frank-lovisolo.fr\/WordPress\/wp-json\/wp\/v2\/media?parent=16968"}],"wp:term":[{"taxonomy":"category","embeddable":true,"href":"https:\/\/frank-lovisolo.fr\/WordPress\/wp-json\/wp\/v2\/categories?post=16968"},{"taxonomy":"post_tag","embeddable":true,"href":"https:\/\/frank-lovisolo.fr\/WordPress\/wp-json\/wp\/v2\/tags?post=16968"}],"curies":[{"name":"wp","href":"https:\/\/api.w.org\/{rel}","templated":true}]}}