{"id":13828,"date":"2014-12-01T12:03:55","date_gmt":"2014-12-01T11:03:55","guid":{"rendered":"https:\/\/frank-lovisolo.fr\/WordPress\/?p=13828"},"modified":"2026-04-04T07:40:28","modified_gmt":"2026-04-04T05:40:28","slug":"gravitational-waves","status":"publish","type":"page","link":"https:\/\/frank-lovisolo.fr\/WordPress\/gravitational-waves\/","title":{"rendered":"Gravitational Waves &#8211; D\u00e9composition pour les courbatures de mon espace temps."},"content":{"rendered":"<span class=\"span-reading-time rt-reading-time\" style=\"display: block;\"><span class=\"rt-label rt-prefix\">Reading Time: <\/span> <span class=\"rt-time\"> 4<\/span> <span class=\"rt-label rt-postfix\">minutes<\/span><\/span><div><span style=\"color: #ffffff; font-size: 5px;\">Gravitational waves &#8211; Gravitational waves &#8211; Gravitational waves &#8211; Gravitational waves &#8211; Gravitational waves &#8211; Gravitational waves -Gravitational waves &#8211; Gravitational waves &#8211; Gravitational waves -audio ogg=\u00a0\u00bbhttp:\/\/frank-lovisolo.fr\/cat\/ogg\/Gravitational Waves.ogg\u00a0\u00bb mp3=\u00a0\u00bbhttp:\/\/frank-lovisolo.fr\/cat\/m3p\/Gravitational Waves.mp3&Prime; preload=\u00a0\u00bbtrue\u00a0\u00bb width=\u00a0\u00bb1024&Prime; height=\u00a0\u00bb40&Prime;<\/span><\/div>\n<table style=\"width: 100%; border-collapse: collapse;\" cellpadding=\"10\">\n<tbody>\n<tr>\n<td style=\"width: 50%;\"><a href=\"https:\/\/frankcesarlovisolo.bandcamp.com\/track\/gravitational-waves\" target=\"_blank\" rel=\"noopener\"><img loading=\"lazy\" decoding=\"async\" class=\"alignleft size-full wp-image-51221\" src=\"https:\/\/frank-lovisolo.fr\/WordPress\/wp-content\/uploads\/2025\/11\/bandcamp-logotype-color-400-FrankV2.png\" alt=\"- - -\" width=\"400\" height=\"33\" title=\"-\" srcset=\"https:\/\/frank-lovisolo.fr\/WordPress\/wp-content\/uploads\/2025\/11\/bandcamp-logotype-color-400-FrankV2.png 400w, https:\/\/frank-lovisolo.fr\/WordPress\/wp-content\/uploads\/2025\/11\/bandcamp-logotype-color-400-FrankV2-250x21.png 250w, https:\/\/frank-lovisolo.fr\/WordPress\/wp-content\/uploads\/2025\/11\/bandcamp-logotype-color-400-FrankV2-150x12.png 150w\" sizes=\"auto, (max-width: 400px) 100vw, 400px\" \/><\/a><\/td>\n<td style=\"width: 50%;\">\n<div><span style=\"font-size: 20px;\"><strong><a style=\"color: #99ffff; background-color: #000000;\" href=\"https:\/\/frank-lovisolo.fr\/WordPress\/gravitational-waves\/2\">\u00a0VOIR LA VIDEO <\/a>\u00a0<\/strong><\/span><strong> \u00a0<\/strong><img decoding=\"async\" class=\"wp-image-15068 size-full alignright\" src=\"https:\/\/frank-lovisolo.fr\/WordPress\/wp-content\/uploads\/2015\/06\/ComBleu.jpg\" alt=\"ComGris\" title=\"-\"><\/div>\n<\/td>\n<\/tr>\n<\/tbody>\n<\/table>\n<div><\/div>\n<div>\n<table style=\"width: 100%; border-collapse: collapse;\" cellpadding=\"10\">\n<tbody>\n<tr>\n<td style=\"width: 50%; text-align: center; vertical-align: middle;\" colspan=\"2\">\n<p style=\"text-align: left;\"><span style=\"color: #000000; font-size: 24px;\">Musique pour <\/span><span style=\"color: #000000; font-size: 24px;\">Grelots et Dissipateur thermique&#8230;<\/span><\/p>\n<\/td>\n<\/tr>\n<\/tbody>\n<\/table>\n<p><span style=\"color: #ffffff; font-size: 8px;\">Waves<\/span><\/p>\n<\/div>\n<table style=\"width: 100%;\" width=\"100%\" cellpadding=\"10\">\n<tbody>\n<tr>\n<td style=\"background-color: #ffffff;\">\n<h2 style=\"text-align: left;\"><a style=\"color: #000000;\" href=\"https:\/\/www.cnrtl.fr\/lexicographie\/grelots\" target=\"_blank\" rel=\"noopener noreferrer\"><strong><img loading=\"lazy\" decoding=\"async\" class=\"alignleft wp-image-13831\" title=\"Gravitational Waves - lovisolo\" src=\"https:\/\/frank-lovisolo.fr\/WordPress\/wp-content\/uploads\/2014\/12\/IMG_5470-560x281.jpg\" alt=\"Gravitational Waves - lovisolo\" width=\"700\" height=\"351\" srcset=\"https:\/\/frank-lovisolo.fr\/WordPress\/wp-content\/uploads\/2014\/12\/IMG_5470-560x281.jpg 560w, https:\/\/frank-lovisolo.fr\/WordPress\/wp-content\/uploads\/2014\/12\/IMG_5470-250x125.jpg 250w, https:\/\/frank-lovisolo.fr\/WordPress\/wp-content\/uploads\/2014\/12\/IMG_5470-150x75.jpg 150w, https:\/\/frank-lovisolo.fr\/WordPress\/wp-content\/uploads\/2014\/12\/IMG_5470.jpg 1024w\" sizes=\"auto, (max-width: 700px) 100vw, 700px\" \/><\/strong><\/a><\/h2>\n<p style=\"text-align: justify;\"><span style=\"color: #000000; font-size: 20px;\"><a style=\"color: #000000;\" href=\"https:\/\/www.cnrtl.fr\/lexicographie\/grelots\" target=\"_blank\" rel=\"noopener noreferrer\"><strong>Grelot:<\/strong><\/a>\u00a0Petite boule de m\u00e9tal creuse, perc\u00e9e de trous et contenant un morceau de m\u00e9tal qui la fait r\u00e9sonner d\u00e8s qu&rsquo;elle tremble ou s&rsquo;agite.<\/span><\/p>\n<p style=\"text-align: justify;\"><span style=\"color: #000000; font-size: 20px;\"><a style=\"color: #000000;\" href=\"https:\/\/fr.wikipedia.org\/wiki\/Dissipateur_thermique\" target=\"_blank\" rel=\"noopener noreferrer\"><strong>Dissipateur thermique<\/strong> :<\/a> C&rsquo;est un dispositif destin\u00e9 \u00e0 favoriser l&rsquo;\u00e9vacuation des pertes dissip\u00e9es par les \u00e9l\u00e9ments semi-conducteurs de puissance.<\/span><\/p>\n<p style=\"text-align: justify;\"><span style=\"color: #000000; font-size: 20px;\">Enregistr\u00e9s \u00e0 l&rsquo;aide d&rsquo;un simple microphone, les sons de ces objets ont \u00e9t\u00e9 agenc\u00e9s et trait\u00e9s dans un progiciel de M<sub>usique<\/sub> A<sub>ssist\u00e9e par <\/sub>O<sub>rdinateur.<\/sub><\/span><\/p>\n<p style=\"text-align: justify;\"><span style=\"color: #000000; font-size: 20px;\">L&rsquo;essentiel des traitements acoustiques usit\u00e9s sont : des modifications de la hauteur des sons (jusqu&rsquo;\u00e0 deux octaves), l&rsquo;assemblage des diverses prises de sons modifi\u00e9es ou non, mise en espace sonore avec \u00e9chos et r\u00e9verb\u00e9ration.<\/span><\/p>\n<\/td>\n<\/tr>\n<tr>\n<td style=\"text-align: left; background-color: #b9c9c9;\">\n<p style=\"text-align: left;\"><span style=\"color: #ffffff; background-color: #333333; font-size: 20px;\">\u00a0 Compl\u00e8ment du 11 f\u00e9vrier 2016 \u00a0<\/span><\/p>\n<h2 id=\"obs-article-intro\" class=\"obs-article-intro\" style=\"text-align: justify;\"><span style=\"font-size: 20px;\">Les ondes gravitationnelles pr\u00e9dites par Einstein il y a un si\u00e8cle ont\u00a0\u00e9t\u00e9 d\u00e9tect\u00e9es pour la 1\u00e8re fois. La\u00a0conf\u00e9rence sp\u00e9ciale du <a href=\"http:\/\/www.cnrs.fr\/\" target=\"_blank\" rel=\"noopener noreferrer\">CNRS<\/a> du 11 f\u00e9vrier \u00e9tait couverte en direct par <em><a href=\"https:\/\/www.sciencesetavenir.fr\/\" target=\"_blank\" rel=\"noopener noreferrer\">Sciences et Avenir<\/a>.<\/em><\/span><\/h2>\n<table>\n<tbody>\n<tr>\n<td style=\"width: 50%; background-color: #a8b1b5; text-align: center; vertical-align: middle;\" colspan=\"2\">\n<p class=\"obs-article-intro\" style=\"text-align: justify;\"><span style=\"color: #000000; font-size: 20px;\">Plus que le boson de Higgs, la d\u00e9tection d&rsquo;ondes gravitationnelles qui a \u00e9t\u00e9\u00a0annonc\u00e9e jeudi 11 f\u00e9vrier 2016 par des \u00e9quipes scientifiques internationales, est consid\u00e9r\u00e9e comme l&rsquo;un des derniers Graal de la physique en ouvrant une nouvelle fen\u00eatre sur l&rsquo;univers et ses ph\u00e9nom\u00e8nes les plus violents.<\/span><\/p>\n<p>&nbsp;<\/p>\n<p><span style=\"font-size: 20px;\"><img loading=\"lazy\" decoding=\"async\" class=\"wp-image-18907 alignleft\" src=\"https:\/\/frank-lovisolo.fr\/WordPress\/wp-content\/uploads\/2014\/12\/when_black_holes_collide-1024x470.jpg\" alt=\"when_black_holes_collide\" width=\"620\" height=\"284\" title=\"-\" srcset=\"https:\/\/frank-lovisolo.fr\/WordPress\/wp-content\/uploads\/2014\/12\/when_black_holes_collide-1024x470.jpg 1024w, https:\/\/frank-lovisolo.fr\/WordPress\/wp-content\/uploads\/2014\/12\/when_black_holes_collide-560x257.jpg 560w, https:\/\/frank-lovisolo.fr\/WordPress\/wp-content\/uploads\/2014\/12\/when_black_holes_collide-768x352.jpg 768w, https:\/\/frank-lovisolo.fr\/WordPress\/wp-content\/uploads\/2014\/12\/when_black_holes_collide-250x115.jpg 250w, https:\/\/frank-lovisolo.fr\/WordPress\/wp-content\/uploads\/2014\/12\/when_black_holes_collide-150x69.jpg 150w, https:\/\/frank-lovisolo.fr\/WordPress\/wp-content\/uploads\/2014\/12\/when_black_holes_collide.jpg 1090w\" sizes=\"auto, (max-width: 620px) 100vw, 620px\" \/><\/span><\/p>\n<p style=\"text-align: justify;\"><span style=\"font-family: inherit; font-size: 20px;\">Numerical simulation of two merging black holes performed by the Albert Einstein Institute in Germany: what this rendition shows through colors is the degree of perturbation of the spacetime fabric, the so-called gravitational waves. Image credit: Werner Benger.<\/span><\/p>\n<p style=\"text-align: justify;\"><span style=\"font-size: 20px;\">Simulation num\u00e9rique de deux trous noirs fusionn\u00e9s effectu\u00e9e par l\u2019Institut Albert Einstein en Allemagne\u00a0: ce que cette interpr\u00e9tation montre \u00e0 travers les couleurs est le degr\u00e9 de perturbation du tissu de l\u2019espace-temps, les ondes dites gravitationnelles. Cr\u00e9dit image\u00a0: Werner Benger.<\/span><\/p>\n<p style=\"text-align: justify;\"><span style=\"font-size: 20px;\"><a href=\"https:\/\/lejournal.cnrs.fr\/articles\/a-detecte-des-ondes-gravitationnelles\" target=\"_blank\" rel=\"noopener noreferrer\">https:\/\/lejournal.cnrs.fr\/articles\/a-detecte-des-ondes-gravitationnelles<\/a><\/span><\/p>\n<\/td>\n<\/tr>\n<tr>\n<td style=\"width: 50%;\" colspan=\"2\">\n<p style=\"text-align: justify;\"><span style=\"font-size: 20px;\">L&rsquo;observation de ces ondes, dont Albert Einstein a pr\u00e9dit l&rsquo;existence dans sa th\u00e9orie de la relativit\u00e9 g\u00e9n\u00e9rale en 1915,\u00a0a\u00a0fait l&rsquo;objet d&rsquo;une pr\u00e9sentation jeudi 11 f\u00e9vrier 2016 \u00e0 Washington\u00a0par\u00a0la Fondation am\u00e9ricaine des sciences (conf\u00e9rence en anglais \u00e0 retrouver en vid\u00e9o en bas de l&rsquo;article).\u00a0<\/span><\/p>\n<p style=\"text-align: justify;\"><span style=\"font-size: 20px;\">Des conf\u00e9rences se sont \u00e9galement tenues\u00a0simultan\u00e9ment au Centre national de la recherche scientifique (CNRS) \u00e0 Paris et \u00e0 Londres. Notre journaliste Erwan Lecomte \u00e9tait\u00a0sur place pour ne rien rater de cet \u00e9v\u00e9nement scientifique historique.\u00a0<\/span><\/p>\n<p style=\"text-align: justify;\"><span style=\"font-size: 20px;\"><em><a href=\"https:\/\/fr.wikipedia.org\/wiki\/Onde_gravitationnelle\" target=\"_blank\" rel=\"noopener noreferrer\">Lire l&rsquo;article ( lien modifi\u00e9 pour cause de disparition de l&rsquo;original&#8230;)<\/a><\/em><\/span><\/p>\n<\/td>\n<\/tr>\n<\/tbody>\n<\/table>\n<\/td>\n<\/tr>\n<tr>\n<td style=\"text-align: center; background-color: #ffffff;\">\n<div id=\"attachment_13830\" style=\"width: 330px\" class=\"wp-caption alignleft\"><img loading=\"lazy\" decoding=\"async\" aria-describedby=\"caption-attachment-13830\" class=\"wp-image-13830 size-full\" title=\"Gravitational Waves - lovisolo\" src=\"https:\/\/frank-lovisolo.fr\/WordPress\/wp-content\/uploads\/2014\/12\/Wavy.gif\" alt=\"Gravitational Waves - lovisolo\" width=\"320\" height=\"200\" \/><p id=\"caption-attachment-13830\" class=\"wp-caption-text\">Les ondes gravitationnelles sont des oscillations de la courbure de l&rsquo;espace-temps.<\/p><\/div>\n<p style=\"text-align: justify;\"><span style=\"font-size: 20px;\"><em><span style=\"color: #000000;\">Dans la th\u00e9orie de la relativit\u00e9 g\u00e9n\u00e9rale, la gravit\u00e9 provient de la courbure de l&rsquo;espace-temps. Cette courbure est caus\u00e9e par la pr\u00e9sence d&rsquo;objets poss\u00e9dant une masse. <\/span><\/em><\/span><\/p>\n<p style=\"text-align: justify;\"><span style=\"font-size: 20px;\"><em><span style=\"color: #000000;\">Plus la masse de l&rsquo;objet est grande, plus la courbure produite est grande et ainsi plus la gravit\u00e9 est intense. Lorsque des objets massifs se d\u00e9placent dans l&rsquo;espace-temps, la courbure de l&rsquo;espace-temps s&rsquo;ajuste pour refl\u00e9ter le changement de la position de ces objets. Sous certaines circonstances, les objets acc\u00e9l\u00e9r\u00e9s peuvent produire une perturbation de l&rsquo;espace-temps qui s&rsquo;\u00e9tend et se propage de mani\u00e8re analogue \u00e0 \u00abdes vagues \u00e0 la surface de l&rsquo;eau\u00bb. <\/span><\/em><\/span><\/p>\n<p style=\"text-align: justify;\"><span style=\"font-size: 20px;\"><em><span style=\"color: #000000;\"><img loading=\"lazy\" decoding=\"async\" class=\"wp-image-13839 size-full alignright\" src=\"https:\/\/frank-lovisolo.fr\/WordPress\/wp-content\/uploads\/2014\/12\/RTEmagicC_inflation_bicep2_BICEP2_collaboration.jpg\" alt=\"RTEmagicC_inflation_bicep2_BICEP2_collaboration\" width=\"450\" height=\"347\" title=\"-\" srcset=\"https:\/\/frank-lovisolo.fr\/WordPress\/wp-content\/uploads\/2014\/12\/RTEmagicC_inflation_bicep2_BICEP2_collaboration.jpg 450w, https:\/\/frank-lovisolo.fr\/WordPress\/wp-content\/uploads\/2014\/12\/RTEmagicC_inflation_bicep2_BICEP2_collaboration-194x150.jpg 194w, https:\/\/frank-lovisolo.fr\/WordPress\/wp-content\/uploads\/2014\/12\/RTEmagicC_inflation_bicep2_BICEP2_collaboration-150x115.jpg 150w\" sizes=\"auto, (max-width: 450px) 100vw, 450px\" \/>On d\u00e9signe par onde gravitationnelle ce type de perturbation. On pr\u00e9dit qu&rsquo;elles se propagent \u00e0 la vitesse de la lumi\u00e8re. Ainsi, l&rsquo;existence des ondes gravitationnelles r\u00e9sulte en quelque sorte de l&rsquo;application \u00e0 la gravit\u00e9 du principe d&rsquo;invariance de Lorentz qui introduit le concept de vitesse limite pour la propagation des interactions physiques (concept inexistant dans la vision newtonienne de la gravitation, cette interaction se propageant \u00e0 une vitesse infinie dans cette th\u00e9orie).<\/span><\/em><\/span><\/p>\n<p style=\"text-align: justify;\"><span style=\"font-size: 20px;\"><em><span style=\"color: #000000;\">L&rsquo;analogie entre des charges \u00e9lectriques en mouvement et des masses en mouvement permet de mieux appr\u00e9hender le ph\u00e9nom\u00e8ne : de la m\u00eame mani\u00e8re que l&rsquo;acc\u00e9l\u00e9ration de particules charg\u00e9es produit des ondes \u00e9lectromagn\u00e9tiques, l&rsquo;acc\u00e9l\u00e9ration de particules poss\u00e9dant une masse produit des ondes gravitationnelles. <\/span><\/em><\/span><\/p>\n<p style=\"text-align: justify;\"><span style=\"color: #000000;\"><span style=\"font-size: 20px;\"><em>La plupart des th\u00e9ories de gravit\u00e9 quantique postulent l&rsquo;existence d&rsquo;un quantum correspondant appel\u00e9 le graviton de fa\u00e7on analogue \u00e0 l&rsquo;\u00e9lectrodynamique quantique dans laquelle le vecteur de la force \u00e9lectromagn\u00e9tique n&rsquo;est autre que le photon. L&rsquo;onde gravitationnelle est associ\u00e9e au graviton et ses caract\u00e9ristiques donnent alors de pr\u00e9cieuses informations sur cette particule. &gt;&gt;&gt;&gt;<\/em><\/span> <\/span><\/p>\n<p style=\"text-align: justify;\"><span style=\"color: #000000;\"><span style=\"color: #0000ff;\"><a style=\"color: #0000ff;\" href=\"https:\/\/fr.wikipedia.org\/wiki\/Onde_gravitationnelle\" target=\"_blank\" rel=\"noopener\">[la suite]<\/a><\/span><\/span><\/p>\n<\/td>\n<\/tr>\n<\/tbody>\n<\/table>\n<div><!--nextpage--><\/div>\n<div><\/div>\n<table style=\"width: 100%; border-collapse: collapse;\" cellpadding=\"10\">\n<tbody>\n<tr>\n<td style=\"width: 50%;\" colspan=\"2\">\n<h5 style=\"text-align: center;\"><span style=\"font-size: 20px;\">La vid\u00e9o<\/span><\/h5>\n<div><span style=\"color: #ffffff;\">&#8211;<\/span><\/div>\n<div style=\"text-align: justify;\"><span style=\"font-size: 20px;\">Avant, il y avait des insectes qui venaient se coller sur le pare-brise&#8230;<\/span><\/div>\n<p style=\"text-align: justify;\"><span style=\"font-size: 20px;\">Depuis quelque temps, ils ont, ici, quasiment disparu&#8230; <\/span><\/p>\n<p style=\"text-align: justify;\"><span style=\"font-size: 20px;\">Soit ces animaux invert\u00e9br\u00e9s, d<em>e l\u2019embranchement des arthropodes et du sous-embranchement des hexapodes<\/em>, ont suivi une psychoth\u00e9rapie pour endiguer leurs tendances suicidaires, soit les insecticides ont fait leur office.<\/span><\/p>\n<p style=\"text-align: justify;\"><span style=\"font-size: 20px;\">Si \u00e7a, ce n\u2019est pas de l\u2019introduction !<\/span><\/p>\n<div style=\"text-align: justify;\"><span style=\"font-size: 20px;\">J\u2019ai d\u00fb acc\u00e9l\u00e9rer et rouler trop vite&#8230; <\/span><\/div>\n<div style=\"text-align: justify;\"><span style=\"font-size: 20px;\">Ainsi deux minuscules trous noirs, <em>objet c\u00e9leste si compact que l\u2019intensit\u00e9 de son champ gravitationnel emp\u00eache toute forme de mati\u00e8re ou de rayonnement de s\u2019en \u00e9chapper<\/em>, sont venus se coller sur le pare-brise&#8230; Un reste de r\u00e9acteur atomis\u00e9 \u00e0 Fukushima ou Tchernobyl se sera, sans doute, \u00e9gar\u00e9 entre Toulon et Carqueiranne, quelle aventure !\u00a0<\/span><\/div>\n<div><\/div>\n<div><\/div>\n<div style=\"width: 1024px;\" class=\"wp-video\"><video class=\"wp-video-shortcode\" id=\"video-13828-1\" width=\"1024\" height=\"576\" poster=\"https:\/\/frank-lovisolo.fr\/WordPress\/wp-content\/uploads\/2021\/05\/GRAVITATIONAL-WAVES-poster.jpg\" controls=\"controls\"><source type=\"video\/mp4\" src=\"http:\/\/frank-lovisolo.fr\/soediv\/gravitational-waves-web.mp4?_=1\" \/><a href=\"http:\/\/frank-lovisolo.fr\/soediv\/gravitational-waves-web.mp4\">http:\/\/frank-lovisolo.fr\/soediv\/gravitational-waves-web.mp4<\/a><\/video><\/div>\n<p><span style=\"color: #ffffff;\">&#8211;<\/span><\/p>\n<div style=\"text-align: center;\"><span style=\"font-size: 18px;\">Rien n&rsquo;est indiff\u00e9rent, rien n&rsquo;est impuissant dans l&rsquo;univers ; un atome peut tout dissoudre, un atome peut tout sauver ! <\/span><\/div>\n<div style=\"text-align: center;\"><span style=\"font-size: 12px;\"><a href=\"https:\/\/frank-lovisolo.fr\/WordPress\/chimeres-de-gerard-de-nerval\/\" target=\"_blank\" rel=\"noopener\">G\u00e9rard De Nerval<\/a> Artiste, \u00e9crivain, Po\u00e8te (1808 &#8211; 1855)<\/span><\/div>\n<\/td>\n<\/tr>\n<\/tbody>\n<\/table>\n<div><\/div>\n<div><\/div>\n<div style=\"text-align: center;\"><span style=\"color: #ffffff;\">&#8230;<\/span><a id=\"com\"><\/a><\/div>\n<p><span style=\"color: #000000; font-family: Georgia, serif; font-size: 19.2px; line-height: 26.88px;\">\u00a0<\/span><\/p>\n","protected":false},"excerpt":{"rendered":"<p><span class=\"span-reading-time rt-reading-time\" style=\"display: block;\"><span class=\"rt-label rt-prefix\">Reading Time: <\/span> <span class=\"rt-time\"> 4<\/span> <span class=\"rt-label rt-postfix\">minutes<\/span><\/span>Grelot:\u00a0Petite boule de m\u00e9tal creuse, perc\u00e9e de trous et contenant un morceau de m\u00e9tal qui la fait r\u00e9sonner d\u00e8s qu&rsquo;elle tremble ou s&rsquo;agite.<br \/>\nDissipateur thermique : C&rsquo;est un dispositif destin\u00e9 \u00e0 favoriser l&rsquo;\u00e9vacuation des pertes dissip\u00e9es par les \u00e9l\u00e9ments semi-conducteurs de puissance.<br \/>\nEnregistr\u00e9s \u00e0 l&rsquo;aide d&rsquo;un simple microphone, les sons de ces objets ont \u00e9t\u00e9 agenc\u00e9s et trait\u00e9s dans un progiciel de Musique Assist\u00e9e par Ordinateur.<br \/>\nL&rsquo;essentiel des traitements\u00a0acoustiques usit\u00e9s sont : des modifications de la hauteur des sons ( jusqu&rsquo;\u00e0 deux octaves ), l&rsquo;assemblage des diverses prises de sons modifi\u00e9es ou non, mise en espace sonore avec \u00e9chos et r\u00e9verb\u00e9ration. <a class=\"continue-reading-link\" href=\"https:\/\/frank-lovisolo.fr\/WordPress\/gravitational-waves\/\">Suite &#8211; Continue reading<\/a><\/p>\n","protected":false},"author":1,"featured_media":39827,"parent":0,"menu_order":0,"comment_status":"open","ping_status":"open","template":"templates\/template-onecolumn.php","meta":{"footnotes":""},"categories":[3029,1,513],"tags":[1845,1444,1445,526,1325,1446,1443,1846],"class_list":["post-13828","page","type-page","status-publish","has-post-thumbnail","hentry","category-aphorisms","category-tous-les-articles","category-music-compositions","tag-cnrs","tag-cubase","tag-dissipateur-thermique","tag-espace-temps","tag-gerard-de-nerval","tag-grelot","tag-ondes-gravitationnelles","tag-sciences-et-avenir"],"_links":{"self":[{"href":"https:\/\/frank-lovisolo.fr\/WordPress\/wp-json\/wp\/v2\/pages\/13828","targetHints":{"allow":["GET"]}}],"collection":[{"href":"https:\/\/frank-lovisolo.fr\/WordPress\/wp-json\/wp\/v2\/pages"}],"about":[{"href":"https:\/\/frank-lovisolo.fr\/WordPress\/wp-json\/wp\/v2\/types\/page"}],"author":[{"embeddable":true,"href":"https:\/\/frank-lovisolo.fr\/WordPress\/wp-json\/wp\/v2\/users\/1"}],"replies":[{"embeddable":true,"href":"https:\/\/frank-lovisolo.fr\/WordPress\/wp-json\/wp\/v2\/comments?post=13828"}],"version-history":[{"count":2,"href":"https:\/\/frank-lovisolo.fr\/WordPress\/wp-json\/wp\/v2\/pages\/13828\/revisions"}],"predecessor-version":[{"id":52766,"href":"https:\/\/frank-lovisolo.fr\/WordPress\/wp-json\/wp\/v2\/pages\/13828\/revisions\/52766"}],"wp:featuredmedia":[{"embeddable":true,"href":"https:\/\/frank-lovisolo.fr\/WordPress\/wp-json\/wp\/v2\/media\/39827"}],"wp:attachment":[{"href":"https:\/\/frank-lovisolo.fr\/WordPress\/wp-json\/wp\/v2\/media?parent=13828"}],"wp:term":[{"taxonomy":"category","embeddable":true,"href":"https:\/\/frank-lovisolo.fr\/WordPress\/wp-json\/wp\/v2\/categories?post=13828"},{"taxonomy":"post_tag","embeddable":true,"href":"https:\/\/frank-lovisolo.fr\/WordPress\/wp-json\/wp\/v2\/tags?post=13828"}],"curies":[{"name":"wp","href":"https:\/\/api.w.org\/{rel}","templated":true}]}}