{"id":11099,"date":"2014-02-19T10:46:27","date_gmt":"2014-02-19T09:46:27","guid":{"rendered":"https:\/\/frank-lovisolo.fr\/WordPress\/?page_id=11099"},"modified":"2024-08-28T08:27:58","modified_gmt":"2024-08-28T06:27:58","slug":"copyright-frank-lovisolo","status":"publish","type":"page","link":"https:\/\/frank-lovisolo.fr\/WordPress\/copyright-frank-lovisolo\/","title":{"rendered":"Copyright \u00a9"},"content":{"rendered":"<span class=\"span-reading-time rt-reading-time\" style=\"display: block;\"><span class=\"rt-label rt-prefix\">Reading Time: <\/span> <span class=\"rt-time\"> 5<\/span> <span class=\"rt-label rt-postfix\">minutes<\/span><\/span><p><span style=\"color: #ffffff;\">Copyright frank lovisolo &#8211; Copyright frank lovisolo &#8211; Copyright frank lovisolo &#8211; Copyright frank lovisolo &#8211; Copyright frank lovisolo &#8211; Copyright frank lovisolo &#8211; <\/span><\/p>\n<table cellpadding=\"10\">\n<tbody>\n<tr>\n<td style=\"color: #000000; text-align: justify;\" bgcolor=\"#FFFFFF\">\n<h3><span class=\"ez-toc-section\" id=\"avertissement-%e2%80%93-a-propos-des-visuels-et-autres-telechargements\"><\/span><span style=\"text-decoration: underline; color: #000000;\"><strong>Avertissement &#8211; \u00e0 propos des visuels et autres t\u00e9l\u00e9chargements<\/strong><\/span><span class=\"ez-toc-section-end\"><\/span><\/h3>\n<h4><span class=\"ez-toc-section\" id=\"-copyright-%c2%a9\"><\/span><a href=\"https:\/\/fr.wikipedia.org\/wiki\/Copyright\" target=\"_blank\" rel=\"noopener noreferrer\">\u00a0Copyright \u00a9<\/a><span class=\"ez-toc-section-end\"><\/span><\/h4>\n<p style=\"text-align: justify;\"><span style=\"color: #0000ff; font-family: 'comic sans ms', sans-serif; font-size: large;\"><a href=\"https:\/\/frank-lovisolo.fr\/WordPress\/copyright-frank-lovisolo\/\" rel=\"attachment wp-att-11107\"><img loading=\"lazy\" decoding=\"async\" class=\"alignleft wp-image-11107 size-full\" title=\"Copyright frank lovisolo\" src=\"https:\/\/frank-lovisolo.fr\/WordPress\/wp-content\/uploads\/2014\/02\/Sans-titre-1.png\" alt=\"Copyright frank lovisolo\" width=\"300\" height=\"300\" srcset=\"https:\/\/frank-lovisolo.fr\/WordPress\/wp-content\/uploads\/2014\/02\/Sans-titre-1.png 300w, https:\/\/frank-lovisolo.fr\/WordPress\/wp-content\/uploads\/2014\/02\/Sans-titre-1-150x150.png 150w\" sizes=\"auto, (max-width: 300px) 100vw, 300px\" \/><\/a><\/span><span style=\"font-size: 20px;\"><img loading=\"lazy\" decoding=\"async\" class=\"alignright wp-image-48208\" src=\"https:\/\/frank-lovisolo.fr\/WordPress\/wp-content\/uploads\/2024\/07\/Chimeres-Fresque003.jpg\" alt=\"- - -\" width=\"259\" height=\"1024\" title=\"-\" srcset=\"https:\/\/frank-lovisolo.fr\/WordPress\/wp-content\/uploads\/2024\/07\/Chimeres-Fresque003.jpg 460w, https:\/\/frank-lovisolo.fr\/WordPress\/wp-content\/uploads\/2024\/07\/Chimeres-Fresque003-388x1536.jpg 388w, https:\/\/frank-lovisolo.fr\/WordPress\/wp-content\/uploads\/2024\/07\/Chimeres-Fresque003-38x150.jpg 38w\" sizes=\"auto, (max-width: 259px) 100vw, 259px\" \/>Toutes les images pr\u00e9sent\u00e9es sur ce site sont prot\u00e9g\u00e9es par le droit d&rsquo;auteur. <\/span><\/p>\n<p style=\"text-align: justify;\"><span style=\"font-size: 20px;\">Quelle que soit le mode de diffusion d&rsquo;une photographie; exposition, reproduction, publicit\u00e9, diffusion sur le net&#8230; elle doit \u00eatre accompagn\u00e9e de la mention du nom de l&rsquo;auteur d&rsquo;une fa\u00e7on lisible et \u00e9vidente, sans possibilit\u00e9 de confusion. <\/span><\/p>\n<p style=\"text-align: justify;\"><span style=\"font-size: 20px;\">L&rsquo;ensemble de ce site\u00a0rel\u00e8ve\u00a0de la l\u00e9gislation fran\u00e7aise et\u00a0internationale\u00a0sur le droit d&rsquo;auteur et la propri\u00e9t\u00e9 intellectuelle. <\/span><\/p>\n<p style=\"text-align: justify;\"><span style=\"font-size: 20px;\">Tous les droits de reproduction sont r\u00e9serv\u00e9s, y compris les documents t\u00e9l\u00e9chargeables et les repr\u00e9sentations iconographiques et photographiques. <\/span><\/p>\n<p style=\"text-align: justify;\"><span style=\"font-size: 20px;\">Toutes les images pr\u00e9sent\u00e9es de ce site sont l&rsquo;enti\u00e8re et pleine propri\u00e9t\u00e9 de Frank C\u00e9sar Lovisolo. <\/span><\/p>\n<p style=\"text-align: justify;\"><span style=\"font-size: 20px;\">Seuls sont valables les droits de reproduction, de repr\u00e9sentation et d&rsquo;exploitation consentis par Frank C\u00e9sar Lovisolo \u00e0 l&rsquo;exclusion de tout autre. <\/span><\/p>\n<p style=\"text-align: justify;\"><span style=\"font-size: 20px;\">Toutes les images sont prot\u00e9g\u00e9es par la loi n\u00b092-597 du 1er juillet 1992 sur le code de la propri\u00e9t\u00e9 intellectuelle. <\/span><\/p>\n<p style=\"text-align: justify;\"><span style=\"font-size: 20px;\">La mention du nom \u00ab\u00a0Photos \u00a9 Frank C\u00e9sar Lovisolo\u00a0\u00bb est donc obligatoire et devra figurer en regard de chaque utilisation et si possible au plus pr\u00e8s de la reproduction. <\/span><\/p>\n<p style=\"text-align: justify;\"><span style=\"font-size: 20px;\">L&rsquo;absence \u00e9crite d&rsquo;autorisation de reproduction ou\/et de repr\u00e9sentation, l&rsquo;absence de signature, la signature erron\u00e9e ou la signature non identifiable, donnera lieu au paiement d&rsquo;une indemnit\u00e9 au moins \u00e9gale au double du montant des droits notifi\u00e9s.<\/span><\/p>\n<p style=\"text-align: justify;\"><span style=\"font-size: 20px;\"> Tous les copyright et les autres droits attach\u00e9s appartiennent \u00e0 Frank C\u00e9sar Lovisolo. <\/span><\/p>\n<p style=\"text-align: justify;\"><span style=\"font-size: 20px;\">L&rsquo;utilisation emporte pr\u00e9somption irr\u00e9fragable pour l&rsquo;utilisateur d&rsquo;avoir pris connaissance des pr\u00e9sentes, et d&rsquo;y avoir adh\u00e9r\u00e9 sans r\u00e9serve.<\/span><\/p>\n<p style=\"text-align: justify;\"><span style=\"font-size: 20px;\">L&rsquo;utilisateur est en droit de : &#8211; Reproduire, repr\u00e9senter, imprimer, adapter, publier l&rsquo;image photographique par l&rsquo;interm\u00e9diaire de n&rsquo;importe quel support sous r\u00e9serve des conditions d\u00e9crites ci-dessous. <\/span><\/p>\n<p style=\"text-align: justify;\"><span style=\"font-size: 20px;\">&#8211; Faire une copie suppl\u00e9mentaire de l&rsquo;image dans un but d&rsquo;archivage ou de m\u00e9morisation. <\/span><\/p>\n<p style=\"text-align: justify;\"><span style=\"font-size: 20px;\">&#8211; Exploiter une ou plusieurs images photographiques pour le compte d&rsquo;un tiers, non titulaire de la pr\u00e9sente licence, \u00e0 condition que cette exploitation ne permette pas au tiers un acc\u00e8s libre de l&rsquo;ensemble des images photographiques, qui en ferait un utilisateur selon la d\u00e9finition donn\u00e9e aux pr\u00e9sentes. <\/span><\/p>\n<p style=\"text-align: justify;\"><span style=\"font-size: 20px;\">L&rsquo;utilisateur demeure responsable et garant du tiers vis-\u00e0-vis de Frank C\u00e9sar Lovisolo en ce qui concerne le respect des termes des pr\u00e9sentes.<\/span><\/p>\n<p style=\"text-align: justify;\"><span style=\"font-size: 20px;\"> <img loading=\"lazy\" decoding=\"async\" class=\"alignright wp-image-48208\" src=\"https:\/\/frank-lovisolo.fr\/WordPress\/wp-content\/uploads\/2024\/07\/Chimeres-Fresque003.jpg\" alt=\"- - -\" width=\"259\" height=\"1024\" title=\"-\" srcset=\"https:\/\/frank-lovisolo.fr\/WordPress\/wp-content\/uploads\/2024\/07\/Chimeres-Fresque003.jpg 460w, https:\/\/frank-lovisolo.fr\/WordPress\/wp-content\/uploads\/2024\/07\/Chimeres-Fresque003-388x1536.jpg 388w, https:\/\/frank-lovisolo.fr\/WordPress\/wp-content\/uploads\/2024\/07\/Chimeres-Fresque003-38x150.jpg 38w\" sizes=\"auto, (max-width: 259px) 100vw, 259px\" \/>&#8211; Il est formellement interdit de cr\u00e9er une oeuvre scandaleuse, obsc\u00e8ne, \u00e0 caract\u00e8re raciste, ou immorale gr\u00e2ce \u00e0 l&rsquo;utilisation ou le traitement des images photographiques, ainsi que des l\u00e9gendes y \u00e9tant attach\u00e9es. <\/span><\/p>\n<p style=\"text-align: justify;\"><span style=\"font-size: 20px;\">&#8211; l&rsquo;utilisateur ne pourra pas utiliser ou retraiter l&rsquo;image de telle sorte qu&rsquo;elle pourrait violer des droits de propri\u00e9t\u00e9 corporels ou incorporels. (ex.: recadrage en gros plan d&rsquo;un monument). <\/span><\/p>\n<p style=\"text-align: justify;\"><span style=\"font-size: 20px;\">Par cons\u00e9quent, l&rsquo;utilisateur prend l&rsquo;enti\u00e8re responsabilit\u00e9 des utilisations qu&rsquo;il ferait de l&rsquo;image photographique et qui n\u00e9cessiterait des autorisations particuli\u00e8res de tiers, en raison de droits de propri\u00e9t\u00e9 corporels ou incorporels qui pourraient \u00eatre revendiqu\u00e9s et qui sont express\u00e9ment exclus de la pr\u00e9sente licence. <\/span><\/p>\n<p style=\"text-align: justify;\"><span style=\"font-size: 20px;\">Le code de la propri\u00e9t\u00e9 intellectuelle n&rsquo;autorisant, aux termes des paragraphes 2 et 3 de l&rsquo;article L122-5, d&rsquo;une part, que les \u00ab\u00a0copies ou reproductions strictement r\u00e9serv\u00e9es \u00e0 l&rsquo;usage priv\u00e9 du copiste et non destin\u00e9es \u00e0 une utilisation collective\u00a0\u00bb et, d&rsquo;autre part, sous r\u00e9serve du nom de l&rsquo;auteur et de la source, que \u00ab\u00a0les analyses et les courtes citations justifi\u00e9es par le caract\u00e8re critique, pol\u00e9mique, p\u00e9dagogique, scientifique ou d&rsquo;information\u00a0\u00bb, toute repr\u00e9sentation ou reproduction int\u00e9grale ou partielle, faite sans consentement de l&rsquo;auteur ou de ses ayants droit, est illicite (art; L122-4).<\/span><\/p>\n<p style=\"text-align: justify;\"><span style=\"font-size: 20px;\"> Toute repr\u00e9sentation ou reproduction, par quelque proc\u00e9d\u00e9 que ce soit, notamment par t\u00e9l\u00e9chargement ou sortie imprimante, constituera donc une contrefa\u00e7on sanctionn\u00e9e par les\u00a0articles L 335-2 et suivants du code de la propri\u00e9t\u00e9 intellectuelle.<\/span><\/p>\n<p style=\"text-align: justify;\"><span style=\"font-size: 20px;\">\u00a0\u00bb Les miniatures illustrant ce site sont soumises aux lois, tant Fran\u00e7aises et internationales\u00a0 sur les droits d&rsquo;auteurs et le Copyright \u00a9. <\/span><\/p>\n<p style=\"text-align: justify;\"><span style=\"font-size: 20px;\">Vous devez donc faire, par simple e-mail, une d\u00e9claration d&rsquo;identification pour utilisation avant tout t\u00e9l\u00e9chargement. <\/span><\/p>\n<p style=\"text-align: justify;\"><span style=\"font-size: 20px;\">Vous recevez l&rsquo;autorisation de reproduction par retour sous quelques heures. <\/span><\/p>\n<p style=\"text-align: justify;\"><span style=\"font-size: 20px;\">Aucune personne, quelque soit son statut ou sa fonction (commer\u00e7ant, artisan, industriel, profession lib\u00e9rale, fonctionnaire, particulier, association, etc &#8230;) ne pourra utiliser les clich\u00e9s des sites Internet de Frank C\u00e9sar Lovisolo et les diffuser pour son usage professionnel ou personnel, sans avoir r\u00e9pondu aux conditions de l &lsquo;article 1 de ce contrat de licence. <\/span><\/p>\n<p style=\"text-align: justify;\"><span style=\"font-size: 20px;\">D\u00e8s lors que vous n&rsquo;aurez pas rempli cette condition, vous serez passible de poursuites judiciaires pour contrefa\u00e7on. (loi du 11 mars 1957 sur la propri\u00e9t\u00e9 litt\u00e9raire et artistique et loi n\u00b0 92-597 du 1 juillet 1992 sur le code de la propri\u00e9t\u00e9 intellectuelle). L&rsquo;internaute devra obligatoirement faire figurer la mention Copyright \u00a9 suivante partout o\u00f9 seront utilis\u00e9es les images \u00ab\u00a0t\u00e9l\u00e9charg\u00e9es\u00a0\u00bb sur les sites de Frank C\u00e9sar Lovisolo (et m\u00eame apr\u00e8s) : \u00ab\u00a0photos Frank C\u00e9sar Lovisolo\u00a0\u00bb. <\/span><\/p>\n<p style=\"text-align: justify;\"><span style=\"font-size: 20px;\">L&rsquo;internaute qui t\u00e9l\u00e9charge mes images s&rsquo;engage donc \u00e0 respecter et \u00e0 faire respecter la loi du 11 mars 1957 sur la propri\u00e9t\u00e9 litt\u00e9raire et artistique et la loi n\u00b0 92-597 du 1 juillet 1992 sur le code de la propri\u00e9t\u00e9 intellectuelle. (Chaque auteur d\u2019\u0153uvres artistiques qui se voit emprunter ou publier son oeuvre, a un droit moral sur celle-ci, notamment celui de la paternit\u00e9 et au respect du nom pour chaque utilisation.).<\/span><\/p>\n<p><span style=\"font-size: 20px;\">En aucun cas les images diffus\u00e9es par Frank C\u00e9sar Lovisolo sur Internet ne pourront \u00eatre t\u00e9l\u00e9charg\u00e9es pour \u00eatre utilis\u00e9es \u00e0 des fins de commerce, de publicit\u00e9, de communication ou de marketing. Les droits de reproduction ou de repr\u00e9sentation ne vous sont pas c\u00e9d\u00e9s et aucun gain\u00a0financier\u00a0ne vous est accord\u00e9 sur ces images.<br \/>\n<img loading=\"lazy\" decoding=\"async\" class=\"wp-image-48213 size-large aligncenter\" src=\"https:\/\/frank-lovisolo.fr\/WordPress\/wp-content\/uploads\/2024\/07\/2024-08-03_090847-1024x26.jpg\" alt=\"- - -\" width=\"1024\" height=\"26\" title=\"-\" srcset=\"https:\/\/frank-lovisolo.fr\/WordPress\/wp-content\/uploads\/2024\/07\/2024-08-03_090847-1024x26.jpg 1024w, https:\/\/frank-lovisolo.fr\/WordPress\/wp-content\/uploads\/2024\/07\/2024-08-03_090847-460x12.jpg 460w, https:\/\/frank-lovisolo.fr\/WordPress\/wp-content\/uploads\/2024\/07\/2024-08-03_090847-768x19.jpg 768w, https:\/\/frank-lovisolo.fr\/WordPress\/wp-content\/uploads\/2024\/07\/2024-08-03_090847-1536x39.jpg 1536w, https:\/\/frank-lovisolo.fr\/WordPress\/wp-content\/uploads\/2024\/07\/2024-08-03_090847-2048x51.jpg 2048w, https:\/\/frank-lovisolo.fr\/WordPress\/wp-content\/uploads\/2024\/07\/2024-08-03_090847-250x6.jpg 250w, https:\/\/frank-lovisolo.fr\/WordPress\/wp-content\/uploads\/2024\/07\/2024-08-03_090847-150x4.jpg 150w\" sizes=\"auto, (max-width: 1024px) 100vw, 1024px\" \/><br \/>\n<\/span><\/td>\n<\/tr>\n<tr>\n<td style=\"color: #000000;\">\n<h4><span class=\"ez-toc-section\" id=\"copyright-frank-lovisolo\"><\/span><span style=\"color: #ffffff;\">Copyright frank lovisolo<\/span><span class=\"ez-toc-section-end\"><\/span><\/h4>\n<\/td>\n<\/tr>\n<tr>\n<td style=\"color: #000000; vertical-align: middle;\" bgcolor=\"#FFFFFF\">\n<address><img loading=\"lazy\" decoding=\"async\" class=\"alignleft wp-image-10992\" title=\"Copyright frank lovisolo\" src=\"https:\/\/frank-lovisolo.fr\/WordPress\/wp-content\/uploads\/2012\/07\/frank-lovisolo.jpg\" alt=\"Copyright frank lovisolo\" width=\"197\" height=\"360\" srcset=\"https:\/\/frank-lovisolo.fr\/WordPress\/wp-content\/uploads\/2012\/07\/frank-lovisolo.jpg 328w, https:\/\/frank-lovisolo.fr\/WordPress\/wp-content\/uploads\/2012\/07\/frank-lovisolo-82x150.jpg 82w\" sizes=\"auto, (max-width: 197px) 100vw, 197px\" \/><span style=\"font-family: verdana, geneva, sans-serif; font-size: 22px;\"><strong><span style=\"color: #000000;\">Frank C\u00e9sar Lovisolo<\/span><\/strong><\/span><\/address>\n<address>\u00a0<\/address>\n<address><span style=\"font-family: verdana, geneva, sans-serif; font-size: 22px;\"><strong><span style=\"color: #000000;\">Artiste multim\u00e9dia<\/span><\/strong><\/span><\/address>\n<address>\u00a0<\/address>\n<address><span style=\"font-size: 22px; font-family: verdana, geneva, sans-serif;\"><em>249 rue Sainte Christine<\/em><\/span><\/address>\n<address><span style=\"color: #000000; font-family: verdana, geneva, sans-serif; font-size: 22px;\">83000 TOULON France<\/span><\/address>\n<address>\u00a0<\/address>\n<address><span style=\"font-family: verdana, geneva, sans-serif; font-size: 22px;\"><strong><span style=\"color: #000000;\">+336 30 54 9006<\/span><\/strong><\/span><\/address>\n<address>\u00a0<\/address>\n<address>\u00a0<\/address>\n<address><span style=\"font-family: verdana, geneva, sans-serif; font-size: 22px;\"><strong><span style=\"color: #000000;\"> <a title=\"Prot\u00e9g\u00e9 par Outlook\u00a0: https:\/\/frank-lovisolo.fr\/WordPress. Cliquez ou appuyez pour suivre le lien.\" href=\"https:\/\/emea01.safelinks.protection.outlook.com\/?url=https%3A%2F%2Ffrank-lovisolo.fr%2FWordPress&amp;data=05%7C02%7C%7C015794a5743a462ea8a108dcc674a84f%7C84df9e7fe9f640afb435aaaaaaaaaaaa%7C1%7C0%7C638603451540664582%7CUnknown%7CTWFpbGZsb3d8eyJWIjoiMC4wLjAwMDAiLCJQIjoiV2luMzIiLCJBTiI6Ik1haWwiLCJXVCI6Mn0%3D%7C0%7C%7C%7C&amp;sdata=9xfpzf2PNaJzwZIbmRYnv3keoR%2FYivg9wp4RFja2Ij8%3D&amp;reserved=0\" target=\"_blank\" rel=\"noopener noreferrer\" data-auth=\"Verified\" data-linkindex=\"7\">https:\/\/frank-lovisolo.fr\/WordPress<\/a> &#8211; <\/span><\/strong><\/span><\/address>\n<address><span style=\"font-family: verdana, geneva, sans-serif; font-size: 22px;\"><strong><span style=\"color: #000000;\"><a href=\"mailto:contact@frank-lovisolo.fr\" data-linkindex=\"8\">contact@frank-lovisolo.fr<\/a><\/span><\/strong><\/span><\/address>\n<\/td>\n<\/tr>\n<\/tbody>\n<\/table>\n<div><span style=\"color: #ffffff;\">Copyright frank lovisolo &#8211; Copyright frank lovisolo &#8211; Copyright frank lovisolo &#8211; Copyright frank lovisolo &#8211; Copyright frank lovisolo &#8211; Copyright frank lovisolo &#8211; <\/span><span style=\"color: #ffffff;\">Copyright frank lovisolo &#8211; Copyright frank lovisolo &#8211; Copyright frank lovisolo &#8211; Copyright frank lovisolo &#8211; Copyright frank lovisolo &#8211; Copyright frank lovisolo &#8211; <\/span><\/div>\n<div id=\"ez-toc-container\" class=\"ez-toc-v2_0_82_2 ez-toc-wrap-center counter-hierarchy ez-toc-counter ez-toc-light-blue ez-toc-container-direction\">\n<label for=\"ez-toc-cssicon-toggle-item-69e7b24c1a831\" class=\"ez-toc-cssicon-toggle-label\"><p class=\"ez-toc-title\" style=\"cursor:inherit\">Table des mati\u00e8res<\/p>\n<span class=\"ez-toc-cssicon\"><span class=\"eztoc-hide\" style=\"display:none;\">Toggle<\/span><span class=\"ez-toc-icon-toggle-span\"><svg style=\"fill: #999;color:#999\" xmlns=\"http:\/\/www.w3.org\/2000\/svg\" class=\"list-377408\" width=\"20px\" height=\"20px\" viewBox=\"0 0 24 24\" fill=\"none\"><path d=\"M6 6H4v2h2V6zm14 0H8v2h12V6zM4 11h2v2H4v-2zm16 0H8v2h12v-2zM4 16h2v2H4v-2zm16 0H8v2h12v-2z\" fill=\"currentColor\"><\/path><\/svg><svg style=\"fill: #999;color:#999\" class=\"arrow-unsorted-368013\" xmlns=\"http:\/\/www.w3.org\/2000\/svg\" width=\"10px\" height=\"10px\" viewBox=\"0 0 24 24\" version=\"1.2\" baseProfile=\"tiny\"><path d=\"M18.2 9.3l-6.2-6.3-6.2 6.3c-.2.2-.3.4-.3.7s.1.5.3.7c.2.2.4.3.7.3h11c.3 0 .5-.1.7-.3.2-.2.3-.5.3-.7s-.1-.5-.3-.7zM5.8 14.7l6.2 6.3 6.2-6.3c.2-.2.3-.5.3-.7s-.1-.5-.3-.7c-.2-.2-.4-.3-.7-.3h-11c-.3 0-.5.1-.7.3-.2.2-.3.5-.3.7s.1.5.3.7z\"\/><\/svg><\/span><\/span><\/label><input type=\"checkbox\"  id=\"ez-toc-cssicon-toggle-item-69e7b24c1a831\" checked \/><nav><ul class='ez-toc-list ez-toc-list-level-1 ' ><li class='ez-toc-page-1 ez-toc-heading-level-3'><a class=\"ez-toc-link ez-toc-heading-1\" href=\"https:\/\/frank-lovisolo.fr\/WordPress\/copyright-frank-lovisolo\/#avertissement-%e2%80%93-a-propos-des-visuels-et-autres-telechargements\" >Avertissement &#8211; \u00e0 propos des visuels et autres t\u00e9l\u00e9chargements<\/a><ul class='ez-toc-list-level-4' ><li class='ez-toc-heading-level-4'><a class=\"ez-toc-link ez-toc-heading-2\" href=\"https:\/\/frank-lovisolo.fr\/WordPress\/copyright-frank-lovisolo\/#-copyright-%c2%a9\" >\u00a0Copyright \u00a9<\/a><\/li><li class='ez-toc-page-1 ez-toc-heading-level-4'><a class=\"ez-toc-link ez-toc-heading-3\" href=\"https:\/\/frank-lovisolo.fr\/WordPress\/copyright-frank-lovisolo\/#copyright-frank-lovisolo\" >Copyright frank lovisolo<\/a><\/li><\/ul><\/li><\/ul><\/nav><\/div>\n","protected":false},"excerpt":{"rendered":"<p><span class=\"span-reading-time rt-reading-time\" style=\"display: block;\"><span class=\"rt-label rt-prefix\">Reading Time: <\/span> <span class=\"rt-time\"> 5<\/span> <span class=\"rt-label rt-postfix\">minutes<\/span><\/span>\u2026 <a class=\"continue-reading-link\" href=\"https:\/\/frank-lovisolo.fr\/WordPress\/copyright-frank-lovisolo\/\">Suite &#8211; Continue reading<\/a><\/p>\n","protected":false},"author":1,"featured_media":0,"parent":0,"menu_order":0,"comment_status":"closed","ping_status":"closed","template":"templates\/template-onecolumn.php","meta":{"footnotes":""},"categories":[490],"tags":[],"class_list":["post-11099","page","type-page","status-publish","hentry","category-information"],"_links":{"self":[{"href":"https:\/\/frank-lovisolo.fr\/WordPress\/wp-json\/wp\/v2\/pages\/11099","targetHints":{"allow":["GET"]}}],"collection":[{"href":"https:\/\/frank-lovisolo.fr\/WordPress\/wp-json\/wp\/v2\/pages"}],"about":[{"href":"https:\/\/frank-lovisolo.fr\/WordPress\/wp-json\/wp\/v2\/types\/page"}],"author":[{"embeddable":true,"href":"https:\/\/frank-lovisolo.fr\/WordPress\/wp-json\/wp\/v2\/users\/1"}],"replies":[{"embeddable":true,"href":"https:\/\/frank-lovisolo.fr\/WordPress\/wp-json\/wp\/v2\/comments?post=11099"}],"version-history":[{"count":0,"href":"https:\/\/frank-lovisolo.fr\/WordPress\/wp-json\/wp\/v2\/pages\/11099\/revisions"}],"wp:attachment":[{"href":"https:\/\/frank-lovisolo.fr\/WordPress\/wp-json\/wp\/v2\/media?parent=11099"}],"wp:term":[{"taxonomy":"category","embeddable":true,"href":"https:\/\/frank-lovisolo.fr\/WordPress\/wp-json\/wp\/v2\/categories?post=11099"},{"taxonomy":"post_tag","embeddable":true,"href":"https:\/\/frank-lovisolo.fr\/WordPress\/wp-json\/wp\/v2\/tags?post=11099"}],"curies":[{"name":"wp","href":"https:\/\/api.w.org\/{rel}","templated":true}]}}